{"id":100,"date":"2018-06-02T02:32:56","date_gmt":"2018-06-02T02:32:56","guid":{"rendered":"https:\/\/multimediamenard.org\/?page_id=100"},"modified":"2024-03-06T17:08:55","modified_gmt":"2024-03-06T17:08:55","slug":"provincia-de-canada","status":"publish","type":"page","link":"https:\/\/multimediamenard.org\/en\/provincia-de-canada\/","title":{"rendered":"PROVINCE OF CANADA"},"content":{"rendered":"<div id=\"pl-100\"  class=\"panel-layout\" ><div id=\"pg-100-0\"  class=\"panel-grid panel-no-style\" ><div id=\"pgc-100-0-0\"  class=\"panel-grid-cell\" ><div id=\"panel-100-0-0-0\" class=\"so-panel widget widget_media_image panel-first-child panel-last-child\" data-index=\"0\" ><img fetchpriority=\"high\" decoding=\"async\" width=\"1280\" height=\"720\" src=\"https:\/\/multimediamenard.org\/wp-content\/uploads\/2024\/03\/S.C.-Canada-.jpg\" class=\"image wp-image-6625  attachment-full size-full\" alt=\"\" style=\"max-width: 100%; height: auto;\" srcset=\"https:\/\/multimediamenard.org\/wp-content\/uploads\/2024\/03\/S.C.-Canada-.jpg 1280w, https:\/\/multimediamenard.org\/wp-content\/uploads\/2024\/03\/S.C.-Canada--300x169.jpg 300w, https:\/\/multimediamenard.org\/wp-content\/uploads\/2024\/03\/S.C.-Canada--1024x576.jpg 1024w, https:\/\/multimediamenard.org\/wp-content\/uploads\/2024\/03\/S.C.-Canada--768x432.jpg 768w\" sizes=\"(max-width: 1280px) 100vw, 1280px\" \/><\/div><\/div><div id=\"pgc-100-0-1\"  class=\"panel-grid-cell\" ><div id=\"panel-100-0-1-0\" class=\"so-panel widget widget_sow-editor panel-first-child panel-last-child\" data-index=\"1\" ><div\n\t\t\t\n\t\t\tclass=\"so-widget-sow-editor so-widget-sow-editor-base\"\n\t\t\t\n\t\t>\n<div class=\"siteorigin-widget-tinymce textwidget\">\n\t<p style=\"text-align: left;\"><strong><span style=\"font-family: georgia, palatino, serif; font-size: 24pt;\"><span style=\"color: #000080;\">SERVICE DE LA COMMUNION<\/span><\/span><\/strong><\/p>\n<p style=\"text-align: left;\"><span style=\"color: #000080;\"><strong>P\u00e8re , L\u00e9on Pascal NKO, M.S.A.,<\/strong> <em>Animateur Provincial<\/em><\/span><\/p>\n<p style=\"text-align: left;\"><span style=\"color: #000080;\"><strong>P\u00e8re\u00a0 Yvon JUTRAS<\/strong><strong>,<\/strong><strong> M.S.A.,<\/strong> <em>Conseiller, Assistant provincial<\/em><\/span><\/p>\n<p style=\"text-align: left;\"><span style=\"color: #000080;\"><strong>P\u00e8re Jean-Claude BERGERON<\/strong><strong>,<\/strong><strong> M.S.A.,<\/strong> <em>Conseiller,<\/em>\u00a0<i>Responsable du La\u00efcat<\/i><\/span><\/p>\n<p style=\"text-align: left;\"><span style=\"color: #000080;\"><strong>P\u00e8re Vincent VAN HAU PHAM<\/strong><strong>, M.S.A<\/strong>\u00a0<em>Conseiller, responsable de la formation.<\/em><\/span><\/p>\n<p style=\"text-align: left;\"><span style=\"color: #000080;\"><strong>P\u00e8re Pierre D\u00e9sir\u00e9 Manga E, M.S.A.,<\/strong> <em>Conseiller,<\/em> <em>secr\u00e9taire provincial.<\/em><\/span><\/p>\n<\/div>\n<\/div><\/div><\/div><\/div><div id=\"pg-100-1\"  class=\"panel-grid panel-no-style\" ><div id=\"pgc-100-1-0\"  class=\"panel-grid-cell\" ><div id=\"panel-100-1-0-0\" class=\"so-panel widget widget_sow-editor panel-first-child panel-last-child\" data-index=\"2\" ><div\n\t\t\t\n\t\t\tclass=\"so-widget-sow-editor so-widget-sow-editor-base\"\n\t\t\t\n\t\t>\n<div class=\"siteorigin-widget-tinymce textwidget\">\n\t<p>&nbsp;<\/p>\n<p>&nbsp;<\/p>\n<p>&nbsp;<\/p>\n<p>&nbsp;<\/p>\n<p style=\"text-align: center;\"><span style=\"color: #000080;\"><strong>\u00a0<\/strong><\/span><\/p>\n<p style=\"text-align: center;\"><span style=\"color: #000080;\"><strong>Maison provinciale (Eus\u00e8be M\u00e9nard)<\/strong><\/span><\/p>\n<p style=\"text-align: center;\"><span style=\"color: #000080;\">3719, boul. Gouin Est, Montr\u00e9al-Nord, Qc - CANADA\u00a0\u00a0\u00a0 H1H 5L8<\/span><\/p>\n<p style=\"text-align: center;\"><span style=\"color: #000080;\">T\u00e9l.: +1(514) 322-0560; 322-9907 Fax:+1(514) 329-0566<\/span><\/p>\n<p style=\"text-align: center;\"><span style=\"color: #000080;\">Courriel:\u00a0 secretariat@msacan.org, Site Web: www.msacan.org<\/span><\/p>\n<\/div>\n<\/div><\/div><\/div><div id=\"pgc-100-1-1\"  class=\"panel-grid-cell\" ><div id=\"panel-100-1-1-0\" class=\"so-panel widget widget_media_image panel-first-child panel-last-child\" data-index=\"3\" ><img decoding=\"async\" width=\"515\" height=\"348\" src=\"https:\/\/multimediamenard.org\/wp-content\/uploads\/2018\/08\/CANADA.jpg\" class=\"image wp-image-1286  attachment-full size-full\" alt=\"\" style=\"max-width: 100%; height: auto;\" srcset=\"https:\/\/multimediamenard.org\/wp-content\/uploads\/2018\/08\/CANADA.jpg 515w, https:\/\/multimediamenard.org\/wp-content\/uploads\/2018\/08\/CANADA-300x203.jpg 300w\" sizes=\"(max-width: 515px) 100vw, 515px\" \/><\/div><\/div><\/div><\/div>","protected":false},"excerpt":{"rendered":"<p>SERVICE DE LA COMMUNION P\u00e8re , L\u00e9on Pascal NKO, M.S.A., Animateur Provincial P\u00e8re\u00a0 Yvon JUTRAS, M.S.A., Conseiller, Assistant provincial P\u00e8re Jean-Claude BERGERON, M.S.A., Conseiller,\u00a0Responsable du La\u00efcat P\u00e8re Vincent VAN HAU PHAM, M.S.A\u00a0Conseiller, responsable de la formation. P\u00e8re Pierre D\u00e9sir\u00e9 Manga E, M.S.A., Conseiller, secr\u00e9taire provincial. &nbsp; &nbsp; &nbsp; &nbsp; \u00a0 Maison provinciale (Eus\u00e8be M\u00e9nard) 3719, [&hellip;]<\/p>\n","protected":false},"author":1,"featured_media":0,"parent":0,"menu_order":0,"comment_status":"closed","ping_status":"closed","template":"","meta":{"footnotes":""},"guten_post_layout_featured_media_urls":{"full":false,"thumbnail":false,"medium":false,"medium_large":false,"large":false,"1536x1536":false,"2048x2048":false,"guten_post_layout_landscape_large":false,"guten_post_layout_portrait_large":false,"guten_post_layout_square_large":false,"guten_post_layout_landscape":false,"guten_post_layout_portrait":false,"guten_post_layout_square":false,"post-thumbnail":false,"vantage-thumbnail-no-sidebar":false,"vantage-slide":false,"vantage-carousel":false,"vantage-grid-loop":false,"sow-carousel-default":false,"sow-post-carousel-overlay-theme":false},"rttpg_featured_image_url":null,"rttpg_author":{"display_name":"admin","author_link":"https:\/\/multimediamenard.org\/en\/author\/admin\/"},"rttpg_comment":0,"rttpg_category":null,"rttpg_excerpt":"SERVICE DE LA COMMUNION P\u00e8re , L\u00e9on Pascal NKO, M.S.A., Animateur Provincial P\u00e8re\u00a0 Yvon JUTRAS, M.S.A., Conseiller, Assistant provincial P\u00e8re Jean-Claude BERGERON, M.S.A., Conseiller,\u00a0Responsable du La\u00efcat P\u00e8re Vincent VAN HAU PHAM, M.S.A\u00a0Conseiller, responsable de la formation. P\u00e8re Pierre D\u00e9sir\u00e9 Manga E, M.S.A., Conseiller, secr\u00e9taire provincial. &nbsp; &nbsp; &nbsp; &nbsp; \u00a0 Maison provinciale (Eus\u00e8be M\u00e9nard) 3719,&hellip;","_links":{"self":[{"href":"https:\/\/multimediamenard.org\/en\/wp-json\/wp\/v2\/pages\/100"}],"collection":[{"href":"https:\/\/multimediamenard.org\/en\/wp-json\/wp\/v2\/pages"}],"about":[{"href":"https:\/\/multimediamenard.org\/en\/wp-json\/wp\/v2\/types\/page"}],"author":[{"embeddable":true,"href":"https:\/\/multimediamenard.org\/en\/wp-json\/wp\/v2\/users\/1"}],"replies":[{"embeddable":true,"href":"https:\/\/multimediamenard.org\/en\/wp-json\/wp\/v2\/comments?post=100"}],"version-history":[{"count":38,"href":"https:\/\/multimediamenard.org\/en\/wp-json\/wp\/v2\/pages\/100\/revisions"}],"predecessor-version":[{"id":6641,"href":"https:\/\/multimediamenard.org\/en\/wp-json\/wp\/v2\/pages\/100\/revisions\/6641"}],"wp:attachment":[{"href":"https:\/\/multimediamenard.org\/en\/wp-json\/wp\/v2\/media?parent=100"}],"curies":[{"name":"wp","href":"https:\/\/api.w.org\/{rel}","templated":true}]}}