{"id":103,"date":"2018-06-02T02:33:47","date_gmt":"2018-06-02T02:33:47","guid":{"rendered":"https:\/\/multimediamenard.org\/?page_id=103"},"modified":"2024-03-07T21:59:37","modified_gmt":"2024-03-07T21:59:37","slug":"delegacion-dr-carlos-jaramillo-de-la-torre","status":"publish","type":"page","link":"https:\/\/multimediamenard.org\/en\/delegacion-dr-carlos-jaramillo-de-la-torre\/","title":{"rendered":"DELEGATION DR. CARLOS JARAMILLO DE LA TORRE"},"content":{"rendered":"<div id=\"pl-103\"  class=\"panel-layout\" ><div id=\"pg-103-0\"  class=\"panel-grid panel-no-style\" ><div id=\"pgc-103-0-0\"  class=\"panel-grid-cell\" ><div id=\"panel-103-0-0-0\" class=\"so-panel widget widget_media_image panel-first-child panel-last-child\" data-index=\"0\" ><img fetchpriority=\"high\" decoding=\"async\" width=\"720\" height=\"405\" src=\"https:\/\/multimediamenard.org\/wp-content\/uploads\/2024\/03\/S.C.-Colombia-1024x576.jpg\" class=\"image wp-image-6673  attachment-large size-large\" alt=\"\" style=\"max-width: 100%; height: auto;\" srcset=\"https:\/\/multimediamenard.org\/wp-content\/uploads\/2024\/03\/S.C.-Colombia-1024x576.jpg 1024w, https:\/\/multimediamenard.org\/wp-content\/uploads\/2024\/03\/S.C.-Colombia-300x169.jpg 300w, https:\/\/multimediamenard.org\/wp-content\/uploads\/2024\/03\/S.C.-Colombia-768x432.jpg 768w, https:\/\/multimediamenard.org\/wp-content\/uploads\/2024\/03\/S.C.-Colombia.jpg 1280w\" sizes=\"(max-width: 720px) 100vw, 720px\" \/><\/div><\/div><div id=\"pgc-103-0-1\"  class=\"panel-grid-cell\" ><div id=\"panel-103-0-1-0\" class=\"so-panel widget widget_sow-editor panel-first-child panel-last-child\" data-index=\"1\" ><div\n\t\t\t\n\t\t\tclass=\"so-widget-sow-editor so-widget-sow-editor-base\"\n\t\t\t\n\t\t>\n<div class=\"siteorigin-widget-tinymce textwidget\">\n\t<p style=\"text-align: center;\"><span style=\"color: #000080;\"><strong><em>SERVICIO DE LA COMUNI\u00d3N<\/em><\/strong><\/span><\/p>\n<p style=\"text-align: center;\"><span style=\"color: #000080;\"><strong><em>\u00a0<\/em><\/strong><\/span><\/p>\n<p style=\"text-align: center;\"><span style=\"color: #000080;\"><strong>R.P. Pablo Andr\u00e9s NIETO LESMES, M.S.A.,<\/strong> <em>Animador de la Delegaci\u00f3n.<\/em><\/span><\/p>\n<p style=\"text-align: center;\"><span style=\"color: #000080;\"><strong>R.P. Jos\u00e9 Pompilio MORENO RAM\u00cdREZ, <\/strong><strong>M.S.A.,<\/strong> <em>Consejero y<\/em> <em>Ec\u00f3nomo<\/em><\/span><\/p>\n<p style=\"text-align: center;\"><span style=\"color: #000080;\"><strong>R.P. Hermes GAMARRA MONSALVE<\/strong><strong>.,<\/strong> Consejero<em> y Encargado de la Formaci\u00f3n<\/em><\/span><\/p>\n<p style=\"text-align: center;\"><span style=\"color: #000080;\"><strong>R.P. Jos\u00e9 Humberto \u00c1NGEL MART\u00cdNEZ, <\/strong><strong>M.S.A.,<\/strong> <em>Consejero y Secretario<\/em><\/span><\/p>\n<p style=\"text-align: center;\"><span style=\"color: #000080;\"><strong>R.P. Rogelio VARGAS ROBLES, M.S.A.,<\/strong> <em>encargado de los laicos<\/em><\/span><\/p>\n<p style=\"text-align: center;\"><span style=\"color: #000080;\">Sitio web: <a style=\"color: #000080;\" href=\"http:\/\/www.msagen.org\/colombia\">www.msagen.org\/colombia<\/a><\/span><\/p>\n<\/div>\n<\/div><\/div><\/div><\/div><div id=\"pg-103-1\"  class=\"panel-grid panel-no-style\" ><div id=\"pgc-103-1-0\"  class=\"panel-grid-cell\" ><div id=\"panel-103-1-0-0\" class=\"so-panel widget widget_sow-editor panel-first-child panel-last-child\" data-index=\"2\" ><div\n\t\t\t\n\t\t\tclass=\"so-widget-sow-editor so-widget-sow-editor-base\"\n\t\t\t\n\t\t>\n<div class=\"siteorigin-widget-tinymce textwidget\">\n\t<p style=\"text-align: center;\"><span style=\"color: #000080;\"><strong><em>OBRAS:<\/em><\/strong><\/span><\/p>\n<p style=\"text-align: center;\"><span style=\"color: #000080;\"><strong><em>\u00a0Casa de formacion de los Misioneros de los\u00a0<\/em><\/strong><\/span><span style=\"color: #000080;\"><strong>\u00a0Santos Ap\u00f3stoles <\/strong><\/span><\/p>\n<p style=\"text-align: center;\"><span style=\"color: #000080;\">Av. Circunvalar (Carrera 3ra.) No. 52 A50<\/span><\/p>\n<p style=\"text-align: center;\"><span style=\"color: #000080;\">Chapinero Alto. BOGOT\u00c1, D.C. - COLOMBIA<\/span><\/p>\n<p style=\"text-align: center;\"><span style=\"color: #000080;\">Tel.: +(57-1) 287-4494\u00a0\u00a0\u00a0<\/span><\/p>\n<p style=\"text-align: center;\"><span style=\"color: #000080;\">Seminaristas: +(57-1)232-3851, Fax: +(57-1) 340-3579\u00a0\u00a0<\/span><\/p>\n<p style=\"text-align: center;\"><span style=\"color: #000080;\">E-mail:\u00a0\u00a0\u00a0\u00a0 <a style=\"color: #000080;\" href=\"mailto:semsabog@outlook.com\">semsabog@outlook.com<\/a><\/span><\/p>\n<p style=\"text-align: center;\"><span style=\"color: #000080;\"><strong>\u00a0<\/strong><\/span><\/p>\n<p style=\"text-align: center;\"><span style=\"color: #000080;\"><strong>\u00a0<\/strong><strong>Parroquia Madre de la Divina Providencia<\/strong><\/span><\/p>\n<p style=\"text-align: center;\"><span style=\"color: #000080;\">Calle\u00a0 9A No. 68F \u2013 05 Sur. Villa Claudia<\/span><\/p>\n<p style=\"text-align: center;\"><span style=\"color: #000080;\">BOGOT\u00c1, D.C. \u2013 COLOMBIA, Tel.: Parr.: +(57-1) 419-1054<\/span><\/p>\n<p style=\"text-align: center;\"><span style=\"color: #000080;\">Telefax: +(57-1) 419-1052<\/span><\/p>\n<p style=\"text-align: center;\"><span style=\"color: #000080;\">E-mail:\u00a0\u00a0\u00a0\u00a0 pmdivpro@latino.net.co<\/span><\/p>\n<p>&nbsp;<\/p>\n<p style=\"text-align: center;\"><span style=\"color: #000080;\"><strong>Parroquia San Dionisio<\/strong><\/span><\/p>\n<p style=\"text-align: center;\"><span style=\"color: #000080;\">Di\u00f3cesis de Engativ\u00e1\u00a0\u00a0<\/span><\/p>\n<p style=\"text-align: center;\"><span style=\"color: #000080;\">Calle 144# 147a-20 Bilbao\u00a0<\/span><\/p>\n<p style=\"text-align: center;\"><span style=\"color: #000080;\">BOGOT\u00c1, D.C. \u2013 COLOMBIA,\u00a0<\/span><\/p>\n<p style=\"text-align: center;\"><span style=\"color: #000080;\">Tel\u00e9fono fijo: +(57) 8052954<\/span><\/p>\n<p>&nbsp;<\/p>\n<p>&nbsp;<\/p>\n<\/div>\n<\/div><\/div><\/div><div id=\"pgc-103-1-1\"  class=\"panel-grid-cell\" ><div id=\"panel-103-1-1-0\" class=\"so-panel widget widget_media_image panel-first-child\" data-index=\"3\" ><img decoding=\"async\" width=\"921\" height=\"623\" src=\"https:\/\/multimediamenard.org\/wp-content\/uploads\/2018\/10\/COLOMBIA-2.jpg\" class=\"image wp-image-1498  attachment-full size-full\" alt=\"\" style=\"max-width: 100%; height: auto;\" srcset=\"https:\/\/multimediamenard.org\/wp-content\/uploads\/2018\/10\/COLOMBIA-2.jpg 921w, https:\/\/multimediamenard.org\/wp-content\/uploads\/2018\/10\/COLOMBIA-2-300x203.jpg 300w, https:\/\/multimediamenard.org\/wp-content\/uploads\/2018\/10\/COLOMBIA-2-768x520.jpg 768w\" sizes=\"(max-width: 921px) 100vw, 921px\" \/><\/div><div id=\"panel-103-1-1-1\" class=\"so-panel widget widget_media_image panel-last-child\" data-index=\"4\" ><img decoding=\"async\" width=\"1280\" height=\"720\" src=\"https:\/\/multimediamenard.org\/wp-content\/uploads\/2024\/03\/Parroquia-vector.jpg\" class=\"image wp-image-6680  attachment-full size-full\" alt=\"\" style=\"max-width: 100%; height: auto;\" srcset=\"https:\/\/multimediamenard.org\/wp-content\/uploads\/2024\/03\/Parroquia-vector.jpg 1280w, https:\/\/multimediamenard.org\/wp-content\/uploads\/2024\/03\/Parroquia-vector-300x169.jpg 300w, https:\/\/multimediamenard.org\/wp-content\/uploads\/2024\/03\/Parroquia-vector-1024x576.jpg 1024w, https:\/\/multimediamenard.org\/wp-content\/uploads\/2024\/03\/Parroquia-vector-768x432.jpg 768w\" sizes=\"(max-width: 1280px) 100vw, 1280px\" \/><\/div><\/div><\/div><\/div>","protected":false},"excerpt":{"rendered":"<p>SERVICIO DE LA COMUNI\u00d3N \u00a0 R.P. Pablo Andr\u00e9s NIETO LESMES, M.S.A., Animador de la Delegaci\u00f3n. R.P. Jos\u00e9 Pompilio MORENO RAM\u00cdREZ, M.S.A., Consejero y Ec\u00f3nomo R.P. Hermes GAMARRA MONSALVE., Consejero y Encargado de la Formaci\u00f3n R.P. Jos\u00e9 Humberto \u00c1NGEL MART\u00cdNEZ, M.S.A., Consejero y Secretario R.P. Rogelio VARGAS ROBLES, M.S.A., encargado de los laicos Sitio web: www.msagen.org\/colombia<\/p>\n","protected":false},"author":1,"featured_media":0,"parent":0,"menu_order":0,"comment_status":"closed","ping_status":"closed","template":"","meta":{"footnotes":""},"guten_post_layout_featured_media_urls":{"full":false,"thumbnail":false,"medium":false,"medium_large":false,"large":false,"1536x1536":false,"2048x2048":false,"guten_post_layout_landscape_large":false,"guten_post_layout_portrait_large":false,"guten_post_layout_square_large":false,"guten_post_layout_landscape":false,"guten_post_layout_portrait":false,"guten_post_layout_square":false,"post-thumbnail":false,"vantage-thumbnail-no-sidebar":false,"vantage-slide":false,"vantage-carousel":false,"vantage-grid-loop":false,"sow-carousel-default":false,"sow-post-carousel-overlay-theme":false},"rttpg_featured_image_url":null,"rttpg_author":{"display_name":"admin","author_link":"https:\/\/multimediamenard.org\/en\/author\/admin\/"},"rttpg_comment":0,"rttpg_category":null,"rttpg_excerpt":"SERVICIO DE LA COMUNI\u00d3N \u00a0 R.P. Pablo Andr\u00e9s NIETO LESMES, M.S.A., Animador de la Delegaci\u00f3n. R.P. Jos\u00e9 Pompilio MORENO RAM\u00cdREZ, M.S.A., Consejero y Ec\u00f3nomo R.P. Hermes GAMARRA MONSALVE., Consejero y Encargado de la Formaci\u00f3n R.P. Jos\u00e9 Humberto \u00c1NGEL MART\u00cdNEZ, M.S.A., Consejero y Secretario R.P. Rogelio VARGAS ROBLES, M.S.A., encargado de los laicos Sitio web: www.msagen.org\/colombia","_links":{"self":[{"href":"https:\/\/multimediamenard.org\/en\/wp-json\/wp\/v2\/pages\/103"}],"collection":[{"href":"https:\/\/multimediamenard.org\/en\/wp-json\/wp\/v2\/pages"}],"about":[{"href":"https:\/\/multimediamenard.org\/en\/wp-json\/wp\/v2\/types\/page"}],"author":[{"embeddable":true,"href":"https:\/\/multimediamenard.org\/en\/wp-json\/wp\/v2\/users\/1"}],"replies":[{"embeddable":true,"href":"https:\/\/multimediamenard.org\/en\/wp-json\/wp\/v2\/comments?post=103"}],"version-history":[{"count":36,"href":"https:\/\/multimediamenard.org\/en\/wp-json\/wp\/v2\/pages\/103\/revisions"}],"predecessor-version":[{"id":6693,"href":"https:\/\/multimediamenard.org\/en\/wp-json\/wp\/v2\/pages\/103\/revisions\/6693"}],"wp:attachment":[{"href":"https:\/\/multimediamenard.org\/en\/wp-json\/wp\/v2\/media?parent=103"}],"curies":[{"name":"wp","href":"https:\/\/api.w.org\/{rel}","templated":true}]}}