{"id":2504,"date":"2020-02-01T16:42:23","date_gmt":"2020-02-01T16:42:23","guid":{"rendered":"https:\/\/multimediamenard.org\/?page_id=2504"},"modified":"2020-02-01T17:03:15","modified_gmt":"2020-02-01T17:03:15","slug":"provincia-canadiense","status":"publish","type":"page","link":"https:\/\/multimediamenard.org\/en\/provincia-canadiense\/","title":{"rendered":"PROVINCIA CANADIENSE"},"content":{"rendered":"<div id=\"pl-2504\"  class=\"panel-layout\" ><div id=\"pg-2504-0\"  class=\"panel-grid panel-no-style\" ><div id=\"pgc-2504-0-0\"  class=\"panel-grid-cell\" ><div id=\"panel-2504-0-0-0\" class=\"so-panel widget widget_sow-editor panel-first-child panel-last-child\" data-index=\"0\" ><div\n\t\t\t\n\t\t\tclass=\"so-widget-sow-editor so-widget-sow-editor-base\"\n\t\t\t\n\t\t>\n<div class=\"siteorigin-widget-tinymce textwidget\">\n\t<\/p>\n<p><em><strong>\u201cDear brothers,<\/strong><\/em><\/p>\n<p><em><strong>On the threshold of this year 2020, it gives me pleasure to remind us of a community tradition, that of meeting again on the birth of the Child Jesus who comes to espouse our human condition.<\/strong><\/em><\/p>\n<p><em><strong>We have many reasons to meet again. Among other things, to manifest our joy of living as children of God, to share our joys, our experiences, and better still to bear witness to our human condition.\u201d<\/strong><\/em><\/p>\n<p><strong>Nko L\u00e9on Pascal, MSA. Animador Provincial-Canad\u00e1<\/strong><\/p><\/p>\n<\/div>\n<\/div><\/div><\/div><\/div><div id=\"pg-2504-1\"  class=\"panel-grid panel-no-style\" ><div id=\"pgc-2504-1-0\"  class=\"panel-grid-cell\" ><div id=\"panel-2504-1-0-0\" class=\"so-panel widget widget_sow-editor panel-first-child panel-last-child\" data-index=\"1\" ><div\n\t\t\t\n\t\t\tclass=\"so-widget-sow-editor so-widget-sow-editor-base\"\n\t\t\t\n\t\t>\n<div class=\"siteorigin-widget-tinymce textwidget\">\n\t<\/p>\n<p><strong>As stipulated in the letter of invitation from the provincial host, on Friday, December 27, 2019, at the Father Menard Hall, the Community Christmas was held as it is every year. This celebration, which began at about 10:00 am with the welcome of the confreres, and at 10:30 am, followed the celebration of the word and the message of the provincial animator who will at the same time convey the best wishes for the New Year. After a moment of sharing, we moved on to the fraternal meal. At about 1.30 p.m. everyone was able to return to their rooms happy to have lived these moments.<\/strong><\/p><\/p>\n<\/div>\n<\/div><\/div><\/div><\/div><div id=\"pg-2504-2\"  class=\"panel-grid panel-no-style\" ><div id=\"pgc-2504-2-0\"  class=\"panel-grid-cell panel-grid-cell-empty\" ><\/div><div id=\"pgc-2504-2-1\"  class=\"panel-grid-cell\" ><div id=\"panel-2504-2-1-0\" class=\"so-panel widget widget_media_image panel-first-child panel-last-child\" data-index=\"2\" ><img fetchpriority=\"high\" decoding=\"async\" width=\"181\" height=\"300\" src=\"https:\/\/multimediamenard.org\/wp-content\/uploads\/2020\/02\/ProvCanada10-181x300.png\" class=\"image wp-image-2509  attachment-medium size-medium\" alt=\"\" style=\"max-width: 100%; height: auto;\" srcset=\"https:\/\/multimediamenard.org\/wp-content\/uploads\/2020\/02\/ProvCanada10-181x300.png 181w, https:\/\/multimediamenard.org\/wp-content\/uploads\/2020\/02\/ProvCanada10.png 197w\" sizes=\"(max-width: 181px) 100vw, 181px\" \/><\/div><\/div><div id=\"pgc-2504-2-2\"  class=\"panel-grid-cell panel-grid-cell-mobile-last\" ><div id=\"panel-2504-2-2-0\" class=\"so-panel widget widget_media_image panel-first-child panel-last-child\" data-index=\"3\" ><img decoding=\"async\" width=\"645\" height=\"396\" src=\"https:\/\/multimediamenard.org\/wp-content\/uploads\/2020\/02\/ProvCanada09.png\" class=\"image wp-image-2483  attachment-645x396 size-645x396\" alt=\"\" style=\"max-width: 100%; height: auto;\" srcset=\"https:\/\/multimediamenard.org\/wp-content\/uploads\/2020\/02\/ProvCanada09.png 645w, https:\/\/multimediamenard.org\/wp-content\/uploads\/2020\/02\/ProvCanada09-300x184.png 300w\" sizes=\"(max-width: 645px) 100vw, 645px\" \/><\/div><\/div><div id=\"pgc-2504-2-3\"  class=\"panel-grid-cell panel-grid-cell-empty\" ><\/div><\/div><div id=\"pg-2504-3\"  class=\"panel-grid panel-no-style\" ><div id=\"pgc-2504-3-0\"  class=\"panel-grid-cell\" ><div id=\"panel-2504-3-0-0\" class=\"so-panel widget widget_sow-editor panel-first-child panel-last-child\" data-index=\"4\" ><div\n\t\t\t\n\t\t\tclass=\"so-widget-sow-editor so-widget-sow-editor-base\"\n\t\t\t\n\t\t>\n<div class=\"siteorigin-widget-tinymce textwidget\">\n\t<\/p>\n<p><strong><u>INTERNATIONAL PROBATION TIME<\/u><\/strong><\/p>\n<p>After nine months spent deepening the Constitutions and Norms, the Writings of Father Eus\u00e8be Menard, our Patron Saints. The first wave (as there is a group that already mastered the Spanish language and the others that continue, were still at the stage of enculturation perfecting their Spanish) of the Probationers of the Time of Probation International were ready to issue their first pledge of fidelity within our Society of the MSA. On 06 January 2020 in Peru.<\/p><\/p>\n<\/div>\n<\/div><\/div><\/div><\/div><div id=\"pg-2504-4\"  class=\"panel-grid panel-no-style\" ><div id=\"pgc-2504-4-0\"  class=\"panel-grid-cell\" ><\/div><\/div><div id=\"pg-2504-5\"  class=\"panel-grid panel-no-style\" ><div id=\"pgc-2504-5-0\"  class=\"panel-grid-cell\" ><div id=\"panel-2504-5-0-0\" class=\"so-panel widget widget_sow-editor panel-first-child panel-last-child\" data-index=\"6\" ><div\n\t\t\t\n\t\t\tclass=\"so-widget-sow-editor so-widget-sow-editor-base\"\n\t\t\t\n\t\t>\n<div class=\"siteorigin-widget-tinymce textwidget\">\n\t<\/p>\n<p><strong><u>DELEGATION FROM PERU\/BRAZIL<\/u><\/strong><\/p>\n<p>Three years ago, Father MALLQUI VILLANUEVA, Neyer Yodson, MSA and his Council took over the animation of the Delegation of Peru\/Brazil. Three years already! How quickly it has passed, time to take stock and now in January 2020 the General Assembly will be held.<\/p>\n<p>All these events the general animator calls us to unite with them through our prayers.<\/p>\n<\/p>\n<p>&nbsp;<\/p>\n<\/div>\n<\/div><\/div><\/div><\/div><div id=\"pg-2504-6\"  class=\"panel-grid panel-no-style\" ><div id=\"pgc-2504-6-0\"  class=\"panel-grid-cell\" ><\/div><\/div><div id=\"pg-2504-7\"  class=\"panel-grid panel-no-style\" ><div id=\"pgc-2504-7-0\"  class=\"panel-grid-cell\" ><div id=\"panel-2504-7-0-0\" class=\"so-panel widget widget_sow-editor panel-first-child panel-last-child\" data-index=\"8\" ><div\n\t\t\t\n\t\t\tclass=\"so-widget-sow-editor so-widget-sow-editor-base\"\n\t\t\t\n\t\t>\n<div class=\"siteorigin-widget-tinymce textwidget\">\n\t<\/p>\n<p><strong><u>PROVINCE DES USA\/D\u00c9L\u00c9GATION LOCALE DU VIETNAM<\/u><\/strong><\/p>\n<p>Le mois derniers 7 membres de la communaut\u00e9 \"MISSIONNAIRES DES SAINTS-AP\u00d4TRES WORD OF GOD\u00a0\u00bb du Vietnam ont fait leur demande de renouvellement \u00e0 l\u2019animateur provincial des USA, apr\u00e8s approbation, ils ont \u00e9mis leur promesse de fid\u00e9lit\u00e9 dans notre Soci\u00e9t\u00e9 des MSA. Une grande joie pour nous tous.<\/p><\/p>\n<\/div>\n<\/div><\/div><\/div><\/div><div id=\"pg-2504-8\"  class=\"panel-grid panel-no-style\" ><div id=\"pgc-2504-8-0\"  class=\"panel-grid-cell panel-grid-cell-empty\" ><\/div><div id=\"pgc-2504-8-1\"  class=\"panel-grid-cell panel-grid-cell-mobile-last\" ><div id=\"panel-2504-8-1-0\" class=\"so-panel widget widget_media_image panel-first-child panel-last-child\" data-index=\"9\" ><img decoding=\"async\" width=\"720\" height=\"540\" src=\"https:\/\/multimediamenard.org\/wp-content\/uploads\/2019\/10\/nov_viet_01-1024x768.jpg\" class=\"image wp-image-1951  attachment-large size-large\" alt=\"\" style=\"max-width: 100%; height: auto;\" srcset=\"https:\/\/multimediamenard.org\/wp-content\/uploads\/2019\/10\/nov_viet_01-1024x768.jpg 1024w, https:\/\/multimediamenard.org\/wp-content\/uploads\/2019\/10\/nov_viet_01-300x225.jpg 300w, https:\/\/multimediamenard.org\/wp-content\/uploads\/2019\/10\/nov_viet_01-768x576.jpg 768w, https:\/\/multimediamenard.org\/wp-content\/uploads\/2019\/10\/nov_viet_01.jpg 1431w\" sizes=\"(max-width: 720px) 100vw, 720px\" \/><\/div><\/div><div id=\"pgc-2504-8-2\"  class=\"panel-grid-cell panel-grid-cell-empty\" ><\/div><\/div><\/div>","protected":false},"excerpt":{"rendered":"<p>\u201cDear brothers, On the threshold of this year 2020, it gives me pleasure to remind us of a community tradition, that of meeting again on the birth of the Child Jesus who comes to espouse our human condition. We have many reasons to meet again. Among other things, to manifest our joy of living as [&hellip;]<\/p>\n","protected":false},"author":1,"featured_media":0,"parent":0,"menu_order":0,"comment_status":"closed","ping_status":"closed","template":"","meta":{"footnotes":""},"guten_post_layout_featured_media_urls":{"full":false,"thumbnail":false,"medium":false,"medium_large":false,"large":false,"1536x1536":false,"2048x2048":false,"guten_post_layout_landscape_large":false,"guten_post_layout_portrait_large":false,"guten_post_layout_square_large":false,"guten_post_layout_landscape":false,"guten_post_layout_portrait":false,"guten_post_layout_square":false,"post-thumbnail":false,"vantage-thumbnail-no-sidebar":false,"vantage-slide":false,"vantage-carousel":false,"vantage-grid-loop":false,"sow-carousel-default":false,"sow-post-carousel-overlay-theme":false},"rttpg_featured_image_url":null,"rttpg_author":{"display_name":"admin","author_link":"https:\/\/multimediamenard.org\/en\/author\/admin\/"},"rttpg_comment":0,"rttpg_category":null,"rttpg_excerpt":"\u201cDear brothers, On the threshold of this year 2020, it gives me pleasure to remind us of a community tradition, that of meeting again on the birth of the Child Jesus who comes to espouse our human condition. We have many reasons to meet again. Among other things, to manifest our joy of living as&hellip;","_links":{"self":[{"href":"https:\/\/multimediamenard.org\/en\/wp-json\/wp\/v2\/pages\/2504"}],"collection":[{"href":"https:\/\/multimediamenard.org\/en\/wp-json\/wp\/v2\/pages"}],"about":[{"href":"https:\/\/multimediamenard.org\/en\/wp-json\/wp\/v2\/types\/page"}],"author":[{"embeddable":true,"href":"https:\/\/multimediamenard.org\/en\/wp-json\/wp\/v2\/users\/1"}],"replies":[{"embeddable":true,"href":"https:\/\/multimediamenard.org\/en\/wp-json\/wp\/v2\/comments?post=2504"}],"version-history":[{"count":53,"href":"https:\/\/multimediamenard.org\/en\/wp-json\/wp\/v2\/pages\/2504\/revisions"}],"predecessor-version":[{"id":2565,"href":"https:\/\/multimediamenard.org\/en\/wp-json\/wp\/v2\/pages\/2504\/revisions\/2565"}],"wp:attachment":[{"href":"https:\/\/multimediamenard.org\/en\/wp-json\/wp\/v2\/media?parent=2504"}],"curies":[{"name":"wp","href":"https:\/\/api.w.org\/{rel}","templated":true}]}}