{"id":3150,"date":"2020-07-21T20:20:45","date_gmt":"2020-07-21T20:20:45","guid":{"rendered":"https:\/\/multimediamenard.org\/?page_id=3150"},"modified":"2020-07-22T15:41:16","modified_gmt":"2020-07-22T15:41:16","slug":"julio-2020","status":"publish","type":"page","link":"https:\/\/multimediamenard.org\/en\/julio-2020\/","title":{"rendered":"July"},"content":{"rendered":"<div id=\"pl-3150\"  class=\"panel-layout\" ><div id=\"pg-3150-0\"  class=\"panel-grid panel-no-style\" ><div id=\"pgc-3150-0-0\"  class=\"panel-grid-cell panel-grid-cell-empty\" ><\/div><div id=\"pgc-3150-0-1\"  class=\"panel-grid-cell\" ><div id=\"panel-3150-0-1-0\" class=\"so-panel widget widget_sow-editor panel-first-child\" data-index=\"0\" ><div\n\t\t\t\n\t\t\tclass=\"so-widget-sow-editor so-widget-sow-editor-base\"\n\t\t\t\n\t\t>\n<div class=\"siteorigin-widget-tinymce textwidget\">\n\t<\/div>\n<\/div><\/div><div id=\"panel-3150-0-1-1\" class=\"so-panel widget widget_sow-editor\" data-index=\"1\" ><div\n\t\t\t\n\t\t\tclass=\"so-widget-sow-editor so-widget-sow-editor-base\"\n\t\t\t\n\t\t>\n<div class=\"siteorigin-widget-tinymce textwidget\">\n\t<h3><img decoding=\"async\" class=\"size-full wp-image-3157 alignleft\" src=\"https:\/\/multimediamenard.org\/wp-content\/uploads\/2020\/07\/julio2020_01.png\" alt=\"\" width=\"154\" height=\"204\" \/><\/h3>\n<h3><span style=\"font-size: 14pt;\"><strong>1. PRESENTATION<\/strong><\/span><\/h3>\n<h3><strong>1.1.Brief description of the Delegation<\/strong><br \/>\n<span style=\"font-size: 12pt;\">The Society of the Missionaries of the Holy Apostles has been present in Africa since 1966.<\/span><br \/>\n<span style=\"font-size: 12pt;\">The members were constituted in Regions until 2004. Fr. Raymond TREMBLAY erected the MSA Region of Africa as a Delegation on February 22, 2004. Since then, six Animators have succeeded one another: Fathers Henri Paradis (2004-2007), Victor SSONO EKO\u00c9 (2007-2010), Louis Herv\u00e9 BALEBA (2010-2013), Guy Paulin NGA (2013-2016) and L\u00e9on Pascal NKO (July 2016-2019) and Pierre ATEBA ABAMBA COME (2019 to date).<\/span><\/h3>\n<h3><span style=\"font-size: 14pt;\"><strong>1.1.1. Members<\/strong><\/span><br \/>\n<span style=\"font-size: 12pt;\">The African Delegation is currently composed of 68 members in total, distributed as follows:<\/span><br \/>\n<span style=\"font-size: 12pt;\">- Definitive members: 26<\/span><br \/>\n<span style=\"font-size: 12pt;\">- Temporary members: 10<\/span><br \/>\n<span style=\"font-size: 12pt;\">- Freight forwarders: 00<\/span><br \/>\n<span style=\"font-size: 12pt;\">- Applicants: 27<\/span><br \/>\n<span style=\"font-size: 12pt;\">- Internal candidates: 05<\/span><\/h3>\n<h3><strong>1.1.2. Works<\/strong><br \/>\n<span style=\"font-size: 12pt;\">The Delegation of Africa currently has four works of its own, which are houses of formation.<\/span><br \/>\n<span style=\"font-size: 12pt;\">- The Residence of Nkolbisson (Philosopher and Theologate),<\/span><br \/>\n<span style=\"font-size: 12pt;\">- The Nkolbisson Postulate (operational since September 2017)<\/span><br \/>\n<span style=\"font-size: 12pt;\">- The Probation House Saint-Kisito, F\u00ebbe-village (Novitiate)<\/span><br \/>\n<span style=\"font-size: 12pt;\">- The House of Providence St. Kisito: (Aspiranat)<\/span><br \/>\n<span style=\"font-size: 12pt;\">In addition to these own works, there are other works where we are fully responsible for the management (parishes) or collaborate in it (institutions). These works or places of collaboration constitute our main apostolates.<\/span><\/h3>\n<h3><span style=\"font-size: 12pt;\"><\/span><\/h3>\n<\/div>\n<\/div><\/div><div id=\"panel-3150-0-1-2\" class=\"so-panel widget widget_circleicon-widget\" data-index=\"2\" >\t\t<div class=\"circle-icon-box circle-icon-position-top circle-icon-hide-box circle-icon-size-small \">\n\t\t\t\t\t\t\t<div class=\"circle-icon-wrapper\">\n\t\t\t\t\t\t\t\t\t\t<a href=\"https:\/\/multimediamenard.org\/sociedad-de-los-misioneros-de-los-santos-apostoles\/\" class=\"link-icon\" >\t\t\t\t\t<div class=\"circle-icon icon-style-set\" style=\"background-image: url(https:\/\/multimediamenard.org\/sociedad-de-los-misioneros-de-los-santos-apostoles\/)\">\n\t\t\t\t\t\t\t\t\t\t\t\t\t<div class=\"fa fa-hand-o-right\" ><\/div>\n\t\t\t\t\t\t\t\t\t\t\t<\/div>\n\t\t\t\t\t<\/a>\t\t\t\t<\/div>\n\t\t\t\n\t\t\t\t\t\t\t<a href=\"https:\/\/multimediamenard.org\/sociedad-de-los-misioneros-de-los-santos-apostoles\/\" class=\"link-title\" >\n\t\t\t\t\t\t\t\t\t\t\t\t\t<\/a>\n\t\t\t\n\t\t\t\t\t\t\t\t\t\t<a\n\t\t\t\t\thref=\"https:\/\/multimediamenard.org\/sociedad-de-los-misioneros-de-los-santos-apostoles\/\"\n\t\t\t\t\tclass=\"more-button\"\n\t\t\t\t\t\t\t\t\t\t\t\t\t\t>\n\t\t\t\t\tMore Info <i><\/i>\n\t\t\t\t<\/a>\n\t\t\t\t\t<\/div>\n\t\t<\/div><div id=\"panel-3150-0-1-3\" class=\"so-panel widget widget_sow-editor panel-last-child\" data-index=\"3\" ><div\n\t\t\t\n\t\t\tclass=\"so-widget-sow-editor so-widget-sow-editor-base\"\n\t\t\t\n\t\t>\n<div class=\"siteorigin-widget-tinymce textwidget\">\n\t<p><audio src=\"https:\/\/multimediamenard.org\/wp-content\/uploads\/2019\/04\/Gente_de_fe.mp3\" autoplay=\"autoplay\" loop=\"loop\"><br \/>\nTu navegador no implementa el elemento audio.<br \/>\n<\/audio><\/p>\n<\/div>\n<\/div><\/div><\/div><div id=\"pgc-3150-0-2\"  class=\"panel-grid-cell\" ><div id=\"panel-3150-0-2-0\" class=\"so-panel widget widget_sow-editor panel-first-child\" data-index=\"4\" ><div\n\t\t\t\n\t\t\tclass=\"so-widget-sow-editor so-widget-sow-editor-base\"\n\t\t\t\n\t\t>\n<div class=\"siteorigin-widget-tinymce textwidget\">\n\t<p><span style=\"font-family: 'arial black', sans-serif;\"> Location<\/span><\/p>\n<\/div>\n<\/div><\/div><div id=\"panel-3150-0-2-1\" class=\"widget_text so-panel widget widget_custom_html\" data-index=\"5\" ><div class=\"textwidget custom-html-widget\"><iframe src=\"https:\/\/www.google.com\/maps\/embed?pb=!1m18!1m12!1m3!1d2794.2517872975336!2d-73.63898828500726!3d45.54526023605293!2m3!1f0!2f0!3f0!3m2!1i1024!2i768!4f13.1!3m3!1m2!1s0x4cc918dfda6d5bfd%3A0xaaaf1844e280381b!2s8594%20Rue%20Berri%2C%20Montr%C3%A9al%2C%20QC%20H2P%202Z4!5e0!3m2!1sfr!2sca!4v1585780186918!5m2!1sfr!2sca\" width=\"500\" height=\"200\" frameborder=\"0\" style=\"border:0;\" allowfullscreen=\"\" aria-hidden=\"false\" tabindex=\"0\"><\/iframe><\/div><\/div><div id=\"panel-3150-0-2-2\" class=\"so-panel widget widget_sow-editor\" data-index=\"6\" ><div\n\t\t\t\n\t\t\tclass=\"so-widget-sow-editor so-widget-sow-editor-base\"\n\t\t\t\n\t\t>\n<div class=\"siteorigin-widget-tinymce textwidget\">\n\t<p><span style=\"font-family: 'arial black', sans-serif;\"><strong> Publications \u00a0 2019-2020<\/strong><\/span><\/p>\n<\/div>\n<\/div><\/div><\/div><\/div><\/div>","protected":false},"excerpt":{"rendered":"<p>1. PRESENTATION 1.1.Brief description of the Delegation The Society of the Missionaries of the Holy Apostles has been present in Africa since 1966. The members were constituted in Regions until 2004. Fr. Raymond TREMBLAY erected the MSA Region of Africa as a Delegation on February 22, 2004. Since then, six Animators have succeeded one another: [&hellip;]<\/p>\n","protected":false},"author":1,"featured_media":0,"parent":0,"menu_order":0,"comment_status":"closed","ping_status":"closed","template":"","meta":{"footnotes":""},"guten_post_layout_featured_media_urls":{"full":false,"thumbnail":false,"medium":false,"medium_large":false,"large":false,"1536x1536":false,"2048x2048":false,"guten_post_layout_landscape_large":false,"guten_post_layout_portrait_large":false,"guten_post_layout_square_large":false,"guten_post_layout_landscape":false,"guten_post_layout_portrait":false,"guten_post_layout_square":false,"post-thumbnail":false,"vantage-thumbnail-no-sidebar":false,"vantage-slide":false,"vantage-carousel":false,"vantage-grid-loop":false,"sow-carousel-default":false,"sow-post-carousel-overlay-theme":false},"rttpg_featured_image_url":null,"rttpg_author":{"display_name":"admin","author_link":"https:\/\/multimediamenard.org\/en\/author\/admin\/"},"rttpg_comment":0,"rttpg_category":null,"rttpg_excerpt":"1. PRESENTATION 1.1.Brief description of the Delegation The Society of the Missionaries of the Holy Apostles has been present in Africa since 1966. The members were constituted in Regions until 2004. Fr. Raymond TREMBLAY erected the MSA Region of Africa as a Delegation on February 22, 2004. Since then, six Animators have succeeded one another:&hellip;","_links":{"self":[{"href":"https:\/\/multimediamenard.org\/en\/wp-json\/wp\/v2\/pages\/3150"}],"collection":[{"href":"https:\/\/multimediamenard.org\/en\/wp-json\/wp\/v2\/pages"}],"about":[{"href":"https:\/\/multimediamenard.org\/en\/wp-json\/wp\/v2\/types\/page"}],"author":[{"embeddable":true,"href":"https:\/\/multimediamenard.org\/en\/wp-json\/wp\/v2\/users\/1"}],"replies":[{"embeddable":true,"href":"https:\/\/multimediamenard.org\/en\/wp-json\/wp\/v2\/comments?post=3150"}],"version-history":[{"count":31,"href":"https:\/\/multimediamenard.org\/en\/wp-json\/wp\/v2\/pages\/3150\/revisions"}],"predecessor-version":[{"id":3220,"href":"https:\/\/multimediamenard.org\/en\/wp-json\/wp\/v2\/pages\/3150\/revisions\/3220"}],"wp:attachment":[{"href":"https:\/\/multimediamenard.org\/en\/wp-json\/wp\/v2\/media?parent=3150"}],"curies":[{"name":"wp","href":"https:\/\/api.w.org\/{rel}","templated":true}]}}