{"id":3185,"date":"2020-07-22T02:42:48","date_gmt":"2020-07-22T02:42:48","guid":{"rendered":"https:\/\/multimediamenard.org\/?page_id=3185"},"modified":"2020-07-22T14:08:56","modified_gmt":"2020-07-22T14:08:56","slug":"sociedad-de-los-misioneros-de-los-santos-apostoles","status":"publish","type":"page","link":"https:\/\/multimediamenard.org\/en\/sociedad-de-los-misioneros-de-los-santos-apostoles\/","title":{"rendered":"SOCIETY OF THE MISSIONARIES OF THE HOLY APOSTLES"},"content":{"rendered":"<div id=\"pl-3185\"  class=\"panel-layout\" ><div id=\"pg-3185-0\"  class=\"panel-grid panel-no-style\" ><div id=\"pgc-3185-0-0\"  class=\"panel-grid-cell panel-grid-cell-empty\" ><\/div><div id=\"pgc-3185-0-1\"  class=\"panel-grid-cell panel-grid-cell-mobile-last\" ><div id=\"panel-3185-0-1-0\" class=\"so-panel widget widget_sow-editor panel-first-child\" data-index=\"0\" ><div\n\t\t\t\n\t\t\tclass=\"so-widget-sow-editor so-widget-sow-editor-base\"\n\t\t\t\n\t\t>\n<div class=\"siteorigin-widget-tinymce textwidget\">\n\t<\/p>\n<p>1.1.3. Apostolats<\/p><\/p>\n<\/div>\n<\/div><\/div><div id=\"panel-3185-0-1-1\" class=\"so-panel widget widget_sow-editor panel-last-child\" data-index=\"1\" ><div\n\t\t\t\n\t\t\tclass=\"so-widget-sow-editor so-widget-sow-editor-base\"\n\t\t\t\n\t\t>\n<div class=\"siteorigin-widget-tinymce textwidget\">\n\t<p><img fetchpriority=\"high\" fetchpriority=\"high\" decoding=\"async\" class=\"aligncenter wp-image-3158 size-full\" src=\"https:\/\/multimediamenard.org\/wp-content\/uploads\/2020\/07\/julio2020_02.png\" alt=\"\" width=\"703\" height=\"261\" srcset=\"https:\/\/multimediamenard.org\/wp-content\/uploads\/2020\/07\/julio2020_02.png 703w, https:\/\/multimediamenard.org\/wp-content\/uploads\/2020\/07\/julio2020_02-300x111.png 300w\" sizes=\"(max-width: 703px) 100vw, 703px\" \/><\/p>\n<\/p>\n<h3><span style=\"font-size: 12pt;\">Places of apostolate and collaboration in three dioceses:<\/span><br \/>\n<span style=\"font-size: 12pt;\">- Parishes (3): Saint-C\u0153ur de Marie d'Omvan, ND-des-Sept-Douleurs d'Ahala-Barri\u00e8re, Saint-Fran\u00e7ois d'Assise d'Afanoyoa<\/span><br \/>\n<span style=\"font-size: 12pt;\">(Archdiocese of Yaound\u00e9)<\/span><br \/>\n<span style=\"font-size: 12pt;\">- The Parish of St. Luke of Tala and the College of General and Technical Education of St. Benedict of Tala (Diocese of<\/span><br \/>\n<span style=\"font-size: 12pt;\">Obala)<\/span><br \/>\n<span style=\"font-size: 12pt;\">- Minor Seminary of Saint Andrew of Bafia (Diocese of Bafia)<\/span><br \/>\n<span style=\"font-size: 12pt;\">- Saint Joseph Mukasa Institute of Philosophy (IPSJM), Yaound\u00e9<\/span><br \/>\n<strong><span style=\"font-size: 14pt;\">1.2. The objectives of the Delegation<\/span><\/strong><br \/>\n<strong><span style=\"font-size: 14pt;\">1.2.1. Charism and mission<\/span><\/strong><\/h3>\n<p><img decoding=\"async\" class=\"wp-image-3159 size-full aligncenter\" src=\"https:\/\/multimediamenard.org\/wp-content\/uploads\/2020\/07\/julio2020_03.png\" alt=\"\" width=\"652\" height=\"314\" srcset=\"https:\/\/multimediamenard.org\/wp-content\/uploads\/2020\/07\/julio2020_03.png 652w, https:\/\/multimediamenard.org\/wp-content\/uploads\/2020\/07\/julio2020_03-300x144.png 300w\" sizes=\"(max-width: 652px) 100vw, 652px\" \/><\/p>\n<\/p>\n<h3><span style=\"font-size: 12pt;\">- To continue the preparation of our young people for the mission<\/span><br \/>\n<span style=\"font-size: 12pt;\">- Taking charge of a new work in the Anglophone zone to promote the integration of the English language<\/span><br \/>\n<span style=\"font-size: 12pt;\">- Expansion of the Probation House and construction of a postulancy to receive more candidates (finishing work)<\/span><br \/>\n<span style=\"font-size: 12pt;\">- Continue learning the Spanish language in our house of formation<\/span><br \/>\n<strong>1.2.2. Apostolic life<\/strong><\/h3>\n<\/p>\n<p><img decoding=\"async\" class=\"wp-image-3160 size-full aligncenter\" src=\"https:\/\/multimediamenard.org\/wp-content\/uploads\/2020\/07\/julio2020_04.png\" alt=\"\" width=\"688\" height=\"256\" srcset=\"https:\/\/multimediamenard.org\/wp-content\/uploads\/2020\/07\/julio2020_04.png 688w, https:\/\/multimediamenard.org\/wp-content\/uploads\/2020\/07\/julio2020_04-300x112.png 300w\" sizes=\"(max-width: 688px) 100vw, 688px\" \/><\/p>\n<h3>\n<h3><span style=\"font-size: 12pt;\">- Vocational promotion, through the organization of vocational mornings and camps.<\/span><br \/>\n<span style=\"font-size: 12pt;\">- Accompaniment and formation of the laity<\/span><br \/>\n<strong>1.2.3. Fraternal life<\/strong><\/h3>\n<\/p>\n<p><img loading=\"lazy\" loading=\"lazy\" decoding=\"async\" class=\"aligncenter wp-image-3161 size-full\" src=\"https:\/\/multimediamenard.org\/wp-content\/uploads\/2020\/07\/julio2020_05.png\" alt=\"\" width=\"666\" height=\"217\" srcset=\"https:\/\/multimediamenard.org\/wp-content\/uploads\/2020\/07\/julio2020_05.png 666w, https:\/\/multimediamenard.org\/wp-content\/uploads\/2020\/07\/julio2020_05-300x98.png 300w\" sizes=\"(max-width: 666px) 100vw, 666px\" \/><\/p>\n<\/p>\n<h3><span style=\"font-size: 12pt;\">- Community life in both parishes and houses of formation<\/span><br \/>\n<span style=\"font-size: 12pt;\">- Effective holding of community meetings<\/span><br \/>\n<span style=\"font-size: 12pt;\">- Visit of the confreres to the different communities<\/span><br \/>\n<span style=\"font-size: 12pt;\">- Assistance to sick confreres<\/span><\/h3>\n<h3>\n<strong>1.2.4. Collaboration with the laity<\/strong><br \/>\n<span style=\"font-size: 12pt;\">Collaboration with the laity within the Delegation is now organized around an association called: \"Family of Lay Associates <\/span><span style=\"font-size: 12pt;\">of the Missionaries of the Holy Apostles\", created in February 2015.<\/span><\/h3>\n<\/p>\n<p><img loading=\"lazy\" loading=\"lazy\" decoding=\"async\" class=\"aligncenter wp-image-3162 size-full\" src=\"https:\/\/multimediamenard.org\/wp-content\/uploads\/2020\/07\/julio2020_06.png\" alt=\"\" width=\"399\" height=\"277\" srcset=\"https:\/\/multimediamenard.org\/wp-content\/uploads\/2020\/07\/julio2020_06.png 399w, https:\/\/multimediamenard.org\/wp-content\/uploads\/2020\/07\/julio2020_06-300x208.png 300w\" sizes=\"(max-width: 399px) 100vw, 399px\" \/><\/p>\n<\/p>\n<p>&nbsp;<\/p>\n<p>&nbsp;<\/p>\n<\/div>\n<\/div><\/div><\/div><div id=\"pgc-3185-0-2\"  class=\"panel-grid-cell panel-grid-cell-empty\" ><\/div><\/div><div id=\"pg-3185-1\"  class=\"panel-grid panel-no-style\" ><div id=\"pgc-3185-1-0\"  class=\"panel-grid-cell panel-grid-cell-empty\" ><\/div><div id=\"pgc-3185-1-1\"  class=\"panel-grid-cell panel-grid-cell-mobile-last\" ><div id=\"panel-3185-1-1-0\" class=\"so-panel widget widget_sow-accordion panel-first-child panel-last-child\" data-index=\"2\" ><div\n\t\t\t\n\t\t\tclass=\"so-widget-sow-accordion so-widget-sow-accordion-default-9ab81f6899c1-3185\"\n\t\t\t data-max-open-panels=\"1\" data-use-anchor-tags=\"false\" data-initial-scroll-panel=\"1\"\n\t\t><h3 class=\"widget-title\">SITUATIONAL ANALYSIS<\/h3><div>\n\t<div class=\"sow-accordion\">\n\t\t\t<div class=\"sow-accordion-panel\n\t\t\t\t\t\"\n\t\t\t\tdata-anchor-id=\"2-1-the-strong-points-of-the-delegation\">\n\t\t\t\t\t<div class=\"sow-accordion-panel-header-container\" role=\"heading\" aria-level=\"2\">\n\t\t\t\t\t<div class=\"sow-accordion-panel-header\" tabindex=\"0\" role=\"button\" id=\"accordion-label-2-1-the-strong-points-of-the-delegation\" aria-controls=\"accordion-content-2-1-the-strong-points-of-the-delegation\" aria-expanded=\"false\">\n\t\t\t\t\t\t<div class=\"sow-accordion-title sow-accordion-title-icon-left\">\n\t\t\t\t\t\t\t\t\t\t\t\t\t\t2.1. The strong points of the Delegation\t\t\t\t\t\t\t\t\t\t\t\t\t<\/div>\n\t\t\t\t\t\t<div class=\"sow-accordion-open-close-button\">\n\t\t\t\t\t\t\t<div class=\"sow-accordion-open-button\">\n\t\t\t\t\t\t\t\t<span class=\"sow-icon-fontawesome sow-fas\" data-sow-icon=\"&#x2b;\"\n\t\t \n\t\taria-hidden=\"true\"><\/span>\t\t\t\t\t\t\t<\/div>\n\t\t\t\t\t\t\t<div class=\"sow-accordion-close-button\">\n\t\t\t\t\t\t\t\t<span class=\"sow-icon-fontawesome sow-fas\" data-sow-icon=\"&#xf068;\"\n\t\t \n\t\taria-hidden=\"true\"><\/span>\t\t\t\t\t\t\t<\/div>\n\t\t\t\t\t\t<\/div>\n\t\t\t\t\t<\/div>\n\t\t\t\t<\/div>\n\n\t\t\t<div\n\t\t\t\tclass=\"sow-accordion-panel-content\"\n\t\t\t\trole=\"region\"\n\t\t\t\taria-labelledby=\"accordion-label-2-1-the-strong-points-of-the-delegation\"\n\t\t\t\tid=\"accordion-content-2-1-the-strong-points-of-the-delegation\"\n\t\t\t\tstyle=\"display: none;\"\t\t\t>\n\t\t\t\t<div class=\"sow-accordion-panel-border\">\n\t\t\t\t\t<p><\/p>\n<h3><span style=\"font-size: 12pt;\">- Strong academic background at the initial level (philosophy and theology)<\/span><br \/>\n<span style=\"font-size: 12pt;\">- Visibility of the MSA charism (involvement in the MSA and diocesan Vocational Matinees, collaboration in the Minor <\/span><span style=\"font-size: 12pt;\">Seminary, MSA Student Day, production of a CD, Tricots etc.).<\/span><br \/>\n<span style=\"font-size: 12pt;\">- Regular animation of the sessions on \"Discernment-Accompaniment\" to inter-novitiates and the session on \"Mediations\" <\/span><span style=\"font-size: 12pt;\">for the preparation of perpetual vows of the young professed.<\/span><br \/>\n<span style=\"font-size: 12pt;\">- Animation of the sessions and presidency of the \"Locomotive\", set up by the Conference of Major Superiors for the <\/span><span style=\"font-size: 12pt;\">continuing formation of the young professed.<\/span><br \/>\n<span style=\"font-size: 12pt;\">- Direction of the Institute of Philosophy Saint Joseph Mukasa<\/span><br \/>\n<span style=\"font-size: 12pt;\">- Visible development of a sense of belonging<\/span><br \/>\n<span style=\"font-size: 12pt;\">- Media coverage of the Society and the founder (Journal \"LE LIEN\", radio interventions, presentations, etc.).<\/span><br \/>\n<span style=\"font-size: 12pt;\">- Specialized member training<\/span><br \/>\n<span style=\"font-size: 12pt;\">- Sending members on mission<\/span><\/h3>\n<p><\/p>\t\t\t\t<\/div>\n\t\t\t<\/div>\n\t\t<\/div>\n\t\t\t<div class=\"sow-accordion-panel\n\t\t\t\t\t\"\n\t\t\t\tdata-anchor-id=\"2-2-the-delegations-weak-points\">\n\t\t\t\t\t<div class=\"sow-accordion-panel-header-container\" role=\"heading\" aria-level=\"2\">\n\t\t\t\t\t<div class=\"sow-accordion-panel-header\" tabindex=\"0\" role=\"button\" id=\"accordion-label-2-2-the-delegations-weak-points\" aria-controls=\"accordion-content-2-2-the-delegations-weak-points\" aria-expanded=\"false\">\n\t\t\t\t\t\t<div class=\"sow-accordion-title sow-accordion-title-icon-left\">\n\t\t\t\t\t\t\t\t\t\t\t\t\t\t2.2. The Delegation's weak points\t\t\t\t\t\t\t\t\t\t\t\t\t<\/div>\n\t\t\t\t\t\t<div class=\"sow-accordion-open-close-button\">\n\t\t\t\t\t\t\t<div class=\"sow-accordion-open-button\">\n\t\t\t\t\t\t\t\t<span class=\"sow-icon-fontawesome sow-fas\" data-sow-icon=\"&#x2b;\"\n\t\t \n\t\taria-hidden=\"true\"><\/span>\t\t\t\t\t\t\t<\/div>\n\t\t\t\t\t\t\t<div class=\"sow-accordion-close-button\">\n\t\t\t\t\t\t\t\t<span class=\"sow-icon-fontawesome sow-fas\" data-sow-icon=\"&#xf068;\"\n\t\t \n\t\taria-hidden=\"true\"><\/span>\t\t\t\t\t\t\t<\/div>\n\t\t\t\t\t\t<\/div>\n\t\t\t\t\t<\/div>\n\t\t\t\t<\/div>\n\n\t\t\t<div\n\t\t\t\tclass=\"sow-accordion-panel-content\"\n\t\t\t\trole=\"region\"\n\t\t\t\taria-labelledby=\"accordion-label-2-2-the-delegations-weak-points\"\n\t\t\t\tid=\"accordion-content-2-2-the-delegations-weak-points\"\n\t\t\t\tstyle=\"display: none;\"\t\t\t>\n\t\t\t\t<div class=\"sow-accordion-panel-border\">\n\t\t\t\t\t<h3><span style=\"font-size: 12pt;\"><\/span><\/h3>\n<h3><span style=\"font-size: 12pt;\">Insufficient number of members for the management of works and apostolates<\/span><br \/>\n<span style=\"font-size: 12pt;\">- Lack of priests available for our formation houses<\/span><br \/>\n<span style=\"font-size: 12pt;\">- Lack of trained trainers for adult education<\/span><br \/>\n<span style=\"font-size: 12pt;\">- Tension between some formators and formed in the houses of formation<\/span><br \/>\n<span style=\"font-size: 12pt;\">- Lack of income-generating and self-financing structures<\/span><br \/>\n<span style=\"font-size: 12pt;\">- Cumulative responsibilities exposing the health of members<\/span><br \/>\n<span style=\"font-size: 12pt;\">- Unforeseen expenses<\/span><\/h3>\n<h3><span style=\"font-size: 12pt;\"><\/span><\/h3>\t\t\t\t<\/div>\n\t\t\t<\/div>\n\t\t<\/div>\n\t\t\t<div class=\"sow-accordion-panel\n\t\t\t\t\t\"\n\t\t\t\tdata-anchor-id=\"2-3-the-delegations-financial-situation\">\n\t\t\t\t\t<div class=\"sow-accordion-panel-header-container\" role=\"heading\" aria-level=\"2\">\n\t\t\t\t\t<div class=\"sow-accordion-panel-header\" tabindex=\"0\" role=\"button\" id=\"accordion-label-2-3-the-delegations-financial-situation\" aria-controls=\"accordion-content-2-3-the-delegations-financial-situation\" aria-expanded=\"false\">\n\t\t\t\t\t\t<div class=\"sow-accordion-title sow-accordion-title-icon-left\">\n\t\t\t\t\t\t\t\t\t\t\t\t\t\t2.3. The Delegation's financial situation\t\t\t\t\t\t\t\t\t\t\t\t\t<\/div>\n\t\t\t\t\t\t<div class=\"sow-accordion-open-close-button\">\n\t\t\t\t\t\t\t<div class=\"sow-accordion-open-button\">\n\t\t\t\t\t\t\t\t<span class=\"sow-icon-fontawesome sow-fas\" data-sow-icon=\"&#x2b;\"\n\t\t \n\t\taria-hidden=\"true\"><\/span>\t\t\t\t\t\t\t<\/div>\n\t\t\t\t\t\t\t<div class=\"sow-accordion-close-button\">\n\t\t\t\t\t\t\t\t<span class=\"sow-icon-fontawesome sow-fas\" data-sow-icon=\"&#xf068;\"\n\t\t \n\t\taria-hidden=\"true\"><\/span>\t\t\t\t\t\t\t<\/div>\n\t\t\t\t\t\t<\/div>\n\t\t\t\t\t<\/div>\n\t\t\t\t<\/div>\n\n\t\t\t<div\n\t\t\t\tclass=\"sow-accordion-panel-content\"\n\t\t\t\trole=\"region\"\n\t\t\t\taria-labelledby=\"accordion-label-2-3-the-delegations-financial-situation\"\n\t\t\t\tid=\"accordion-content-2-3-the-delegations-financial-situation\"\n\t\t\t\tstyle=\"display: none;\"\t\t\t>\n\t\t\t\t<div class=\"sow-accordion-panel-border\">\n\t\t\t\t\t<h3><span style=\"font-size: 12pt;\"><\/span><\/h3>\n<h3><span style=\"font-size: 12pt;\">2.3.1. General Operations<\/span><br \/>\n<span style=\"font-size: 12pt;\">The training of our students, members' allowances, automobile insurance, health and medical insurance of our confreres, <\/span><span style=\"font-size: 12pt;\">employees' salaries, maintenance of furniture, are general operations that we carry out.<\/span><br \/>\n<span style=\"font-size: 12pt;\">2.3.2. At the member level<\/span><br \/>\n<span style=\"font-size: 12pt;\">All members receive a monthly allowance. The member in paid ministry gives it back to the community.<\/span><br \/>\n<span style=\"font-size: 12pt;\">2.3.3. Fund<\/span><br \/>\n<span style=\"font-size: 12pt;\">Our funds come in general from our provincial bursar's office and in part from the contributions of the confreres' ministries, <\/span><span style=\"font-size: 12pt;\">from aid received from third parties, from self-financing initiatives in our Delegation.<\/span><br \/>\n<span style=\"font-size: 12pt;\">2.3.4. Properties<\/span><br \/>\n<span style=\"font-size: 12pt;\">- Two plots of land of one and nine hectares acquired for future projects<\/span><br \/>\n<span style=\"font-size: 12pt;\">- Acquisition of a new house in F\u00ebbe (house of providence)<\/span><br \/>\n<span style=\"font-size: 12pt;\">- Extension of the Saint Kisito House (Probationary period)<\/span><br \/>\n<span style=\"font-size: 12pt;\">- Postulancy and reception house, Nkolbisson<\/span><br \/>\n<span style=\"font-size: 12pt;\">- Residence of the Holy Apostles, Nkolbisson<\/span><br \/>\n<span style=\"font-size: 12pt;\">2.3.5. Overview of the financial situation facing the future<\/span><br \/>\n<span style=\"font-size: 12pt;\">- Our financial situation is gradually improving<\/span><br \/>\n<span style=\"font-size: 12pt;\">- Awareness of moderate management<\/span><br \/>\n<span style=\"font-size: 12pt;\">- Establishment of a project committee for participatory management<\/span><br \/>\n<span style=\"font-size: 12pt;\">- More elaborate projects in agriculture, carpentry, college, ginger powder <\/span><\/h3>\n<h3><span style=\"font-size: 12pt;\"><\/span><\/h3>\t\t\t\t<\/div>\n\t\t\t<\/div>\n\t\t<\/div>\n\t\t<\/div>\n<\/div>\n<\/div><\/div><\/div><div id=\"pgc-3185-1-2\"  class=\"panel-grid-cell panel-grid-cell-empty\" ><\/div><\/div><div id=\"pg-3185-2\"  class=\"panel-grid panel-no-style\" ><div id=\"pgc-3185-2-0\"  class=\"panel-grid-cell\" ><\/div><div id=\"pgc-3185-2-1\"  class=\"panel-grid-cell panel-grid-cell-mobile-last\" ><div id=\"panel-3185-2-1-0\" class=\"so-panel widget widget_sow-accordion panel-first-child panel-last-child\" data-index=\"4\" ><div\n\t\t\t\n\t\t\tclass=\"so-widget-sow-accordion so-widget-sow-accordion-default-9ab81f6899c1-3185\"\n\t\t\t data-max-open-panels=\"1\" data-use-anchor-tags=\"false\" data-initial-scroll-panel=\"1\"\n\t\t><h3 class=\"widget-title\">3.FUTURE PROSPECTS FOR THE DELEGATION<\/h3><div>\n\t<div class=\"sow-accordion\">\n\t\t\t<div class=\"sow-accordion-panel\n\t\t\t\t\t\"\n\t\t\t\tdata-anchor-id=\"sow-accordion-14918839055f184597808d8166356981-0\">\n\t\t\t\t\t<div class=\"sow-accordion-panel-header-container\" role=\"heading\" aria-level=\"2\">\n\t\t\t\t\t<div class=\"sow-accordion-panel-header\" tabindex=\"0\" role=\"button\" id=\"accordion-label-sow-accordion-14918839055f184597808d8166356981-0\" aria-controls=\"accordion-content-sow-accordion-14918839055f184597808d8166356981-0\" aria-expanded=\"false\">\n\t\t\t\t\t\t<div class=\"sow-accordion-title sow-accordion-title-icon-left\">\n\t\t\t\t\t\t\t\t\t\t\t\t\t\t\t\t\t\t\t\t\t\t\t\t\t\t\t<\/div>\n\t\t\t\t\t\t<div class=\"sow-accordion-open-close-button\">\n\t\t\t\t\t\t\t<div class=\"sow-accordion-open-button\">\n\t\t\t\t\t\t\t\t<span class=\"sow-icon-fontawesome sow-fas\" data-sow-icon=\"&#x2b;\"\n\t\t \n\t\taria-hidden=\"true\"><\/span>\t\t\t\t\t\t\t<\/div>\n\t\t\t\t\t\t\t<div class=\"sow-accordion-close-button\">\n\t\t\t\t\t\t\t\t<span class=\"sow-icon-fontawesome sow-fas\" data-sow-icon=\"&#xf068;\"\n\t\t \n\t\taria-hidden=\"true\"><\/span>\t\t\t\t\t\t\t<\/div>\n\t\t\t\t\t\t<\/div>\n\t\t\t\t\t<\/div>\n\t\t\t\t<\/div>\n\n\t\t\t<div\n\t\t\t\tclass=\"sow-accordion-panel-content\"\n\t\t\t\trole=\"region\"\n\t\t\t\taria-labelledby=\"accordion-label-sow-accordion-14918839055f184597808d8166356981-0\"\n\t\t\t\tid=\"accordion-content-sow-accordion-14918839055f184597808d8166356981-0\"\n\t\t\t\tstyle=\"display: none;\"\t\t\t>\n\t\t\t\t<div class=\"sow-accordion-panel-border\">\n\t\t\t\t\t<h3><span style=\"font-size: 12pt;\"><\/span><\/h3>\n<h3><span style=\"font-size: 12pt;\">- Training the trainers for our students is the major problem.<\/span><br \/>\n<span style=\"font-size: 12pt;\">- Continue with specialized training for the local higher institutes of higher education.<\/span><br \/>\n<span style=\"font-size: 12pt;\">- Making our identity more visible and consolidating our unity in the Lord Jesus<\/span><br \/>\n<span style=\"font-size: 12pt;\">- To make our new buildings viable or productive<\/span><br \/>\n<span style=\"font-size: 12pt;\">- Clarify further the management of finances and other common assets<\/span><br \/>\n<span style=\"font-size: 12pt;\">- To encourage the participation of all members in the life of the Delegation<\/span><br \/>\n<span style=\"font-size: 12pt;\">- Self-financing remains urgent and conditions all other concerns<\/span><br \/>\n<span style=\"font-size: 12pt;\">- The actuarial study presented to the last Provincial Assembly clearly identified this urgency for self-funding. <\/span><\/h3>\n<h3><span style=\"font-size: 12pt;\"><\/span><\/h3>\n<p>&nbsp;<\/p>\n<p>&nbsp;<\/p>\t\t\t\t<\/div>\n\t\t\t<\/div>\n\t\t<\/div>\n\t\t<\/div>\n<\/div>\n<\/div><\/div><\/div><div id=\"pgc-3185-2-2\"  class=\"panel-grid-cell panel-grid-cell-empty\" ><\/div><\/div><div id=\"pg-3185-3\"  class=\"panel-grid panel-no-style\" ><div id=\"pgc-3185-3-0\"  class=\"panel-grid-cell panel-grid-cell-empty\" ><\/div><div id=\"pgc-3185-3-1\"  class=\"panel-grid-cell panel-grid-cell-mobile-last\" ><\/div><div id=\"pgc-3185-3-2\"  class=\"panel-grid-cell panel-grid-cell-empty\" ><\/div><\/div><\/div>","protected":false},"excerpt":{"rendered":"<p>1.1.3. Apostolats Places of apostolate and collaboration in three dioceses: &#8211; Parishes (3): Saint-C\u0153ur de Marie d&#8217;Omvan, ND-des-Sept-Douleurs d&#8217;Ahala-Barri\u00e8re, Saint-Fran\u00e7ois d&#8217;Assise d&#8217;Afanoyoa (Archdiocese of Yaound\u00e9) &#8211; The Parish of St. Luke of Tala and the College of General and Technical Education of St. Benedict of Tala (Diocese of Obala) &#8211; Minor Seminary of Saint Andrew [&hellip;]<\/p>\n","protected":false},"author":1,"featured_media":0,"parent":0,"menu_order":0,"comment_status":"closed","ping_status":"closed","template":"","meta":{"footnotes":""},"guten_post_layout_featured_media_urls":{"full":false,"thumbnail":false,"medium":false,"medium_large":false,"large":false,"1536x1536":false,"2048x2048":false,"guten_post_layout_landscape_large":false,"guten_post_layout_portrait_large":false,"guten_post_layout_square_large":false,"guten_post_layout_landscape":false,"guten_post_layout_portrait":false,"guten_post_layout_square":false,"post-thumbnail":false,"vantage-thumbnail-no-sidebar":false,"vantage-slide":false,"vantage-carousel":false,"vantage-grid-loop":false,"sow-carousel-default":false,"sow-post-carousel-overlay-theme":false},"rttpg_featured_image_url":null,"rttpg_author":{"display_name":"admin","author_link":"https:\/\/multimediamenard.org\/en\/author\/admin\/"},"rttpg_comment":0,"rttpg_category":null,"rttpg_excerpt":"1.1.3. Apostolats Places of apostolate and collaboration in three dioceses: - Parishes (3): Saint-C\u0153ur de Marie d'Omvan, ND-des-Sept-Douleurs d'Ahala-Barri\u00e8re, Saint-Fran\u00e7ois d'Assise d'Afanoyoa (Archdiocese of Yaound\u00e9) - The Parish of St. Luke of Tala and the College of General and Technical Education of St. Benedict of Tala (Diocese of Obala) - Minor Seminary of Saint Andrew&hellip;","_links":{"self":[{"href":"https:\/\/multimediamenard.org\/en\/wp-json\/wp\/v2\/pages\/3185"}],"collection":[{"href":"https:\/\/multimediamenard.org\/en\/wp-json\/wp\/v2\/pages"}],"about":[{"href":"https:\/\/multimediamenard.org\/en\/wp-json\/wp\/v2\/types\/page"}],"author":[{"embeddable":true,"href":"https:\/\/multimediamenard.org\/en\/wp-json\/wp\/v2\/users\/1"}],"replies":[{"embeddable":true,"href":"https:\/\/multimediamenard.org\/en\/wp-json\/wp\/v2\/comments?post=3185"}],"version-history":[{"count":16,"href":"https:\/\/multimediamenard.org\/en\/wp-json\/wp\/v2\/pages\/3185\/revisions"}],"predecessor-version":[{"id":3202,"href":"https:\/\/multimediamenard.org\/en\/wp-json\/wp\/v2\/pages\/3185\/revisions\/3202"}],"wp:attachment":[{"href":"https:\/\/multimediamenard.org\/en\/wp-json\/wp\/v2\/media?parent=3185"}],"curies":[{"name":"wp","href":"https:\/\/api.w.org\/{rel}","templated":true}]}}