{"id":3222,"date":"2020-08-11T19:19:08","date_gmt":"2020-08-11T19:19:08","guid":{"rendered":"https:\/\/multimediamenard.org\/?page_id=3222"},"modified":"2020-08-19T17:32:05","modified_gmt":"2020-08-19T17:32:05","slug":"agosto-2020","status":"publish","type":"page","link":"https:\/\/multimediamenard.org\/en\/agosto-2020\/","title":{"rendered":"August 2020"},"content":{"rendered":"<div id=\"pl-3222\"  class=\"panel-layout\" ><div id=\"pg-3222-0\"  class=\"panel-grid panel-no-style\" ><div id=\"pgc-3222-0-0\"  class=\"panel-grid-cell panel-grid-cell-empty\" ><\/div><div id=\"pgc-3222-0-1\"  class=\"panel-grid-cell\" ><div id=\"panel-3222-0-1-0\" class=\"so-panel widget widget_sow-editor panel-first-child\" data-index=\"0\" ><div\n\t\t\t\n\t\t\tclass=\"so-widget-sow-editor so-widget-sow-editor-base\"\n\t\t\t\n\t\t>\n<div class=\"siteorigin-widget-tinymce textwidget\">\n\t<h3 style=\"text-align: center;\"><strong><u>SOCI\u00c9T\u00c9 DES MISSIONNAIRES DES SAINTS-AP\u00d4TRES<\/u><\/strong><\/h3>\n<h3 style=\"text-align: center;\"><strong><u>PROVINCE DU CANADA<\/u><\/strong><\/h3>\n<p>&nbsp;<\/p><\/p>\n<\/div>\n<\/div><\/div><div id=\"panel-3222-0-1-1\" class=\"so-panel widget widget_sow-editor\" data-index=\"1\" ><div\n\t\t\t\n\t\t\tclass=\"so-widget-sow-editor so-widget-sow-editor-base\"\n\t\t\t\n\t\t>\n<div class=\"siteorigin-widget-tinymce textwidget\">\n\t<h3><\/h3>\n<p><img fetchpriority=\"high\" fetchpriority=\"high\" decoding=\"async\" class=\"size-full wp-image-3231 alignleft\" src=\"https:\/\/multimediamenard.org\/wp-content\/uploads\/2020\/08\/Foto_01_08_2020.png\" alt=\"\" width=\"266\" height=\"201\" \/><\/p>\n<h3>Dear brothers,<\/h3>\n<h3>For several months now, we have been pursuing general containment without\u00a0knowing when or how it will end. This is a great challenge that is challenging our often well-planned advance programs. It is, fortunately, a precious moment to reread, without making us feel guilty, our different ways of relating to ourselves and to others; to take an objective look at the way we perceive the world, as well as the MSA fraternal life; the way we enjoy our freedom as adult men: to see how we assume ourselves as members of the mystical body of Christ which is the Church, but also what our MSA spirituality is.<\/h3>\n<h3><\/h3>\n<h3><strong>Father Leon Pascal NKO, MSA<\/strong><\/h3>\n<h3>Provincial Animator<\/h3>\n<h3><\/h3>\n<h3><\/h3>\n<\/div>\n<\/div><\/div><div id=\"panel-3222-0-1-2\" class=\"so-panel widget widget_circleicon-widget\" data-index=\"2\" >\t\t<div class=\"circle-icon-box circle-icon-position-top circle-icon-hide-box circle-icon-size-small \">\n\t\t\t\t\t\t\t<div class=\"circle-icon-wrapper\">\n\t\t\t\t\t\t\t\t\t\t<a href=\"https:\/\/multimediamenard.org\/m-s-a-provincia-de-canada\/\" class=\"link-icon\" >\t\t\t\t\t<div class=\"circle-icon icon-style-set\" style=\"background-image: url(https:\/\/multimediamenard.org\/m-s-a-provincia-de-canada\/)\">\n\t\t\t\t\t\t\t\t\t\t\t\t\t<div class=\"fa fa-hand-o-right\" ><\/div>\n\t\t\t\t\t\t\t\t\t\t\t<\/div>\n\t\t\t\t\t<\/a>\t\t\t\t<\/div>\n\t\t\t\n\t\t\t\t\t\t\t<a href=\"https:\/\/multimediamenard.org\/m-s-a-provincia-de-canada\/\" class=\"link-title\" >\n\t\t\t\t\t\t\t\t\t\t\t\t\t<\/a>\n\t\t\t\n\t\t\t\t\t\t\t\t\t\t<a\n\t\t\t\t\thref=\"https:\/\/multimediamenard.org\/m-s-a-provincia-de-canada\/\"\n\t\t\t\t\tclass=\"more-button\"\n\t\t\t\t\t\t\t\t\t\t\t\t\t\t>\n\t\t\t\t\tMore Info <i><\/i>\n\t\t\t\t<\/a>\n\t\t\t\t\t<\/div>\n\t\t<\/div><div id=\"panel-3222-0-1-3\" class=\"widget_text so-panel widget widget_custom_html panel-last-child\" data-index=\"3\" ><div class=\"textwidget custom-html-widget\"><audio src=\"https:\/\/multimediamenard.org\/wp-content\/uploads\/2019\/04\/Gente_de_fe.mp3\" autoplay=\"autoplay\" loop=\"loop\">\nTu navegador no implementa el elemento audio.\n<\/audio><\/div><\/div><\/div><div id=\"pgc-3222-0-2\"  class=\"panel-grid-cell\" ><div id=\"panel-3222-0-2-0\" class=\"so-panel widget widget_sow-editor panel-first-child\" data-index=\"4\" ><div\n\t\t\t\n\t\t\tclass=\"so-widget-sow-editor so-widget-sow-editor-base\"\n\t\t\t\n\t\t>\n<div class=\"siteorigin-widget-tinymce textwidget\">\n\t<p><span style=\"font-family: 'arial black', sans-serif;\"> Location<\/span><\/p>\n<\/div>\n<\/div><\/div><div id=\"panel-3222-0-2-1\" class=\"widget_text so-panel widget widget_custom_html\" data-index=\"5\" ><div class=\"textwidget custom-html-widget\"><iframe src=\"https:\/\/www.google.com\/maps\/embed?pb=!1m18!1m12!1m3!1d2794.2517872975336!2d-73.63898828500726!3d45.54526023605293!2m3!1f0!2f0!3f0!3m2!1i1024!2i768!4f13.1!3m3!1m2!1s0x4cc918dfda6d5bfd%3A0xaaaf1844e280381b!2s8594%20Rue%20Berri%2C%20Montr%C3%A9al%2C%20QC%20H2P%202Z4!5e0!3m2!1sfr!2sca!4v1585780186918!5m2!1sfr!2sca\" width=\"500\" height=\"200\" frameborder=\"0\" style=\"border:0;\" allowfullscreen=\"\" aria-hidden=\"false\" tabindex=\"0\"><\/iframe><\/div><\/div><div id=\"panel-3222-0-2-2\" class=\"so-panel widget widget_sow-editor\" data-index=\"6\" ><div\n\t\t\t\n\t\t\tclass=\"so-widget-sow-editor so-widget-sow-editor-base\"\n\t\t\t\n\t\t>\n<div class=\"siteorigin-widget-tinymce textwidget\">\n\t<p><span style=\"font-family: 'arial black', sans-serif;\"><strong> Publications \u00a0 2019-2020<\/strong><\/span><\/p>\n<\/div>\n<\/div><\/div><\/div><\/div><\/div>","protected":false},"excerpt":{"rendered":"<p>SOCI\u00c9T\u00c9 DES MISSIONNAIRES DES SAINTS-AP\u00d4TRES PROVINCE DU CANADA &nbsp; Dear brothers, For several months now, we have been pursuing general containment without\u00a0knowing when or how it will end. This is a great challenge that is challenging our often well-planned advance programs. It is, fortunately, a precious moment to reread, without making us feel guilty, our [&hellip;]<\/p>\n","protected":false},"author":1,"featured_media":0,"parent":0,"menu_order":0,"comment_status":"closed","ping_status":"closed","template":"","meta":{"footnotes":""},"guten_post_layout_featured_media_urls":{"full":false,"thumbnail":false,"medium":false,"medium_large":false,"large":false,"1536x1536":false,"2048x2048":false,"guten_post_layout_landscape_large":false,"guten_post_layout_portrait_large":false,"guten_post_layout_square_large":false,"guten_post_layout_landscape":false,"guten_post_layout_portrait":false,"guten_post_layout_square":false,"post-thumbnail":false,"vantage-thumbnail-no-sidebar":false,"vantage-slide":false,"vantage-carousel":false,"vantage-grid-loop":false,"sow-carousel-default":false,"sow-post-carousel-overlay-theme":false},"rttpg_featured_image_url":null,"rttpg_author":{"display_name":"admin","author_link":"https:\/\/multimediamenard.org\/en\/author\/admin\/"},"rttpg_comment":0,"rttpg_category":null,"rttpg_excerpt":"SOCI\u00c9T\u00c9 DES MISSIONNAIRES DES SAINTS-AP\u00d4TRES PROVINCE DU CANADA &nbsp; Dear brothers, For several months now, we have been pursuing general containment without\u00a0knowing when or how it will end. This is a great challenge that is challenging our often well-planned advance programs. It is, fortunately, a precious moment to reread, without making us feel guilty, our&hellip;","_links":{"self":[{"href":"https:\/\/multimediamenard.org\/en\/wp-json\/wp\/v2\/pages\/3222"}],"collection":[{"href":"https:\/\/multimediamenard.org\/en\/wp-json\/wp\/v2\/pages"}],"about":[{"href":"https:\/\/multimediamenard.org\/en\/wp-json\/wp\/v2\/types\/page"}],"author":[{"embeddable":true,"href":"https:\/\/multimediamenard.org\/en\/wp-json\/wp\/v2\/users\/1"}],"replies":[{"embeddable":true,"href":"https:\/\/multimediamenard.org\/en\/wp-json\/wp\/v2\/comments?post=3222"}],"version-history":[{"count":49,"href":"https:\/\/multimediamenard.org\/en\/wp-json\/wp\/v2\/pages\/3222\/revisions"}],"predecessor-version":[{"id":3315,"href":"https:\/\/multimediamenard.org\/en\/wp-json\/wp\/v2\/pages\/3222\/revisions\/3315"}],"wp:attachment":[{"href":"https:\/\/multimediamenard.org\/en\/wp-json\/wp\/v2\/media?parent=3222"}],"curies":[{"name":"wp","href":"https:\/\/api.w.org\/{rel}","templated":true}]}}