{"id":6883,"date":"2024-04-30T13:40:25","date_gmt":"2024-04-30T13:40:25","guid":{"rendered":"https:\/\/multimediamenard.org\/?page_id=6883"},"modified":"2024-09-12T17:16:01","modified_gmt":"2024-09-12T17:16:01","slug":"noticias","status":"publish","type":"page","link":"https:\/\/multimediamenard.org\/en\/noticias\/","title":{"rendered":"News"},"content":{"rendered":"\t\t<div data-elementor-type=\"wp-page\" data-elementor-id=\"6883\" class=\"elementor elementor-6883\" data-elementor-post-type=\"page\">\n\t\t\t\t\t\t<section class=\"elementor-section elementor-top-section elementor-element elementor-element-d6752d0 elementor-section-boxed elementor-section-height-default elementor-section-height-default\" data-id=\"d6752d0\" data-element_type=\"section\">\n\t\t\t\t\t\t<div class=\"elementor-container elementor-column-gap-default\">\n\t\t\t\t\t<div class=\"elementor-column elementor-col-100 elementor-top-column elementor-element elementor-element-fa114a1\" data-id=\"fa114a1\" data-element_type=\"column\">\n\t\t\t<div class=\"elementor-widget-wrap elementor-element-populated\">\n\t\t\t\t\t\t<div class=\"elementor-element elementor-element-5869529 readmore-btn-only-text title_position_default title_hover_border_default title-default img_hover_animation_default grid-hover-overlay-type-always tpg-el-box-border-enable tpg-border-bottom-disable elementor-widget elementor-widget-tpg-grid-layout\" data-id=\"5869529\" data-element_type=\"widget\" data-widget_type=\"tpg-grid-layout.default\">\n\t\t\t\t<div class=\"elementor-widget-container\">\n\t\t\t\t\t\t\t<div class=\"rt-container-fluid rt-tpg-container tpg-el-main-wrapper clearfix grid-layout1-main \"\n\t\t\t id=\"rt-tpg-container-1114316316\"\n\t\t\t data-layout=\"grid-layout1\"\n\t\t\t data-grid-style=\"tpg-full-height\"\n\t\t\t data-sc-id=\"elementor\"\n\t\t\t data-el-settings=''\n\t\t\t data-el-query=''\n\t\t\t data-el-path=''\n\t\t>\n\t\t\t\t\t\t<div class='tpg-header-wrapper '>\n\t\t\t\t\t\t\t<\/div>\n\n\t\t\t<div data-title=\"Loading ...\" class=\"rt-row rt-content-loader grid-layout1 grid-behaviour tpg-full-height grid_layout_wrapper\">\n\t\t\t\t<div class=\"rt-col-md-4 rt-col-sm-6 rt-col-xs-12 default rt-grid-item post-7489 post type-post status-publish format-standard has-post-thumbnail hentry category-noticias tag-diacono-gleison-henrique-msa tag-dilexit-nos-resumen tag-padre-gleison-enrique-da-silva post-with-thumbnail post-with-thumbnail-large\"        data-id=\"7489\">\n    <div class=\"rt-holder tpg-post-holder \">\n        <div class=\"rt-detail rt-el-content-wrapper\">\n\t\t\t                <div class=\"rt-img-holder tpg-el-image-wrap has-thumbnail\">\n\t\t\t\t\t<a data-id=\"7489\" href=\"https:\/\/multimediamenard.org\/en\/dilexit-nos-resumen-pdf\/\" class=\"tpg-post-link\" target=\"_self\">                        <img fetchpriority=\"high\" decoding=\"async\" src=\"https:\/\/multimediamenard.org\/wp-content\/uploads\/2024\/11\/Diseno-sin-titulo-768x432.jpg\"\n                             class=\"rt-img-responsive\"\n                             width=\"720\"\n                             height=\"405\"\n                             alt=\"Dilexit nos resumen\">\n\t\t\t\t\t\t\n\t\t\t\t\t\t\t\n\t\t<\/a>\n\t\t        <div class=\"overlay grid-hover-content\"><\/div>\n\t\t                <\/div>\n\t\t\t\n\t\t\t<div class=\"entry-title-wrapper\"><h3 class=\"entry-title\"><a data-id=\"7489\" href=\"https:\/\/multimediamenard.org\/en\/dilexit-nos-resumen-pdf\/\" class=\"tpg-post-link\" target=\"_self\">Dilexit nos summary of Gleison Henrique MSA<\/a><\/h3><\/div>\n\t\t\t\n\n\t\t\t                <div class=\"tpg-excerpt tpg-el-excerpt\">\n\t\t\t\t\t                        <div class=\"tpg-excerpt-inner\">\n\t\t\t\t\t\t\t...                        <\/div>\n\t\t\t\t\t\t\t\t\t\t                <\/div>\n\t\t\t\n\t\t\t        <div class=\"post-footer\">\n            <div class=\"post-footer\">\n                <div class=\"read-more\">\n\t\t\t\t\t<a data-id=\"7489\" href=\"https:\/\/multimediamenard.org\/en\/dilexit-nos-resumen-pdf\/\" class=\"tpg-post-link\" target=\"_self\">Leer m\u00e1s<i aria-hidden=\"true\" class=\"right-icon far fa-arrow-alt-circle-right\"><\/i><\/a>                <\/div>\n            <\/div>\n        <\/div>\n\t\t        <\/div>\n    <\/div>\n<\/div>\n<div class=\"rt-col-md-4 rt-col-sm-6 rt-col-xs-12 default rt-grid-item post-7441 post type-post status-publish format-standard has-post-thumbnail hentry category-ano-menardiano category-noticias tag-annee-menardienne tag-ano-menardiano tag-padre-menard tag-parcours-vocationnelle tag-pere-eusebe-henri-menard post-with-thumbnail post-with-thumbnail-large\"        data-id=\"7441\">\n    <div class=\"rt-holder tpg-post-holder \">\n        <div class=\"rt-detail rt-el-content-wrapper\">\n\t\t\t                <div class=\"rt-img-holder tpg-el-image-wrap has-thumbnail\">\n\t\t\t\t\t<a data-id=\"7441\" href=\"https:\/\/multimediamenard.org\/en\/testimonio-del-padre-marc-lussier-msa-sobre-el-padre-menard\/\" class=\"tpg-post-link\" target=\"_self\">                        <img decoding=\"async\" src=\"https:\/\/multimediamenard.org\/wp-content\/uploads\/2024\/09\/Marc-Lussier-et-P-Menard-768x432.png\"\n                             class=\"rt-img-responsive\"\n                             width=\"720\"\n                             height=\"405\"\n                             alt=\"Testimony of Father Marc Lussier, msa on Father Menard.\">\n\t\t\t\t\t\t\n\t\t\t\t\t\t\t\n\t\t<\/a>\n\t\t        <div class=\"overlay grid-hover-content\"><\/div>\n\t\t                <\/div>\n\t\t\t\n\t\t\t<div class=\"entry-title-wrapper\"><h3 class=\"entry-title\"><a data-id=\"7441\" href=\"https:\/\/multimediamenard.org\/en\/testimonio-del-padre-marc-lussier-msa-sobre-el-padre-menard\/\" class=\"tpg-post-link\" target=\"_self\">Testimony of Father Marc Lussier, msa on Father Menard.<\/a><\/h3><\/div>\n\t\t\t\n\n\t\t\t                <div class=\"tpg-excerpt tpg-el-excerpt\">\n\t\t\t\t\t                        <div class=\"tpg-excerpt-inner\">\n\t\t\t\t\t\t\t...                        <\/div>\n\t\t\t\t\t\t\t\t\t\t                <\/div>\n\t\t\t\n\t\t\t        <div class=\"post-footer\">\n            <div class=\"post-footer\">\n                <div class=\"read-more\">\n\t\t\t\t\t<a data-id=\"7441\" href=\"https:\/\/multimediamenard.org\/en\/testimonio-del-padre-marc-lussier-msa-sobre-el-padre-menard\/\" class=\"tpg-post-link\" target=\"_self\">Leer m\u00e1s<i aria-hidden=\"true\" class=\"right-icon far fa-arrow-alt-circle-right\"><\/i><\/a>                <\/div>\n            <\/div>\n        <\/div>\n\t\t        <\/div>\n    <\/div>\n<\/div>\n<div class=\"rt-col-md-4 rt-col-sm-6 rt-col-xs-12 default rt-grid-item post-7347 post type-post status-publish format-standard has-post-thumbnail hentry category-noticias category-ordenaciones post-with-thumbnail post-with-thumbnail-large\"        data-id=\"7347\">\n    <div class=\"rt-holder tpg-post-holder \">\n        <div class=\"rt-detail rt-el-content-wrapper\">\n\t\t\t                <div class=\"rt-img-holder tpg-el-image-wrap has-thumbnail\">\n\t\t\t\t\t<a data-id=\"7347\" href=\"https:\/\/multimediamenard.org\/en\/ordenacion-diaconal-del-hermano-sebastien-merveil-kadiata-ilunga-msa\/\" class=\"tpg-post-link\" target=\"_self\">                        <img decoding=\"async\" src=\"https:\/\/multimediamenard.org\/wp-content\/uploads\/2024\/09\/Sebastien-et-Mgr-Alain-Faubert-copia-768x459.jpg\"\n                             class=\"rt-img-responsive\"\n                             width=\"720\"\n                             height=\"430\"\n                             alt=\"Diaconal ordination of Brother Sebastien Merveil Kadiata Ilunga, msa.\">\n\t\t\t\t\t\t\n\t\t\t\t\t\t\t\n\t\t<\/a>\n\t\t        <div class=\"overlay grid-hover-content\"><\/div>\n\t\t                <\/div>\n\t\t\t\n\t\t\t<div class=\"entry-title-wrapper\"><h3 class=\"entry-title\"><a data-id=\"7347\" href=\"https:\/\/multimediamenard.org\/en\/ordenacion-diaconal-del-hermano-sebastien-merveil-kadiata-ilunga-msa\/\" class=\"tpg-post-link\" target=\"_self\">Diaconal ordination of Brother Sebastien Merveil Kadiata Ilunga, msa.<\/a><\/h3><\/div>\n\t\t\t\n\n\t\t\t                <div class=\"tpg-excerpt tpg-el-excerpt\">\n\t\t\t\t\t                        <div class=\"tpg-excerpt-inner\">\n\t\t\t\t\t\t\tVideo of the ordination mass...                        <\/div>\n\t\t\t\t\t\t\t\t\t\t                <\/div>\n\t\t\t\n\t\t\t        <div class=\"post-footer\">\n            <div class=\"post-footer\">\n                <div class=\"read-more\">\n\t\t\t\t\t<a data-id=\"7347\" href=\"https:\/\/multimediamenard.org\/en\/ordenacion-diaconal-del-hermano-sebastien-merveil-kadiata-ilunga-msa\/\" class=\"tpg-post-link\" target=\"_self\">Leer m\u00e1s<i aria-hidden=\"true\" class=\"right-icon far fa-arrow-alt-circle-right\"><\/i><\/a>                <\/div>\n            <\/div>\n        <\/div>\n\t\t        <\/div>\n    <\/div>\n<\/div>\n<div class=\"rt-col-md-4 rt-col-sm-6 rt-col-xs-12 default rt-grid-item post-7231 post type-post status-publish format-standard has-post-thumbnail hentry category-ano-menardiano category-noticias tag-annee-menardienne tag-ano-menardiano tag-cardinal-landazuri tag-cheminement tag-padre-menard tag-parcours-vocationnelle tag-pere-eusebe-henri-menard post-with-thumbnail post-with-thumbnail-large\"        data-id=\"7231\">\n    <div class=\"rt-holder tpg-post-holder \">\n        <div class=\"rt-detail rt-el-content-wrapper\">\n\t\t\t                <div class=\"rt-img-holder tpg-el-image-wrap has-thumbnail\">\n\t\t\t\t\t<a data-id=\"7231\" href=\"https:\/\/multimediamenard.org\/en\/testimonio-del-padre-fernando-noriega-sobre-el-padre-menard-3\/\" class=\"tpg-post-link\" target=\"_self\">                        <img loading=\"lazy\" decoding=\"async\" src=\"https:\/\/multimediamenard.org\/wp-content\/uploads\/2024\/07\/Padre-Fernando-San-Juan-Pablo-II-y-Padre-Menard-768x432.png\"\n                             class=\"rt-img-responsive\"\n                             width=\"720\"\n                             height=\"405\"\n                             alt=\"Padre Fernando, San Juan Pablo II y Padre Menard\">\n\t\t\t\t\t\t\n\t\t\t\t\t\t\t\n\t\t<\/a>\n\t\t        <div class=\"overlay grid-hover-content\"><\/div>\n\t\t                <\/div>\n\t\t\t\n\t\t\t<div class=\"entry-title-wrapper\"><h3 class=\"entry-title\"><a data-id=\"7231\" href=\"https:\/\/multimediamenard.org\/en\/testimonio-del-padre-fernando-noriega-sobre-el-padre-menard-3\/\" class=\"tpg-post-link\" target=\"_self\">Testimony of Father Fernando Noriega about Father Menard<\/a><\/h3><\/div>\n\t\t\t\n\n\t\t\t                <div class=\"tpg-excerpt tpg-el-excerpt\">\n\t\t\t\t\t                        <div class=\"tpg-excerpt-inner\">\n\t\t\t\t\t\t\tEl 27 de mayo de este a\u00f1o el Padre Fernando Noriega dio su testimonio de experiencia de vida con el...                        <\/div>\n\t\t\t\t\t\t\t\t\t\t                <\/div>\n\t\t\t\n\t\t\t        <div class=\"post-footer\">\n            <div class=\"post-footer\">\n                <div class=\"read-more\">\n\t\t\t\t\t<a data-id=\"7231\" href=\"https:\/\/multimediamenard.org\/en\/testimonio-del-padre-fernando-noriega-sobre-el-padre-menard-3\/\" class=\"tpg-post-link\" target=\"_self\">Leer m\u00e1s<i aria-hidden=\"true\" class=\"right-icon far fa-arrow-alt-circle-right\"><\/i><\/a>                <\/div>\n            <\/div>\n        <\/div>\n\t\t        <\/div>\n    <\/div>\n<\/div>\n<div class=\"rt-col-md-4 rt-col-sm-6 rt-col-xs-12 default rt-grid-item post-7432 post type-post status-publish format-standard has-post-thumbnail hentry category-comunidad-local-de-indonesia category-ordenaciones post-with-thumbnail post-with-thumbnail-large\"        data-id=\"7432\">\n    <div class=\"rt-holder tpg-post-holder \">\n        <div class=\"rt-detail rt-el-content-wrapper\">\n\t\t\t                <div class=\"rt-img-holder tpg-el-image-wrap has-thumbnail\">\n\t\t\t\t\t<a data-id=\"7432\" href=\"https:\/\/multimediamenard.org\/en\/ordenacion-sacerdotal-de-los-diaconos-raymond-andreas-y-patricius-msa\/\" class=\"tpg-post-link\" target=\"_self\">                        <img loading=\"lazy\" decoding=\"async\" src=\"https:\/\/multimediamenard.org\/wp-content\/uploads\/2024\/09\/Todos-despues-de-la-ordenacion-768x512.jpg\"\n                             class=\"rt-img-responsive\"\n                             width=\"720\"\n                             height=\"480\"\n                             alt=\"Priestly ordination of Deacons Raymond, Andreas and Patricius, msa\">\n\t\t\t\t\t\t\n\t\t\t\t\t\t\t\n\t\t<\/a>\n\t\t        <div class=\"overlay grid-hover-content\"><\/div>\n\t\t                <\/div>\n\t\t\t\n\t\t\t<div class=\"entry-title-wrapper\"><h3 class=\"entry-title\"><a data-id=\"7432\" href=\"https:\/\/multimediamenard.org\/en\/ordenacion-sacerdotal-de-los-diaconos-raymond-andreas-y-patricius-msa\/\" class=\"tpg-post-link\" target=\"_self\">Priestly ordination of Deacons Raymond, Andreas and Patricius, msa<\/a><\/h3><\/div>\n\t\t\t\n\n\t\t\t                <div class=\"tpg-excerpt tpg-el-excerpt\">\n\t\t\t\t\t                        <div class=\"tpg-excerpt-inner\">\n\t\t\t\t\t\t\thttps:\/\/youtu.be\/d3XibEb6n0I?si=rVnCdisud2WAzL5T...                        <\/div>\n\t\t\t\t\t\t\t\t\t\t                <\/div>\n\t\t\t\n\t\t\t        <div class=\"post-footer\">\n            <div class=\"post-footer\">\n                <div class=\"read-more\">\n\t\t\t\t\t<a data-id=\"7432\" href=\"https:\/\/multimediamenard.org\/en\/ordenacion-sacerdotal-de-los-diaconos-raymond-andreas-y-patricius-msa\/\" class=\"tpg-post-link\" target=\"_self\">Leer m\u00e1s<i aria-hidden=\"true\" class=\"right-icon far fa-arrow-alt-circle-right\"><\/i><\/a>                <\/div>\n            <\/div>\n        <\/div>\n\t\t        <\/div>\n    <\/div>\n<\/div>\n<div class=\"rt-col-md-4 rt-col-sm-6 rt-col-xs-12 default rt-grid-item post-7430 post type-post status-publish format-standard has-post-thumbnail hentry category-comunidad-local-san-mateo-r-d-congo category-ordenaciones category-republica-democratica-del-congo post-with-thumbnail post-with-thumbnail-large\"        data-id=\"7430\">\n    <div class=\"rt-holder tpg-post-holder \">\n        <div class=\"rt-detail rt-el-content-wrapper\">\n\t\t\t                <div class=\"rt-img-holder tpg-el-image-wrap has-thumbnail\">\n\t\t\t\t\t<a data-id=\"7430\" href=\"https:\/\/multimediamenard.org\/en\/ordenacion-diaconal-del-hermano-emmanuel-lola-mundele-msa\/\" class=\"tpg-post-link\" target=\"_self\">                        <img loading=\"lazy\" decoding=\"async\" src=\"https:\/\/multimediamenard.org\/wp-content\/uploads\/2024\/09\/Imposicion-de-las-manos-del-obispo-768x512.jpg\"\n                             class=\"rt-img-responsive\"\n                             width=\"720\"\n                             height=\"480\"\n                             alt=\"Diaconal ordination of Brother Emmanuel Lola Mundele, msa.\">\n\t\t\t\t\t\t\n\t\t\t\t\t\t\t\n\t\t<\/a>\n\t\t        <div class=\"overlay grid-hover-content\"><\/div>\n\t\t                <\/div>\n\t\t\t\n\t\t\t<div class=\"entry-title-wrapper\"><h3 class=\"entry-title\"><a data-id=\"7430\" href=\"https:\/\/multimediamenard.org\/en\/ordenacion-diaconal-del-hermano-emmanuel-lola-mundele-msa\/\" class=\"tpg-post-link\" target=\"_self\">Diaconal ordination of Brother Emmanuel Lola Mundele, msa.<\/a><\/h3><\/div>\n\t\t\t\n\n\t\t\t                <div class=\"tpg-excerpt tpg-el-excerpt\">\n\t\t\t\t\t                        <div class=\"tpg-excerpt-inner\">\n\t\t\t\t\t\t\tOn June 29, 2024, Fr. Emmanuel Lola Mundele, msa, is ordonn\u00e9 diacre. Avec l'imposition des mains de...                        <\/div>\n\t\t\t\t\t\t\t\t\t\t                <\/div>\n\t\t\t\n\t\t\t        <div class=\"post-footer\">\n            <div class=\"post-footer\">\n                <div class=\"read-more\">\n\t\t\t\t\t<a data-id=\"7430\" href=\"https:\/\/multimediamenard.org\/en\/ordenacion-diaconal-del-hermano-emmanuel-lola-mundele-msa\/\" class=\"tpg-post-link\" target=\"_self\">Leer m\u00e1s<i aria-hidden=\"true\" class=\"right-icon far fa-arrow-alt-circle-right\"><\/i><\/a>                <\/div>\n            <\/div>\n        <\/div>\n\t\t        <\/div>\n    <\/div>\n<\/div>\n<div class=\"rt-col-md-4 rt-col-sm-6 rt-col-xs-12 default rt-grid-item post-7115 post type-post status-publish format-standard hentry category-ordenaciones\"        data-id=\"7115\">\n    <div class=\"rt-holder tpg-post-holder \">\n        <div class=\"rt-detail rt-el-content-wrapper\">\n\t\t\t                <div class=\"rt-img-holder tpg-el-image-wrap has-no-thumbnail\">\n\t\t\t\t\t<a data-id=\"7115\" href=\"https:\/\/multimediamenard.org\/en\/ordinacion-sacerdotal-del-diacono-daniel-valente-y-ho-huu-hieu-msa\/\" class=\"tpg-post-link\" target=\"_self\">\t\t\n\t\t<\/a>\n\t\t        <div class=\"overlay grid-hover-content\"><\/div>\n\t\t                <\/div>\n\t\t\t\n\t\t\t<div class=\"entry-title-wrapper\"><h3 class=\"entry-title\"><a data-id=\"7115\" href=\"https:\/\/multimediamenard.org\/en\/ordinacion-sacerdotal-del-diacono-daniel-valente-y-ho-huu-hieu-msa\/\" class=\"tpg-post-link\" target=\"_self\">Priestly Ordination of Deacon Daniel Valente and Ho Huu Hieu MSA<\/a><\/h3><\/div>\n\t\t\t\n\n\t\t\t                <div class=\"tpg-excerpt tpg-el-excerpt\">\n\t\t\t\t\t                        <div class=\"tpg-excerpt-inner\">\n\t\t\t\t\t\t\tAll the photos and videos of the priestly ordination of Father Daniel Valente MSA and Father Ho Huu...                        <\/div>\n\t\t\t\t\t\t\t\t\t\t                <\/div>\n\t\t\t\n\t\t\t        <div class=\"post-footer\">\n            <div class=\"post-footer\">\n                <div class=\"read-more\">\n\t\t\t\t\t<a data-id=\"7115\" href=\"https:\/\/multimediamenard.org\/en\/ordinacion-sacerdotal-del-diacono-daniel-valente-y-ho-huu-hieu-msa\/\" class=\"tpg-post-link\" target=\"_self\">Leer m\u00e1s<i aria-hidden=\"true\" class=\"right-icon far fa-arrow-alt-circle-right\"><\/i><\/a>                <\/div>\n            <\/div>\n        <\/div>\n\t\t        <\/div>\n    <\/div>\n<\/div>\n<div class=\"rt-col-md-4 rt-col-sm-6 rt-col-xs-12 default rt-grid-item post-7065 post type-post status-publish format-standard hentry category-ano-menardiano\"        data-id=\"7065\">\n    <div class=\"rt-holder tpg-post-holder \">\n        <div class=\"rt-detail rt-el-content-wrapper\">\n\t\t\t                <div class=\"rt-img-holder tpg-el-image-wrap has-no-thumbnail\">\n\t\t\t\t\t<a data-id=\"7065\" href=\"https:\/\/multimediamenard.org\/en\/oracion-para-las-bodas-de-plata-de-la-ereccion-como-comunidad-de-derecho-pontificio\/\" class=\"tpg-post-link\" target=\"_self\">\t\t\n\t\t<\/a>\n\t\t        <div class=\"overlay grid-hover-content\"><\/div>\n\t\t                <\/div>\n\t\t\t\n\t\t\t<div class=\"entry-title-wrapper\"><h3 class=\"entry-title\"><a data-id=\"7065\" href=\"https:\/\/multimediamenard.org\/en\/oracion-para-las-bodas-de-plata-de-la-ereccion-como-comunidad-de-derecho-pontificio\/\" class=\"tpg-post-link\" target=\"_self\">PRAYER FOR THE SILVER JUBILEE OF ERECTION AS A COMMUNITY OF PONTIFICAL RIGHT<\/a><\/h3><\/div>\n\t\t\t\n\n\t\t\t                <div class=\"tpg-excerpt tpg-el-excerpt\">\n\t\t\t\t\t                        <div class=\"tpg-excerpt-inner\">\n\t\t\t\t\t\t\tPRAYER FOR THE MENARDIAN YEAR God our Father, we give you thanks for the 25th anniversary of our...                        <\/div>\n\t\t\t\t\t\t\t\t\t\t                <\/div>\n\t\t\t\n\t\t\t        <div class=\"post-footer\">\n            <div class=\"post-footer\">\n                <div class=\"read-more\">\n\t\t\t\t\t<a data-id=\"7065\" href=\"https:\/\/multimediamenard.org\/en\/oracion-para-las-bodas-de-plata-de-la-ereccion-como-comunidad-de-derecho-pontificio\/\" class=\"tpg-post-link\" target=\"_self\">Leer m\u00e1s<i aria-hidden=\"true\" class=\"right-icon far fa-arrow-alt-circle-right\"><\/i><\/a>                <\/div>\n            <\/div>\n        <\/div>\n\t\t        <\/div>\n    <\/div>\n<\/div>\n\t\t\t<\/div>\n\t\t\t\n\t\t<\/div>\n\t\t\t\t\t\t<\/div>\n\t\t\t\t<\/div>\n\t\t\t\t\t<\/div>\n\t\t<\/div>\n\t\t\t\t\t<\/div>\n\t\t<\/section>\n\t\t\t\t<\/div>\n\t\t","protected":false},"excerpt":{"rendered":"<p>Diaconal ordination of Brother Sebastien Merveil Kadiata Ilunga, msa. V\u00eddeo de la misa de ordenaci\u00f3nVid\u00e9o de la messe d&#8217;ordinationVideo of the ordination mass&#8230; Leer m\u00e1s Testimony of Father Fernando Noriega about Father Menard El 27 de mayo de este a\u00f1o el Padre Fernando Noriega dio su testimonio de experiencia de vida con el&#8230; Leer m\u00e1s [&hellip;]<\/p>\n","protected":false},"author":1,"featured_media":0,"parent":0,"menu_order":0,"comment_status":"closed","ping_status":"closed","template":"","meta":{"footnotes":""},"guten_post_layout_featured_media_urls":{"full":false,"thumbnail":false,"medium":false,"medium_large":false,"large":false,"1536x1536":false,"2048x2048":false,"guten_post_layout_landscape_large":false,"guten_post_layout_portrait_large":false,"guten_post_layout_square_large":false,"guten_post_layout_landscape":false,"guten_post_layout_portrait":false,"guten_post_layout_square":false,"post-thumbnail":false,"vantage-thumbnail-no-sidebar":false,"vantage-slide":false,"vantage-carousel":false,"vantage-grid-loop":false,"sow-carousel-default":false,"sow-post-carousel-overlay-theme":false},"rttpg_featured_image_url":null,"rttpg_author":{"display_name":"admin","author_link":"https:\/\/multimediamenard.org\/en\/author\/admin\/"},"rttpg_comment":0,"rttpg_category":"","rttpg_excerpt":"Diaconal ordination of Brother Sebastien Merveil Kadiata Ilunga, msa. V\u00eddeo de la misa de ordenaci\u00f3nVid\u00e9o de la messe d&#8217;ordinationVideo of the ordination mass&#8230; Leer m\u00e1s Testimony of Father Fernando Noriega about Father Menard El 27 de mayo de este a\u00f1o el Padre Fernando Noriega dio su testimonio de experiencia de vida con el&#8230; Leer m\u00e1s&hellip;","_links":{"self":[{"href":"https:\/\/multimediamenard.org\/en\/wp-json\/wp\/v2\/pages\/6883"}],"collection":[{"href":"https:\/\/multimediamenard.org\/en\/wp-json\/wp\/v2\/pages"}],"about":[{"href":"https:\/\/multimediamenard.org\/en\/wp-json\/wp\/v2\/types\/page"}],"author":[{"embeddable":true,"href":"https:\/\/multimediamenard.org\/en\/wp-json\/wp\/v2\/users\/1"}],"replies":[{"embeddable":true,"href":"https:\/\/multimediamenard.org\/en\/wp-json\/wp\/v2\/comments?post=6883"}],"version-history":[{"count":4,"href":"https:\/\/multimediamenard.org\/en\/wp-json\/wp\/v2\/pages\/6883\/revisions"}],"predecessor-version":[{"id":7357,"href":"https:\/\/multimediamenard.org\/en\/wp-json\/wp\/v2\/pages\/6883\/revisions\/7357"}],"wp:attachment":[{"href":"https:\/\/multimediamenard.org\/en\/wp-json\/wp\/v2\/media?parent=6883"}],"curies":[{"name":"wp","href":"https:\/\/api.w.org\/{rel}","templated":true}]}}