{"id":97,"date":"2018-06-02T02:32:17","date_gmt":"2018-06-02T02:32:17","guid":{"rendered":"https:\/\/multimediamenard.org\/?page_id=97"},"modified":"2024-03-07T21:07:01","modified_gmt":"2024-03-07T21:07:01","slug":"delegacion-de-africa","status":"publish","type":"page","link":"https:\/\/multimediamenard.org\/en\/delegacion-de-africa\/","title":{"rendered":"DELEGATION OF AFRICA"},"content":{"rendered":"<div id=\"pl-97\"  class=\"panel-layout\" ><div id=\"pg-97-0\"  class=\"panel-grid panel-no-style\" ><div id=\"pgc-97-0-0\"  class=\"panel-grid-cell\" ><div id=\"panel-97-0-0-0\" class=\"so-panel widget widget_media_image panel-first-child panel-last-child\" data-index=\"0\" ><img fetchpriority=\"high\" decoding=\"async\" width=\"720\" height=\"405\" src=\"https:\/\/multimediamenard.org\/wp-content\/uploads\/2024\/03\/Comunion-africa-1024x576.jpg\" class=\"image wp-image-6652  attachment-large size-large\" alt=\"\" style=\"max-width: 100%; height: auto;\" srcset=\"https:\/\/multimediamenard.org\/wp-content\/uploads\/2024\/03\/Comunion-africa-1024x576.jpg 1024w, https:\/\/multimediamenard.org\/wp-content\/uploads\/2024\/03\/Comunion-africa-300x169.jpg 300w, https:\/\/multimediamenard.org\/wp-content\/uploads\/2024\/03\/Comunion-africa-768x432.jpg 768w, https:\/\/multimediamenard.org\/wp-content\/uploads\/2024\/03\/Comunion-africa.jpg 1280w\" sizes=\"(max-width: 720px) 100vw, 720px\" \/><\/div><\/div><div id=\"pgc-97-0-1\"  class=\"panel-grid-cell\" ><div id=\"panel-97-0-1-0\" class=\"so-panel widget widget_sow-editor panel-first-child panel-last-child\" data-index=\"1\" ><div\n\t\t\t\n\t\t\tclass=\"so-widget-sow-editor so-widget-sow-editor-base\"\n\t\t\t\n\t\t>\n<div class=\"siteorigin-widget-tinymce textwidget\">\n\t<p style=\"text-align: center;\"><span style=\"color: #000080;\"><strong>D\u00c9L\u00c9GATION D\u2019AFRIQUE<\/strong><\/span><\/p>\n<p style=\"text-align: center;\"><span style=\"color: #000080;\"><strong><em>SERVICE DE LA COMMUNION<\/em><\/strong><\/span><\/p>\n<p>&nbsp;<\/p>\n<p style=\"text-align: center;\"><span style=\"color: #000080;\"><strong><em>\u00a0<\/em><\/strong><\/span><span style=\"color: #000080;\"><strong>P\u00e8re Pierre C\u00f4me AT\u00c9BA ABAMBA, M.S.A.,<\/strong> <em>Animateur de la D\u00e9l\u00e9gation<\/em><\/span><\/p>\n<p style=\"text-align: center;\"><span style=\"color: #000080;\"><strong>P\u00e8re \u00c9ric Ghislain BALA YENE, M.S.A.,<\/strong> <em>Conseiller, Assistant<\/em><\/span><\/p>\n<p style=\"text-align: center;\"><span style=\"color: #000080;\"><strong>P\u00e8re C\u00e9lestin ONGONO, M.S.A., <\/strong><em>Conseiller, secr\u00e9taire,<\/em><\/span><\/p>\n<p style=\"text-align: center;\"><span style=\"color: #000080;\"><strong>P\u00e8re J\u00e9r\u00f4me KAPPS KAPPS, M.S.A.,<\/strong> <em>Conseiller, responsable du La\u00efcat<\/em><\/span><\/p>\n<p style=\"text-align: center;\"><span style=\"color: #000080;\"><strong>P\u00e8re Luc Bonaventure MAMA, M.S.A.,<\/strong> <em>Conseiller, Responsable de la formation.<\/em><\/span><\/p>\n<p style=\"text-align: center;\"><span style=\"color: #000080;\"><strong><em>\u00a0<\/em><\/strong><\/span><\/p>\n<\/div>\n<\/div><\/div><\/div><\/div><div id=\"pg-97-1\"  class=\"panel-grid panel-no-style\" ><div id=\"pgc-97-1-0\"  class=\"panel-grid-cell\" ><div id=\"panel-97-1-0-0\" class=\"so-panel widget widget_sow-editor panel-first-child panel-last-child\" data-index=\"2\" ><div\n\t\t\t\n\t\t\tclass=\"so-widget-sow-editor so-widget-sow-editor-base\"\n\t\t\t\n\t\t>\n<div class=\"siteorigin-widget-tinymce textwidget\">\n\t<p style=\"text-align: center;\"><span style=\"color: #000080;\"><strong><em>R\u00c9SIDENCES<\/em><\/strong><\/span><\/p>\n<p style=\"text-align: center;\"><span style=\"color: #000080;\"><strong>R\u00e9sidence des Sts-Ap\u00f4tres, Yaound\u00e9<\/strong><\/span><\/p>\n<p style=\"text-align: center;\"><span style=\"color: #000080;\">B.P. 185 <em>(casier 96)<\/em><\/span><\/p>\n<p style=\"text-align: center;\"><span style=\"color: #000080;\">Yaound\u00e9, CAMEROUN<\/span><\/p>\n<p style=\"text-align: center;\"><span style=\"color: #000080;\">T\u00e9l. et fax: +(237) 2223-74-21<\/span><\/p>\n<p style=\"text-align: center;\"><span style=\"color: #000080;\">Cell: +(237) 2200-75-65<\/span><\/p>\n<p style=\"text-align: center;\"><span style=\"color: #000080;\">Courriel:\u00a0 <a style=\"color: #000080;\" href=\"mailto:msaafrique@yahoo.fr\">msaafrique@yahoo.fr<\/a><\/span><\/p>\n<p style=\"text-align: center;\"><span style=\"color: #000080;\"><strong>Maison de probation St-Kisito<\/strong><\/span><\/p>\n<p style=\"text-align: center;\"><span style=\"color: #000080;\">B.P. 185 <em>(casier 231)<\/em><\/span><\/p>\n<p style=\"text-align: center;\"><span style=\"color: #000080;\">Yaound\u00e9 (Febe-village), CAMEROUN<\/span><\/p>\n<p style=\"text-align: center;\"><span style=\"color: #000080;\"><em>\u00a0<\/em><\/span><\/p>\n<p style=\"text-align: center;\"><span style=\"color: #000080;\"><strong>Paroisse Saint-C\u0153ur de Marie d\u2019Omvan<\/strong>, B.P. 185 <em>(casier 109)<\/em><\/span><\/p>\n<p style=\"text-align: center;\"><span style=\"color: #000080;\">Yaound\u00e9, CAMEROUN<\/span><\/p>\n<p style=\"text-align: center;\"><span style=\"color: #000080;\"><strong>Paroisse Saint-Fran\u00e7ois d\u2019Assise d\u2019Afanoyoa<\/strong>, B.P. 185 <em>(casier 196)<\/em><\/span><\/p>\n<p style=\"text-align: center;\"><span style=\"color: #000080;\">Yaound\u00e9, CAMEROUN<\/span><\/p>\n<p style=\"text-align: center;\"><span style=\"color: #000080;\"><strong>Petit S\u00e9minaire St-Andr\u00e9<\/strong><\/span><\/p>\n<p style=\"text-align: center;\"><span style=\"color: #000080;\"><strong>Paroisse Cath\u00e9drale <\/strong>Bafia<\/span><\/p>\n<p style=\"text-align: center;\"><span style=\"color: #000080;\">B.P. 185 <em>(casier 146)<\/em><\/span><\/p>\n<p style=\"text-align: center;\"><span style=\"color: #000080;\">Yaound\u00e9, CAMEROUN<\/span><\/p>\n<p style=\"text-align: center;\"><span style=\"color: #000080;\"><strong>Paroisse Notre-Dame-des-Sept-Douleurs d'Ahala<\/strong><\/span><\/p>\n<p style=\"text-align: center;\"><span style=\"color: #000080;\">B.P. 185 (Casier 421) Yaound\u00e9 - CAMEROUN<\/span><\/p>\n<p style=\"text-align: center;\">\n<p style=\"text-align: center;\"><span style=\"color: #000080;\"><strong>Mission catholique de Tala (Dioc\u00e8se d'Obala), <\/strong><\/span><\/p>\n<p style=\"text-align: center;\"><span style=\"color: #000080;\">B.P. 25 Monat\u00e9l\u00e9 \u2013 CAMEROUN<\/span><\/p>\n<\/div>\n<\/div><\/div><\/div><div id=\"pgc-97-1-1\"  class=\"panel-grid-cell\" ><div id=\"panel-97-1-1-0\" class=\"so-panel widget widget_media_image panel-first-child\" data-index=\"3\" ><img decoding=\"async\" width=\"720\" height=\"409\" src=\"https:\/\/multimediamenard.org\/wp-content\/uploads\/2018\/10\/2018-aout-Famille-MSA-Cameroun-1024x582.png\" class=\"image wp-image-1526  attachment-large size-large\" alt=\"\" style=\"max-width: 100%; height: auto;\" srcset=\"https:\/\/multimediamenard.org\/wp-content\/uploads\/2018\/10\/2018-aout-Famille-MSA-Cameroun-1024x582.png 1024w, https:\/\/multimediamenard.org\/wp-content\/uploads\/2018\/10\/2018-aout-Famille-MSA-Cameroun-300x170.png 300w, https:\/\/multimediamenard.org\/wp-content\/uploads\/2018\/10\/2018-aout-Famille-MSA-Cameroun-768x436.png 768w, https:\/\/multimediamenard.org\/wp-content\/uploads\/2018\/10\/2018-aout-Famille-MSA-Cameroun.png 1056w\" sizes=\"(max-width: 720px) 100vw, 720px\" \/><\/div><div id=\"panel-97-1-1-1\" class=\"so-panel widget widget_media_image panel-last-child\" data-index=\"4\" ><img decoding=\"async\" width=\"505\" height=\"323\" src=\"https:\/\/multimediamenard.org\/wp-content\/uploads\/2020\/08\/Ordenacion02.png\" class=\"image wp-image-3602  attachment-full size-full\" alt=\"\" style=\"max-width: 100%; height: auto;\" srcset=\"https:\/\/multimediamenard.org\/wp-content\/uploads\/2020\/08\/Ordenacion02.png 505w, https:\/\/multimediamenard.org\/wp-content\/uploads\/2020\/08\/Ordenacion02-300x192.png 300w\" sizes=\"(max-width: 505px) 100vw, 505px\" \/><\/div><\/div><\/div><\/div>","protected":false},"excerpt":{"rendered":"<p>D\u00c9L\u00c9GATION D\u2019AFRIQUE SERVICE DE LA COMMUNION &nbsp; \u00a0P\u00e8re Pierre C\u00f4me AT\u00c9BA ABAMBA, M.S.A., Animateur de la D\u00e9l\u00e9gation P\u00e8re \u00c9ric Ghislain BALA YENE, M.S.A., Conseiller, Assistant P\u00e8re C\u00e9lestin ONGONO, M.S.A., Conseiller, secr\u00e9taire, P\u00e8re J\u00e9r\u00f4me KAPPS KAPPS, M.S.A., Conseiller, responsable du La\u00efcat P\u00e8re Luc Bonaventure MAMA, M.S.A., Conseiller, Responsable de la formation. \u00a0 R\u00c9SIDENCES R\u00e9sidence des Sts-Ap\u00f4tres, [&hellip;]<\/p>\n","protected":false},"author":1,"featured_media":0,"parent":0,"menu_order":0,"comment_status":"closed","ping_status":"closed","template":"","meta":{"footnotes":""},"guten_post_layout_featured_media_urls":{"full":false,"thumbnail":false,"medium":false,"medium_large":false,"large":false,"1536x1536":false,"2048x2048":false,"guten_post_layout_landscape_large":false,"guten_post_layout_portrait_large":false,"guten_post_layout_square_large":false,"guten_post_layout_landscape":false,"guten_post_layout_portrait":false,"guten_post_layout_square":false,"post-thumbnail":false,"vantage-thumbnail-no-sidebar":false,"vantage-slide":false,"vantage-carousel":false,"vantage-grid-loop":false,"sow-carousel-default":false,"sow-post-carousel-overlay-theme":false},"rttpg_featured_image_url":null,"rttpg_author":{"display_name":"admin","author_link":"https:\/\/multimediamenard.org\/en\/author\/admin\/"},"rttpg_comment":0,"rttpg_category":null,"rttpg_excerpt":"D\u00c9L\u00c9GATION D\u2019AFRIQUE SERVICE DE LA COMMUNION &nbsp; \u00a0P\u00e8re Pierre C\u00f4me AT\u00c9BA ABAMBA, M.S.A., Animateur de la D\u00e9l\u00e9gation P\u00e8re \u00c9ric Ghislain BALA YENE, M.S.A., Conseiller, Assistant P\u00e8re C\u00e9lestin ONGONO, M.S.A., Conseiller, secr\u00e9taire, P\u00e8re J\u00e9r\u00f4me KAPPS KAPPS, M.S.A., Conseiller, responsable du La\u00efcat P\u00e8re Luc Bonaventure MAMA, M.S.A., Conseiller, Responsable de la formation. \u00a0 R\u00c9SIDENCES R\u00e9sidence des Sts-Ap\u00f4tres,&hellip;","_links":{"self":[{"href":"https:\/\/multimediamenard.org\/en\/wp-json\/wp\/v2\/pages\/97"}],"collection":[{"href":"https:\/\/multimediamenard.org\/en\/wp-json\/wp\/v2\/pages"}],"about":[{"href":"https:\/\/multimediamenard.org\/en\/wp-json\/wp\/v2\/types\/page"}],"author":[{"embeddable":true,"href":"https:\/\/multimediamenard.org\/en\/wp-json\/wp\/v2\/users\/1"}],"replies":[{"embeddable":true,"href":"https:\/\/multimediamenard.org\/en\/wp-json\/wp\/v2\/comments?post=97"}],"version-history":[{"count":30,"href":"https:\/\/multimediamenard.org\/en\/wp-json\/wp\/v2\/pages\/97\/revisions"}],"predecessor-version":[{"id":6671,"href":"https:\/\/multimediamenard.org\/en\/wp-json\/wp\/v2\/pages\/97\/revisions\/6671"}],"wp:attachment":[{"href":"https:\/\/multimediamenard.org\/en\/wp-json\/wp\/v2\/media?parent=97"}],"curies":[{"name":"wp","href":"https:\/\/api.w.org\/{rel}","templated":true}]}}