{"id":1908,"date":"2019-10-30T20:11:30","date_gmt":"2019-10-30T20:11:30","guid":{"rendered":"https:\/\/multimediamenard.org\/?page_id=1908"},"modified":"2019-10-30T20:11:40","modified_gmt":"2019-10-30T20:11:40","slug":"peru-visita","status":"publish","type":"page","link":"https:\/\/multimediamenard.org\/fr\/peru-visita\/","title":{"rendered":"P\u00e9rou &#8211; Visite"},"content":{"rendered":"<div id=\"pl-1908\"  class=\"panel-layout\" ><div id=\"pg-1908-0\"  class=\"panel-grid panel-no-style\" ><div id=\"pgc-1908-0-0\"  class=\"panel-grid-cell panel-grid-cell-empty\" ><\/div><div id=\"pgc-1908-0-1\"  class=\"panel-grid-cell panel-grid-cell-mobile-last\" ><div id=\"panel-1908-0-1-0\" class=\"so-panel widget widget_media_image panel-first-child panel-last-child\" data-index=\"0\" ><h3 class=\"widget-title\">UN GRUPO DE ESTUDIANTES DEL COLEGIO WINNETKA DE PER\u00da VISITA EL COLEGIO<\/h3><img fetchpriority=\"high\" decoding=\"async\" width=\"720\" height=\"540\" src=\"https:\/\/multimediamenard.org\/wp-content\/uploads\/2019\/10\/nov2019_02-1024x768.jpg\" class=\"image wp-image-1885  attachment-large size-large\" alt=\"\" style=\"max-width: 100%; height: auto;\" title=\"UN GRUPO DE ESTUDIANTES DEL COLEGIO WINNETKA DE PER\u00da VISITA EL COLEGIO\" srcset=\"https:\/\/multimediamenard.org\/wp-content\/uploads\/2019\/10\/nov2019_02-1024x768.jpg 1024w, https:\/\/multimediamenard.org\/wp-content\/uploads\/2019\/10\/nov2019_02-300x225.jpg 300w, https:\/\/multimediamenard.org\/wp-content\/uploads\/2019\/10\/nov2019_02-768x576.jpg 768w, https:\/\/multimediamenard.org\/wp-content\/uploads\/2019\/10\/nov2019_02.jpg 1320w\" sizes=\"(max-width: 720px) 100vw, 720px\" \/><\/div><\/div><div id=\"pgc-1908-0-2\"  class=\"panel-grid-cell panel-grid-cell-empty\" ><\/div><\/div><div id=\"pg-1908-1\"  class=\"panel-grid panel-no-style\" ><div id=\"pgc-1908-1-0\"  class=\"panel-grid-cell panel-grid-cell-empty\" ><\/div><div id=\"pgc-1908-1-1\"  class=\"panel-grid-cell panel-grid-cell-mobile-last\" ><div id=\"panel-1908-1-1-0\" class=\"so-panel widget widget_text panel-first-child panel-last-child\" data-index=\"1\" ><h3 class=\"widget-title\">Per\u00fa<\/h3>\t\t\t<div class=\"textwidget\"><p>Un groupe de dix \u00e9l\u00e8ves du Collegio Winnetka au P\u00e9rou a effectu\u00e9 la semaine derni\u00e8re une visite au Canada. Tout comme le Coll\u00e8ge St-Jean-Vianney, le\u00a0<a href=\"http:\/\/www.colegiowinnetka.org\/index.html\">College Winnetka\u00a0<\/a>a \u00e9t\u00e9 fond\u00e9 par le P\u00e8re Eus\u00e8be M\u00e9nard dans les ann\u00e9es 80. Chaque ann\u00e9e \u00ab Les jeunes effectuent un \u00e9change culturel et ils visitent diff\u00e9rentes villes au Canada, que ce soit Montr\u00e9al, Toronto ou Qu\u00e9bec. Sur les traces du P\u00e8re M\u00e9nard, ils font \u00e9galement le tour des diff\u00e9rents lieux o\u00f9 il a \u0153uvr\u00e9 \u00bb. Nous explique l\u2019animateur de pastorale du Coll\u00e8ge\u00a0: Durant la journ\u00e9e, les jeunes P\u00e9ruviens ont assist\u00e9 \u00e0 une partie de soccer et \u00e0 une activit\u00e9 de danse. Ils ont \u00e9galement \u00e9chang\u00e9 avec des jeunes du Coll\u00e8ge lors du cours d\u2019espagnol. \u00ab Ils ont fait \u00e9quipe avec des jeunes du Coll\u00e8ge pour un jeu d\u2019apprentissage donn\u00e9 dans le cours d\u2019espagnol. Les \u00e9l\u00e8ves du Coll\u00e8ge St-Jean-Vianney se sont aper\u00e7us qu\u2019il leur reste du travail \u00e0 faire pour am\u00e9liorer leur espagnol \u00bb, Ajoute-t-il. Sur l\u2019heure du diner, c\u2019est avec beaucoup d\u2019enthousiasme que plusieurs \u00e9l\u00e8ves du Coll\u00e8ge se sont faits un plaisir de faire visiter le Coll\u00e8ge \u00e0 leurs nouveaux amis p\u00e9ruviens.<\/p>\n<p>Lorsque questionn\u00e9s sur leur visite du Coll\u00e8ge, les jeunes visiteurs ont affirm\u00e9 avoir particuli\u00e8rement appr\u00e9ci\u00e9 l\u2019ar\u00e9na, la nourriture, les gymnases et la classe d\u2019espagnol. Rencontr\u00e9s au local de pastorale, plusieurs avaient d\u00e9j\u00e0 appris quelques mots de fran\u00e7ais. L\u2019un des accompagnateurs du groupe, <strong>le p\u00e8re Percy ROBLES, MSA<\/strong>, a expliqu\u00e9 que les jeunes p\u00e9ruviens qui participent \u00e0 l\u2019\u00e9change ont \u00e9t\u00e9 s\u00e9lectionn\u00e9s en fonction de leurs notes, de leur niveau d\u2019anglais et de leur d\u00e9sir de participer \u00e0 cet \u00e9change culturel. Par la suite, leur p\u00e9riple s\u2019est poursuivie o\u00f9 ils ont effectu\u00e9 diverses activit\u00e9s \u00e0 Montr\u00e9al et \u00e0 Toronto avec les p\u00e8res des Missionnaires des Saints-Ap\u00f4tres.<\/p>\n<p>&nbsp;<\/p>\n<p>&nbsp;<\/p>\n<\/div>\n\t\t<\/div><\/div><div id=\"pgc-1908-1-2\"  class=\"panel-grid-cell panel-grid-cell-empty\" ><\/div><\/div><div id=\"pg-1908-2\"  class=\"panel-grid panel-no-style\" ><div id=\"pgc-1908-2-0\"  class=\"panel-grid-cell panel-grid-cell-empty\" ><\/div><div id=\"pgc-1908-2-1\"  class=\"panel-grid-cell panel-grid-cell-mobile-last\" ><div id=\"panel-1908-2-1-0\" class=\"so-panel widget widget_text panel-first-child panel-last-child\" data-index=\"2\" >\t\t\t<div class=\"textwidget\"><div><\/div>\n<\/div>\n\t\t<\/div><\/div><div id=\"pgc-1908-2-2\"  class=\"panel-grid-cell panel-grid-cell-empty\" ><\/div><\/div><div id=\"pg-1908-3\"  class=\"panel-grid panel-no-style\" ><div id=\"pgc-1908-3-0\"  class=\"panel-grid-cell panel-grid-cell-empty\" ><\/div><div id=\"pgc-1908-3-1\"  class=\"panel-grid-cell panel-grid-cell-mobile-last\" ><div id=\"panel-1908-3-1-0\" class=\"so-panel widget widget_text panel-first-child panel-last-child\" data-index=\"3\" ><h3 class=\"widget-title\">L\u2019H\u00c9RITAGE DU P\u00c8RE EUS\u00c8BE M\u00c9NARD<\/h3>\t\t\t<div class=\"textwidget\"><p>Le<a href=\"http:\/\/www.st-jean-vianney.qc.ca\/college\/nouvelles\/1482\">\u00a0P\u00e8re Eus\u00e8be M\u00e9nard\u00a0<\/a>a v\u00e9cu plusieurs ann\u00e9es en Am\u00e9rique du sud, plus particuli\u00e8rement au P\u00e9rou o\u00f9 il a fond\u00e9 la Soci\u00e9t\u00e9 des Missionnaires des Saints-Ap\u00f4tres, de m\u00eame que plusieurs \u00e9coles parmi lesquels le College Winnetka. Situ\u00e9e dans la banlieue de<a href=\"http:\/\/maps.google.ca\/maps?hl=fr&amp;q=Chaclacayo,+Lima,+Peru&amp;gs_sm=e&amp;gs_upl=295l2278l0l2433l13l8l0l2l2l1l380l1562l0.6.1.1l9l0&amp;bav=on.2,or.r_gc.r_pw.,cf.osb&amp;biw=1115&amp;bih=520&amp;wrapid=tlif131904892205210&amp;um=1&amp;ie=UTF-8&amp;sa=N&amp;tab=wl\">\u00a0<\/a><a href=\"http:\/\/es.wikipedia.org\/wiki\/Distrito_de_Chaclacayo\">Chaclacayo<\/a>, le College Winnetka existait depuis 1953, mais c\u2019est en 1980 que l\u2019\u00e9cole adopte la m\u00e9thode d\u2019\u00e9ducation Winnetka et qu\u2019elle est acquise par le P\u00e8re M\u00e9nard. Toujours dirig\u00e9 par les P\u00e8res des Missionnaires des Saint-Ap\u00f4tres, le College compte aujourd\u2019hui plus de 200 \u00e9l\u00e8ves r\u00e9sidants \u00e0 l\u2019est de Lima.<\/p>\n<p>&nbsp;<\/p>\n<\/div>\n\t\t<\/div><\/div><div id=\"pgc-1908-3-2\"  class=\"panel-grid-cell panel-grid-cell-empty\" ><\/div><\/div><\/div>","protected":false},"excerpt":{"rendered":"<p>Un groupe de dix \u00e9l\u00e8ves du Collegio Winnetka au P\u00e9rou a effectu\u00e9 la semaine derni\u00e8re une visite au Canada. Tout comme le Coll\u00e8ge St-Jean-Vianney, le\u00a0College Winnetka\u00a0a \u00e9t\u00e9 fond\u00e9 par le P\u00e8re Eus\u00e8be M\u00e9nard dans les ann\u00e9es 80. Chaque ann\u00e9e \u00ab Les jeunes effectuent un \u00e9change culturel et ils visitent diff\u00e9rentes villes au Canada, que ce [&hellip;]<\/p>\n","protected":false},"author":1,"featured_media":0,"parent":0,"menu_order":0,"comment_status":"closed","ping_status":"closed","template":"","meta":{"footnotes":""},"guten_post_layout_featured_media_urls":{"full":false,"thumbnail":false,"medium":false,"medium_large":false,"large":false,"1536x1536":false,"2048x2048":false,"guten_post_layout_landscape_large":false,"guten_post_layout_portrait_large":false,"guten_post_layout_square_large":false,"guten_post_layout_landscape":false,"guten_post_layout_portrait":false,"guten_post_layout_square":false,"post-thumbnail":false,"vantage-thumbnail-no-sidebar":false,"vantage-slide":false,"vantage-carousel":false,"vantage-grid-loop":false,"sow-carousel-default":false,"sow-post-carousel-overlay-theme":false},"rttpg_featured_image_url":null,"rttpg_author":{"display_name":"admin","author_link":"https:\/\/multimediamenard.org\/fr\/author\/admin\/"},"rttpg_comment":0,"rttpg_category":null,"rttpg_excerpt":"Un groupe de dix \u00e9l\u00e8ves du Collegio Winnetka au P\u00e9rou a effectu\u00e9 la semaine derni\u00e8re une visite au Canada. Tout comme le Coll\u00e8ge St-Jean-Vianney, le\u00a0College Winnetka\u00a0a \u00e9t\u00e9 fond\u00e9 par le P\u00e8re Eus\u00e8be M\u00e9nard dans les ann\u00e9es 80. Chaque ann\u00e9e \u00ab Les jeunes effectuent un \u00e9change culturel et ils visitent diff\u00e9rentes villes au Canada, que ce\u2026","_links":{"self":[{"href":"https:\/\/multimediamenard.org\/fr\/wp-json\/wp\/v2\/pages\/1908"}],"collection":[{"href":"https:\/\/multimediamenard.org\/fr\/wp-json\/wp\/v2\/pages"}],"about":[{"href":"https:\/\/multimediamenard.org\/fr\/wp-json\/wp\/v2\/types\/page"}],"author":[{"embeddable":true,"href":"https:\/\/multimediamenard.org\/fr\/wp-json\/wp\/v2\/users\/1"}],"replies":[{"embeddable":true,"href":"https:\/\/multimediamenard.org\/fr\/wp-json\/wp\/v2\/comments?post=1908"}],"version-history":[{"count":29,"href":"https:\/\/multimediamenard.org\/fr\/wp-json\/wp\/v2\/pages\/1908\/revisions"}],"predecessor-version":[{"id":2006,"href":"https:\/\/multimediamenard.org\/fr\/wp-json\/wp\/v2\/pages\/1908\/revisions\/2006"}],"wp:attachment":[{"href":"https:\/\/multimediamenard.org\/fr\/wp-json\/wp\/v2\/media?parent=1908"}],"curies":[{"name":"wp","href":"https:\/\/api.w.org\/{rel}","templated":true}]}}