{"id":1948,"date":"2019-10-31T14:52:29","date_gmt":"2019-10-31T14:52:29","guid":{"rendered":"https:\/\/multimediamenard.org\/?page_id=1948"},"modified":"2019-10-31T14:52:29","modified_gmt":"2019-10-31T14:52:29","slug":"noviembre-2019-noticias","status":"publish","type":"page","link":"https:\/\/multimediamenard.org\/fr\/noviembre-2019-noticias\/","title":{"rendered":"Novembre-2019 Nouvelles"},"content":{"rendered":"<div id=\"pl-1948\"  class=\"panel-layout\" ><div id=\"pg-1948-0\"  class=\"panel-grid panel-no-style\" ><div id=\"pgc-1948-0-0\"  class=\"panel-grid-cell\" ><div id=\"panel-1948-0-0-0\" class=\"so-panel widget widget_media_image panel-first-child panel-last-child\" data-index=\"0\" ><a href=\"https:\/\/multimediamenard.org\/fr\/peru-visita\/\"><img fetchpriority=\"high\" decoding=\"async\" width=\"300\" height=\"225\" src=\"https:\/\/multimediamenard.org\/wp-content\/uploads\/2019\/10\/nov2019_01-300x225.jpg\" class=\"image wp-image-1884  attachment-medium size-medium\" alt=\"\" style=\"max-width: 100%; height: auto;\" srcset=\"https:\/\/multimediamenard.org\/wp-content\/uploads\/2019\/10\/nov2019_01-300x225.jpg 300w, https:\/\/multimediamenard.org\/wp-content\/uploads\/2019\/10\/nov2019_01-768x576.jpg 768w, https:\/\/multimediamenard.org\/wp-content\/uploads\/2019\/10\/nov2019_01-1024x768.jpg 1024w, https:\/\/multimediamenard.org\/wp-content\/uploads\/2019\/10\/nov2019_01.jpg 1600w\" sizes=\"(max-width: 300px) 100vw, 300px\" \/><\/a><\/div><\/div><div id=\"pgc-1948-0-1\"  class=\"panel-grid-cell\" ><div id=\"panel-1948-0-1-0\" class=\"so-panel widget widget_media_image panel-first-child panel-last-child\" data-index=\"1\" ><a href=\"https:\/\/multimediamenard.org\/en\/noviembre-comunidad-local-viet\/\"><img decoding=\"async\" width=\"300\" height=\"225\" src=\"https:\/\/multimediamenard.org\/wp-content\/uploads\/2019\/10\/nov_viet_01-300x225.jpg\" class=\"image wp-image-1951  attachment-medium size-medium\" alt=\"\" style=\"max-width: 100%; height: auto;\" srcset=\"https:\/\/multimediamenard.org\/wp-content\/uploads\/2019\/10\/nov_viet_01-300x225.jpg 300w, https:\/\/multimediamenard.org\/wp-content\/uploads\/2019\/10\/nov_viet_01-768x576.jpg 768w, https:\/\/multimediamenard.org\/wp-content\/uploads\/2019\/10\/nov_viet_01-1024x768.jpg 1024w, https:\/\/multimediamenard.org\/wp-content\/uploads\/2019\/10\/nov_viet_01.jpg 1431w\" sizes=\"(max-width: 300px) 100vw, 300px\" \/><\/a><\/div><\/div><div id=\"pgc-1948-0-2\"  class=\"panel-grid-cell\" ><div id=\"panel-1948-0-2-0\" class=\"so-panel widget widget_media_image panel-first-child panel-last-child\" data-index=\"2\" ><a href=\"https:\/\/multimediamenard.org\/en\/noviembre-los-hermanos-en-mision\/\"><img decoding=\"async\" width=\"720\" height=\"480\" src=\"https:\/\/multimediamenard.org\/wp-content\/uploads\/2019\/10\/nov2019comu_loca09-1024x682.jpg\" class=\"image wp-image-1974  attachment-large size-large\" alt=\"\" style=\"max-width: 100%; height: auto;\" srcset=\"https:\/\/multimediamenard.org\/wp-content\/uploads\/2019\/10\/nov2019comu_loca09-1024x682.jpg 1024w, https:\/\/multimediamenard.org\/wp-content\/uploads\/2019\/10\/nov2019comu_loca09-300x200.jpg 300w, https:\/\/multimediamenard.org\/wp-content\/uploads\/2019\/10\/nov2019comu_loca09-768x512.jpg 768w, https:\/\/multimediamenard.org\/wp-content\/uploads\/2019\/10\/nov2019comu_loca09-272x182.jpg 272w, https:\/\/multimediamenard.org\/wp-content\/uploads\/2019\/10\/nov2019comu_loca09.jpg 1118w\" sizes=\"(max-width: 720px) 100vw, 720px\" \/><\/a><\/div><\/div><\/div><div id=\"pg-1948-1\"  class=\"panel-grid panel-no-style\" ><div id=\"pgc-1948-1-0\"  class=\"panel-grid-cell\" ><div id=\"panel-1948-1-0-0\" class=\"so-panel widget widget_text panel-first-child panel-last-child\" data-index=\"3\" >\t\t\t<div class=\"textwidget\"><p>LES CONFR\u00c8RES QUI SE SONT RENDUS DISPONIBLES POUR LA MISSION<\/p>\n<\/div>\n\t\t<\/div><\/div><div id=\"pgc-1948-1-1\"  class=\"panel-grid-cell\" ><div id=\"panel-1948-1-1-0\" class=\"so-panel widget widget_text panel-first-child panel-last-child\" data-index=\"4\" >\t\t\t<div class=\"textwidget\"><p>LA COMMUNAUT\u00c9 LOCALE-Viet<\/p>\n<\/div>\n\t\t<\/div><\/div><div id=\"pgc-1948-1-2\"  class=\"panel-grid-cell\" ><div id=\"panel-1948-1-2-0\" class=\"so-panel widget widget_text panel-first-child panel-last-child\" data-index=\"5\" >\t\t\t<div class=\"textwidget\"><p>LES CONFR\u00c8RES QUI SE SONT RENDUS DISPONIBLES POUR LA MISSION<\/p>\n<\/div>\n\t\t<\/div><\/div><\/div><\/div>","protected":false},"excerpt":{"rendered":"<p>LES CONFR\u00c8RES QUI SE SONT RENDUS DISPONIBLES POUR LA MISSION LA COMMUNAUT\u00c9 LOCALE-Viet LES CONFR\u00c8RES QUI SE SONT RENDUS DISPONIBLES POUR LA MISSION<\/p>\n","protected":false},"author":1,"featured_media":0,"parent":0,"menu_order":0,"comment_status":"closed","ping_status":"closed","template":"","meta":{"footnotes":""},"guten_post_layout_featured_media_urls":{"full":false,"thumbnail":false,"medium":false,"medium_large":false,"large":false,"1536x1536":false,"2048x2048":false,"guten_post_layout_landscape_large":false,"guten_post_layout_portrait_large":false,"guten_post_layout_square_large":false,"guten_post_layout_landscape":false,"guten_post_layout_portrait":false,"guten_post_layout_square":false,"post-thumbnail":false,"vantage-thumbnail-no-sidebar":false,"vantage-slide":false,"vantage-carousel":false,"vantage-grid-loop":false,"sow-carousel-default":false,"sow-post-carousel-overlay-theme":false},"rttpg_featured_image_url":null,"rttpg_author":{"display_name":"admin","author_link":"https:\/\/multimediamenard.org\/fr\/author\/admin\/"},"rttpg_comment":0,"rttpg_category":null,"rttpg_excerpt":"LES CONFR\u00c8RES QUI SE SONT RENDUS DISPONIBLES POUR LA MISSION LA COMMUNAUT\u00c9 LOCALE-Viet LES CONFR\u00c8RES QUI SE SONT RENDUS DISPONIBLES POUR LA MISSION","_links":{"self":[{"href":"https:\/\/multimediamenard.org\/fr\/wp-json\/wp\/v2\/pages\/1948"}],"collection":[{"href":"https:\/\/multimediamenard.org\/fr\/wp-json\/wp\/v2\/pages"}],"about":[{"href":"https:\/\/multimediamenard.org\/fr\/wp-json\/wp\/v2\/types\/page"}],"author":[{"embeddable":true,"href":"https:\/\/multimediamenard.org\/fr\/wp-json\/wp\/v2\/users\/1"}],"replies":[{"embeddable":true,"href":"https:\/\/multimediamenard.org\/fr\/wp-json\/wp\/v2\/comments?post=1948"}],"version-history":[{"count":40,"href":"https:\/\/multimediamenard.org\/fr\/wp-json\/wp\/v2\/pages\/1948\/revisions"}],"predecessor-version":[{"id":2739,"href":"https:\/\/multimediamenard.org\/fr\/wp-json\/wp\/v2\/pages\/1948\/revisions\/2739"}],"wp:attachment":[{"href":"https:\/\/multimediamenard.org\/fr\/wp-json\/wp\/v2\/media?parent=1948"}],"curies":[{"name":"wp","href":"https:\/\/api.w.org\/{rel}","templated":true}]}}