{"id":2132,"date":"2019-11-29T19:43:04","date_gmt":"2019-11-29T19:43:04","guid":{"rendered":"https:\/\/multimediamenard.org\/?page_id=2132"},"modified":"2019-12-03T21:51:01","modified_gmt":"2019-12-03T21:51:01","slug":"misioneros-de-los","status":"publish","type":"page","link":"https:\/\/multimediamenard.org\/fr\/misioneros-de-los\/","title":{"rendered":"(Espa\u00f1ol) MISIONEROS DE LOS"},"content":{"rendered":"<div id=\"pl-2132\"  class=\"panel-layout\" ><div id=\"pg-2132-0\"  class=\"panel-grid panel-no-style\" ><div id=\"pgc-2132-0-0\"  class=\"panel-grid-cell panel-grid-cell-empty\" ><\/div><div id=\"pgc-2132-0-1\"  class=\"panel-grid-cell panel-grid-cell-mobile-last\" ><div id=\"panel-2132-0-1-0\" class=\"so-panel widget widget_media_image panel-first-child panel-last-child\" data-index=\"0\" ><a href=\"https:\/\/es.wikipedia.org\/wiki\/Rep%C3%BAblica_del_Congo\"><img decoding=\"async\" width=\"300\" height=\"161\" src=\"https:\/\/multimediamenard.org\/wp-content\/uploads\/2019\/11\/dec1_17-300x161.png\" class=\"image wp-image-2129  attachment-medium size-medium\" alt=\"\" style=\"max-width: 100%; height: auto;\" srcset=\"https:\/\/multimediamenard.org\/wp-content\/uploads\/2019\/11\/dec1_17-300x161.png 300w, https:\/\/multimediamenard.org\/wp-content\/uploads\/2019\/11\/dec1_17.png 318w\" sizes=\"(max-width: 300px) 100vw, 300px\" \/><\/a><\/div><\/div><div id=\"pgc-2132-0-2\"  class=\"panel-grid-cell panel-grid-cell-empty\" ><\/div><\/div><div id=\"pg-2132-1\"  class=\"panel-grid panel-no-style\" ><div id=\"pgc-2132-1-0\"  class=\"panel-grid-cell\" ><div id=\"panel-2132-1-0-0\" class=\"so-panel widget widget_text panel-first-child panel-last-child\" data-index=\"1\" >\t\t\t<div class=\"textwidget\"><ol>\n<li><strong>Pr\u00e9sentation\u00a0:<\/strong><\/li>\n<\/ol>\n<\/div>\n\t\t<\/div><\/div><\/div><div id=\"pg-2132-2\"  class=\"panel-grid panel-no-style\" ><div id=\"pgc-2132-2-0\"  class=\"panel-grid-cell panel-grid-cell-empty\" ><\/div><div id=\"pgc-2132-2-1\"  class=\"panel-grid-cell panel-grid-cell-mobile-last\" ><div id=\"panel-2132-2-1-0\" class=\"so-panel widget widget_media_image panel-first-child panel-last-child\" data-index=\"2\" ><img fetchpriority=\"high\" decoding=\"async\" width=\"525\" height=\"403\" src=\"https:\/\/multimediamenard.org\/wp-content\/uploads\/2019\/11\/dec1_1.png\" class=\"image wp-image-2084  attachment-full size-full\" alt=\"\" style=\"max-width: 100%; height: auto;\" srcset=\"https:\/\/multimediamenard.org\/wp-content\/uploads\/2019\/11\/dec1_1.png 525w, https:\/\/multimediamenard.org\/wp-content\/uploads\/2019\/11\/dec1_1-300x230.png 300w\" sizes=\"(max-width: 525px) 100vw, 525px\" \/><\/div><\/div><div id=\"pgc-2132-2-2\"  class=\"panel-grid-cell panel-grid-cell-empty\" ><\/div><\/div><div id=\"pg-2132-3\"  class=\"panel-grid panel-no-style\" ><div id=\"pgc-2132-3-0\"  class=\"panel-grid-cell\" ><div id=\"panel-2132-3-0-0\" class=\"so-panel widget widget_text panel-first-child panel-last-child\" data-index=\"3\" >\t\t\t<div class=\"textwidget\"><p><em><u>1.1. Description sommaire de la communaut\u00e9 locale<\/u><\/em><\/p>\n<p>La R\u00e9publique D\u00e9mocratique du Congo (RD Congo), ex-Za\u00efre, jadis connu sous le nom de Congo-Belge. Ordinairement, on l\u2019appelle Congo-Kinshasa pour la distinguer de la R\u00e9publique populaire du Congo ou Congo-Brazzaville, jadis sous l\u2019appellation de Congo-fran\u00e7ais.<\/p>\n<p>L\u2019\u00c9glise en R\u00e9publique D\u00e9mocratique du Congo (RD Congo) t\u00e9moigne d\u2019une grande vitalit\u00e9, la population est tr\u00e8s majoritairement chr\u00e9tienne : catholiques, protestants, kimbanguistes, etc.<\/p>\n<p>Chez les catholiques, les maisons de formation religieuse (s\u00e9minaires, scolasticats et noviciats) sont bond\u00e9es de membres en formation.Ilsubsiste un vrai enthousiasme vocationnel quoiqu\u2019il ait beaucoup d\u2019obstacles.<\/p>\n<p>En RD Congo, pour ceux qui ne le savent pas, plusieurs ann\u00e9es en arri\u00e8re, les MSA ont toujours b\u00e9n\u00e9fici\u00e9 de l\u2019aide des pr\u00eatres, religieux et dioc\u00e9sains, qui se sont occup\u00e9s de nos candidats. Il y a eu pour ne citer que quelques-uns, d\u2019abord un p\u00e8re franciscain Mbuyi vers les ann\u00e9es 1990-1993 et ensuite un abb\u00e9 Jose Moko (vers 1993-1995) qui est devenu \u00e9v\u00eaque. \u00c0 chaque fois, il y a eu plusieurs candidats qui ont rejoint les MSA au Cameroun. Beaucoup n\u2019ont pas pers\u00e9v\u00e9r\u00e9, soit renvoy\u00e9s chez eux, soit ont simplement d\u00e9missionn\u00e9. Le premier membre d\u00e9finitif congolais \u00e9tait un fr\u00e8re qui aussi, avait quitt\u00e9 la communaut\u00e9 au Cameroun.<\/p>\n<p>Mais, beaucoup d\u2019\u00e9l\u00e9ments sont entr\u00e9s en jeu, pour que ce processus congolais s\u2019interrompe jusqu\u2019\u00e0 r\u00e9cemment (2012-\u00e0 nos jours) quand du secr\u00e9tariat g\u00e9n\u00e9ral, nous recevions plusieurs demandes venant encore de la RD Congo. Au d\u00e9part, il \u00e9tait question, de toujours renvoyer ces demandes au responsable des admissions de la d\u00e9l\u00e9gation <em>d\u2019Afrique<\/em> au Cameroun. Voyant encore beaucoup de demandes qui nous parvenaient et que les premi\u00e8res \u00e9taient encore en cour de processus, le conseil g\u00e9n\u00e9ral avait donc en son temps r\u00e9solu d\u2019envoyer sur place un conseiller pour \u00e9tudier les voies et moyens d\u2019accompagnement des vocations congolaises\u2026<\/p>\n<p>Ainsi donc, en 2014, le p\u00e8re Jean Braconin Kasiama,lui-m\u00eame aussi congolais, est all\u00e9 \u00e0 Kinshasa o\u00f9 il a rencontr\u00e9 sur place une centaine de candidats\u00a0! Ainsi, avec l\u2019accord du Conseil g\u00e9n\u00e9ral, il s\u2019est arrang\u00e9 avec le p\u00e8re Willy Milayi, CFIC (Congr\u00e9gation des Fils de l\u2019Immacul\u00e9e Conception) qui avait accept\u00e9 d\u2019accompagner les candidats MSA. Il sera remplac\u00e9 quelques mois plus tard par son confr\u00e8re le p\u00e8re Abdon Koundou, CFIC.<\/p>\n<p>En aout 2015, Mgr Christian Rodembourg, MSA encore pr\u00eatre \u00e0 l\u2019\u00e9poque et le p\u00e8re Jean Braconin Kasiama, MSA avec l\u2019appui du conseil g\u00e9n\u00e9ral, ont admis les premiers candidats congolais. Il fallait trouver un cadre pour leurs formations\u00a0! Ceux qui \u00e9taient admis pour la prop\u00e9deutique ont \u00e9t\u00e9 plac\u00e9s chez les p\u00e8res de la Consolatat et ceux qui avait d\u00e9j\u00e0 le niveau de philosophie ont \u00e9t\u00e9 plac\u00e9s chez les p\u00e8res Oblats de Marie Immacul\u00e9e pour commencer la th\u00e9ologie. Cette exp\u00e9rienceintercongr\u00e9gationnelle a dur\u00e9 une ann\u00e9e avec comme cons\u00e9quence le manque de formation \u00e0 la <em>m\u00e9nardienne<\/em>. C\u2019est en ao\u00fbt 2016 que les s\u0153urs Canosiennes nous ont propos\u00e9s leur maison qui \u00e9tait en location\u2026Nous voil\u00e0 donc pour commencer une autre exp\u00e9rience avec comme avantage le regroupement de tous nos candidats. Nous disons ici un grand merci au p\u00e8re Jorge Colmenares et la d\u00e9l\u00e9gation de la Colombie qui a accept\u00e9 l\u2019envoyer en mission en RD Congo. Ainsi, le 21 septembre 2016 est n\u00e9e la Communaut\u00e9 locale Saint-Matthieu Ap\u00f4tres.<\/p>\n<p>La Communaut\u00e9 locale <em>Saint-Matthieu Ap\u00f4tres<\/em> de la RD Congo, \u00e9rig\u00e9e officiellement et canoniquementle 6 janvier 2017, rel\u00e8ve pour les raisons \u00e9voqu\u00e9es, de l\u2019Animateur g\u00e9n\u00e9ral et son Conseil. Les MSA en RD Congo sontdonc reconnus officiellement par l\u2019\u00e9v\u00eaque du Dioc\u00e8se de Kisantu. Nous avons aussi la joie de communiquer que les MSA ont d\u00e9j\u00e0 un grand pas vers la personnalit\u00e9 juridique\u00a0: nous avons d\u00e9j\u00e0 le formulaire F92 du gouvernement congolais qui nous reconnait comme ASBL (<em>Association sans but lucratif<\/em>) et nous pouvons continuer \u00e0 r\u00e9aliser des \u0153uvres entant que \u00ab\u00a0Congr\u00e9gation\u00a0\u00bb, personne morale. Nous avons actuellement\u00a0une vingtaine de membres en formation :<\/p>\n<p>Il est \u00e0 noter aussi que le p\u00e8re Rigobert Tango,appartenant \u00e0 la D\u00e9l\u00e9gation <em>d\u2019Afrique<\/em>, est l\u2019Animateur de la communaut\u00e9 MSA de Kinshasa et il est accompagn\u00e9 dans cette responsabilit\u00e9 par le jeune Patrick Kusonika tr\u00e8s dynamique qui a fait sa premi\u00e8re promesse de fid\u00e9lit\u00e9 comme MSA au P\u00e9rouen 2017. Il a une maitrise en philosophie. Le p\u00e8re Rigobert Tango a remplac\u00e9 le p\u00e8re Jorge Colmenares qui \u00e9tait Assistant \u00e0 l\u2019Animateur local, de septembre en janvier 2017.<\/p>\n<p>Comme \u0153uvre et apostolat, nous n\u2019avons que le Centre de promotion vocationnelle\u00a0qui accueille \u00e0 chaque deuxi\u00e8me dimanche du mois plusieurs jeunes filles et gar\u00e7ons et quelques fois nos jeunes font aussi la cat\u00e9ch\u00e8se\u00e0 la paroisse<em>Mater dei.<\/em><\/p>\n<\/div>\n\t\t<\/div><\/div><\/div><div id=\"pg-2132-4\"  class=\"panel-grid panel-no-style\" ><div id=\"pgc-2132-4-0\"  class=\"panel-grid-cell panel-grid-cell-empty\" ><\/div><div id=\"pgc-2132-4-1\"  class=\"panel-grid-cell panel-grid-cell-mobile-last\" ><div id=\"panel-2132-4-1-0\" class=\"so-panel widget widget_media_image panel-first-child panel-last-child\" data-index=\"4\" ><img decoding=\"async\" width=\"503\" height=\"271\" src=\"https:\/\/multimediamenard.org\/wp-content\/uploads\/2019\/11\/dec1_2.png\" class=\"image wp-image-2085  attachment-full size-full\" alt=\"\" style=\"max-width: 100%; height: auto;\" srcset=\"https:\/\/multimediamenard.org\/wp-content\/uploads\/2019\/11\/dec1_2.png 503w, https:\/\/multimediamenard.org\/wp-content\/uploads\/2019\/11\/dec1_2-300x162.png 300w\" sizes=\"(max-width: 503px) 100vw, 503px\" \/><\/div><\/div><div id=\"pgc-2132-4-2\"  class=\"panel-grid-cell panel-grid-cell-empty\" ><\/div><\/div><div id=\"pg-2132-5\"  class=\"panel-grid panel-no-style\" ><div id=\"pgc-2132-5-0\"  class=\"panel-grid-cell\" ><div id=\"panel-2132-5-0-0\" class=\"so-panel widget widget_text panel-first-child panel-last-child\" data-index=\"5\" >\t\t\t<div class=\"textwidget\"><p><em><u>1.2. Les objectifs de la Communaut\u00e9 locale<\/u><\/em><\/p>\n<p>La vraie question qui se pose \u00e0 notre conscience pr\u00e9sentement est celle-ci\u00a0: comment former aujourd\u2019hui en RD Congo lesfuturs Missionnaires des Saints-Ap\u00f4tres (MSA) dont l\u2019\u00c9glise aura besoin\u00a0? Cette question nous parait fondamentale. Avant de donner une r\u00e9ponse, il faut en premier lieu essayer de tracer, au moins dans ses grandes lignes, ce que nous pensons \u00eatre le profil MSA. Ceci est tr\u00e8s important parce que si l\u2019on connait \u00e0 peu pr\u00e8s le profil MSA aujourd\u2019hui, on peut dire quel genre de formation il faudra donner aux candidats MSA en RD Congo, afin qu\u2019ils soient conformes \u00e0 ce que l\u2019on veut faire d\u2019eux.<\/p>\n<p>La maison de formation est comme un moule dans lequel les candidats doivent \u00eatre p\u00e9tris. Notre mission dans l\u2019Eglise est de \u00ab\u00a0<em>promouvoir, formeret accompagner de jeunes gens et adultes dans leur vocation presbyt\u00e9rale et autres minist\u00e8res\u2026donner au monde des leaders la\u00efcs comme religieux\u2026<\/em>\u00a0\u00bb.Il nous incombe s\u00e9rieusementde former des MSA cr\u00e9dibles,fiables dans toutes les dimensions possibles (humaine, spirituelle, intellectuelle, communautaire, pastorale\u2026)afin qu\u2019ils soient capables de donner au monde des leaders aussi cr\u00e9dibles.Malgr\u00e9 tout, ce sera le r\u00e9sultat d\u2019un effort commun\u00a0: formateurs, candidats MSA dans une vie fraternelle et apostolique.<\/p>\n<ol>\n<li><strong>Comment ont \u00e9t\u00e9 mises en pratique les propositions de l\u2019Assembl\u00e9eg\u00e9n\u00e9rale 2012 concernant la Communaut\u00e9 Locale\u00a0?<\/strong><\/li>\n<\/ol>\n<p>Il est vrai qu\u2019il n\u2019y a pas longtemps que la communaut\u00e9 est \u00e9rig\u00e9e mais nous pouvons d\u00e9j\u00e0 dire ceci\u00a0:<\/p>\n<ul>\n<li><em><u>Le Charisme<\/u><\/em>: D\u00e8s le d\u00e9part, nous sommes partis avec les matin\u00e9es vocationnelles.<\/li>\n<li><em><u>L\u2019internationalit\u00e9<\/u><\/em><u>:<\/u> actuellement, nous avons 3 probanistes au Temps de probation international qui ont termin\u00e9 leurs cycles philosophiques \u00e0 Bogota. Nous remercions ici le p\u00e8re Edwin Adrian, MSA animateur de la D\u00e9l\u00e9gation de Colombie et son conseil pour cette franche collaboration. Un en stage au P\u00e9rou \u00e0 la paroisse de Hu\u00e1nuco qui a d\u00e9j\u00e0 termin\u00e9 sa formation philosophique et th\u00e9ologique et son temps de probation. 8 postulants \u00e0 l\u2019Institut Saint Joseph Mukasa \u00e0 Nkolbisson au Cameroun. Nous avons aussi accueilli les p\u00e8res Jorge Colmenares et Rigobert Tango.<\/li>\n<\/ul>\n<\/div>\n\t\t<\/div><\/div><\/div><div id=\"pg-2132-6\"  class=\"panel-grid panel-no-style\" ><div id=\"pgc-2132-6-0\"  class=\"panel-grid-cell panel-grid-cell-empty\" ><\/div><div id=\"pgc-2132-6-1\"  class=\"panel-grid-cell panel-grid-cell-mobile-last\" ><div id=\"panel-2132-6-1-0\" class=\"so-panel widget widget_media_image panel-first-child panel-last-child\" data-index=\"6\" ><img loading=\"lazy\" decoding=\"async\" width=\"533\" height=\"370\" src=\"https:\/\/multimediamenard.org\/wp-content\/uploads\/2019\/11\/dec1_3.png\" class=\"image wp-image-2086  attachment-full size-full\" alt=\"\" style=\"max-width: 100%; height: auto;\" srcset=\"https:\/\/multimediamenard.org\/wp-content\/uploads\/2019\/11\/dec1_3.png 533w, https:\/\/multimediamenard.org\/wp-content\/uploads\/2019\/11\/dec1_3-300x208.png 300w\" sizes=\"(max-width: 533px) 100vw, 533px\" \/><\/div><\/div><div id=\"pgc-2132-6-2\"  class=\"panel-grid-cell panel-grid-cell-empty\" ><\/div><\/div><div id=\"pg-2132-7\"  class=\"panel-grid panel-no-style\" ><div id=\"pgc-2132-7-0\"  class=\"panel-grid-cell\" ><div id=\"panel-2132-7-0-0\" class=\"so-panel widget widget_text panel-first-child panel-last-child\" data-index=\"7\" >\t\t\t<div class=\"textwidget\"><ul>\n<li><em><u>Travail en Eglise<\/u><\/em>: Les confr\u00e8res participent r\u00e9guli\u00e8rement aux rencontres intercongr\u00e9gationnellessur le campus, aux rencontres dioc\u00e9saines et encore les rencontresde l\u2019Association des Sup\u00e9rieurs Majeures (ASUMA) dont nous faisons d\u00e9j\u00e0 partie. Nous pr\u00e9voyons int\u00e9grer les rencontres de la famille franciscaine et les rencontres de jeunes prof\u00e8s \u00e0 Kinshasa. Le grand Congo a 52 dioc\u00e8ses, les \u00e9v\u00eaques et leurs auxiliaires sont tous congolais.\n<ul>\n<li><em><u>Les \u00e9v\u00e9nements importants depuis 7 ans<\/u><\/em><\/li>\n<\/ul>\n<\/li>\n<li>La cr\u00e9ation de la Communaut\u00e9 locale MSA en RD Congo\u00a0: le r\u00eave qui est devenu r\u00e9alit\u00e9.<\/li>\n<li>Les premi\u00e8res promesses de nos premiers candidats<\/li>\n<li>Les visites r\u00e9guli\u00e8res de l\u2019Animateur g\u00e9n\u00e9ral, certains conseillers et la directrice g\u00e9n\u00e9rale de la Fondation P\u00e8re-Menard.<\/li>\n<\/ul>\n<p>&nbsp;<\/p>\n<ol>\n<li><strong>Analyse de la situation<\/strong><\/li>\n<\/ol>\n<ul>\n<li><em><u>Quels sont les points forts\u00a0?<\/u><\/em><\/li>\n<\/ul>\n<ul>\n<li>Un tr\u00e8s bon cadre de formation\u00a0: actuellement nous sommes en location chez les s\u0153urs Canosiennes\u2026<\/li>\n<li>Beaucoup de vocations\u2026Nous n\u2019avons pas besoin d\u2019aller parcourir les rues, ils nous arrivent\u2026Le d\u00e9fis du discernement et du budget\u00a0!<\/li>\n<li>Le dynamisme, la g\u00e9n\u00e9rosit\u00e9 pour la mission et la jeunesse des membres en formation, plusieurs de nos candidats ont des dipl\u00f4mes universitaires, beaucoup d\u2019esp\u00e9rance dans un grand pays eccl\u00e9sialement parlant.<\/li>\n<li>Il y a une grande diversit\u00e9 et beaucoup de possibilit\u00e9s pour les \u00e9tudes universitaires en RD Congo. \u00c0 comparer avec ailleurs, les \u00e9tudes coutent par exemple\u00a0: 850 dollars US par \u00e9tudiant pour toute l\u2019ann\u00e9e.<\/li>\n<li>Beaucoup de vocations tardives.<\/li>\n<li>Les pr\u00eatres, religieux et religieuses, sont tr\u00e8s bien pr\u00e9par\u00e9s\u2026<\/li>\n<li>Nous avons des candidats <em>Fr\u00e8res<\/em><\/li>\n<li><\/li>\n<\/ul>\n<p>&nbsp;<\/p>\n<p>&nbsp;<\/p>\n<ul>\n<li><em><u>Quels sont les points faibles<\/u><\/em><\/li>\n<\/ul>\n<ul>\n<li>Le nombre insuffisant de formateurs sp\u00e9cifiquement MSA<\/li>\n<li>Les finances,la pauvret\u00e9 repr\u00e9sente un obstacle important\u2026Nous vivons des aides, aucun \u00e9tudiant n\u2019est capable de payer ses \u00e9tudes\u2026<\/li>\n<li>La situation politique et \u00e9conomique du pays qui influent sur nos budgets\u00a0:un acc\u00e8s in\u00e9gal \u00e0 la scolarisation, aux soins et aux pratiques sanitaires de base\u2026<\/li>\n<li>Pourquoi on peut \u00eatre d\u2019un pays tr\u00e8s riche et si pauvre et m\u00eame mis\u00e9rable en m\u00eame temps? Nous avons en RD Congo des dirigeants tr\u00e8s riches qui rivalisent avec les milliardaires occidentaux. La population s\u2019est r\u00e9sign\u00e9, elle a perdu espoir. Elle ne demande, ni n\u2019attend plus rien des dirigeants\u2026<\/li>\n<li>Manque d\u2019investissement mat\u00e9riel proprement MSA. Vous ne me croirez pas non plus si je vous dis que nos postulants \u00e0 Kinshasa n\u2019ont m\u00eame pas un ordinateur pour leurs recherches acad\u00e9miques !Nous sommes vraiment dans le besoin d\u2019un lieu propice (terrain et maison), les mat\u00e9riels d\u2019\u00e9tudes, de d\u00e9placement et de subsistance.<\/li>\n<\/ul>\n<p>&nbsp;<\/p>\n<ul>\n<li><em><u>Quelle est la situation financi\u00e8re\u00a0?<\/u><\/em><\/li>\n<\/ul>\n<ul>\n<li>Pour les finances, nous d\u00e9pendons \u00e0 90 % de l\u2019Administration g\u00e9n\u00e9rale\u00a0!<\/li>\n<\/ul>\n<p>Par nous-m\u00eame, le probl\u00e8me d\u2019argent et d\u2019autres \u00e9quipements se poseront longtemps encore. Les chr\u00e9tiens s\u2019\u00e9veillent progressivement au sens de leur responsabilit\u00e9. Mais leur pouvoir d\u2019achat est tr\u00e8s bas, surtout que les candidats qui affluent dans notre Centre de promotion vocationnel sont soit ruraux, soit des gagne-petit.<\/p>\n<ul>\n<li>Nous avons initi\u00e9 sur place quelques projets d\u2019autofinancement\u00a0: La basse-cours, l\u2019agriculture, \u00e9levage du petit b\u00e9tail, etc. Peut-\u00eatre plus tard, l\u2019\u00e9levage des grands b\u00e9tails comme le font d\u2019autres congr\u00e9gations sur place. D\u2019ailleurs en RD Congo, il y a des procures des missions, des garages appartenant aux Congr\u00e9gations, les services de constructions, etc.<\/li>\n<li>Nous nous initions \u00e0 la bonne gestion tenant compte du niveau de vie de la plupart de nos compatriotes\u2026<\/li>\n<\/ul>\n<ol>\n<li><strong>Perspectives d\u2019Avenir<\/strong><\/li>\n<\/ol>\n<ul>\n<li>Ce qui est certain, nous avons en RD Congo beaucoup de vocations. Certes, l\u2019Esprit-Saint reste le premier \u00e9ducateur des \u00e2mes,mais il est vraiment important que nous ayions un cadre propice o\u00f9 nos candidats pourront \u00eatre bien accompagner \u00e0 la M\u00e9nardienne.Il est clair que la cr\u00e9dibilit\u00e9 de futurs MSA en RD Congo va de pair avec la mise en place des structures de base. Nous n\u2019avons pas seulement besoin des infrastructures, mais aussi des bourses d\u2019\u00e9tude.Nous sommes locataires chez les s\u0153urs qui en un moment donn\u00e9 peuvent reprendre leur maison\u2026si cela arrive\u2026o\u00f9 irons-nous\u00a0? Voil\u00e0 ce qui fait notre pr\u00e9occupation actuellement.<\/li>\n<li>Nous avons \u00e9labor\u00e9 plusieurs projets pour demander un v\u00e9hicule \u00e0 MIVA (Hollande, Autriche, Suisse) \u2026Jusqu\u2019\u00e0 pr\u00e9sent les r\u00e9ponses sont n\u00e9gatives\u00a0!<\/li>\n<li>Gr\u00e2ce \u00e0 la Fondation p\u00e8re-Menard, nous avons d\u00e9j\u00e0 commenc\u00e9 la formation des leaders, religieux et la\u00efcs \u2026Le D\u00e9veloppement des projets pour am\u00e9liorer la qualit\u00e9 de vie des populations d\u00e9favoris\u00e9es\u2026<\/li>\n<li>D\u2019ici les cinq prochaines ann\u00e9es, nous compterons sur nos membres\u00a0congolais :<\/li>\n<\/ul>\n<p>&nbsp;<\/p>\n<p>&nbsp;<\/p>\n<p><strong>CONCLUSION <\/strong><\/p>\n<p>De ce qui est la r\u00e9alit\u00e9 de notre Communaut\u00e9 locale \u00ab\u00a0St. Matthieu\u00a0Ap\u00f4tres\u00a0\u00bb en RD Congo, nous n\u2019avons nullement la pr\u00e9tention d\u2019avoir tout dit. Ceci n\u2019est qu\u2019un \u00e9clair. Nous avons voulu tout simplement tracer les grandes lignes d\u2019un portrait qui nous parait tr\u00e8s promoteur pour tous les MSA. Evidemment aussi, avec beaucoup de choses \u00e0 combler. Grace \u00e0 Dieu, les vocations, il y en a et le nombre de candidats MSA est en croissance. Merci de nous soutenir dans la mesure de vos possibilit\u00e9s car on ne na\u00eet pas MSA\u2026on le devient\u2026.Avec votre aide, un jeune congolais peut le devenir pour nous et pour vous. Nous vous remercions et en particulier l\u2019ancien conseil g\u00e9n\u00e9ral pour l\u2019immense travail entrepris et pour toutes les r\u00e9alisations. Et Au p\u00e8re Luis Luna, MSA, notre animateur g\u00e9n\u00e9ral et son conseil qui a toujours eu \u00e0envoyer un de ses conseillers quand il le faut pour trouver les solutions aux probl\u00e8mes qui se posent dans la communaut\u00e9 locale Saint Matthieu Ap\u00f4tre,<\/p>\n<p>Soyons unis dans le Seigneur J\u00e9sus.<\/p>\n<\/div>\n\t\t<\/div><\/div><\/div><div id=\"pg-2132-8\"  class=\"panel-grid panel-no-style\" ><div id=\"pgc-2132-8-0\"  class=\"panel-grid-cell panel-grid-cell-empty\" ><\/div><div id=\"pgc-2132-8-1\"  class=\"panel-grid-cell panel-grid-cell-mobile-last\" ><\/div><div id=\"pgc-2132-8-2\"  class=\"panel-grid-cell panel-grid-cell-empty\" ><\/div><\/div><\/div>","protected":false},"excerpt":{"rendered":"<p>Pr\u00e9sentation\u00a0:<\/p>\n","protected":false},"author":1,"featured_media":0,"parent":0,"menu_order":0,"comment_status":"closed","ping_status":"closed","template":"","meta":{"footnotes":""},"guten_post_layout_featured_media_urls":{"full":false,"thumbnail":false,"medium":false,"medium_large":false,"large":false,"1536x1536":false,"2048x2048":false,"guten_post_layout_landscape_large":false,"guten_post_layout_portrait_large":false,"guten_post_layout_square_large":false,"guten_post_layout_landscape":false,"guten_post_layout_portrait":false,"guten_post_layout_square":false,"post-thumbnail":false,"vantage-thumbnail-no-sidebar":false,"vantage-slide":false,"vantage-carousel":false,"vantage-grid-loop":false,"sow-carousel-default":false,"sow-post-carousel-overlay-theme":false},"rttpg_featured_image_url":null,"rttpg_author":{"display_name":"admin","author_link":"https:\/\/multimediamenard.org\/fr\/author\/admin\/"},"rttpg_comment":0,"rttpg_category":null,"rttpg_excerpt":"Pr\u00e9sentation\u00a0:","_links":{"self":[{"href":"https:\/\/multimediamenard.org\/fr\/wp-json\/wp\/v2\/pages\/2132"}],"collection":[{"href":"https:\/\/multimediamenard.org\/fr\/wp-json\/wp\/v2\/pages"}],"about":[{"href":"https:\/\/multimediamenard.org\/fr\/wp-json\/wp\/v2\/types\/page"}],"author":[{"embeddable":true,"href":"https:\/\/multimediamenard.org\/fr\/wp-json\/wp\/v2\/users\/1"}],"replies":[{"embeddable":true,"href":"https:\/\/multimediamenard.org\/fr\/wp-json\/wp\/v2\/comments?post=2132"}],"version-history":[{"count":25,"href":"https:\/\/multimediamenard.org\/fr\/wp-json\/wp\/v2\/pages\/2132\/revisions"}],"predecessor-version":[{"id":2212,"href":"https:\/\/multimediamenard.org\/fr\/wp-json\/wp\/v2\/pages\/2132\/revisions\/2212"}],"wp:attachment":[{"href":"https:\/\/multimediamenard.org\/fr\/wp-json\/wp\/v2\/media?parent=2132"}],"curies":[{"name":"wp","href":"https:\/\/api.w.org\/{rel}","templated":true}]}}