{"id":2256,"date":"2019-12-31T06:22:24","date_gmt":"2019-12-31T06:22:24","guid":{"rendered":"https:\/\/multimediamenard.org\/?page_id=2256"},"modified":"2019-12-31T06:26:00","modified_gmt":"2019-12-31T06:26:00","slug":"tiempo-de-probacion-internacional","status":"publish","type":"page","link":"https:\/\/multimediamenard.org\/fr\/tiempo-de-probacion-internacional\/","title":{"rendered":"Temps de probation international."},"content":{"rendered":"<div id=\"pl-2256\"  class=\"panel-layout\" ><div id=\"pg-2256-0\"  class=\"panel-grid panel-no-style\" ><div id=\"pgc-2256-0-0\"  class=\"panel-grid-cell panel-grid-cell-empty\" ><\/div><div id=\"pgc-2256-0-1\"  class=\"panel-grid-cell panel-grid-cell-mobile-last\" ><div id=\"panel-2256-0-1-0\" class=\"so-panel widget widget_media_image panel-first-child panel-last-child\" data-index=\"0\" ><img fetchpriority=\"high\" decoding=\"async\" width=\"300\" height=\"265\" src=\"https:\/\/multimediamenard.org\/wp-content\/uploads\/2019\/12\/janvier212020-300x265.png\" class=\"image wp-image-2224  attachment-medium size-medium\" alt=\"\" style=\"max-width: 100%; height: auto;\" srcset=\"https:\/\/multimediamenard.org\/wp-content\/uploads\/2019\/12\/janvier212020-300x265.png 300w, https:\/\/multimediamenard.org\/wp-content\/uploads\/2019\/12\/janvier212020.png 487w\" sizes=\"(max-width: 300px) 100vw, 300px\" \/><\/div><\/div><div id=\"pgc-2256-0-2\"  class=\"panel-grid-cell panel-grid-cell-empty\" ><\/div><\/div><div id=\"pg-2256-1\"  class=\"panel-grid panel-no-style\" ><div id=\"pgc-2256-1-0\"  class=\"panel-grid-cell\" ><div id=\"panel-2256-1-0-0\" class=\"so-panel widget widget_sow-editor panel-first-child panel-last-child\" data-index=\"1\" ><div\n\t\t\t\n\t\t\tclass=\"so-widget-sow-editor so-widget-sow-editor-base\"\n\t\t\t\n\t\t>\n<div class=\"siteorigin-widget-tinymce textwidget\">\n\t<\/p>\n<p style=\"text-align: center;\"><strong>Partageant la Joie de l\u2019\u00c9vangile<\/strong><\/p>\n<p style=\"text-align: center;\"><strong>Apprenant \u00e0 Vivre dans les<\/strong><\/p>\n<p style=\"text-align: center;\"><strong>Communaut\u00e9s Inter culturelles<\/strong><\/p>\n<p>&nbsp;<\/p>\n<p>&nbsp;<\/p>\n<p>Chers Fr\u00e8res de la famille MSA, il y a 34 ans, notre Fondateur \u00e0 l\u2019Assembl\u00e9e g\u00e9n\u00e9rale de 1985 a mentionn\u00e9 que \u00ab\u00a0des efforts tr\u00e8s s\u00e9rieux\u00a0\u00bb avaient \u00e9t\u00e9 faits pour am\u00e9liorer la formation MSA, au moment de l\u2019Initiation (postulat), pendant le temps de probation (Noviciat) et en formation permanente; Et il ajouta que pour le mettre en pratique, \u00ab\u00a0il semble difficile d\u2019\u00e9tablir un centre de formation international\u00a0\u00bb, cependant, en regardant l\u2019avenir, convaincu de continuer \u00e0 donner des pr\u00eatres \u00e0 l\u2019\u00c9glise, il dit\u00a0: \u00ab\u00a0Il reste quand m\u00eame beaucoup \u00e0 faire en ce domaine\u00a0\u00bb.<\/p>\n<p>&nbsp;<\/p>\n<p>Je partage ici le fruit de la proposition No. 8 de notre Assembl\u00e9e g\u00e9n\u00e9rale (2012) qui disait\u00a0: \u00ab\u00a0Consid\u00e9rant les pas concrets vers une vie fraternelle internationale parmi les membres de langues et cultures diff\u00e9rentes, nous proposons que l\u2019Animateur g\u00e9n\u00e9ral et son conseil cr\u00e9ent un Temps de Probation International en s\u2019assurant que les membres de cette \u00c9quipe de Formateurs parlent le langage de la Soci\u00e9t\u00e9, sans \u00e9liminer le temps de Probation d\u00e9j\u00e0 existant.\u00a0\u00bb<\/p>\n<p>&nbsp;<\/p>\n<p>Merci Seigneur, car, en 6 ans, Vous nous avez envoy\u00e9 52 candidats \u00e0 former! Merci, Seigneur, pour l\u2019\u00e9v\u00e9nement MSA que nous vivons avec les vocations d\u2019Asie, Afrique et Am\u00e9rique!<\/p>\n<p>&nbsp;<\/p>\n<p>Votre fr\u00e8re\u00a0:<\/p>\n<p>&nbsp;<\/p>\n<p>&nbsp;<\/p>\n<p style=\"text-align: center;\">Abad Martinez Ch., MSA<\/p>\n<p style=\"text-align: center;\"><strong>Responsable<\/strong><\/p>\n<p style=\"text-align: center;\"><a href=\"https:\/\/multimediamenard.org\/en\/i-presentacion-del-tpi\/\"><strong>Temps de Probation International<\/strong><\/a><\/p><\/p>\n<\/div>\n<\/div><\/div><\/div><\/div><\/div>","protected":false},"excerpt":{"rendered":"<p>Partageant la Joie de l\u2019\u00c9vangile Apprenant \u00e0 Vivre dans les Communaut\u00e9s Inter culturelles &nbsp; &nbsp; Chers Fr\u00e8res de la famille MSA, il y a 34 ans, notre Fondateur \u00e0 l\u2019Assembl\u00e9e g\u00e9n\u00e9rale de 1985 a mentionn\u00e9 que \u00ab\u00a0des efforts tr\u00e8s s\u00e9rieux\u00a0\u00bb avaient \u00e9t\u00e9 faits pour am\u00e9liorer la formation MSA, au moment de l\u2019Initiation (postulat), pendant le [&hellip;]<\/p>\n","protected":false},"author":1,"featured_media":0,"parent":0,"menu_order":0,"comment_status":"closed","ping_status":"closed","template":"","meta":{"footnotes":""},"guten_post_layout_featured_media_urls":{"full":false,"thumbnail":false,"medium":false,"medium_large":false,"large":false,"1536x1536":false,"2048x2048":false,"guten_post_layout_landscape_large":false,"guten_post_layout_portrait_large":false,"guten_post_layout_square_large":false,"guten_post_layout_landscape":false,"guten_post_layout_portrait":false,"guten_post_layout_square":false,"post-thumbnail":false,"vantage-thumbnail-no-sidebar":false,"vantage-slide":false,"vantage-carousel":false,"vantage-grid-loop":false,"sow-carousel-default":false,"sow-post-carousel-overlay-theme":false},"rttpg_featured_image_url":null,"rttpg_author":{"display_name":"admin","author_link":"https:\/\/multimediamenard.org\/fr\/author\/admin\/"},"rttpg_comment":0,"rttpg_category":null,"rttpg_excerpt":"Partageant la Joie de l\u2019\u00c9vangile Apprenant \u00e0 Vivre dans les Communaut\u00e9s Inter culturelles &nbsp; &nbsp; Chers Fr\u00e8res de la famille MSA, il y a 34 ans, notre Fondateur \u00e0 l\u2019Assembl\u00e9e g\u00e9n\u00e9rale de 1985 a mentionn\u00e9 que \u00ab\u00a0des efforts tr\u00e8s s\u00e9rieux\u00a0\u00bb avaient \u00e9t\u00e9 faits pour am\u00e9liorer la formation MSA, au moment de l\u2019Initiation (postulat), pendant le\u2026","_links":{"self":[{"href":"https:\/\/multimediamenard.org\/fr\/wp-json\/wp\/v2\/pages\/2256"}],"collection":[{"href":"https:\/\/multimediamenard.org\/fr\/wp-json\/wp\/v2\/pages"}],"about":[{"href":"https:\/\/multimediamenard.org\/fr\/wp-json\/wp\/v2\/types\/page"}],"author":[{"embeddable":true,"href":"https:\/\/multimediamenard.org\/fr\/wp-json\/wp\/v2\/users\/1"}],"replies":[{"embeddable":true,"href":"https:\/\/multimediamenard.org\/fr\/wp-json\/wp\/v2\/comments?post=2256"}],"version-history":[{"count":58,"href":"https:\/\/multimediamenard.org\/fr\/wp-json\/wp\/v2\/pages\/2256\/revisions"}],"predecessor-version":[{"id":2428,"href":"https:\/\/multimediamenard.org\/fr\/wp-json\/wp\/v2\/pages\/2256\/revisions\/2428"}],"wp:attachment":[{"href":"https:\/\/multimediamenard.org\/fr\/wp-json\/wp\/v2\/media?parent=2256"}],"curies":[{"name":"wp","href":"https:\/\/api.w.org\/{rel}","templated":true}]}}