{"id":2504,"date":"2020-02-01T16:42:23","date_gmt":"2020-02-01T16:42:23","guid":{"rendered":"https:\/\/multimediamenard.org\/?page_id=2504"},"modified":"2020-02-01T17:03:15","modified_gmt":"2020-02-01T17:03:15","slug":"provincia-canadiense","status":"publish","type":"page","link":"https:\/\/multimediamenard.org\/fr\/provincia-canadiense\/","title":{"rendered":"PROVINCE DU CANADA"},"content":{"rendered":"<div id=\"pl-2504\"  class=\"panel-layout\" ><div id=\"pg-2504-0\"  class=\"panel-grid panel-no-style\" ><div id=\"pgc-2504-0-0\"  class=\"panel-grid-cell\" ><div id=\"panel-2504-0-0-0\" class=\"so-panel widget widget_sow-editor panel-first-child panel-last-child\" data-index=\"0\" ><div\n\t\t\t\n\t\t\tclass=\"so-widget-sow-editor so-widget-sow-editor-base\"\n\t\t\t\n\t\t>\n<div class=\"siteorigin-widget-tinymce textwidget\">\n\t<\/p>\n<p><strong><em>\u00ab\u00a0Chers confr\u00e8res,<\/em><\/strong><\/p>\n<p><strong><em>\u00a0<\/em><\/strong><\/p>\n<p><strong><em>Il me fait plaisir au seuil de cette ann\u00e9e 2020 de nous rappeler une tradition communautaire, celle de nous retrouver \u00e0 l\u2019occasion de la naissance de l\u2019Enfant J\u00e9sus qui vient \u00e9pouser notre condition humaine.<\/em><\/strong><\/p>\n<p><strong><em>Nous avons multiples raison de nous retrouver. Entre autres, manifester notre joie de vivre en enfant de Dieu, partager nos joies, notre v\u00e9cu, mieux encore t\u00e9moigner notre condition humaine \u00bb.<\/em><\/strong><\/p>\n<p><strong>Nko L\u00e9on Pascal, MSA. Animateur provincial-Canada<\/strong><\/p><\/p>\n<\/div>\n<\/div><\/div><\/div><\/div><div id=\"pg-2504-1\"  class=\"panel-grid panel-no-style\" ><div id=\"pgc-2504-1-0\"  class=\"panel-grid-cell\" ><div id=\"panel-2504-1-0-0\" class=\"so-panel widget widget_sow-editor panel-first-child panel-last-child\" data-index=\"1\" ><div\n\t\t\t\n\t\t\tclass=\"so-widget-sow-editor so-widget-sow-editor-base\"\n\t\t\t\n\t\t>\n<div class=\"siteorigin-widget-tinymce textwidget\">\n\t<\/p>\n<p><strong>Comme le stipulait la lettre d\u2019invitation de l\u2019animateur provincial, le vendredi 27 d\u00e9cembre 2019, \u00e0 la salle p\u00e8re Menard, s\u2019est tenue comme tous les ans la No\u00ebl communautaire. Cette c\u00e9l\u00e9bration qui a commenc\u00e9e au environ de 10h00 par l\u2019accueil des confr\u00e8res, et \u00e0 10h30 suivait la c\u00e9l\u00e9bration de la parole et le message de l\u2019animateur provincial qui va par la m\u00eame occasion transmettre les v\u0153ux les meilleurs pour la nouvelle ann\u00e9e. Apr\u00e8s un moment de partage, nous sommes pass\u00e9s au repas fraternel. Au environ de 13h30 chacun pouvait regagner ses locaux content d\u2019avoir v\u00e9cu ces moments.<\/strong><\/p><\/p>\n<\/div>\n<\/div><\/div><\/div><\/div><div id=\"pg-2504-2\"  class=\"panel-grid panel-no-style\" ><div id=\"pgc-2504-2-0\"  class=\"panel-grid-cell panel-grid-cell-empty\" ><\/div><div id=\"pgc-2504-2-1\"  class=\"panel-grid-cell\" ><div id=\"panel-2504-2-1-0\" class=\"so-panel widget widget_media_image panel-first-child panel-last-child\" data-index=\"2\" ><img fetchpriority=\"high\" decoding=\"async\" width=\"181\" height=\"300\" src=\"https:\/\/multimediamenard.org\/wp-content\/uploads\/2020\/02\/ProvCanada10-181x300.png\" class=\"image wp-image-2509  attachment-medium size-medium\" alt=\"\" style=\"max-width: 100%; height: auto;\" srcset=\"https:\/\/multimediamenard.org\/wp-content\/uploads\/2020\/02\/ProvCanada10-181x300.png 181w, https:\/\/multimediamenard.org\/wp-content\/uploads\/2020\/02\/ProvCanada10.png 197w\" sizes=\"(max-width: 181px) 100vw, 181px\" \/><\/div><\/div><div id=\"pgc-2504-2-2\"  class=\"panel-grid-cell panel-grid-cell-mobile-last\" ><div id=\"panel-2504-2-2-0\" class=\"so-panel widget widget_media_image panel-first-child panel-last-child\" data-index=\"3\" ><img decoding=\"async\" width=\"645\" height=\"396\" src=\"https:\/\/multimediamenard.org\/wp-content\/uploads\/2020\/02\/ProvCanada09.png\" class=\"image wp-image-2483  attachment-645x396 size-645x396\" alt=\"\" style=\"max-width: 100%; height: auto;\" srcset=\"https:\/\/multimediamenard.org\/wp-content\/uploads\/2020\/02\/ProvCanada09.png 645w, https:\/\/multimediamenard.org\/wp-content\/uploads\/2020\/02\/ProvCanada09-300x184.png 300w\" sizes=\"(max-width: 645px) 100vw, 645px\" \/><\/div><\/div><div id=\"pgc-2504-2-3\"  class=\"panel-grid-cell panel-grid-cell-empty\" ><\/div><\/div><div id=\"pg-2504-3\"  class=\"panel-grid panel-no-style\" ><div id=\"pgc-2504-3-0\"  class=\"panel-grid-cell\" ><div id=\"panel-2504-3-0-0\" class=\"so-panel widget widget_sow-editor panel-first-child panel-last-child\" data-index=\"4\" ><div\n\t\t\t\n\t\t\tclass=\"so-widget-sow-editor so-widget-sow-editor-base\"\n\t\t\t\n\t\t>\n<div class=\"siteorigin-widget-tinymce textwidget\">\n\t<\/p>\n<p><strong><u>TEMPS DE PROBATION INTERNATIONAL<\/u><\/strong><\/p>\n<p>Apr\u00e8s neuf mois pass\u00e9 \u00e0 approfondir les constitution et Normes, les \u00c9crits du p\u00e8re Eus\u00e8be Menard, nos Saints patrons\u2026, la premi\u00e8re vague (car il y a un groupe qui maitrisait d\u00e9j\u00e0 la langue espagnole et les autres qui continuent, \u00e9tait encore \u00e0 l\u2019\u00c9tape d\u2019inculturation en perfectionnant leur espagnol) des probanistes du Temps de Probation International son pr\u00eat \u00e0 \u00e9mettre leur premi\u00e8re promesse de fid\u00e9lit\u00e9 au sein de notre Soci\u00e9t\u00e9 des MSA. Le 06 janvier 2020 au P\u00e9rou.<\/p><\/p>\n<\/div>\n<\/div><\/div><\/div><\/div><div id=\"pg-2504-4\"  class=\"panel-grid panel-no-style\" ><div id=\"pgc-2504-4-0\"  class=\"panel-grid-cell\" ><\/div><\/div><div id=\"pg-2504-5\"  class=\"panel-grid panel-no-style\" ><div id=\"pgc-2504-5-0\"  class=\"panel-grid-cell\" ><div id=\"panel-2504-5-0-0\" class=\"so-panel widget widget_sow-editor panel-first-child panel-last-child\" data-index=\"6\" ><div\n\t\t\t\n\t\t\tclass=\"so-widget-sow-editor so-widget-sow-editor-base\"\n\t\t\t\n\t\t>\n<div class=\"siteorigin-widget-tinymce textwidget\">\n\t<\/p>\n<p><strong><u>D\u00c9L\u00c9GATION DU P\u00c9ROU\/BR\u00c9SIL<\/u><\/strong><\/p>\n<p>Il y a de cela trois ans, le p\u00e8re MALLQUI VILLANUEVA, Neyer Yodson, MSA et son conseil prenaient l\u2019animation de la d\u00e9l\u00e9gation du P\u00e9rou\/Br\u00e9sil. Trois ann\u00e9es d\u00e9j\u00e0! que cela passe vite, l\u2019heure est au bilan et maintenant au mois de janvier 2020 se tiendra l\u2019assembl\u00e9e g\u00e9n\u00e9rale.<\/p>\n<p>Tous ses \u00e9v\u00e9nements l\u2019animateur g\u00e9n\u00e9ral nous appelle \u00e0 nous unir \u00e0 eux \u00e0 travers nos pri\u00e8res.<\/p>\n<\/p>\n<p>&nbsp;<\/p>\n<\/div>\n<\/div><\/div><\/div><\/div><div id=\"pg-2504-6\"  class=\"panel-grid panel-no-style\" ><div id=\"pgc-2504-6-0\"  class=\"panel-grid-cell\" ><\/div><\/div><div id=\"pg-2504-7\"  class=\"panel-grid panel-no-style\" ><div id=\"pgc-2504-7-0\"  class=\"panel-grid-cell\" ><div id=\"panel-2504-7-0-0\" class=\"so-panel widget widget_sow-editor panel-first-child panel-last-child\" data-index=\"8\" ><div\n\t\t\t\n\t\t\tclass=\"so-widget-sow-editor so-widget-sow-editor-base\"\n\t\t\t\n\t\t>\n<div class=\"siteorigin-widget-tinymce textwidget\">\n\t<\/p>\n<p><strong><u>PROVINCE DES USA\/D\u00c9L\u00c9GATION LOCALE DU VIETNAM<\/u><\/strong><\/p>\n<p>Le mois derniers 7 membres de la communaut\u00e9 \"MISSIONNAIRES DES SAINTS-AP\u00d4TRES WORD OF GOD\u00a0\u00bb du Vietnam ont fait leur demande de renouvellement \u00e0 l\u2019animateur provincial des USA, apr\u00e8s approbation, ils ont \u00e9mis leur promesse de fid\u00e9lit\u00e9 dans notre Soci\u00e9t\u00e9 des MSA. Une grande joie pour nous tous.<\/p><\/p>\n<\/div>\n<\/div><\/div><\/div><\/div><div id=\"pg-2504-8\"  class=\"panel-grid panel-no-style\" ><div id=\"pgc-2504-8-0\"  class=\"panel-grid-cell panel-grid-cell-empty\" ><\/div><div id=\"pgc-2504-8-1\"  class=\"panel-grid-cell panel-grid-cell-mobile-last\" ><div id=\"panel-2504-8-1-0\" class=\"so-panel widget widget_media_image panel-first-child panel-last-child\" data-index=\"9\" ><img decoding=\"async\" width=\"720\" height=\"540\" src=\"https:\/\/multimediamenard.org\/wp-content\/uploads\/2019\/10\/nov_viet_01-1024x768.jpg\" class=\"image wp-image-1951  attachment-large size-large\" alt=\"\" style=\"max-width: 100%; height: auto;\" srcset=\"https:\/\/multimediamenard.org\/wp-content\/uploads\/2019\/10\/nov_viet_01-1024x768.jpg 1024w, https:\/\/multimediamenard.org\/wp-content\/uploads\/2019\/10\/nov_viet_01-300x225.jpg 300w, https:\/\/multimediamenard.org\/wp-content\/uploads\/2019\/10\/nov_viet_01-768x576.jpg 768w, https:\/\/multimediamenard.org\/wp-content\/uploads\/2019\/10\/nov_viet_01.jpg 1431w\" sizes=\"(max-width: 720px) 100vw, 720px\" \/><\/div><\/div><div id=\"pgc-2504-8-2\"  class=\"panel-grid-cell panel-grid-cell-empty\" ><\/div><\/div><\/div>","protected":false},"excerpt":{"rendered":"<p>\u00ab\u00a0Chers confr\u00e8res, \u00a0 Il me fait plaisir au seuil de cette ann\u00e9e 2020 de nous rappeler une tradition communautaire, celle de nous retrouver \u00e0 l\u2019occasion de la naissance de l\u2019Enfant J\u00e9sus qui vient \u00e9pouser notre condition humaine. Nous avons multiples raison de nous retrouver. Entre autres, manifester notre joie de vivre en enfant de Dieu, [&hellip;]<\/p>\n","protected":false},"author":1,"featured_media":0,"parent":0,"menu_order":0,"comment_status":"closed","ping_status":"closed","template":"","meta":{"footnotes":""},"guten_post_layout_featured_media_urls":{"full":false,"thumbnail":false,"medium":false,"medium_large":false,"large":false,"1536x1536":false,"2048x2048":false,"guten_post_layout_landscape_large":false,"guten_post_layout_portrait_large":false,"guten_post_layout_square_large":false,"guten_post_layout_landscape":false,"guten_post_layout_portrait":false,"guten_post_layout_square":false,"post-thumbnail":false,"vantage-thumbnail-no-sidebar":false,"vantage-slide":false,"vantage-carousel":false,"vantage-grid-loop":false,"sow-carousel-default":false,"sow-post-carousel-overlay-theme":false},"rttpg_featured_image_url":null,"rttpg_author":{"display_name":"admin","author_link":"https:\/\/multimediamenard.org\/fr\/author\/admin\/"},"rttpg_comment":0,"rttpg_category":null,"rttpg_excerpt":"\u00ab\u00a0Chers confr\u00e8res, \u00a0 Il me fait plaisir au seuil de cette ann\u00e9e 2020 de nous rappeler une tradition communautaire, celle de nous retrouver \u00e0 l\u2019occasion de la naissance de l\u2019Enfant J\u00e9sus qui vient \u00e9pouser notre condition humaine. Nous avons multiples raison de nous retrouver. Entre autres, manifester notre joie de vivre en enfant de Dieu,\u2026","_links":{"self":[{"href":"https:\/\/multimediamenard.org\/fr\/wp-json\/wp\/v2\/pages\/2504"}],"collection":[{"href":"https:\/\/multimediamenard.org\/fr\/wp-json\/wp\/v2\/pages"}],"about":[{"href":"https:\/\/multimediamenard.org\/fr\/wp-json\/wp\/v2\/types\/page"}],"author":[{"embeddable":true,"href":"https:\/\/multimediamenard.org\/fr\/wp-json\/wp\/v2\/users\/1"}],"replies":[{"embeddable":true,"href":"https:\/\/multimediamenard.org\/fr\/wp-json\/wp\/v2\/comments?post=2504"}],"version-history":[{"count":53,"href":"https:\/\/multimediamenard.org\/fr\/wp-json\/wp\/v2\/pages\/2504\/revisions"}],"predecessor-version":[{"id":2565,"href":"https:\/\/multimediamenard.org\/fr\/wp-json\/wp\/v2\/pages\/2504\/revisions\/2565"}],"wp:attachment":[{"href":"https:\/\/multimediamenard.org\/fr\/wp-json\/wp\/v2\/media?parent=2504"}],"curies":[{"name":"wp","href":"https:\/\/api.w.org\/{rel}","templated":true}]}}