{"id":2566,"date":"2020-02-01T17:16:46","date_gmt":"2020-02-01T17:16:46","guid":{"rendered":"https:\/\/multimediamenard.org\/?page_id=2566"},"modified":"2020-02-03T04:08:02","modified_gmt":"2020-02-03T04:08:02","slug":"presentation-de-notre-mission-en-indonesie","status":"publish","type":"page","link":"https:\/\/multimediamenard.org\/fr\/presentation-de-notre-mission-en-indonesie\/","title":{"rendered":"PRESENTATION DE NOTRE MISSION EN INDON\u00c9SIE"},"content":{"rendered":"<div id=\"pl-2566\"  class=\"panel-layout\" ><div id=\"pg-2566-0\"  class=\"panel-grid panel-no-style\" ><div id=\"pgc-2566-0-0\"  class=\"panel-grid-cell\" ><div id=\"panel-2566-0-0-0\" class=\"so-panel widget widget_sow-editor panel-first-child panel-last-child\" data-index=\"0\" ><div\n\t\t\t\n\t\t\tclass=\"so-widget-sow-editor so-widget-sow-editor-base\"\n\t\t\t\n\t\t>\n<div class=\"siteorigin-widget-tinymce textwidget\">\n\t<\/p>\n<p>Le 26 mars 2013, avec la visite des P\u00e8res Isaac Martinez, MSA, Animateur g\u00e9n\u00e9ral et Edward Przygocki, MSA, conseiller g\u00e9n\u00e9ral, \u00e0 leur arriv\u00e9e vont c\u00e9l\u00e9br\u00e9 la Sainte Eucharistie pour comm\u00e9morer la mort du fondateur des MSA, le P\u00e8re Eus\u00e8be M\u00e9nard, OFM. C\u2019\u00e9tait le commencement officiel de la pr\u00e9sence des MSA en Indon\u00e9sie, dans l\u2019archidioc\u00e8se de Pontianak. Depuis lors, six ans sont pass\u00e9s depuis les \u00e9v\u00e9nements initiaux de l\u2019\u0153uvre des Saints-Ap\u00f4tres avec toutes ses gr\u00e2ces.<\/p>\n<p>&nbsp;<\/p>\n<ol>\n<li><strong><em><u>Pr\u00e9sentation<\/u><\/em><\/strong><\/li>\n<li>Membres - nous sommes actuellement 12 membres; 2 d\u00e9finitifs et 10 temporaires.<\/li>\n<li>Trois pr\u00eatres<\/li>\n<li>Quatre fr\u00e8res temporaires.<\/li>\n<li>Cinq fr\u00e8res en formation pour le sacerdoce<\/li>\n<li>Trois postulants<\/li>\n<li>Onze candidats.<\/li>\n<\/ol>\n<p>&nbsp;<\/p>\n<ol start=\"2\">\n<li><strong><em><u>\u0152uvres et Maisons<\/u><\/em><\/strong><\/li>\n<\/ol>\n<p style=\"padding-left: 40px;\">Tous les membres vivent dans les Maisons des Communaut\u00e9s Locales<\/p>\n<ol style=\"list-style-type: lower-alpha;\">\n<li>La paroisse de St. Fran\u00e7ois d\u2019Assise, Pakumbang<\/li>\n<li>Maternelle Pr\u00e9-\u00e9cole, Pakumbang<\/li>\n<li>Orphelinat, Jakarta<\/li>\n<li>Trois Maisons de Formation MSA<\/li>\n<\/ol>\n<p style=\"padding-left: 40px;\">Maison m\u00e8re\u00a0: Pakumbant<\/p>\n<p style=\"padding-left: 40px;\">Maison d\u2019\u00e9tudes\u00a0: Yogyakarta<\/p>\n<p style=\"padding-left: 40px;\">Maison d\u2019\u00e9tudes\u00a0: Malang<\/p>\n<ol start=\"3\">\n<li><strong><em><u>Apostolats et Activit\u00e9s pastorales<\/u><\/em><\/strong><\/li>\n<\/ol>\n<ol style=\"list-style-type: lower-alpha;\">\n<li>Accompagnement de jeunes\u00a0: enfants jusqu\u2019\u00e0 l\u2019\u00e2ge adulte<\/li>\n<li>Collaboration avec d\u2019autres congr\u00e9gations, candidats qui \u00e9tudient \u00e0 la facult\u00e9 de philosophie<\/li>\n<li>Collaboration avec le la\u00efcat\u00a0: en paroisses, dans le dioc\u00e8se, dans les \u00e9coles<\/li>\n<li>Collaboration avec la Fondation Hieronimus (bienfaiteurs)<\/li>\n<\/ol>\n<p>&nbsp;<\/p>\n<ol start=\"4\">\n<li><strong><em><u>Objectifs de la Communaut\u00e9 locale<\/u><\/em><\/strong><\/li>\n<\/ol>\n<ol style=\"list-style-type: lower-alpha;\">\n<li>Charisme et Mission\u00a0:<\/li>\n<li>Promotion vocationnelle en utilisant Facebook, brochures, calendriers d\u2019\u00e9dition, activit\u00e9s pastorales.<\/li>\n<li>Programmes de pensionnaires pour jeunes et adultes (Pakumbang)<\/li>\n<li>Discernement vocationnel pour jeunes<\/li>\n<li>Cat\u00e9ch\u00e8se paroissiale et pr\u00e9paration aux sacrements<\/li>\n<li>\u00c9ducation dans les \u00e9coles<\/li>\n<\/ol>\n<ol start=\"5\">\n<li><strong><em><u>Communication <\/u><\/em><\/strong><\/li>\n<\/ol>\n<p style=\"padding-left: 40px;\">Nos maisons sont sur diff\u00e9rentes \u00eeles. Notre but est qu\u2019ils ouvrent une maison au centre ville de Pontianak o\u00f9 la communication est optimale.<\/p>\n<p>&nbsp;<\/p>\n<ol start=\"6\">\n<li><strong><em><u>Propositions et recommandations de l\u2019Assembl\u00e9e g\u00e9n\u00e9rale 2012<\/u><\/em><\/strong><\/li>\n<\/ol>\n<ol style=\"list-style-type: lower-alpha;\">\n<li>Il participent au Temps de Probation International au P\u00e9rou.<\/li>\n<li>Pour le moment ils sont dans l\u2019impossibilit\u00e9 d\u2019envoyer des membres aux \u00ab\u00a0\u00e9tudes sp\u00e9cialis\u00e9es\u00a0\u00bb \u00e0 cause de manque de formateurs pr\u00e9sentement.<\/li>\n<\/ol>\n<p>&nbsp;<\/p>\n<ol start=\"7\">\n<li><strong><em><u>\u00c9v\u00e9nements importants<\/u><\/em><\/strong><\/li>\n<\/ol>\n<ol style=\"list-style-type: lower-alpha;\">\n<li>Mars 2013 \u2013 premi\u00e8re visite des P\u00e8res Isaac et Edward Przygocki, MSApour l\u2019ouverture de la nouvelle maison MSA.<\/li>\n<li>D\u00e9cembre 2013 \u2013 la deuxi\u00e8me visite de P. Isaac Martinez, MSA et de P. Edward Przygocki,MSA<\/li>\n<li>D\u00e9cembre 2013 \u2013 B\u00e9n\u00e9diction du terrain MSA\u00a0: l\u2019Archev\u00eaque Hieronymus Bumbun, P. Isaac et P. Edward Przygocki,MSA<\/li>\n<li>Janvier 29 \u2013 Ao\u00fbt 20, 2014\u00a0: le P\u00e8re Ruben se joint au ITP au P\u00e9rou<\/li>\n<li>Juin 28, 2014 \u2013 P. Ruben \u00e9met sa premi\u00e8re profession MSA en pr\u00e9sence du P. Isaac Martinez,MSA \u00e0 Villa La Paz<\/li>\n<li>Juillet 26, 2014 \u2013 Premi\u00e8re profession de membres en Indon\u00e9sie en pr\u00e9sence du P\u00e8re Christian Rodembourg, MSA et du P\u00e8re Edward Przygocki,MSA .<\/li>\n<li>Mars 2015 \u2013 visite du P. Isaac et du P. Vincent Kilyan,Msa et l\u2019inauguration de l\u2019\u00e9glise St. Joseph, la nouvelle cath\u00e9drale de Pontianak.<\/li>\n<li>Juillet 2015 \u2013 visite du P. Vincent Kilidjian et du P. Adolfo Doroteo.<\/li>\n<li>Juillet 2016 \u2013 ouverture de la maison MSA \u00e0 Yogyakarta pour \u00e9tudes \u00e0 la Facult\u00e9 Pontificale dans l\u2019Archidioc\u00e8se de Semarang.<\/li>\n<li>Juillet 22, 2016 \u2013 b\u00e9n\u00e9diction de la Maison Centrale MSA \u00e0 Pakumbang par le P. William Chang,MSA OFM Cap et du P. Isaac Martinez,MSA<\/li>\n<li>Juillet 2016 \u2013 visite et retraite du P. Isaac Martinez,MSA<\/li>\n<li>Juin 30 \u2013 Juillet 13, 2017 \u2013 visite du P. Jean Braconin et du P. Edward Przygocki, MSA<\/li>\n<li>Juillet 8, 2017 \u2013 promesse d\u00e9finitive du P. Ruben et du Fr\u00e8re Marianus.<\/li>\n<li>Juillet 2018- Visite du nouveau animateur le p\u00e8re Luis Luna BARRERA,MSA accompagn\u00e9 de l\u2019\u00e9conome g\u00e9n\u00e9ral le p\u00e8re Dennis Connell,MSA<\/li>\n<li>Septembre 24, 2018- Le p\u00e8re Isaac Martinez, MSA avec mandat de l\u2019animateur y va pour une dur\u00e9e de 3 mois<\/li>\n<\/ol>\n<ol start=\"8\">\n<li><strong> <em><u>Analyse de la situation.<\/u><\/em><\/strong><\/li>\n<\/ol>\n<p style=\"padding-left: 40px;\"><strong>Points forts:<\/strong><\/p>\n<ol>\n<li style=\"list-style-type: none;\">\n<ol>\n<li>Tous les membres vivent dans la maison de la communaut\u00e9.<\/li>\n<li>Tous les membres ont un travail pastoral.<\/li>\n<li>Nombreuses vocations entre jeunes et adultes.<\/li>\n<\/ol>\n<\/li>\n<\/ol>\n<p>&nbsp;<\/p>\n<p>&nbsp;<\/p>\n<p style=\"padding-left: 40px;\"><strong>Points faibles:<\/strong><\/p>\n<ol>\n<li style=\"list-style-type: none;\">\n<ol>\n<li>De nombreux membres viennent actuellement d'autres congr\u00e9gations et vivent la spiritualit\u00e9 de leur ancienne congr\u00e9gation.<\/li>\n<li>Il n'y a pas assez de membres de la MSA qui ont notre charisme et notre spiritualit\u00e9 dans nos \u0153uvres.<\/li>\n<li>Ils ont besoin d'en savoir plus sur la spiritualit\u00e9 et le charisme de notre Soci\u00e9t\u00e9 des MSA et sur leur capacit\u00e9 \u00e0 accompagner nos candidats.<\/li>\n<li>Nous avons une maison \u00e0 Yogyakarta comme maison de formation. Mais ils n'ont pas de formateurs<\/li>\n<\/ol>\n<\/li>\n<\/ol>\n<p>&nbsp;<\/p>\n<ol start=\"9\">\n<li><strong><em><u> situation financi\u00e8re<\/u><\/em><\/strong><\/li>\n<\/ol>\n<ol style=\"list-style-type: lower-alpha;\">\n<li>Ils re\u00e7oivent une aide financi\u00e8re du Conseil g\u00e9n\u00e9ral pour les \u00e9tudes et les d\u00e9penses des membres.<\/li>\n<li>Ils re\u00e7oivent des dons priv\u00e9s de bienfaiteurs indon\u00e9siens.<\/li>\n<\/ol>\n<p style=\"padding-left: 40px;\"><strong>Propri\u00e9t\u00e9s:<\/strong> Mother House MSA \u00e0 Pakumbang - Nous sommes propri\u00e9taires du terrain. Il se trouve \u00e0 un kilom\u00e8tre de la paroisse de San Francisco. Il dispose de 20 chambres avec chapelle et salle de conf\u00e9rence, salle \u00e0 manger et une petite maison de retraite.<\/p>\n<p style=\"padding-left: 40px;\">Nous louons nos maisons d\u2019\u00e9tude (Malang et Yogyakarta) avec la possibilit\u00e9 d\u2019en acheter une \u00e0 Yogyakarta, situ\u00e9e dans deux rues de la facult\u00e9 pontificale.<\/p>\n<ol start=\"10\">\n<li><strong><em><u> Perspectives pour l'avenir.<\/u><\/em><\/strong><\/li>\n<\/ol>\n<p style=\"padding-left: 40px;\">Dieu merci, nous (MSA) avons l\u2019approbation et la b\u00e9n\u00e9diction du nouvel archev\u00eaque de Pontianak. Il est tr\u00e8s fraternel avec nous et nous a confi\u00e9 le territoire pastoral de Pakumbang, situ\u00e9 \u00e0 3 heures de la ville.<\/p>\n<p style=\"padding-left: 40px;\">Ils nous ont propos\u00e9 d'utiliser une maison priv\u00e9e pr\u00e8s du s\u00e9minaire dioc\u00e9sain de Pontianak, probablement comme maison de formation pour les \u00e9tudiants.<\/p>\n<p style=\"padding-left: 40px;\">Dieu nous b\u00e9nit en nous envoyant beaucoup de vocations! Tous les jeunes hommes, adultes professionnels. Il est urgent de compter sur la pr\u00e9sence de la Soci\u00e9t\u00e9 des MSA pour collaborer et mener \u00e0 bien cette mission immense et magnifique en Asie.<\/p><\/p>\n<\/div>\n<\/div><\/div><\/div><\/div><div id=\"pg-2566-1\"  class=\"panel-grid panel-no-style\" ><div id=\"pgc-2566-1-0\"  class=\"panel-grid-cell\" ><\/div><\/div><\/div>","protected":false},"excerpt":{"rendered":"<p>Le 26 mars 2013, avec la visite des P\u00e8res Isaac Martinez, MSA, Animateur g\u00e9n\u00e9ral et Edward Przygocki, MSA, conseiller g\u00e9n\u00e9ral, \u00e0 leur arriv\u00e9e vont c\u00e9l\u00e9br\u00e9 la Sainte Eucharistie pour comm\u00e9morer la mort du fondateur des MSA, le P\u00e8re Eus\u00e8be M\u00e9nard, OFM. C\u2019\u00e9tait le commencement officiel de la pr\u00e9sence des MSA en Indon\u00e9sie, dans l\u2019archidioc\u00e8se de [&hellip;]<\/p>\n","protected":false},"author":1,"featured_media":0,"parent":0,"menu_order":0,"comment_status":"closed","ping_status":"closed","template":"","meta":{"footnotes":""},"guten_post_layout_featured_media_urls":{"full":false,"thumbnail":false,"medium":false,"medium_large":false,"large":false,"1536x1536":false,"2048x2048":false,"guten_post_layout_landscape_large":false,"guten_post_layout_portrait_large":false,"guten_post_layout_square_large":false,"guten_post_layout_landscape":false,"guten_post_layout_portrait":false,"guten_post_layout_square":false,"post-thumbnail":false,"vantage-thumbnail-no-sidebar":false,"vantage-slide":false,"vantage-carousel":false,"vantage-grid-loop":false,"sow-carousel-default":false,"sow-post-carousel-overlay-theme":false},"rttpg_featured_image_url":null,"rttpg_author":{"display_name":"admin","author_link":"https:\/\/multimediamenard.org\/fr\/author\/admin\/"},"rttpg_comment":0,"rttpg_category":null,"rttpg_excerpt":"Le 26 mars 2013, avec la visite des P\u00e8res Isaac Martinez, MSA, Animateur g\u00e9n\u00e9ral et Edward Przygocki, MSA, conseiller g\u00e9n\u00e9ral, \u00e0 leur arriv\u00e9e vont c\u00e9l\u00e9br\u00e9 la Sainte Eucharistie pour comm\u00e9morer la mort du fondateur des MSA, le P\u00e8re Eus\u00e8be M\u00e9nard, OFM. C\u2019\u00e9tait le commencement officiel de la pr\u00e9sence des MSA en Indon\u00e9sie, dans l\u2019archidioc\u00e8se de\u2026","_links":{"self":[{"href":"https:\/\/multimediamenard.org\/fr\/wp-json\/wp\/v2\/pages\/2566"}],"collection":[{"href":"https:\/\/multimediamenard.org\/fr\/wp-json\/wp\/v2\/pages"}],"about":[{"href":"https:\/\/multimediamenard.org\/fr\/wp-json\/wp\/v2\/types\/page"}],"author":[{"embeddable":true,"href":"https:\/\/multimediamenard.org\/fr\/wp-json\/wp\/v2\/users\/1"}],"replies":[{"embeddable":true,"href":"https:\/\/multimediamenard.org\/fr\/wp-json\/wp\/v2\/comments?post=2566"}],"version-history":[{"count":18,"href":"https:\/\/multimediamenard.org\/fr\/wp-json\/wp\/v2\/pages\/2566\/revisions"}],"predecessor-version":[{"id":2572,"href":"https:\/\/multimediamenard.org\/fr\/wp-json\/wp\/v2\/pages\/2566\/revisions\/2572"}],"wp:attachment":[{"href":"https:\/\/multimediamenard.org\/fr\/wp-json\/wp\/v2\/media?parent=2566"}],"curies":[{"name":"wp","href":"https:\/\/api.w.org\/{rel}","templated":true}]}}