{"id":2626,"date":"2020-03-06T19:52:31","date_gmt":"2020-03-06T19:52:31","guid":{"rendered":"https:\/\/multimediamenard.org\/?page_id=2626"},"modified":"2020-03-09T01:31:45","modified_gmt":"2020-03-09T01:31:45","slug":"amazonia","status":"publish","type":"page","link":"https:\/\/multimediamenard.org\/fr\/amazonia\/","title":{"rendered":"Amazonie"},"content":{"rendered":"<div id=\"pl-2626\"  class=\"panel-layout\" ><div id=\"pg-2626-0\"  class=\"panel-grid panel-no-style\" ><div id=\"pgc-2626-0-0\"  class=\"panel-grid-cell panel-grid-cell-empty\" ><\/div><div id=\"pgc-2626-0-1\"  class=\"panel-grid-cell panel-grid-cell-mobile-last\" ><div id=\"panel-2626-0-1-0\" class=\"so-panel widget widget_media_image panel-first-child panel-last-child\" data-index=\"0\" ><img fetchpriority=\"high\" decoding=\"async\" width=\"350\" height=\"218\" src=\"https:\/\/multimediamenard.org\/wp-content\/uploads\/2020\/03\/Mars2020image01-436x272.png\" class=\"image wp-image-2610  attachment-350x218 size-350x218\" alt=\"\" style=\"max-width: 100%; height: auto;\" srcset=\"https:\/\/multimediamenard.org\/wp-content\/uploads\/2020\/03\/Mars2020image01-436x272.png 436w, https:\/\/multimediamenard.org\/wp-content\/uploads\/2020\/03\/Mars2020image01-300x187.png 300w, https:\/\/multimediamenard.org\/wp-content\/uploads\/2020\/03\/Mars2020image01-768x479.png 768w, https:\/\/multimediamenard.org\/wp-content\/uploads\/2020\/03\/Mars2020image01.png 773w\" sizes=\"(max-width: 350px) 100vw, 350px\" \/><\/div><\/div><div id=\"pgc-2626-0-2\"  class=\"panel-grid-cell panel-grid-cell-empty\" ><\/div><\/div><div id=\"pg-2626-1\"  class=\"panel-grid panel-no-style\" ><div id=\"pgc-2626-1-0\"  class=\"panel-grid-cell panel-grid-cell-empty\" ><\/div><div id=\"pgc-2626-1-1\"  class=\"panel-grid-cell panel-grid-cell-mobile-last\" ><div id=\"panel-2626-1-1-0\" class=\"so-panel widget widget_sow-editor panel-first-child panel-last-child\" data-index=\"1\" ><div\n\t\t\t\n\t\t\tclass=\"so-widget-sow-editor so-widget-sow-editor-base\"\n\t\t\t\n\t\t>\n<div class=\"siteorigin-widget-tinymce textwidget\">\n\t<h3>\n<h3 style=\"text-align: center;\"><strong><u>AMAZONIE: LE PAPE OUVRE LE SYNODE, DEMANDANT FID\u00c9LIT\u00c9 <\/u><\/strong><\/h3>\n<h3 style=\"text-align: center;\"><strong><u>AUX NOUVEAUT\u00c9S DE L'ESPRIT<\/u><\/strong><\/h3>\n<h4><strong><u>\u00a0<\/u><\/strong><\/h4>\n<h4>Afin de pouvoir \u00ab marcher ensemble \u00bb pour trouver de nouveaux chemins d\u2019\u00e9vang\u00e9lisation dans cette r\u00e9gion tr\u00e8s menac\u00e9e de la plan\u00e8te, le Pape souhaite, avant toute chose, que les p\u00e8res synodaux, 184 \u00e9v\u00eaques dont 113 venant de la r\u00e9gion pan-amazonienne, aient conscience d\u2019\u00eatre appel\u00e9s au Vatican pour servir : \u00ab Notre joie sera dans le service, car nous avons \u00e9t\u00e9 servis par Dieu, qui s\u2019est fait notre serviteur \u00bb.<\/h4>\n<h4><\/h4>\n<h4><strong><u>Des serviteurs et non des fonctionnaires<\/u><\/strong><\/h4>\n<h4><strong><u>\u00a0<\/u><\/strong><\/h4>\n<h4>Ils n\u2019ont pas sign\u00e9 de \u00ab contrat de travail \u00bb mais re\u00e7u un don de Dieu, l\u2019imposition des mains, pour \u00eatre \u00e0 leur tour \u00ab des mains lev\u00e9es qui interc\u00e8dent aupr\u00e8s du Seigneur et des mains tendues vers nos fr\u00e8res \u00bb, a expliqu\u00e9 le Pape. Or, a-t-il poursuivi, un don ne s\u2019\u00e9change pas, ni se vend, on le re\u00e7oit et on l\u2019offre.<\/h4>\n<h4>Fran\u00e7ois met en garde ceux qui seraient tent\u00e9s de s\u2019approprier ce don re\u00e7u, ou de ne pas le mettre au centre de leur action, ils deviendraient alors des fonctionnaires qui feraient du don, une fonction. Il en serait fini de la gratuit\u00e9. Ils finiraient par se servir eux-m\u00eames et par se servir de l\u2019Eglise.<\/h4>\n<h4>\u00ab Notre vie au contraire en raison du don re\u00e7u, est pour servir (\u2026) Nous n\u2019agissons pas pour obtenir un profit, un gain personnel, mais parce que nous avons re\u00e7u gratuitement et donnons gratuitement \u00bb.<\/h4>\n<p>&nbsp;<\/p><\/p>\n<\/div>\n<\/div><\/div><\/div><div id=\"pgc-2626-1-2\"  class=\"panel-grid-cell panel-grid-cell-empty\" ><\/div><\/div><div id=\"pg-2626-2\"  class=\"panel-grid panel-no-style\" ><div id=\"pgc-2626-2-0\"  class=\"panel-grid-cell panel-grid-cell-empty\" ><\/div><div id=\"pgc-2626-2-1\"  class=\"panel-grid-cell panel-grid-cell-mobile-last\" ><div id=\"panel-2626-2-1-0\" class=\"so-panel widget widget_media_image panel-first-child panel-last-child\" data-index=\"2\" ><img decoding=\"async\" width=\"299\" height=\"223\" src=\"https:\/\/multimediamenard.org\/wp-content\/uploads\/2020\/03\/Mars2020image02.png\" class=\"image wp-image-2611  attachment-full size-full\" alt=\"\" style=\"max-width: 100%; height: auto;\" \/><\/div><\/div><div id=\"pgc-2626-2-2\"  class=\"panel-grid-cell panel-grid-cell-empty\" ><\/div><\/div><div id=\"pg-2626-3\"  class=\"panel-grid panel-no-style\" ><div id=\"pgc-2626-3-0\"  class=\"panel-grid-cell panel-grid-cell-empty\" ><\/div><div id=\"pgc-2626-3-1\"  class=\"panel-grid-cell panel-grid-cell-mobile-last\" ><div id=\"panel-2626-3-1-0\" class=\"so-panel widget widget_sow-editor panel-first-child panel-last-child\" data-index=\"3\" ><div\n\t\t\t\n\t\t\tclass=\"so-widget-sow-editor so-widget-sow-editor-base\"\n\t\t\t\n\t\t>\n<div class=\"siteorigin-widget-tinymce textwidget\">\n\t<h4>\n<h4><strong><u>Raviver le don re\u00e7u<\/u><\/strong><\/h4>\n<h4>Pour \u00eatre fid\u00e8le \u00e0 cet appel, il est important de \u00ab raviver \u00bb le don re\u00e7u, l\u2019ap\u00f4tre Paul \u00e0 Timoth\u00e9e dans la deuxi\u00e8me lecture de ce jour. Ce don est en effet \u00ab un feu, c\u2019est un amour brulant envers dieu et envers nos fr\u00e8res \u00bb, a soulign\u00e9 Fran\u00e7ois.<\/h4>\n<h4>Mais un feu ne s\u2019entretient pas tout seul. \u00ab Il meurt s\u2019il n\u2019est pas maintenu en vie, il s\u2019\u00e9teint s\u2019il est couvert de cendres \u00bb.<\/h4>\n<h4>Le Pape rejette l\u2019immobilisme, le \u2018on a toujours fait comme \u00e7a\u2019. \u00ab Le don alors dispara\u00eet, suffoqu\u00e9 par les cendres des craintes et par la pr\u00e9occupation de d\u00e9fendre le status quo \u00bb. A la suite de Beno\u00eet XVI, il d\u00e9nonce une \u00c9glise qui se limiterait \u00e0 \u00ab une pastorale de l\u2019entretien en faveur de ceux qui connaissent d\u00e9j\u00e0 l\u2019\u00c9vangile \u00bb et plaide pour un \u00e9lan missionnaire, \u00ab signe clair de la maturit\u00e9 d\u2019une communaut\u00e9 eccl\u00e9siale \u00bb (Verbum Domini, n.95) \u00bb. \u00ab J\u00e9sus n\u2019est pas venu apporter la brise du soir mais un feu sur la terre \u00bb.<\/h4>\n<p>\n<\/div>\n<\/div><\/div><\/div><div id=\"pgc-2626-3-2\"  class=\"panel-grid-cell panel-grid-cell-empty\" ><\/div><\/div><div id=\"pg-2626-4\"  class=\"panel-grid panel-no-style\" ><div id=\"pgc-2626-4-0\"  class=\"panel-grid-cell panel-grid-cell-empty\" ><\/div><div id=\"pgc-2626-4-1\"  class=\"panel-grid-cell panel-grid-cell-mobile-last\" ><div id=\"panel-2626-4-1-0\" class=\"so-panel widget widget_media_image panel-first-child panel-last-child\" data-index=\"4\" ><img decoding=\"async\" width=\"333\" height=\"223\" src=\"https:\/\/multimediamenard.org\/wp-content\/uploads\/2020\/03\/Mars2020image03.png\" class=\"image wp-image-2612  attachment-full size-full\" alt=\"\" style=\"max-width: 100%; height: auto;\" srcset=\"https:\/\/multimediamenard.org\/wp-content\/uploads\/2020\/03\/Mars2020image03.png 333w, https:\/\/multimediamenard.org\/wp-content\/uploads\/2020\/03\/Mars2020image03-300x201.png 300w, https:\/\/multimediamenard.org\/wp-content\/uploads\/2020\/03\/Mars2020image03-272x182.png 272w\" sizes=\"(max-width: 333px) 100vw, 333px\" \/><\/div><\/div><div id=\"pgc-2626-4-2\"  class=\"panel-grid-cell panel-grid-cell-empty\" ><\/div><\/div><div id=\"pg-2626-5\"  class=\"panel-grid panel-no-style\" ><div id=\"pgc-2626-5-0\"  class=\"panel-grid-cell panel-grid-cell-empty\" ><\/div><div id=\"pgc-2626-5-1\"  class=\"panel-grid-cell panel-grid-cell-mobile-last\" ><div id=\"panel-2626-5-1-0\" class=\"so-panel widget widget_sow-editor panel-first-child panel-last-child\" data-index=\"5\" ><div\n\t\t\t\n\t\t\tclass=\"so-widget-sow-editor so-widget-sow-editor-base\"\n\t\t\t\n\t\t>\n<div class=\"siteorigin-widget-tinymce textwidget\">\n\t<h4>\n<h4><strong><u>Faire preuve d\u2019une prudence audacieuse<\/u><\/strong><\/h4>\n<h4>L\u2019Esprit Saint est le feu qui ravive le don, a expliqu\u00e9 le Pape. Un esprit de force, d\u2019amour et de pond\u00e9ration, dit saint Paul \u00e0 Timoth\u00e9e. Il n\u2019est pas timide, ind\u00e9cis, ou sur la d\u00e9fensive mais prudent, \u00ab une vertu qui dispose la raison pratique \u00e0 discerner en toute circonstance notre v\u00e9ritable bien et \u00e0 choisir les justes moyens pour l\u2019accomplir \u00bb (Cat\u00e9chisme, n.1806).<\/h4>\n<h4>Pour le Pape, la prudence est la vertu du Pasteur qui veut servir avec sagesse. \u00ab Une prudence audacieuse \u00bb qui ne laisse pas \u00ab les choses aller sans agir \u00bb.<\/h4>\n<h4>Le Pasteur est \u00e9galement appel\u00e9 \u00e0 prier pour recevoir la gr\u00e2ce d\u2019\u00eatre \u00ab sensible \u00bb et \u00ab fid\u00e8le \u00bb \u00e0 la \u00ab nouveaut\u00e9 de l\u2019Esprit \u00bb ; \u00ab qu\u2019il renouvelle les chemins pour l\u2019\u00c9glise en Amazonie afin que ne s\u2019\u00e9teigne pas le feu de la mission<\/h4><\/p>\n<\/div>\n<\/div><\/div><\/div><div id=\"pgc-2626-5-2\"  class=\"panel-grid-cell panel-grid-cell-empty\" ><\/div><\/div><div id=\"pg-2626-6\"  class=\"panel-grid panel-no-style\" ><div id=\"pgc-2626-6-0\"  class=\"panel-grid-cell panel-grid-cell-empty\" ><\/div><div id=\"pgc-2626-6-1\"  class=\"panel-grid-cell panel-grid-cell-mobile-last\" ><div id=\"panel-2626-6-1-0\" class=\"so-panel widget widget_media_image panel-first-child panel-last-child\" data-index=\"6\" ><img loading=\"lazy\" decoding=\"async\" width=\"351\" height=\"228\" src=\"https:\/\/multimediamenard.org\/wp-content\/uploads\/2020\/03\/Mars2020image04.png\" class=\"image wp-image-2613  attachment-full size-full\" alt=\"\" style=\"max-width: 100%; height: auto;\" srcset=\"https:\/\/multimediamenard.org\/wp-content\/uploads\/2020\/03\/Mars2020image04.png 351w, https:\/\/multimediamenard.org\/wp-content\/uploads\/2020\/03\/Mars2020image04-300x195.png 300w\" sizes=\"(max-width: 351px) 100vw, 351px\" \/><\/div><\/div><div id=\"pgc-2626-6-2\"  class=\"panel-grid-cell panel-grid-cell-empty\" ><\/div><\/div><div id=\"pg-2626-7\"  class=\"panel-grid panel-no-style\" ><div id=\"pgc-2626-7-0\"  class=\"panel-grid-cell panel-grid-cell-empty\" ><\/div><div id=\"pgc-2626-7-1\"  class=\"panel-grid-cell panel-grid-cell-mobile-last\" ><div id=\"panel-2626-7-1-0\" class=\"so-panel widget widget_sow-editor panel-first-child panel-last-child\" data-index=\"7\" ><div\n\t\t\t\n\t\t\tclass=\"so-widget-sow-editor so-widget-sow-editor-base\"\n\t\t\t\n\t\t>\n<div class=\"siteorigin-widget-tinymce textwidget\">\n\t<h4>\n<p><strong><u>Non aux \u00ab nouveaux colonialismes<\/u><\/strong><strong> \u00bb<\/strong><\/p>\n<p>Le Pape distingue le feu de Dieu qui \u00ab br\u00fble mais ne consume pas \u00bb, \u00ab un feu d\u2019amour qui \u00e9claire, r\u00e9chauffe et donne vie \u00bb, du feu du monde \u00ab qui embrase et d\u00e9vore \u00bb, an\u00e9antissant \u00ab sans amour et sans respect \u00bb les peuples et les cultures.<\/p>\n<p>&nbsp;<\/p>\n<p>Il \u00e9voque le feu \u00ab allum\u00e9 par des int\u00e9r\u00eats \u00bb responsable de la destruction r\u00e9cente d\u2019une partie de l\u2019Amazonie. \u00ab Ce n\u2019est pas celui de l\u2019\u00c9vangile \u00bb qui \u00ab attire et rassemble dans l\u2019unit\u00e9 \u00bb ; qui \u00abse nourrit de partage et non de profit \u00bb.<\/p>\n<p>Le Pape sait n\u00e9anmoins que \u00ab tant de fois \u00bb, le don de Dieu au lieu d\u2019\u00eatre offert, a \u00e9t\u00e9 impos\u00e9. \u00ab Que Dieu nous pr\u00e9serve de l\u2019avidit\u00e9 des nouveaux colonialismes ! \u00bb clame-t-il ce dimanche.<\/p>\n<p>A l\u2019ouverture de ce Synode, le Pape souligne \u00e9galement que le \u00ab feu d\u00e9vastateur embrase quand on ne veut d\u00e9fendre que des id\u00e9es personnelles, constituer son propre groupe, br\u00fbler les diversit\u00e9s pour uniformiser tout et tous. \u00bb<\/p><\/p>\n<\/div>\n<\/div><\/div><\/div><div id=\"pgc-2626-7-2\"  class=\"panel-grid-cell panel-grid-cell-empty\" ><\/div><\/div><div id=\"pg-2626-8\"  class=\"panel-grid panel-no-style\" ><div id=\"pgc-2626-8-0\"  class=\"panel-grid-cell panel-grid-cell-empty\" ><\/div><div id=\"pgc-2626-8-1\"  class=\"panel-grid-cell panel-grid-cell-mobile-last\" ><div id=\"panel-2626-8-1-0\" class=\"so-panel widget widget_media_image panel-first-child panel-last-child\" data-index=\"8\" ><img loading=\"lazy\" decoding=\"async\" width=\"308\" height=\"217\" src=\"https:\/\/multimediamenard.org\/wp-content\/uploads\/2020\/03\/Mars2020image05.png\" class=\"image wp-image-2614  attachment-full size-full\" alt=\"\" style=\"max-width: 100%; height: auto;\" srcset=\"https:\/\/multimediamenard.org\/wp-content\/uploads\/2020\/03\/Mars2020image05.png 308w, https:\/\/multimediamenard.org\/wp-content\/uploads\/2020\/03\/Mars2020image05-300x211.png 300w\" sizes=\"(max-width: 308px) 100vw, 308px\" \/><\/div><\/div><div id=\"pgc-2626-8-2\"  class=\"panel-grid-cell panel-grid-cell-empty\" ><\/div><\/div><div id=\"pg-2626-9\"  class=\"panel-grid panel-no-style\" ><div id=\"pgc-2626-9-0\"  class=\"panel-grid-cell panel-grid-cell-empty\" ><\/div><div id=\"pgc-2626-9-1\"  class=\"panel-grid-cell panel-grid-cell-mobile-last\" ><div id=\"panel-2626-9-1-0\" class=\"so-panel widget widget_sow-editor panel-first-child panel-last-child\" data-index=\"9\" ><div\n\t\t\t\n\t\t\tclass=\"so-widget-sow-editor so-widget-sow-editor-base\"\n\t\t\t\n\t\t>\n<div class=\"siteorigin-widget-tinymce textwidget\">\n\t<h4>\n<h4><strong><u>T\u00e9moigner jusqu\u2019au bout<\/u><\/strong><\/h4>\n<h4>L\u2019\u00c9vangile est le \u00ab crit\u00e8re principal pour la vie de l\u2019\u00c9glise \u00bb. S\u2019appuyant sur la derni\u00e8re exhortation de Paul \u00e0 Timoth\u00e9e, le Pape demande aux \u00e9v\u00eaques de t\u00e9moigner de l\u2019\u00c9vangile, sans honte. \u00ab Annoncer l\u2019\u00c9vangile, c\u2019est vivre l\u2019offrande, c\u2019est t\u00e9moigner jusqu\u2019au bout, c\u2019est se faire tout \u00e0 tous, c\u2019est aimer jusqu\u2019au martyre \u00bb, explique l\u2019ap\u00f4tre. Le pape qui remercie Dieu car au sein du coll\u00e8ge cardinalice, se trouvent certains fr\u00e8res cardinaux martyrs.<\/h4>\n<h4>Dernier encouragement, le Pape pr\u00e9cise qu\u2019il convient de servir l\u2019\u00c9vangile non avec la puissance du monde, mais avec la seule force de Dieu, \u00ab en restant toujours dans l\u2019amour humble, en croyant que l\u2019unique mani\u00e8re de poss\u00e9der la vie, c\u2019est de la perdre par amour \u00bb.<\/h4>\n<h4>Le Pape invite \u00e0 tourner le regard vers le c\u0153ur transperc\u00e9 de J\u00e9sus Crucifi\u00e9, l\u00e0 o\u00f9 a surgi le don, de l\u00e0 que jaillit l\u2019Esprit. En Amazonie, de nombreux missionnaires ont donn\u00e9 leur vie, affirme Fran\u00e7ois. Il invite ce dimanche les p\u00e8res synodaux \u00e0 marcher aux c\u00f4t\u00e9s de ceux qui ont donn\u00e9 et qui continuent de donner leur vie en Amazonie pour offrir l\u2019\u00c9vangile \u00e0 ceux qui attendent sa consolation lib\u00e9ratrice.<\/h4><\/p>\n<\/div>\n<\/div><\/div><\/div><div id=\"pgc-2626-9-2\"  class=\"panel-grid-cell panel-grid-cell-empty\" ><\/div><\/div><div id=\"pg-2626-10\"  class=\"panel-grid panel-no-style\" ><div id=\"pgc-2626-10-0\"  class=\"panel-grid-cell panel-grid-cell-empty\" ><\/div><div id=\"pgc-2626-10-1\"  class=\"panel-grid-cell panel-grid-cell-mobile-last\" ><div id=\"panel-2626-10-1-0\" class=\"so-panel widget widget_media_image panel-first-child panel-last-child\" data-index=\"10\" ><img loading=\"lazy\" decoding=\"async\" width=\"327\" height=\"205\" src=\"https:\/\/multimediamenard.org\/wp-content\/uploads\/2020\/03\/Mars2020image06.png\" class=\"image wp-image-2615  attachment-full size-full\" alt=\"\" style=\"max-width: 100%; height: auto;\" srcset=\"https:\/\/multimediamenard.org\/wp-content\/uploads\/2020\/03\/Mars2020image06.png 327w, https:\/\/multimediamenard.org\/wp-content\/uploads\/2020\/03\/Mars2020image06-300x188.png 300w\" sizes=\"(max-width: 327px) 100vw, 327px\" \/><\/div><\/div><div id=\"pgc-2626-10-2\"  class=\"panel-grid-cell panel-grid-cell-empty\" ><\/div><\/div><\/div>","protected":false},"excerpt":{"rendered":"<p>AMAZONIE: LE PAPE OUVRE LE SYNODE, DEMANDANT FID\u00c9LIT\u00c9 AUX NOUVEAUT\u00c9S DE L&rsquo;ESPRIT \u00a0 Afin de pouvoir \u00ab marcher ensemble \u00bb pour trouver de nouveaux chemins d\u2019\u00e9vang\u00e9lisation dans cette r\u00e9gion tr\u00e8s menac\u00e9e de la plan\u00e8te, le Pape souhaite, avant toute chose, que les p\u00e8res synodaux, 184 \u00e9v\u00eaques dont 113 venant de la r\u00e9gion pan-amazonienne, aient conscience [&hellip;]<\/p>\n","protected":false},"author":1,"featured_media":0,"parent":0,"menu_order":0,"comment_status":"closed","ping_status":"closed","template":"","meta":{"footnotes":""},"guten_post_layout_featured_media_urls":{"full":false,"thumbnail":false,"medium":false,"medium_large":false,"large":false,"1536x1536":false,"2048x2048":false,"guten_post_layout_landscape_large":false,"guten_post_layout_portrait_large":false,"guten_post_layout_square_large":false,"guten_post_layout_landscape":false,"guten_post_layout_portrait":false,"guten_post_layout_square":false,"post-thumbnail":false,"vantage-thumbnail-no-sidebar":false,"vantage-slide":false,"vantage-carousel":false,"vantage-grid-loop":false,"sow-carousel-default":false,"sow-post-carousel-overlay-theme":false},"rttpg_featured_image_url":null,"rttpg_author":{"display_name":"admin","author_link":"https:\/\/multimediamenard.org\/fr\/author\/admin\/"},"rttpg_comment":0,"rttpg_category":null,"rttpg_excerpt":"AMAZONIE: LE PAPE OUVRE LE SYNODE, DEMANDANT FID\u00c9LIT\u00c9 AUX NOUVEAUT\u00c9S DE L'ESPRIT \u00a0 Afin de pouvoir \u00ab marcher ensemble \u00bb pour trouver de nouveaux chemins d\u2019\u00e9vang\u00e9lisation dans cette r\u00e9gion tr\u00e8s menac\u00e9e de la plan\u00e8te, le Pape souhaite, avant toute chose, que les p\u00e8res synodaux, 184 \u00e9v\u00eaques dont 113 venant de la r\u00e9gion pan-amazonienne, aient conscience\u2026","_links":{"self":[{"href":"https:\/\/multimediamenard.org\/fr\/wp-json\/wp\/v2\/pages\/2626"}],"collection":[{"href":"https:\/\/multimediamenard.org\/fr\/wp-json\/wp\/v2\/pages"}],"about":[{"href":"https:\/\/multimediamenard.org\/fr\/wp-json\/wp\/v2\/types\/page"}],"author":[{"embeddable":true,"href":"https:\/\/multimediamenard.org\/fr\/wp-json\/wp\/v2\/users\/1"}],"replies":[{"embeddable":true,"href":"https:\/\/multimediamenard.org\/fr\/wp-json\/wp\/v2\/comments?post=2626"}],"version-history":[{"count":61,"href":"https:\/\/multimediamenard.org\/fr\/wp-json\/wp\/v2\/pages\/2626\/revisions"}],"predecessor-version":[{"id":2645,"href":"https:\/\/multimediamenard.org\/fr\/wp-json\/wp\/v2\/pages\/2626\/revisions\/2645"}],"wp:attachment":[{"href":"https:\/\/multimediamenard.org\/fr\/wp-json\/wp\/v2\/media?parent=2626"}],"curies":[{"name":"wp","href":"https:\/\/api.w.org\/{rel}","templated":true}]}}