{"id":2801,"date":"2020-05-05T01:34:34","date_gmt":"2020-05-05T01:34:34","guid":{"rendered":"https:\/\/multimediamenard.org\/?page_id=2801"},"modified":"2020-05-05T04:07:32","modified_gmt":"2020-05-05T04:07:32","slug":"mayo-2020","status":"publish","type":"page","link":"https:\/\/multimediamenard.org\/fr\/mayo-2020\/","title":{"rendered":"Mai 2020"},"content":{"rendered":"<div id=\"pl-2801\"  class=\"panel-layout\" ><div id=\"pg-2801-0\"  class=\"panel-grid panel-no-style\" ><div id=\"pgc-2801-0-0\"  class=\"panel-grid-cell panel-grid-cell-empty\" ><\/div><div id=\"pgc-2801-0-1\"  class=\"panel-grid-cell\" ><div id=\"panel-2801-0-1-0\" class=\"so-panel widget widget_sow-editor panel-first-child\" data-index=\"0\" ><div\n\t\t\t\n\t\t\tclass=\"so-widget-sow-editor so-widget-sow-editor-base\"\n\t\t\t\n\t\t>\n<div class=\"siteorigin-widget-tinymce textwidget\">\n\t<p><span style=\"font-size: 14pt;\"><strong>\u00c9COLE TH\u00c9OLOGIQUE SAINT CYPRIEN DE NGOYA-AU CAMEROUN<\/strong><\/span><\/p>\n<\/div>\n<\/div><\/div><div id=\"panel-2801-0-1-1\" class=\"so-panel widget widget_sow-editor\" data-index=\"1\" ><div\n\t\t\t\n\t\t\tclass=\"so-widget-sow-editor so-widget-sow-editor-base\"\n\t\t\t\n\t\t>\n<div class=\"siteorigin-widget-tinymce textwidget\">\n\t<p><img fetchpriority=\"high\" fetchpriority=\"high\" decoding=\"async\" class=\"size-full wp-image-2812 alignleft\" src=\"https:\/\/multimediamenard.org\/wp-content\/uploads\/2020\/05\/mai_2020_05.png\" alt=\"\" width=\"285\" height=\"183\" \/><\/p>\n<h4><\/h3>\n<h3>Le S\u00e9minaire Th\u00e9ologique Saint-Cyprien ouvrit ses portes, le 1<sup>er<\/sup>\u00a0octobre 1979, \u00e0 cinq scolastiques CICM venus de Kinshasa (Za\u00efre).\u00a0 Par \u00ab S\u00e9minaire Th\u00e9ologique Saint-Cyprien \u00bb, on entendait alors le complexe comprenant la communaut\u00e9 de formation cicm et l\u2019\u00e9tablissement scolaire.<\/h3>\n<h3>Fond\u00e9 par la Congr\u00e9gation du C\u0153ur Immacul\u00e9 de Marie (Missionnaires de Scheut) pour la formation de ses membres, le S\u00e9minaire Th\u00e9ologique Saint-Cyprien accueillit, d\u00e8s la rentr\u00e9e 1980, des religieux membres d\u2019autres Congr\u00e9gations ou Instituts. Concernant le corps professoral, il convient de noter que, d\u00e8s le d\u00e9but, il y avait d\u00e9j\u00e0 des non cicm qui fonctionnaient comme professeurs vacataires. Par ailleurs, il n\u2019est pas inutile de rappeler que le S\u00e9minaire Th\u00e9ologique Saint-Cyprien entendait \u00eatre une Institution pour la formation de jeunes religieux clercs missionnaires.<\/h3>\n<h3>A la fin de l\u2019ann\u00e9e acad\u00e9mique 1981-1982, lorsque les premiers finalistes terminaient le cursus institutionnel, le S\u00e9minaire Th\u00e9ologique Saint- Cyprien pouvait se r\u00e9jouir d\u2019avoir accueilli 32 \u00e9tudiants.\u00a0 Au cours de l\u2019ann\u00e9e 1982, le S\u00e9minaire Th\u00e9ologique Saint-Cyprien connut une profonde m\u00e9tamorphose: r\u00e9uni au Mont-F\u00ebbe du 12 au 17 avril 1982, le Comit\u00e9 restreint de la R\u00e9gion cicm d\u2019Afrique et la Commission r\u00e9gionale pour la Formation initiale cicm d\u00e9cid\u00e8rent de s\u00e9parer l\u2019\u00e9tablissement scolaire de la communaut\u00e9 de formation.\u00a0 A partir de ce moment, l\u2019\u00e9tablissement scolaire fut appel\u00e9 \u00c9cole Th\u00e9ologique Saint-Cyprien.<\/h3>\n<h4><\/h4>\n<p>&nbsp;<\/p>\n<p><audio src=\"https:\/\/multimediamenard.org\/wp-content\/uploads\/2019\/04\/Gente_de_fe.mp3\" autoplay=\"autoplay\" loop=\"loop\"><br \/>\nTu navegador no implementa el elemento audio.<br \/>\n<\/audio><\/p>\n<\/div>\n<\/div><\/div><div id=\"panel-2801-0-1-2\" class=\"so-panel widget widget_circleicon-widget\" data-index=\"2\" >\t\t<div class=\"circle-icon-box circle-icon-position-top circle-icon-hide-box circle-icon-size-small \">\n\t\t\t\t\t\t\t<div class=\"circle-icon-wrapper\">\n\t\t\t\t\t\t\t\t\t\t<a href=\"https:\/\/multimediamenard.org\/escuela-teologica-de-san-cipriano-de-ngoya-en-camerun-2\/\" class=\"link-icon\" >\t\t\t\t\t<div class=\"circle-icon icon-style-set\" style=\"background-image: url(https:\/\/multimediamenard.org\/escuela-teologica-de-san-cipriano-de-ngoya-en-camerun-2\/)\">\n\t\t\t\t\t\t\t\t\t\t\t\t\t<div class=\"fa fa-hand-o-right\" ><\/div>\n\t\t\t\t\t\t\t\t\t\t\t<\/div>\n\t\t\t\t\t<\/a>\t\t\t\t<\/div>\n\t\t\t\n\t\t\t\t\t\t\t<a href=\"https:\/\/multimediamenard.org\/escuela-teologica-de-san-cipriano-de-ngoya-en-camerun-2\/\" class=\"link-title\" >\n\t\t\t\t\t\t\t\t\t\t\t\t\t<\/a>\n\t\t\t\n\t\t\t\t\t\t\t\t\t\t<a\n\t\t\t\t\thref=\"https:\/\/multimediamenard.org\/escuela-teologica-de-san-cipriano-de-ngoya-en-camerun-2\/\"\n\t\t\t\t\tclass=\"more-button\"\n\t\t\t\t\t\t\t\t\t\t\t\t\t\t>\n\t\t\t\t\tMore Info <i><\/i>\n\t\t\t\t<\/a>\n\t\t\t\t\t<\/div>\n\t\t<\/div><div id=\"panel-2801-0-1-3\" class=\"widget_text so-panel widget widget_custom_html panel-last-child\" data-index=\"3\" ><div class=\"textwidget custom-html-widget\"><\/div><\/div><\/div><div id=\"pgc-2801-0-2\"  class=\"panel-grid-cell\" ><div id=\"panel-2801-0-2-0\" class=\"so-panel widget widget_sow-editor panel-first-child\" data-index=\"4\" ><div\n\t\t\t\n\t\t\tclass=\"so-widget-sow-editor so-widget-sow-editor-base\"\n\t\t\t\n\t\t>\n<div class=\"siteorigin-widget-tinymce textwidget\">\n\t<p><span style=\"font-family: 'arial black', sans-serif;\"> Emplacement <\/span><\/p>\n<\/div>\n<\/div><\/div><div id=\"panel-2801-0-2-1\" class=\"widget_text so-panel widget widget_custom_html\" data-index=\"5\" ><div class=\"textwidget custom-html-widget\"><iframe src=\"https:\/\/www.google.com\/maps\/embed?pb=!1m18!1m12!1m3!1d2794.2517872975336!2d-73.63898828500726!3d45.54526023605293!2m3!1f0!2f0!3f0!3m2!1i1024!2i768!4f13.1!3m3!1m2!1s0x4cc918dfda6d5bfd%3A0xaaaf1844e280381b!2s8594%20Rue%20Berri%2C%20Montr%C3%A9al%2C%20QC%20H2P%202Z4!5e0!3m2!1sfr!2sca!4v1585780186918!5m2!1sfr!2sca\" width=\"500\" height=\"200\" frameborder=\"0\" style=\"border:0;\" allowfullscreen=\"\" aria-hidden=\"false\" tabindex=\"0\"><\/iframe><\/div><\/div><div id=\"panel-2801-0-2-2\" class=\"so-panel widget widget_sow-editor\" data-index=\"6\" ><div\n\t\t\t\n\t\t\tclass=\"so-widget-sow-editor so-widget-sow-editor-base\"\n\t\t\t\n\t\t>\n<div class=\"siteorigin-widget-tinymce textwidget\">\n\t<p><span style=\"font-family: 'arial black', sans-serif;\"><strong> Les publications \u00a0 2019-2020<\/strong><\/span><\/p>\n<\/div>\n<\/div><\/div><\/div><\/div><\/div>","protected":false},"excerpt":{"rendered":"<p>\u00c9COLE TH\u00c9OLOGIQUE SAINT CYPRIEN DE NGOYA-AU CAMEROUN Le S\u00e9minaire Th\u00e9ologique Saint-Cyprien ouvrit ses portes, le 1er\u00a0octobre 1979, \u00e0 cinq scolastiques CICM venus de Kinshasa (Za\u00efre).\u00a0 Par \u00ab S\u00e9minaire Th\u00e9ologique Saint-Cyprien \u00bb, on entendait alors le complexe comprenant la communaut\u00e9 de formation cicm et l\u2019\u00e9tablissement scolaire. Fond\u00e9 par la Congr\u00e9gation du C\u0153ur Immacul\u00e9 de Marie (Missionnaires [&hellip;]<\/p>\n","protected":false},"author":1,"featured_media":0,"parent":0,"menu_order":0,"comment_status":"closed","ping_status":"closed","template":"","meta":{"footnotes":""},"guten_post_layout_featured_media_urls":{"full":false,"thumbnail":false,"medium":false,"medium_large":false,"large":false,"1536x1536":false,"2048x2048":false,"guten_post_layout_landscape_large":false,"guten_post_layout_portrait_large":false,"guten_post_layout_square_large":false,"guten_post_layout_landscape":false,"guten_post_layout_portrait":false,"guten_post_layout_square":false,"post-thumbnail":false,"vantage-thumbnail-no-sidebar":false,"vantage-slide":false,"vantage-carousel":false,"vantage-grid-loop":false,"sow-carousel-default":false,"sow-post-carousel-overlay-theme":false},"rttpg_featured_image_url":null,"rttpg_author":{"display_name":"admin","author_link":"https:\/\/multimediamenard.org\/fr\/author\/admin\/"},"rttpg_comment":0,"rttpg_category":null,"rttpg_excerpt":"\u00c9COLE TH\u00c9OLOGIQUE SAINT CYPRIEN DE NGOYA-AU CAMEROUN Le S\u00e9minaire Th\u00e9ologique Saint-Cyprien ouvrit ses portes, le 1er\u00a0octobre 1979, \u00e0 cinq scolastiques CICM venus de Kinshasa (Za\u00efre).\u00a0 Par \u00ab S\u00e9minaire Th\u00e9ologique Saint-Cyprien \u00bb, on entendait alors le complexe comprenant la communaut\u00e9 de formation cicm et l\u2019\u00e9tablissement scolaire. Fond\u00e9 par la Congr\u00e9gation du C\u0153ur Immacul\u00e9 de Marie (Missionnaires\u2026","_links":{"self":[{"href":"https:\/\/multimediamenard.org\/fr\/wp-json\/wp\/v2\/pages\/2801"}],"collection":[{"href":"https:\/\/multimediamenard.org\/fr\/wp-json\/wp\/v2\/pages"}],"about":[{"href":"https:\/\/multimediamenard.org\/fr\/wp-json\/wp\/v2\/types\/page"}],"author":[{"embeddable":true,"href":"https:\/\/multimediamenard.org\/fr\/wp-json\/wp\/v2\/users\/1"}],"replies":[{"embeddable":true,"href":"https:\/\/multimediamenard.org\/fr\/wp-json\/wp\/v2\/comments?post=2801"}],"version-history":[{"count":125,"href":"https:\/\/multimediamenard.org\/fr\/wp-json\/wp\/v2\/pages\/2801\/revisions"}],"predecessor-version":[{"id":2853,"href":"https:\/\/multimediamenard.org\/fr\/wp-json\/wp\/v2\/pages\/2801\/revisions\/2853"}],"wp:attachment":[{"href":"https:\/\/multimediamenard.org\/fr\/wp-json\/wp\/v2\/media?parent=2801"}],"curies":[{"name":"wp","href":"https:\/\/api.w.org\/{rel}","templated":true}]}}