{"id":2924,"date":"2020-05-05T03:03:53","date_gmt":"2020-05-05T03:03:53","guid":{"rendered":"https:\/\/multimediamenard.org\/?page_id=2924"},"modified":"2020-05-05T03:03:53","modified_gmt":"2020-05-05T03:03:53","slug":"escuela-teologica-de-san-cipriano-de-ngoya-en-camerun-2","status":"publish","type":"page","link":"https:\/\/multimediamenard.org\/fr\/escuela-teologica-de-san-cipriano-de-ngoya-en-camerun-2\/","title":{"rendered":"\u00c9COLE TH\u00c9OLOGIQUE SAINT CYPRIEN DE NGOYA-AU CAMEROUN"},"content":{"rendered":"<div id=\"pl-2924\"  class=\"panel-layout\" ><div id=\"pg-2924-0\"  class=\"panel-grid panel-no-style\" ><div id=\"pgc-2924-0-0\"  class=\"panel-grid-cell panel-grid-cell-empty\" ><\/div><div id=\"pgc-2924-0-1\"  class=\"panel-grid-cell\" ><div id=\"panel-2924-0-1-0\" class=\"so-panel widget widget_media_image panel-first-child panel-last-child\" data-index=\"0\" ><img fetchpriority=\"high\" decoding=\"async\" width=\"273\" height=\"184\" src=\"https:\/\/multimediamenard.org\/wp-content\/uploads\/2020\/05\/mai_2020_03.png\" class=\"image wp-image-2810  attachment-full size-full\" alt=\"\" style=\"max-width: 100%; height: auto;\" srcset=\"https:\/\/multimediamenard.org\/wp-content\/uploads\/2020\/05\/mai_2020_03.png 273w, https:\/\/multimediamenard.org\/wp-content\/uploads\/2020\/05\/mai_2020_03-272x182.png 272w\" sizes=\"(max-width: 273px) 100vw, 273px\" \/><\/div><\/div><div id=\"pgc-2924-0-2\"  class=\"panel-grid-cell panel-grid-cell-empty\" ><\/div><div id=\"pgc-2924-0-3\"  class=\"panel-grid-cell panel-grid-cell-mobile-last\" ><div id=\"panel-2924-0-3-0\" class=\"so-panel widget widget_media_image panel-first-child panel-last-child\" data-index=\"1\" ><img decoding=\"async\" width=\"282\" height=\"187\" src=\"https:\/\/multimediamenard.org\/wp-content\/uploads\/2020\/05\/mai_2020_04.png\" class=\"image wp-image-2811  attachment-full size-full\" alt=\"\" style=\"max-width: 100%; height: auto;\" \/><\/div><\/div><div id=\"pgc-2924-0-4\"  class=\"panel-grid-cell panel-grid-cell-empty\" ><\/div><\/div><div id=\"pg-2924-1\"  class=\"panel-grid panel-no-style\" ><div id=\"pgc-2924-1-0\"  class=\"panel-grid-cell panel-grid-cell-empty\" ><\/div><div id=\"pgc-2924-1-1\"  class=\"panel-grid-cell panel-grid-cell-mobile-last\" ><div id=\"panel-2924-1-1-0\" class=\"so-panel widget widget_sow-editor panel-first-child panel-last-child\" data-index=\"2\" ><div\n\t\t\t\n\t\t\tclass=\"so-widget-sow-editor so-widget-sow-editor-base\"\n\t\t\t\n\t\t>\n<div class=\"siteorigin-widget-tinymce textwidget\">\n\t<\/p>\n<h4><strong>2. CONSORTIUM<\/strong><br \/>\nLe changement fut b\u00e9n\u00e9fique pour l\u2019\u00c9cole. Il lui permit, \u00e0 long terme, de s\u2019ouvrir sans difficult\u00e9 \u00e0 l\u2019id\u00e9e d\u2019un \u00e9ventuel \u00ab Consortium \u00bb. L\u2019\u00c9cole Th\u00e9ologique Saint-Cyprien attira un nombre croissant d\u2019\u00e9tudiants religieux clercs, en attendant d\u2019accueillir des religieuses ou des candidats religieux comme \u00e9tudiants libres. Cependant, le Conseil g\u00e9n\u00e9ral cicm estima le moment venu de lancer l\u2019id\u00e9e d\u2019un \u00ab Consortium \u00bb qui permettrait \u00e0 plusieurs Congr\u00e9gations ou Instituts missionnaires de prendre solidairement en charge la responsabilit\u00e9 de l\u2019\u00c9cole, tant au niveau financier qu\u2019\u00e0 celui des cadres administratifs et enseignants.<br \/>\nApr\u00e8s de nombreuses consultations d\u2019experts et des instances g\u00e9n\u00e9ralices de quelques Instituts missionnaires au Cameroun, les Missionnaires du C\u0153ur Immacul\u00e9 de Marie, les Missionnaires du Sacr\u00e9-C\u0153ur et les Pr\u00eatres du Sacr\u00e9-C\u0153ur d\u00e9cid\u00e8rent de constituer un Consortium, avec l\u2019espoir que d\u2019autres Instituts missionnaires se joignent \u00e0 eux.<br \/>\nLe 26 juin 1985, l\u2019\u00c9cole Th\u00e9ologique Saint-Cyprien devint l\u2019\u00c9cole Th\u00e9ologique Inter-instituts Saint-Cyprien.<br \/>\nDe nouveaux Statuts furent adopt\u00e9s pour un an seulement. L\u2019ann\u00e9e 1986 fut mise \u00e0 profit pour en arriver \u00e0 des Statuts d\u00e9finitifs, acceptables par le droit canonique et par le droit civil camerounais. Le 26 d\u00e9cembre 1986, une Assembl\u00e9e g\u00e9n\u00e9rale constitutive \u00e9rigea l\u2019Association de l\u2019\u00c9cole Saint-Cyprien et en approuva les Statuts. L\u2019\u00c9cole Th\u00e9ologique Inter-Instituts Saint Cyprien redevint \u00c9cole Th\u00e9ologique Saint-Cyprien.<\/h4>\n<h4>Enfin, par son d\u00e9cret N\u00b0 20\/87\/95, Mgr Jean ZOA, Archev\u00eaque de Yaound\u00e9, \u00e9rigea l\u2019Association de l\u2019\u00c9cole Saint-Cyprien en personne juridique priv\u00e9e. De ce fait, l\u2019\u00c9cole Th\u00e9ologique Saint-Cyprien fut reconnue comme l\u2019\u0153uvre de l\u2019Association dont elle porte le nom.<br \/>\nNotons qu\u2019aux trois Instituts \u00ab fondateurs \u00bb se sont joints sept autres Instituts : les Missionnaires Fils du C\u0153ur Immacul\u00e9 de Marie (cmf) les Missionnaires Xav\u00e9riens (sx), les Missionnaires des Saints-Ap\u00f4tres (msa), la Soci\u00e9t\u00e9 de l\u2019apostolat catholique (sac), les Piaristes (sch. p.), les Spiritains (cssp) et les Sal\u00e9siens (sdb).<br \/>\nEt c\u2019est dans cette \u00c9cole Th\u00e9ologique s\u00e9rieux que nos jeunes membres font leurs quatre ann\u00e9es de Th\u00e9ologie.<\/h4>\n<\/h4>\n<p>&nbsp;<\/p>\n<\/div>\n<\/div><\/div><\/div><div id=\"pgc-2924-1-2\"  class=\"panel-grid-cell panel-grid-cell-empty\" ><\/div><\/div><div id=\"pg-2924-2\"  class=\"panel-grid panel-no-style\" ><div id=\"pgc-2924-2-0\"  class=\"panel-grid-cell panel-grid-cell-empty\" ><\/div><div id=\"pgc-2924-2-1\"  class=\"panel-grid-cell\" ><div id=\"panel-2924-2-1-0\" class=\"so-panel widget widget_media_image panel-first-child panel-last-child\" data-index=\"3\" ><img decoding=\"async\" width=\"270\" height=\"183\" src=\"https:\/\/multimediamenard.org\/wp-content\/uploads\/2020\/05\/mai_2020_06-1.png\" class=\"image wp-image-2819  attachment-full size-full\" alt=\"\" style=\"max-width: 100%; height: auto;\" \/><\/div><\/div><div id=\"pgc-2924-2-2\"  class=\"panel-grid-cell panel-grid-cell-empty\" ><\/div><div id=\"pgc-2924-2-3\"  class=\"panel-grid-cell panel-grid-cell-mobile-last\" ><div id=\"panel-2924-2-3-0\" class=\"so-panel widget widget_media_image panel-first-child panel-last-child\" data-index=\"4\" ><img loading=\"lazy\" decoding=\"async\" width=\"281\" height=\"180\" src=\"https:\/\/multimediamenard.org\/wp-content\/uploads\/2020\/05\/mai_2020_02.png\" class=\"image wp-image-2809  attachment-full size-full\" alt=\"\" style=\"max-width: 100%; height: auto;\" \/><\/div><\/div><div id=\"pgc-2924-2-4\"  class=\"panel-grid-cell panel-grid-cell-empty\" ><\/div><\/div><\/div>","protected":false},"excerpt":{"rendered":"<p>2. CONSORTIUM Le changement fut b\u00e9n\u00e9fique pour l\u2019\u00c9cole. Il lui permit, \u00e0 long terme, de s\u2019ouvrir sans difficult\u00e9 \u00e0 l\u2019id\u00e9e d\u2019un \u00e9ventuel \u00ab Consortium \u00bb. L\u2019\u00c9cole Th\u00e9ologique Saint-Cyprien attira un nombre croissant d\u2019\u00e9tudiants religieux clercs, en attendant d\u2019accueillir des religieuses ou des candidats religieux comme \u00e9tudiants libres. Cependant, le Conseil g\u00e9n\u00e9ral cicm estima le moment [&hellip;]<\/p>\n","protected":false},"author":1,"featured_media":0,"parent":0,"menu_order":0,"comment_status":"closed","ping_status":"closed","template":"","meta":{"footnotes":""},"guten_post_layout_featured_media_urls":{"full":false,"thumbnail":false,"medium":false,"medium_large":false,"large":false,"1536x1536":false,"2048x2048":false,"guten_post_layout_landscape_large":false,"guten_post_layout_portrait_large":false,"guten_post_layout_square_large":false,"guten_post_layout_landscape":false,"guten_post_layout_portrait":false,"guten_post_layout_square":false,"post-thumbnail":false,"vantage-thumbnail-no-sidebar":false,"vantage-slide":false,"vantage-carousel":false,"vantage-grid-loop":false,"sow-carousel-default":false,"sow-post-carousel-overlay-theme":false},"rttpg_featured_image_url":null,"rttpg_author":{"display_name":"admin","author_link":"https:\/\/multimediamenard.org\/fr\/author\/admin\/"},"rttpg_comment":0,"rttpg_category":null,"rttpg_excerpt":"2. CONSORTIUM Le changement fut b\u00e9n\u00e9fique pour l\u2019\u00c9cole. Il lui permit, \u00e0 long terme, de s\u2019ouvrir sans difficult\u00e9 \u00e0 l\u2019id\u00e9e d\u2019un \u00e9ventuel \u00ab Consortium \u00bb. L\u2019\u00c9cole Th\u00e9ologique Saint-Cyprien attira un nombre croissant d\u2019\u00e9tudiants religieux clercs, en attendant d\u2019accueillir des religieuses ou des candidats religieux comme \u00e9tudiants libres. Cependant, le Conseil g\u00e9n\u00e9ral cicm estima le moment\u2026","_links":{"self":[{"href":"https:\/\/multimediamenard.org\/fr\/wp-json\/wp\/v2\/pages\/2924"}],"collection":[{"href":"https:\/\/multimediamenard.org\/fr\/wp-json\/wp\/v2\/pages"}],"about":[{"href":"https:\/\/multimediamenard.org\/fr\/wp-json\/wp\/v2\/types\/page"}],"author":[{"embeddable":true,"href":"https:\/\/multimediamenard.org\/fr\/wp-json\/wp\/v2\/users\/1"}],"replies":[{"embeddable":true,"href":"https:\/\/multimediamenard.org\/fr\/wp-json\/wp\/v2\/comments?post=2924"}],"version-history":[{"count":38,"href":"https:\/\/multimediamenard.org\/fr\/wp-json\/wp\/v2\/pages\/2924\/revisions"}],"predecessor-version":[{"id":2962,"href":"https:\/\/multimediamenard.org\/fr\/wp-json\/wp\/v2\/pages\/2924\/revisions\/2962"}],"wp:attachment":[{"href":"https:\/\/multimediamenard.org\/fr\/wp-json\/wp\/v2\/media?parent=2924"}],"curies":[{"name":"wp","href":"https:\/\/api.w.org\/{rel}","templated":true}]}}