{"id":3014,"date":"2020-06-10T20:11:59","date_gmt":"2020-06-10T20:11:59","guid":{"rendered":"https:\/\/multimediamenard.org\/?page_id=3014"},"modified":"2020-07-22T15:40:23","modified_gmt":"2020-07-22T15:40:23","slug":"junio-2020","status":"publish","type":"page","link":"https:\/\/multimediamenard.org\/fr\/junio-2020\/","title":{"rendered":"Juin 2020"},"content":{"rendered":"<div id=\"pl-3014\"  class=\"panel-layout\" ><div id=\"pg-3014-0\"  class=\"panel-grid panel-no-style\" ><div id=\"pgc-3014-0-0\"  class=\"panel-grid-cell panel-grid-cell-empty\" ><\/div><div id=\"pgc-3014-0-1\"  class=\"panel-grid-cell\" ><div id=\"panel-3014-0-1-0\" class=\"so-panel widget widget_sow-editor panel-first-child\" data-index=\"0\" ><div\n\t\t\t\n\t\t\tclass=\"so-widget-sow-editor so-widget-sow-editor-base\"\n\t\t\t\n\t\t>\n<div class=\"siteorigin-widget-tinymce textwidget\">\n\t<\/p>\n<h2 style=\"text-align: center;\"><strong><u>MISSIONNAIRES DES SAINTS-APOTRES EN REPUBLIQUE DEMOCRATIQUE DU CONGO<\/u><\/strong><\/h2><\/p>\n<\/div>\n<\/div><\/div><div id=\"panel-3014-0-1-1\" class=\"so-panel widget widget_media_image\" data-index=\"1\" ><img fetchpriority=\"high\" decoding=\"async\" width=\"678\" height=\"298\" src=\"https:\/\/multimediamenard.org\/wp-content\/uploads\/2020\/06\/juin2020Foto20.png\" class=\"image wp-image-3034  attachment-full size-full\" alt=\"\" style=\"max-width: 100%; height: auto;\" srcset=\"https:\/\/multimediamenard.org\/wp-content\/uploads\/2020\/06\/juin2020Foto20.png 678w, https:\/\/multimediamenard.org\/wp-content\/uploads\/2020\/06\/juin2020Foto20-300x132.png 300w\" sizes=\"(max-width: 678px) 100vw, 678px\" \/><\/div><div id=\"panel-3014-0-1-2\" class=\"so-panel widget widget_sow-editor\" data-index=\"2\" ><div\n\t\t\t\n\t\t\tclass=\"so-widget-sow-editor so-widget-sow-editor-base\"\n\t\t\t\n\t\t>\n<div class=\"siteorigin-widget-tinymce textwidget\">\n\t<h3>1. <strong>Pr\u00e9sentation\u00a0<\/strong><\/h3>\n<h3>La R\u00e9publique D\u00e9mocratique du Congo (RD Congo), ex-Za\u00efre, jadis connu sous le nom de Congo-Belge. Ordinairement, on l\u2019appelle Congo-Kinshasa pour la distinguer de la R\u00e9publique populaire du Congo ou Congo-Brazzaville, jadis sous l\u2019appellation de Congo-fran\u00e7ais.<\/h3>\n<h3>L\u2019\u00c9glise en R\u00e9publique D\u00e9mocratique du Congo (RD Congo) t\u00e9moigne d\u2019une grande vitalit\u00e9, la population est tr\u00e8s majoritairement chr\u00e9tienne : catholiques, protestants, kimbanguistes, etc.<\/h3>\n<h3>Chez les catholiques, les maisons de formation religieuse (s\u00e9minaires, scolasticats et noviciats) sont bond\u00e9es de membres en formation. Il subsiste un vrai enthousiasme vocationnel quoiqu\u2019il ait beaucoup d\u2019obstacles.<\/h3>\n<p><audio src=\"https:\/\/multimediamenard.org\/wp-content\/uploads\/2019\/04\/Gente_de_fe.mp3\" autoplay=\"autoplay\" loop=\"loop\"><br \/>\nTu navegador no implementa el elemento audio.<br \/>\n<\/audio><\/p>\n<\/div>\n<\/div><\/div><div id=\"panel-3014-0-1-3\" class=\"so-panel widget widget_circleicon-widget panel-last-child\" data-index=\"3\" >\t\t<div class=\"circle-icon-box circle-icon-position-top circle-icon-hide-box circle-icon-size-small \">\n\t\t\t\t\t\t\t<div class=\"circle-icon-wrapper\">\n\t\t\t\t\t\t\t\t\t\t<a href=\"https:\/\/multimediamenard.org\/misioneros-de-los-santos-apostoles-en-la-republica-democratica-del-congo\/\" class=\"link-icon\" >\t\t\t\t\t<div class=\"circle-icon icon-style-set\" style=\"background-image: url(https:\/\/multimediamenard.org\/misioneros-de-los-santos-apostoles-en-la-republica-democratica-del-congo\/)\">\n\t\t\t\t\t\t\t\t\t\t\t\t\t<div class=\"fa fa-hand-o-right\" ><\/div>\n\t\t\t\t\t\t\t\t\t\t\t<\/div>\n\t\t\t\t\t<\/a>\t\t\t\t<\/div>\n\t\t\t\n\t\t\t\t\t\t\t<a href=\"https:\/\/multimediamenard.org\/misioneros-de-los-santos-apostoles-en-la-republica-democratica-del-congo\/\" class=\"link-title\" >\n\t\t\t\t\t\t\t\t\t\t\t\t\t<\/a>\n\t\t\t\n\t\t\t\t\t\t\t\t\t\t<a\n\t\t\t\t\thref=\"https:\/\/multimediamenard.org\/misioneros-de-los-santos-apostoles-en-la-republica-democratica-del-congo\/\"\n\t\t\t\t\tclass=\"more-button\"\n\t\t\t\t\t\t\t\t\t\t\t\t\t\t>\n\t\t\t\t\tMore Info <i><\/i>\n\t\t\t\t<\/a>\n\t\t\t\t\t<\/div>\n\t\t<\/div><\/div><div id=\"pgc-3014-0-2\"  class=\"panel-grid-cell\" ><div id=\"panel-3014-0-2-0\" class=\"so-panel widget widget_sow-editor panel-first-child\" data-index=\"4\" ><div\n\t\t\t\n\t\t\tclass=\"so-widget-sow-editor so-widget-sow-editor-base\"\n\t\t\t\n\t\t>\n<div class=\"siteorigin-widget-tinymce textwidget\">\n\t<p><span style=\"font-family: 'arial black', sans-serif;\"> Emplacement <\/span><\/p>\n<\/div>\n<\/div><\/div><div id=\"panel-3014-0-2-1\" class=\"widget_text so-panel widget widget_custom_html\" data-index=\"5\" ><div class=\"textwidget custom-html-widget\"><iframe src=\"https:\/\/www.google.com\/maps\/embed?pb=!1m18!1m12!1m3!1d2794.2517872975336!2d-73.63898828500726!3d45.54526023605293!2m3!1f0!2f0!3f0!3m2!1i1024!2i768!4f13.1!3m3!1m2!1s0x4cc918dfda6d5bfd%3A0xaaaf1844e280381b!2s8594%20Rue%20Berri%2C%20Montr%C3%A9al%2C%20QC%20H2P%202Z4!5e0!3m2!1sfr!2sca!4v1585780186918!5m2!1sfr!2sca\" width=\"500\" height=\"200\" frameborder=\"0\" style=\"border:0;\" allowfullscreen=\"\" aria-hidden=\"false\" tabindex=\"0\"><\/iframe><\/div><\/div><div id=\"panel-3014-0-2-2\" class=\"so-panel widget widget_sow-editor\" data-index=\"6\" ><div\n\t\t\t\n\t\t\tclass=\"so-widget-sow-editor so-widget-sow-editor-base\"\n\t\t\t\n\t\t>\n<div class=\"siteorigin-widget-tinymce textwidget\">\n\t<p><span style=\"font-family: 'arial black', sans-serif;\"><strong> Les publications \u00a0 2019-2020<\/strong><\/span><\/p>\n<\/div>\n<\/div><\/div><\/div><\/div><div id=\"pg-3014-1\"  class=\"panel-grid panel-no-style\" ><div id=\"pgc-3014-1-0\"  class=\"panel-grid-cell panel-grid-cell-empty panel-grid-cell-mobile-last\" ><\/div><div id=\"pgc-3014-1-1\"  class=\"panel-grid-cell panel-grid-cell-empty\" ><\/div><\/div><\/div>","protected":false},"excerpt":{"rendered":"<p>MISSIONNAIRES DES SAINTS-APOTRES EN REPUBLIQUE DEMOCRATIQUE DU CONGO 1. Pr\u00e9sentation\u00a0 La R\u00e9publique D\u00e9mocratique du Congo (RD Congo), ex-Za\u00efre, jadis connu sous le nom de Congo-Belge. Ordinairement, on l\u2019appelle Congo-Kinshasa pour la distinguer de la R\u00e9publique populaire du Congo ou Congo-Brazzaville, jadis sous l\u2019appellation de Congo-fran\u00e7ais. L\u2019\u00c9glise en R\u00e9publique D\u00e9mocratique du Congo (RD Congo) t\u00e9moigne d\u2019une [&hellip;]<\/p>\n","protected":false},"author":1,"featured_media":0,"parent":0,"menu_order":0,"comment_status":"closed","ping_status":"closed","template":"","meta":{"footnotes":""},"guten_post_layout_featured_media_urls":{"full":false,"thumbnail":false,"medium":false,"medium_large":false,"large":false,"1536x1536":false,"2048x2048":false,"guten_post_layout_landscape_large":false,"guten_post_layout_portrait_large":false,"guten_post_layout_square_large":false,"guten_post_layout_landscape":false,"guten_post_layout_portrait":false,"guten_post_layout_square":false,"post-thumbnail":false,"vantage-thumbnail-no-sidebar":false,"vantage-slide":false,"vantage-carousel":false,"vantage-grid-loop":false,"sow-carousel-default":false,"sow-post-carousel-overlay-theme":false},"rttpg_featured_image_url":null,"rttpg_author":{"display_name":"admin","author_link":"https:\/\/multimediamenard.org\/fr\/author\/admin\/"},"rttpg_comment":0,"rttpg_category":null,"rttpg_excerpt":"MISSIONNAIRES DES SAINTS-APOTRES EN REPUBLIQUE DEMOCRATIQUE DU CONGO 1. Pr\u00e9sentation\u00a0 La R\u00e9publique D\u00e9mocratique du Congo (RD Congo), ex-Za\u00efre, jadis connu sous le nom de Congo-Belge. Ordinairement, on l\u2019appelle Congo-Kinshasa pour la distinguer de la R\u00e9publique populaire du Congo ou Congo-Brazzaville, jadis sous l\u2019appellation de Congo-fran\u00e7ais. L\u2019\u00c9glise en R\u00e9publique D\u00e9mocratique du Congo (RD Congo) t\u00e9moigne d\u2019une\u2026","_links":{"self":[{"href":"https:\/\/multimediamenard.org\/fr\/wp-json\/wp\/v2\/pages\/3014"}],"collection":[{"href":"https:\/\/multimediamenard.org\/fr\/wp-json\/wp\/v2\/pages"}],"about":[{"href":"https:\/\/multimediamenard.org\/fr\/wp-json\/wp\/v2\/types\/page"}],"author":[{"embeddable":true,"href":"https:\/\/multimediamenard.org\/fr\/wp-json\/wp\/v2\/users\/1"}],"replies":[{"embeddable":true,"href":"https:\/\/multimediamenard.org\/fr\/wp-json\/wp\/v2\/comments?post=3014"}],"version-history":[{"count":42,"href":"https:\/\/multimediamenard.org\/fr\/wp-json\/wp\/v2\/pages\/3014\/revisions"}],"predecessor-version":[{"id":3218,"href":"https:\/\/multimediamenard.org\/fr\/wp-json\/wp\/v2\/pages\/3014\/revisions\/3218"}],"wp:attachment":[{"href":"https:\/\/multimediamenard.org\/fr\/wp-json\/wp\/v2\/media?parent=3014"}],"curies":[{"name":"wp","href":"https:\/\/api.w.org\/{rel}","templated":true}]}}