{"id":3150,"date":"2020-07-21T20:20:45","date_gmt":"2020-07-21T20:20:45","guid":{"rendered":"https:\/\/multimediamenard.org\/?page_id=3150"},"modified":"2020-07-22T15:41:16","modified_gmt":"2020-07-22T15:41:16","slug":"julio-2020","status":"publish","type":"page","link":"https:\/\/multimediamenard.org\/fr\/julio-2020\/","title":{"rendered":"Juillet"},"content":{"rendered":"<div id=\"pl-3150\"  class=\"panel-layout\" ><div id=\"pg-3150-0\"  class=\"panel-grid panel-no-style\" ><div id=\"pgc-3150-0-0\"  class=\"panel-grid-cell panel-grid-cell-empty\" ><\/div><div id=\"pgc-3150-0-1\"  class=\"panel-grid-cell\" ><div id=\"panel-3150-0-1-0\" class=\"so-panel widget widget_sow-editor panel-first-child\" data-index=\"0\" ><div\n\t\t\t\n\t\t\tclass=\"so-widget-sow-editor so-widget-sow-editor-base\"\n\t\t\t\n\t\t>\n<div class=\"siteorigin-widget-tinymce textwidget\">\n\t<\/div>\n<\/div><\/div><div id=\"panel-3150-0-1-1\" class=\"so-panel widget widget_sow-editor\" data-index=\"1\" ><div\n\t\t\t\n\t\t\tclass=\"so-widget-sow-editor so-widget-sow-editor-base\"\n\t\t\t\n\t\t>\n<div class=\"siteorigin-widget-tinymce textwidget\">\n\t<h3><img decoding=\"async\" class=\"size-full wp-image-3157 alignleft\" src=\"https:\/\/multimediamenard.org\/wp-content\/uploads\/2020\/07\/julio2020_01.png\" alt=\"\" width=\"154\" height=\"204\" \/><\/h3>\n<h3><span style=\"font-size: 14pt;\"><strong>1.PR\u00c9SENTATION<\/strong><\/span><\/h3>\n<h3>\n<span style=\"font-size: 14pt;\"><strong>1.1. Description sommaire de la D\u00e9l\u00e9gation<\/strong><\/span><br \/>\n<span style=\"font-size: 12pt;\">La Soci\u00e9t\u00e9 des Missionnaires des Saints-Ap\u00f4tres est pr\u00e9sente en Afrique depuis 1966.<\/span><br \/>\n<span style=\"font-size: 12pt;\">Les membres \u00e9taient constitu\u00e9s en R\u00e9gion jusqu\u2019en 2004. La R\u00e9gion MSA d\u2019Afrique a \u00e9t\u00e9 \u00e9rig\u00e9e en D\u00e9l\u00e9gation le 22 f\u00e9vrier 2004, par le P\u00e8re Raymond TREMBLAY. Depuis lors, six Animateurs se sont succ\u00e9d\u00e9s :\u00a0les P\u00e8res Henri Paradis (2004-2007),\u00a0 Victor ESSONO EKOE (2007-2010), Louis Herv\u00e9 BALEBA (2010-2013), Guy Paulin NGA (2013-2016) et L\u00e9on Pascal NKO (juillet 2016-2019) et Pierre ATEBA ABAMBA COME (2019 Jusqu\u2019\u00e0 nos jours).<\/span><\/h3>\n<h3><span style=\"font-size: 14pt;\"><strong>1.1.1. Membres<\/strong><\/span><br \/>\n<span style=\"font-size: 12pt;\">La D\u00e9l\u00e9gation d\u2019Afrique est actuellement compos\u00e9e de 68 membres au total,<\/span><br \/>\n<span style=\"font-size: 12pt;\">r\u00e9partis de la mani\u00e8re suivante :<\/span><br \/>\n<span style=\"font-size: 12pt;\">- Membres d\u00e9finitifs : 26<\/span><br \/>\n<span style=\"font-size: 12pt;\">- Membres temporaires : 10<\/span><br \/>\n<span style=\"font-size: 12pt;\">- Probanistes : 00<\/span><br \/>\n<span style=\"font-size: 12pt;\">- Postulants : 27<\/span><br \/>\n<span style=\"font-size: 12pt;\">- Aspirants internes : 05<\/span><\/h3>\n<h3><span style=\"font-size: 14pt;\"><strong>1.1.2. \u0152uvres<\/strong><\/span><br \/>\n<span style=\"font-size: 12pt;\">La D\u00e9l\u00e9gation d\u2019Afrique compte actuellement quatre \u0153uvres propres qui sont des maisons de formation.<\/span><br \/>\n<span style=\"font-size: 12pt;\">- La R\u00e9sidence de Nkolbisson (philosoph\u00e2t et Th\u00e9ologat),<\/span><br \/>\n<span style=\"font-size: 12pt;\">- Le Postulat de Nkolbisson (op\u00e9rationnel depuis septembre 2017)<\/span><br \/>\n<span style=\"font-size: 12pt;\">- La Maison de Probation Saint-Kisito, F\u00ebbe-village (Noviciat)<\/span><br \/>\n<span style=\"font-size: 12pt;\">- La Maison de la Providence Saint-Kisito: (Aspiranat)<\/span><br \/>\n<span style=\"font-size: 12pt;\">\u00c0 c\u00f4t\u00e9 de ces \u0153uvres propres, il existe d\u2019autres \u0153uvres o\u00f9 nous assurons enti\u00e8rement la gestion (les paroisses) ou y collaborons (les institutions). Ces \u0153uvres ou ces lieux de collaboration constituent nos principaux apostolats.<\/span><\/h3>\n<h3><\/span><\/h3>\n<\/div>\n<\/div><\/div><div id=\"panel-3150-0-1-2\" class=\"so-panel widget widget_circleicon-widget\" data-index=\"2\" >\t\t<div class=\"circle-icon-box circle-icon-position-top circle-icon-hide-box circle-icon-size-small \">\n\t\t\t\t\t\t\t<div class=\"circle-icon-wrapper\">\n\t\t\t\t\t\t\t\t\t\t<a href=\"https:\/\/multimediamenard.org\/sociedad-de-los-misioneros-de-los-santos-apostoles\/\" class=\"link-icon\" >\t\t\t\t\t<div class=\"circle-icon icon-style-set\" style=\"background-image: url(https:\/\/multimediamenard.org\/sociedad-de-los-misioneros-de-los-santos-apostoles\/)\">\n\t\t\t\t\t\t\t\t\t\t\t\t\t<div class=\"fa fa-hand-o-right\" ><\/div>\n\t\t\t\t\t\t\t\t\t\t\t<\/div>\n\t\t\t\t\t<\/a>\t\t\t\t<\/div>\n\t\t\t\n\t\t\t\t\t\t\t<a href=\"https:\/\/multimediamenard.org\/sociedad-de-los-misioneros-de-los-santos-apostoles\/\" class=\"link-title\" >\n\t\t\t\t\t\t\t\t\t\t\t\t\t<\/a>\n\t\t\t\n\t\t\t\t\t\t\t\t\t\t<a\n\t\t\t\t\thref=\"https:\/\/multimediamenard.org\/sociedad-de-los-misioneros-de-los-santos-apostoles\/\"\n\t\t\t\t\tclass=\"more-button\"\n\t\t\t\t\t\t\t\t\t\t\t\t\t\t>\n\t\t\t\t\tMore Info <i><\/i>\n\t\t\t\t<\/a>\n\t\t\t\t\t<\/div>\n\t\t<\/div><div id=\"panel-3150-0-1-3\" class=\"so-panel widget widget_sow-editor panel-last-child\" data-index=\"3\" ><div\n\t\t\t\n\t\t\tclass=\"so-widget-sow-editor so-widget-sow-editor-base\"\n\t\t\t\n\t\t>\n<div class=\"siteorigin-widget-tinymce textwidget\">\n\t<p><audio src=\"https:\/\/multimediamenard.org\/wp-content\/uploads\/2019\/04\/Gente_de_fe.mp3\" autoplay=\"autoplay\" loop=\"loop\"><br \/>\nTu navegador no implementa el elemento audio.<br \/>\n<\/audio><\/p>\n<\/div>\n<\/div><\/div><\/div><div id=\"pgc-3150-0-2\"  class=\"panel-grid-cell\" ><div id=\"panel-3150-0-2-0\" class=\"so-panel widget widget_sow-editor panel-first-child\" data-index=\"4\" ><div\n\t\t\t\n\t\t\tclass=\"so-widget-sow-editor so-widget-sow-editor-base\"\n\t\t\t\n\t\t>\n<div class=\"siteorigin-widget-tinymce textwidget\">\n\t<p><span style=\"font-family: 'arial black', sans-serif;\"> Emplacement <\/span><\/p>\n<\/div>\n<\/div><\/div><div id=\"panel-3150-0-2-1\" class=\"widget_text so-panel widget widget_custom_html\" data-index=\"5\" ><div class=\"textwidget custom-html-widget\"><iframe src=\"https:\/\/www.google.com\/maps\/embed?pb=!1m18!1m12!1m3!1d2794.2517872975336!2d-73.63898828500726!3d45.54526023605293!2m3!1f0!2f0!3f0!3m2!1i1024!2i768!4f13.1!3m3!1m2!1s0x4cc918dfda6d5bfd%3A0xaaaf1844e280381b!2s8594%20Rue%20Berri%2C%20Montr%C3%A9al%2C%20QC%20H2P%202Z4!5e0!3m2!1sfr!2sca!4v1585780186918!5m2!1sfr!2sca\" width=\"500\" height=\"200\" frameborder=\"0\" style=\"border:0;\" allowfullscreen=\"\" aria-hidden=\"false\" tabindex=\"0\"><\/iframe><\/div><\/div><div id=\"panel-3150-0-2-2\" class=\"so-panel widget widget_sow-editor\" data-index=\"6\" ><div\n\t\t\t\n\t\t\tclass=\"so-widget-sow-editor so-widget-sow-editor-base\"\n\t\t\t\n\t\t>\n<div class=\"siteorigin-widget-tinymce textwidget\">\n\t<p><span style=\"font-family: 'arial black', sans-serif;\"><strong> Les publications \u00a0 2019-2020<\/strong><\/span><\/p>\n<\/div>\n<\/div><\/div><\/div><\/div><\/div>","protected":false},"excerpt":{"rendered":"<p>1.PR\u00c9SENTATION 1.1. Description sommaire de la D\u00e9l\u00e9gation La Soci\u00e9t\u00e9 des Missionnaires des Saints-Ap\u00f4tres est pr\u00e9sente en Afrique depuis 1966. Les membres \u00e9taient constitu\u00e9s en R\u00e9gion jusqu\u2019en 2004. La R\u00e9gion MSA d\u2019Afrique a \u00e9t\u00e9 \u00e9rig\u00e9e en D\u00e9l\u00e9gation le 22 f\u00e9vrier 2004, par le P\u00e8re Raymond TREMBLAY. Depuis lors, six Animateurs se sont succ\u00e9d\u00e9s :\u00a0les P\u00e8res Henri [&hellip;]<\/p>\n","protected":false},"author":1,"featured_media":0,"parent":0,"menu_order":0,"comment_status":"closed","ping_status":"closed","template":"","meta":{"footnotes":""},"guten_post_layout_featured_media_urls":{"full":false,"thumbnail":false,"medium":false,"medium_large":false,"large":false,"1536x1536":false,"2048x2048":false,"guten_post_layout_landscape_large":false,"guten_post_layout_portrait_large":false,"guten_post_layout_square_large":false,"guten_post_layout_landscape":false,"guten_post_layout_portrait":false,"guten_post_layout_square":false,"post-thumbnail":false,"vantage-thumbnail-no-sidebar":false,"vantage-slide":false,"vantage-carousel":false,"vantage-grid-loop":false,"sow-carousel-default":false,"sow-post-carousel-overlay-theme":false},"rttpg_featured_image_url":null,"rttpg_author":{"display_name":"admin","author_link":"https:\/\/multimediamenard.org\/fr\/author\/admin\/"},"rttpg_comment":0,"rttpg_category":null,"rttpg_excerpt":"1.PR\u00c9SENTATION 1.1. Description sommaire de la D\u00e9l\u00e9gation La Soci\u00e9t\u00e9 des Missionnaires des Saints-Ap\u00f4tres est pr\u00e9sente en Afrique depuis 1966. Les membres \u00e9taient constitu\u00e9s en R\u00e9gion jusqu\u2019en 2004. La R\u00e9gion MSA d\u2019Afrique a \u00e9t\u00e9 \u00e9rig\u00e9e en D\u00e9l\u00e9gation le 22 f\u00e9vrier 2004, par le P\u00e8re Raymond TREMBLAY. Depuis lors, six Animateurs se sont succ\u00e9d\u00e9s :\u00a0les P\u00e8res Henri\u2026","_links":{"self":[{"href":"https:\/\/multimediamenard.org\/fr\/wp-json\/wp\/v2\/pages\/3150"}],"collection":[{"href":"https:\/\/multimediamenard.org\/fr\/wp-json\/wp\/v2\/pages"}],"about":[{"href":"https:\/\/multimediamenard.org\/fr\/wp-json\/wp\/v2\/types\/page"}],"author":[{"embeddable":true,"href":"https:\/\/multimediamenard.org\/fr\/wp-json\/wp\/v2\/users\/1"}],"replies":[{"embeddable":true,"href":"https:\/\/multimediamenard.org\/fr\/wp-json\/wp\/v2\/comments?post=3150"}],"version-history":[{"count":31,"href":"https:\/\/multimediamenard.org\/fr\/wp-json\/wp\/v2\/pages\/3150\/revisions"}],"predecessor-version":[{"id":3220,"href":"https:\/\/multimediamenard.org\/fr\/wp-json\/wp\/v2\/pages\/3150\/revisions\/3220"}],"wp:attachment":[{"href":"https:\/\/multimediamenard.org\/fr\/wp-json\/wp\/v2\/media?parent=3150"}],"curies":[{"name":"wp","href":"https:\/\/api.w.org\/{rel}","templated":true}]}}