{"id":3185,"date":"2020-07-22T02:42:48","date_gmt":"2020-07-22T02:42:48","guid":{"rendered":"https:\/\/multimediamenard.org\/?page_id=3185"},"modified":"2020-07-22T14:08:56","modified_gmt":"2020-07-22T14:08:56","slug":"sociedad-de-los-misioneros-de-los-santos-apostoles","status":"publish","type":"page","link":"https:\/\/multimediamenard.org\/fr\/sociedad-de-los-misioneros-de-los-santos-apostoles\/","title":{"rendered":"SOCI\u00c9T\u00c9 DES MISSIONNAIRES DES SAINTS-AP\u00d4TRE"},"content":{"rendered":"<div id=\"pl-3185\"  class=\"panel-layout\" ><div id=\"pg-3185-0\"  class=\"panel-grid panel-no-style\" ><div id=\"pgc-3185-0-0\"  class=\"panel-grid-cell panel-grid-cell-empty\" ><\/div><div id=\"pgc-3185-0-1\"  class=\"panel-grid-cell panel-grid-cell-mobile-last\" ><div id=\"panel-3185-0-1-0\" class=\"so-panel widget widget_sow-editor panel-first-child\" data-index=\"0\" ><div\n\t\t\t\n\t\t\tclass=\"so-widget-sow-editor so-widget-sow-editor-base\"\n\t\t\t\n\t\t>\n<div class=\"siteorigin-widget-tinymce textwidget\">\n\t<\/p>\n<p>1.1.3. Apostolats<\/p><\/p>\n<\/div>\n<\/div><\/div><div id=\"panel-3185-0-1-1\" class=\"so-panel widget widget_sow-editor panel-last-child\" data-index=\"1\" ><div\n\t\t\t\n\t\t\tclass=\"so-widget-sow-editor so-widget-sow-editor-base\"\n\t\t\t\n\t\t>\n<div class=\"siteorigin-widget-tinymce textwidget\">\n\t<p><img fetchpriority=\"high\" fetchpriority=\"high\" decoding=\"async\" class=\"aligncenter wp-image-3158 size-full\" src=\"https:\/\/multimediamenard.org\/wp-content\/uploads\/2020\/07\/julio2020_02.png\" alt=\"\" width=\"703\" height=\"261\" srcset=\"https:\/\/multimediamenard.org\/wp-content\/uploads\/2020\/07\/julio2020_02.png 703w, https:\/\/multimediamenard.org\/wp-content\/uploads\/2020\/07\/julio2020_02-300x111.png 300w\" sizes=\"(max-width: 703px) 100vw, 703px\" \/><\/p>\n<\/p>\n<h3><span style=\"font-size: 12pt;\">Les lieux d\u2019apostolat et de collaboration dans trois dioc\u00e8ses :<\/span><br \/>\n<span style=\"font-size: 12pt;\">- Les paroisses (3) : Saint-C\u0153ur de Marie d\u2019Omvan, ND-des-Sept-Douleurs d\u2019Ahala-Barri\u00e8re, Saint-Fran\u00e7ois <\/span><span style=\"font-size: 12pt;\">d\u2019Assise d\u2019Afanoyoa (Archidioc\u00e8se de Yaound\u00e9)<\/span><br \/>\n<span style=\"font-size: 12pt;\">- La Paroisse Saint-Luc de Tala et Coll\u00e8ge d\u2019enseignement g\u00e9n\u00e9ral et technique Saint-Beno\u00eet de Tala (dioc\u00e8se <\/span><span style=\"font-size: 12pt;\">d\u2019Obala)<\/span><br \/>\n<span style=\"font-size: 12pt;\">- Petit S\u00e9minaire Saint-Andr\u00e9 de Bafia (dioc\u00e8se de Bafia)<\/span><br \/>\n<span style=\"font-size: 12pt;\">- Institut de Philosophie Saint-Joseph-Mukasa (IPSJM), Yaound\u00e9<\/span><br \/>\n<strong><span style=\"font-size: 14pt;\">1.2. Les objectifs de la D\u00e9l\u00e9gation<\/span><\/strong><br \/>\n<strong><span style=\"font-size: 14pt;\">1.2.1. Le charisme et la mission<\/span><\/strong><\/h3>\n<\/p>\n<h3><span style=\"font-size: 12pt;\">- Poursuivre la pr\u00e9paration de nos jeunes pour la mission<\/span><br \/>\n<span style=\"font-size: 12pt;\">- Prise en charge d\u2019une nouvelle \u0153uvre dans la zone anglophone pour favoriser l\u2019int\u00e9gration de la langue anglaise<\/span><br \/>\n<span style=\"font-size: 12pt;\">- Agrandissement de la Maison de probation et construction d\u2019un postulat pour recevoir plus de candidats(travaux<\/span><br \/>\n<span style=\"font-size: 12pt;\">en finition)<\/span><br \/>\n<span style=\"font-size: 12pt;\">- Continuer l\u2019apprentissage de la langue espagnole dans notre maison de formation<\/span><br \/>\n<strong>1.2.2. La vie apostolique <\/strong><\/h3>\n<\/p>\n<p><img decoding=\"async\" class=\"wp-image-3160 size-full aligncenter\" src=\"https:\/\/multimediamenard.org\/wp-content\/uploads\/2020\/07\/julio2020_04.png\" alt=\"\" width=\"688\" height=\"256\" srcset=\"https:\/\/multimediamenard.org\/wp-content\/uploads\/2020\/07\/julio2020_04.png 688w, https:\/\/multimediamenard.org\/wp-content\/uploads\/2020\/07\/julio2020_04-300x112.png 300w\" sizes=\"(max-width: 688px) 100vw, 688px\" \/><\/p>\n<h3>\n<p><img decoding=\"async\" class=\"aligncenter wp-image-3161 size-full\" src=\"https:\/\/multimediamenard.org\/wp-content\/uploads\/2020\/07\/julio2020_05.png\" alt=\"\" width=\"666\" height=\"217\" srcset=\"https:\/\/multimediamenard.org\/wp-content\/uploads\/2020\/07\/julio2020_05.png 666w, https:\/\/multimediamenard.org\/wp-content\/uploads\/2020\/07\/julio2020_05-300x98.png 300w\" sizes=\"(max-width: 666px) 100vw, 666px\" \/><\/p>\n<\/p>\n<h3><span style=\"font-size: 12pt;\">- Vie en communaut\u00e9 autant dans les paroisses que dans les maisons de formation<\/span><br \/>\n<span style=\"font-size: 12pt;\">- Tenue effective des rencontres communautaires<\/span><br \/>\n<span style=\"font-size: 12pt;\">- Visite des confr\u00e8res dans les diff\u00e9rentes communaut\u00e9s<\/span><br \/>\n<span style=\"font-size: 12pt;\">- Assistance des confr\u00e8res malades<\/span><\/h3>\n<h3>\n<strong>1.2.4. La collaboration avec les la\u00efcs<\/strong><br \/>\n<span style=\"font-size: 12pt;\">La collaboration avec les la\u00efcs au sein de la D\u00e9l\u00e9gation s\u2019organise d\u00e9sormais autour d\u2019une association <\/span><span style=\"font-size: 12pt;\">d\u00e9nomm\u00e9e : \u00ab Famille des la\u00efcs associ\u00e9s des Missionnaires des Saints-Ap\u00f4tres \u00bb, cr\u00e9\u00e9e depuis f\u00e9vrier 2015.<\/span><\/h3>\n<\/p>\n<p><img loading=\"lazy\" loading=\"lazy\" decoding=\"async\" class=\"aligncenter wp-image-3162 size-full\" src=\"https:\/\/multimediamenard.org\/wp-content\/uploads\/2020\/07\/julio2020_06.png\" alt=\"\" width=\"399\" height=\"277\" srcset=\"https:\/\/multimediamenard.org\/wp-content\/uploads\/2020\/07\/julio2020_06.png 399w, https:\/\/multimediamenard.org\/wp-content\/uploads\/2020\/07\/julio2020_06-300x208.png 300w\" sizes=\"(max-width: 399px) 100vw, 399px\" \/><\/p>\n<\/p>\n<h3>\uf0d8 Organisation et activit\u00e9s de l\u2019Association<br \/>\n<span style=\"font-size: 12pt;\">L\u2019Association se r\u00e9unit chaque deuxi\u00e8me samedi du mois et s\u2019organise autour d\u2019un certain nombre d\u2019activit\u00e9s <\/span><span style=\"font-size: 12pt;\">pr\u00e9cises. Les activit\u00e9s r\u00e9guli\u00e8res ordinaires s\u2019articulent actuellement sur des rencontres mensuelles, au cours desquelles <\/span><span style=\"font-size: 12pt;\">le Charg\u00e9 du la\u00efcat donne un enseignement, \u00e0 travers un expos\u00e9 sur un th\u00e8me bien d\u00e9termin\u00e9 ; des \u00e9changes entre <\/span><span style=\"font-size: 12pt;\">membres sur la vie et les projets de l\u2019Association, les cotisations mensuelles. Le nombre des membres r\u00e9guliers oscille <\/span><span style=\"font-size: 12pt;\">entre 15 et 20.<\/span><br \/>\n<span style=\"font-size: 12pt;\">L\u2019Association s\u2019est d\u00e9j\u00e0 illustr\u00e9e \u00e0 travers son implication multiforme dans les c\u00e9l\u00e9brations communautaires <\/span><span style=\"font-size: 12pt;\">telles que les ordinations, les Premi\u00e8res promesses de fid\u00e9lit\u00e9 et d\u2019autres f\u00eates ou manifestations communautaires. La <\/span><span style=\"font-size: 12pt;\">famille des la\u00efcs associ\u00e9s MSA est \u00e9galement pr\u00e9sente et active lors des \u00e9v\u00e9nements malheureux tels que le d\u00e9c\u00e8s des <\/span><span style=\"font-size: 12pt;\">parents ou des membres des familles des confr\u00e8res \u00e9prouv\u00e9s.<\/span><\/h3>\n<h3>\n\uf0d8 Formation<br \/>\n<span style=\"font-size: 12pt;\">La formation dispens\u00e9e est doctrinale, spirituelle et pratique. Un enseignement mensuel sur un th\u00e8me <\/span><span style=\"font-size: 12pt;\">pr\u00e9alablement choisi, une r\u00e9collection trimestrielle et une retraite annuelle constituent les principaux lieux o\u00f9 se d\u00e9ploie <\/span><span style=\"font-size: 12pt;\">cette triple formation. Le but principal de ces enseignements, c\u2019est celui de former des leaders la\u00efcs capables de r\u00e9pondre <\/span><span style=\"font-size: 12pt;\">consciemment et efficacement de leur foi au sein de la soci\u00e9t\u00e9 et de l\u2019\u00c9glise en g\u00e9n\u00e9ral et dans la Soci\u00e9t\u00e9 des <\/span><span style=\"font-size: 12pt;\">Missionnaires des Saints-Ap\u00f4tres en particulier, o\u00f9 leur r\u00f4le et leur pr\u00e9sence sont indispensables dans la consolidation<\/span><br \/>\n<span style=\"font-size: 12pt;\">de notre identit\u00e9, de notre charisme et de notre mission au c\u0153ur de l\u2019\u00c9glise.<\/span><\/h3>\n<h3><span style=\"font-size: 12pt;\">A tout prendre, l\u2019organisation du la\u00efcat au sein de la D\u00e9l\u00e9gation est une r\u00e9alit\u00e9 effective dont les actions sont <\/span><span style=\"font-size: 12pt;\">rendues visibles. Il s\u2019agit \u00e0 pr\u00e9sent d\u2019acc\u00e9l\u00e9rer et d\u2019intensifier cette marche \u00e0 travers une int\u00e9gration d\u2019autres membres <\/span><span style=\"font-size: 12pt;\">venant d\u2019ailleurs que des familles des confr\u00e8res Saints-Ap\u00f4tres. Il s\u2019agit \u00e0 pr\u00e9sent d\u2019\u00e9tendre la sensibilisation et de <\/span><span style=\"font-size: 12pt;\">mobiliser \u00e9galement les la\u00efcs venant de nos diff\u00e9rentes paroisses et d\u2019ailleurs.<\/span><\/h3>\n<h3>\n1.2.5. La communication dans les r\u00e9seaux sociaux<br \/>\n<span style=\"font-size: 12pt;\">- Bulletin d\u2019information et de r\u00e9flexions \u00ab LE LIEN \u00bb (trois parutions par an)<\/span><br \/>\n<span style=\"font-size: 12pt;\">- Cr\u00e9ation d\u2019un groupe d\u2019amis sur Whatsapp r\u00e9unissant des confr\u00e8res de la D\u00e9l\u00e9gation : \u00ab M\u00e9nardien d\u2019Afrique \u00bb<\/span><\/h3>\n<\/p>\n<p>&nbsp;<\/p>\n<p>&nbsp;<\/p>\n<\/div>\n<\/div><\/div><\/div><div id=\"pgc-3185-0-2\"  class=\"panel-grid-cell panel-grid-cell-empty\" ><\/div><\/div><div id=\"pg-3185-1\"  class=\"panel-grid panel-no-style\" ><div id=\"pgc-3185-1-0\"  class=\"panel-grid-cell panel-grid-cell-empty\" ><\/div><div id=\"pgc-3185-1-1\"  class=\"panel-grid-cell panel-grid-cell-mobile-last\" ><div id=\"panel-3185-1-1-0\" class=\"so-panel widget widget_sow-accordion panel-first-child panel-last-child\" data-index=\"2\" ><div\n\t\t\t\n\t\t\tclass=\"so-widget-sow-accordion so-widget-sow-accordion-default-9ab81f6899c1-3185\"\n\t\t\t data-max-open-panels=\"1\" data-use-anchor-tags=\"false\" data-initial-scroll-panel=\"1\"\n\t\t><h3 class=\"widget-title\">ANALYSE DE LA SITUATION<\/h3><div>\n\t<div class=\"sow-accordion\">\n\t\t\t<div class=\"sow-accordion-panel\n\t\t\t\t\t\"\n\t\t\t\tdata-anchor-id=\"2-1-les-points-forts-de-la-delegation\">\n\t\t\t\t\t<div class=\"sow-accordion-panel-header-container\" role=\"heading\" aria-level=\"2\">\n\t\t\t\t\t<div class=\"sow-accordion-panel-header\" tabindex=\"0\" role=\"button\" id=\"accordion-label-2-1-les-points-forts-de-la-d%c3%a9l%c3%a9gation\" aria-controls=\"accordion-content-2-1-les-points-forts-de-la-d%c3%a9l%c3%a9gation\" aria-expanded=\"false\">\n\t\t\t\t\t\t<div class=\"sow-accordion-title sow-accordion-title-icon-left\">\n\t\t\t\t\t\t\t\t\t\t\t\t\t\t2.1. Les points forts de la D\u00e9l\u00e9gation\t\t\t\t\t\t\t\t\t\t\t\t\t<\/div>\n\t\t\t\t\t\t<div class=\"sow-accordion-open-close-button\">\n\t\t\t\t\t\t\t<div class=\"sow-accordion-open-button\">\n\t\t\t\t\t\t\t\t<span class=\"sow-icon-fontawesome sow-fas\" data-sow-icon=\"&#x2b;\"\n\t\t \n\t\taria-hidden=\"true\"><\/span>\t\t\t\t\t\t\t<\/div>\n\t\t\t\t\t\t\t<div class=\"sow-accordion-close-button\">\n\t\t\t\t\t\t\t\t<span class=\"sow-icon-fontawesome sow-fas\" data-sow-icon=\"&#xf068;\"\n\t\t \n\t\taria-hidden=\"true\"><\/span>\t\t\t\t\t\t\t<\/div>\n\t\t\t\t\t\t<\/div>\n\t\t\t\t\t<\/div>\n\t\t\t\t<\/div>\n\n\t\t\t<div\n\t\t\t\tclass=\"sow-accordion-panel-content\"\n\t\t\t\trole=\"region\"\n\t\t\t\taria-labelledby=\"accordion-label-2-1-les-points-forts-de-la-d%c3%a9l%c3%a9gation\"\n\t\t\t\tid=\"accordion-content-2-1-les-points-forts-de-la-d%c3%a9l%c3%a9gation\"\n\t\t\t\tstyle=\"display: none;\"\t\t\t>\n\t\t\t\t<div class=\"sow-accordion-panel-border\">\n\t\t\t\t\t<p><\/p>\n<h3><span style=\"font-size: 12pt;\">Solide formation acad\u00e9mique au niveau initial (philosophie et th\u00e9ologie)<\/span><br \/>\n<span style=\"font-size: 12pt;\">- Visibilit\u00e9 du charisme MSA (implication aux Matin\u00e9es vocationnelles MSA et dioc\u00e9saines, collaboration au <\/span><span style=\"font-size: 12pt;\">Petit S\u00e9minaire, journ\u00e9e des \u00e9tudiants MSA, production d\u2019un CD, Tricots etc.)<\/span><br \/>\n<span style=\"font-size: 12pt;\">- Animation r\u00e9guli\u00e8res des sessions sur le \u00ab discernement-Accompagnement \u00bb aux inter-noviciats et la session <\/span><span style=\"font-size: 12pt;\">sur les \u00ab m\u00e9diations \u00bb pour la pr\u00e9paration des v\u0153ux perp\u00e9tuels des jeunes prof\u00e8s et professes.<\/span><br \/>\n<span style=\"font-size: 12pt;\">- Animation des sessions et pr\u00e9sidence de la \u00ab Locomotive \u00bb, mise sur pied par la conf\u00e9rence des sup\u00e9rieurs <\/span><span style=\"font-size: 12pt;\">majeurs pour la formation continue des jeunes prof\u00e8s(ses).<\/span><br \/>\n<span style=\"font-size: 12pt;\">- Direction de l\u2019Institut de Philosophie Saint Joseph Mukasa<\/span><br \/>\n<span style=\"font-size: 12pt;\">- D\u00e9veloppement visible du sentiment d\u2019appartenance<\/span><br \/>\n<span style=\"font-size: 12pt;\">- M\u00e9diatisation de la Soci\u00e9t\u00e9 et du fondateur (Journal \u00ab LE LIEN \u00bb, interventions radiophoniques, expos\u00e9s,<\/span><span style=\"font-size: 12pt;\">etc.)<\/span><br \/>\n<span style=\"font-size: 12pt;\">- Formation sp\u00e9cialis\u00e9e des membres<\/span><br \/>\n<span style=\"font-size: 12pt;\">- Envoi en mission des membres<\/span><\/h3>\n<p><\/p>\t\t\t\t<\/div>\n\t\t\t<\/div>\n\t\t<\/div>\n\t\t\t<div class=\"sow-accordion-panel\n\t\t\t\t\t\"\n\t\t\t\tdata-anchor-id=\"2-2-les-points-faibles-de-la-delegation\">\n\t\t\t\t\t<div class=\"sow-accordion-panel-header-container\" role=\"heading\" aria-level=\"2\">\n\t\t\t\t\t<div class=\"sow-accordion-panel-header\" tabindex=\"0\" role=\"button\" id=\"accordion-label-2-2-les-points-faibles-de-la-d%c3%a9l%c3%a9gation\" aria-controls=\"accordion-content-2-2-les-points-faibles-de-la-d%c3%a9l%c3%a9gation\" aria-expanded=\"false\">\n\t\t\t\t\t\t<div class=\"sow-accordion-title sow-accordion-title-icon-left\">\n\t\t\t\t\t\t\t\t\t\t\t\t\t\t2.2. Les points faibles de la D\u00e9l\u00e9gation\t\t\t\t\t\t\t\t\t\t\t\t\t<\/div>\n\t\t\t\t\t\t<div class=\"sow-accordion-open-close-button\">\n\t\t\t\t\t\t\t<div class=\"sow-accordion-open-button\">\n\t\t\t\t\t\t\t\t<span class=\"sow-icon-fontawesome sow-fas\" data-sow-icon=\"&#x2b;\"\n\t\t \n\t\taria-hidden=\"true\"><\/span>\t\t\t\t\t\t\t<\/div>\n\t\t\t\t\t\t\t<div class=\"sow-accordion-close-button\">\n\t\t\t\t\t\t\t\t<span class=\"sow-icon-fontawesome sow-fas\" data-sow-icon=\"&#xf068;\"\n\t\t \n\t\taria-hidden=\"true\"><\/span>\t\t\t\t\t\t\t<\/div>\n\t\t\t\t\t\t<\/div>\n\t\t\t\t\t<\/div>\n\t\t\t\t<\/div>\n\n\t\t\t<div\n\t\t\t\tclass=\"sow-accordion-panel-content\"\n\t\t\t\trole=\"region\"\n\t\t\t\taria-labelledby=\"accordion-label-2-2-les-points-faibles-de-la-d%c3%a9l%c3%a9gation\"\n\t\t\t\tid=\"accordion-content-2-2-les-points-faibles-de-la-d%c3%a9l%c3%a9gation\"\n\t\t\t\tstyle=\"display: none;\"\t\t\t>\n\t\t\t\t<div class=\"sow-accordion-panel-border\">\n\t\t\t\t\t<h3><span style=\"font-size: 12pt;\"><\/span><\/h3>\n<h3><span style=\"font-size: 12pt;\">- Nombre insuffisant des membres pour la gestion des \u0153uvres et apostolats<\/span><br \/>\n<span style=\"font-size: 12pt;\">- Manque de pr\u00eatres disponibles pour nos maisons de formation<\/span><br \/>\n<span style=\"font-size: 12pt;\">- Manque de formateurs pr\u00e9par\u00e9s pour la formation des adultes<\/span><br \/>\n<span style=\"font-size: 12pt;\">- Tension entre certains formateurs et form\u00e9s dans les maisons de formation<\/span><br \/>\n<span style=\"font-size: 12pt;\">- Manque des structures g\u00e9n\u00e9ratrices des revenus et d\u2019autofinancement<\/span><br \/>\n<span style=\"font-size: 12pt;\">- Cumule de responsabilit\u00e9s exposant la sant\u00e9 des membres<\/span><br \/>\n<span style=\"font-size: 12pt;\">- D\u00e9penses impr\u00e9vues <\/span><\/h3>\n<h3><span style=\"font-size: 12pt;\"><\/span><\/h3>\t\t\t\t<\/div>\n\t\t\t<\/div>\n\t\t<\/div>\n\t\t\t<div class=\"sow-accordion-panel\n\t\t\t\t\t\"\n\t\t\t\tdata-anchor-id=\"2-3-la-situation-financiere-de-la-delegation\">\n\t\t\t\t\t<div class=\"sow-accordion-panel-header-container\" role=\"heading\" aria-level=\"2\">\n\t\t\t\t\t<div class=\"sow-accordion-panel-header\" tabindex=\"0\" role=\"button\" id=\"accordion-label-2-3-la-situation-financi%c3%a8re-de-la-d%c3%a9l%c3%a9gation\" aria-controls=\"accordion-content-2-3-la-situation-financi%c3%a8re-de-la-d%c3%a9l%c3%a9gation\" aria-expanded=\"false\">\n\t\t\t\t\t\t<div class=\"sow-accordion-title sow-accordion-title-icon-left\">\n\t\t\t\t\t\t\t\t\t\t\t\t\t\t2.3. La situation financi\u00e8re de la D\u00e9l\u00e9gation\t\t\t\t\t\t\t\t\t\t\t\t\t<\/div>\n\t\t\t\t\t\t<div class=\"sow-accordion-open-close-button\">\n\t\t\t\t\t\t\t<div class=\"sow-accordion-open-button\">\n\t\t\t\t\t\t\t\t<span class=\"sow-icon-fontawesome sow-fas\" data-sow-icon=\"&#x2b;\"\n\t\t \n\t\taria-hidden=\"true\"><\/span>\t\t\t\t\t\t\t<\/div>\n\t\t\t\t\t\t\t<div class=\"sow-accordion-close-button\">\n\t\t\t\t\t\t\t\t<span class=\"sow-icon-fontawesome sow-fas\" data-sow-icon=\"&#xf068;\"\n\t\t \n\t\taria-hidden=\"true\"><\/span>\t\t\t\t\t\t\t<\/div>\n\t\t\t\t\t\t<\/div>\n\t\t\t\t\t<\/div>\n\t\t\t\t<\/div>\n\n\t\t\t<div\n\t\t\t\tclass=\"sow-accordion-panel-content\"\n\t\t\t\trole=\"region\"\n\t\t\t\taria-labelledby=\"accordion-label-2-3-la-situation-financi%c3%a8re-de-la-d%c3%a9l%c3%a9gation\"\n\t\t\t\tid=\"accordion-content-2-3-la-situation-financi%c3%a8re-de-la-d%c3%a9l%c3%a9gation\"\n\t\t\t\tstyle=\"display: none;\"\t\t\t>\n\t\t\t\t<div class=\"sow-accordion-panel-border\">\n\t\t\t\t\t<h3><span style=\"font-size: 12pt;\"><\/span><\/h3>\n<h3><span style=\"font-size: 12pt;\">2.3.1. Op\u00e9rations g\u00e9n\u00e9rales<\/span><br \/>\n<span style=\"font-size: 12pt;\">La formation de nos \u00e9tudiants, les allocations des membres, assurance automobile, la sant\u00e9 et assurance maladie <\/span><span style=\"font-size: 12pt;\">des confr\u00e8res, salaire des employ\u00e9s, entretien mobilier, sont des op\u00e9rations g\u00e9n\u00e9rales que nous effectuons.<\/span><br \/>\n<span style=\"font-size: 12pt;\">2.3.2. Au niveau des membres<\/span><br \/>\n<span style=\"font-size: 12pt;\">Tous les membres re\u00e7oivent une allocation mensuelle. Le membre exer\u00e7ant un minist\u00e8re r\u00e9mun\u00e9r\u00e9 le <\/span><span style=\"font-size: 12pt;\">reverse \u00e0 la communaut\u00e9.<\/span><br \/>\n<span style=\"font-size: 12pt;\">2.3.3. Fonds<\/span><br \/>\n<span style=\"font-size: 12pt;\">Nos fonds proviennent en g\u00e9n\u00e9ral de notre \u00e9conomat provincial et en parti des apports des minist\u00e8res des <\/span><span style=\"font-size: 12pt;\">confr\u00e8res, des aides re\u00e7ues des tiers, des initiatives d\u2019autofinancement dans notre D\u00e9l\u00e9gation.<\/span><br \/>\n<span style=\"font-size: 12pt;\">2.3.4. Propri\u00e9t\u00e9s<\/span><br \/>\n<span style=\"font-size: 12pt;\">- Deux terrains d\u2019un et de neuf hectares acquis pour de projets futurs<\/span><br \/>\n<span style=\"font-size: 12pt;\">- Acquisition d\u2019une nouvelle maison \u00e0 F\u00ebbe (maison de la providence)<\/span><br \/>\n<span style=\"font-size: 12pt;\">- Rallonge de la maison saint Kisito (Temps de probation)<\/span><br \/>\n<span style=\"font-size: 12pt;\">- Maison postulat et accueil, Nkolbisson<\/span><br \/>\n<span style=\"font-size: 12pt;\">- R\u00e9sidence des Saints-Ap\u00f4tres, Nkolbisson<\/span><br \/>\n<span style=\"font-size: 12pt;\">2.3.5. Aper\u00e7u global de la situation financi\u00e8re face au futur<\/span><br \/>\n<span style=\"font-size: 12pt;\">- Notre situation financi\u00e8re s\u2019am\u00e9liore progressivement<\/span><br \/>\n<span style=\"font-size: 12pt;\">- Prise de conscience d\u2019une gestion mod\u00e9r\u00e9e<\/span><br \/>\n<span style=\"font-size: 12pt;\">- Mise sur pied d\u2019une commission de projet pour une gestion participative<\/span><br \/>\n<span style=\"font-size: 12pt;\">- Projets plus \u00e9labor\u00e9s en agriculture, menuiseries, coll\u00e8ge, poudre de gingembre.<\/span><\/h3>\n<h3><span style=\"font-size: 12pt;\"><\/span><\/h3>\t\t\t\t<\/div>\n\t\t\t<\/div>\n\t\t<\/div>\n\t\t<\/div>\n<\/div>\n<\/div><\/div><\/div><div id=\"pgc-3185-1-2\"  class=\"panel-grid-cell panel-grid-cell-empty\" ><\/div><\/div><div id=\"pg-3185-2\"  class=\"panel-grid panel-no-style\" ><div id=\"pgc-3185-2-0\"  class=\"panel-grid-cell\" ><\/div><div id=\"pgc-3185-2-1\"  class=\"panel-grid-cell panel-grid-cell-mobile-last\" ><div id=\"panel-3185-2-1-0\" class=\"so-panel widget widget_sow-accordion panel-first-child panel-last-child\" data-index=\"4\" ><div\n\t\t\t\n\t\t\tclass=\"so-widget-sow-accordion so-widget-sow-accordion-default-9ab81f6899c1-3185\"\n\t\t\t data-max-open-panels=\"1\" data-use-anchor-tags=\"false\" data-initial-scroll-panel=\"1\"\n\t\t><h3 class=\"widget-title\">3. PERSPECTIVES D\u2019AVENIR POUR LA D\u00c9L\u00c9GATION<\/h3><div>\n\t<div class=\"sow-accordion\">\n\t\t\t<div class=\"sow-accordion-panel\n\t\t\t\t\t\"\n\t\t\t\tdata-anchor-id=\"sow-accordion-14918839055f184597808d8166356981-0\">\n\t\t\t\t\t<div class=\"sow-accordion-panel-header-container\" role=\"heading\" aria-level=\"2\">\n\t\t\t\t\t<div class=\"sow-accordion-panel-header\" tabindex=\"0\" role=\"button\" id=\"accordion-label-sow-accordion-14918839055f184597808d8166356981-0\" aria-controls=\"accordion-content-sow-accordion-14918839055f184597808d8166356981-0\" aria-expanded=\"false\">\n\t\t\t\t\t\t<div class=\"sow-accordion-title sow-accordion-title-icon-left\">\n\t\t\t\t\t\t\t\t\t\t\t\t\t\t\t\t\t\t\t\t\t\t\t\t\t\t\t<\/div>\n\t\t\t\t\t\t<div class=\"sow-accordion-open-close-button\">\n\t\t\t\t\t\t\t<div class=\"sow-accordion-open-button\">\n\t\t\t\t\t\t\t\t<span class=\"sow-icon-fontawesome sow-fas\" data-sow-icon=\"&#x2b;\"\n\t\t \n\t\taria-hidden=\"true\"><\/span>\t\t\t\t\t\t\t<\/div>\n\t\t\t\t\t\t\t<div class=\"sow-accordion-close-button\">\n\t\t\t\t\t\t\t\t<span class=\"sow-icon-fontawesome sow-fas\" data-sow-icon=\"&#xf068;\"\n\t\t \n\t\taria-hidden=\"true\"><\/span>\t\t\t\t\t\t\t<\/div>\n\t\t\t\t\t\t<\/div>\n\t\t\t\t\t<\/div>\n\t\t\t\t<\/div>\n\n\t\t\t<div\n\t\t\t\tclass=\"sow-accordion-panel-content\"\n\t\t\t\trole=\"region\"\n\t\t\t\taria-labelledby=\"accordion-label-sow-accordion-14918839055f184597808d8166356981-0\"\n\t\t\t\tid=\"accordion-content-sow-accordion-14918839055f184597808d8166356981-0\"\n\t\t\t\tstyle=\"display: none;\"\t\t\t>\n\t\t\t\t<div class=\"sow-accordion-panel-border\">\n\t\t\t\t\t<h3><span style=\"font-size: 12pt;\"><\/span><\/h3>\n<h3><span style=\"font-size: 12pt;\">- La formation des formateurs pour nos \u00e9tudiants est le probl\u00e8me majeur<\/span><br \/>\n<span style=\"font-size: 12pt;\">- Continuer avec des formations sp\u00e9cialis\u00e9es pour les Instituts sup\u00e9rieurs de la place<\/span><br \/>\n<span style=\"font-size: 12pt;\">- Rendre plus visible notre identit\u00e9 et consolider notre unit\u00e9 dans le Seigneur J\u00e9sus<\/span><br \/>\n<span style=\"font-size: 12pt;\">- Viabiliser ou rendre productif nos nouvelles constructions<\/span><br \/>\n<span style=\"font-size: 12pt;\">- Clarifier davantage la gestion des finances et autres biens communs<\/span><br \/>\n<span style=\"font-size: 12pt;\">- Encourager la participation de tous les membres dans la vie de la D\u00e9l\u00e9gation<\/span><br \/>\n<span style=\"font-size: 12pt;\">- L\u2019autofinancement reste urgent et conditionne toutes les autres pr\u00e9occupations<\/span><br \/>\n<span style=\"font-size: 12pt;\">- L\u2019\u00e9tude actuarielle pr\u00e9sent\u00e9e \u00e0 la derni\u00e8re Assembl\u00e9e provinciale a clairement relev\u00e9 cette urgence de l\u2019autofinancement. <\/span><\/h3>\n<h3><span style=\"font-size: 12pt;\"><\/span><\/h3>\n<p>&nbsp;<\/p>\n<p>&nbsp;<\/p>\t\t\t\t<\/div>\n\t\t\t<\/div>\n\t\t<\/div>\n\t\t<\/div>\n<\/div>\n<\/div><\/div><\/div><div id=\"pgc-3185-2-2\"  class=\"panel-grid-cell panel-grid-cell-empty\" ><\/div><\/div><div id=\"pg-3185-3\"  class=\"panel-grid panel-no-style\" ><div id=\"pgc-3185-3-0\"  class=\"panel-grid-cell panel-grid-cell-empty\" ><\/div><div id=\"pgc-3185-3-1\"  class=\"panel-grid-cell panel-grid-cell-mobile-last\" ><\/div><div id=\"pgc-3185-3-2\"  class=\"panel-grid-cell panel-grid-cell-empty\" ><\/div><\/div><\/div>","protected":false},"excerpt":{"rendered":"<p>1.1.3. Apostolats Les lieux d\u2019apostolat et de collaboration dans trois dioc\u00e8ses : &#8211; Les paroisses (3) : Saint-C\u0153ur de Marie d\u2019Omvan, ND-des-Sept-Douleurs d\u2019Ahala-Barri\u00e8re, Saint-Fran\u00e7ois d\u2019Assise d\u2019Afanoyoa (Archidioc\u00e8se de Yaound\u00e9) &#8211; La Paroisse Saint-Luc de Tala et Coll\u00e8ge d\u2019enseignement g\u00e9n\u00e9ral et technique Saint-Beno\u00eet de Tala (dioc\u00e8se d\u2019Obala) &#8211; Petit S\u00e9minaire Saint-Andr\u00e9 de Bafia (dioc\u00e8se de Bafia) [&hellip;]<\/p>\n","protected":false},"author":1,"featured_media":0,"parent":0,"menu_order":0,"comment_status":"closed","ping_status":"closed","template":"","meta":{"footnotes":""},"guten_post_layout_featured_media_urls":{"full":false,"thumbnail":false,"medium":false,"medium_large":false,"large":false,"1536x1536":false,"2048x2048":false,"guten_post_layout_landscape_large":false,"guten_post_layout_portrait_large":false,"guten_post_layout_square_large":false,"guten_post_layout_landscape":false,"guten_post_layout_portrait":false,"guten_post_layout_square":false,"post-thumbnail":false,"vantage-thumbnail-no-sidebar":false,"vantage-slide":false,"vantage-carousel":false,"vantage-grid-loop":false,"sow-carousel-default":false,"sow-post-carousel-overlay-theme":false},"rttpg_featured_image_url":null,"rttpg_author":{"display_name":"admin","author_link":"https:\/\/multimediamenard.org\/fr\/author\/admin\/"},"rttpg_comment":0,"rttpg_category":null,"rttpg_excerpt":"1.1.3. Apostolats Les lieux d\u2019apostolat et de collaboration dans trois dioc\u00e8ses : - Les paroisses (3) : Saint-C\u0153ur de Marie d\u2019Omvan, ND-des-Sept-Douleurs d\u2019Ahala-Barri\u00e8re, Saint-Fran\u00e7ois d\u2019Assise d\u2019Afanoyoa (Archidioc\u00e8se de Yaound\u00e9) - La Paroisse Saint-Luc de Tala et Coll\u00e8ge d\u2019enseignement g\u00e9n\u00e9ral et technique Saint-Beno\u00eet de Tala (dioc\u00e8se d\u2019Obala) - Petit S\u00e9minaire Saint-Andr\u00e9 de Bafia (dioc\u00e8se de Bafia)\u2026","_links":{"self":[{"href":"https:\/\/multimediamenard.org\/fr\/wp-json\/wp\/v2\/pages\/3185"}],"collection":[{"href":"https:\/\/multimediamenard.org\/fr\/wp-json\/wp\/v2\/pages"}],"about":[{"href":"https:\/\/multimediamenard.org\/fr\/wp-json\/wp\/v2\/types\/page"}],"author":[{"embeddable":true,"href":"https:\/\/multimediamenard.org\/fr\/wp-json\/wp\/v2\/users\/1"}],"replies":[{"embeddable":true,"href":"https:\/\/multimediamenard.org\/fr\/wp-json\/wp\/v2\/comments?post=3185"}],"version-history":[{"count":16,"href":"https:\/\/multimediamenard.org\/fr\/wp-json\/wp\/v2\/pages\/3185\/revisions"}],"predecessor-version":[{"id":3202,"href":"https:\/\/multimediamenard.org\/fr\/wp-json\/wp\/v2\/pages\/3185\/revisions\/3202"}],"wp:attachment":[{"href":"https:\/\/multimediamenard.org\/fr\/wp-json\/wp\/v2\/media?parent=3185"}],"curies":[{"name":"wp","href":"https:\/\/api.w.org\/{rel}","templated":true}]}}