{"id":3533,"date":"2020-08-18T18:39:30","date_gmt":"2020-08-18T18:39:30","guid":{"rendered":"https:\/\/multimediamenard.org\/?page_id=3533"},"modified":"2020-08-18T20:12:59","modified_gmt":"2020-08-18T20:12:59","slug":"15-de-agosto-de-2020","status":"publish","type":"page","link":"https:\/\/multimediamenard.org\/fr\/15-de-agosto-de-2020\/","title":{"rendered":"15 ao\u00fbt 2020"},"content":{"rendered":"<div id=\"pl-3533\"  class=\"panel-layout\" ><div id=\"pg-3533-0\"  class=\"panel-grid panel-no-style\" ><div id=\"pgc-3533-0-0\"  class=\"panel-grid-cell panel-grid-cell-empty\" ><\/div><div id=\"pgc-3533-0-1\"  class=\"panel-grid-cell panel-grid-cell-mobile-last\" ><div id=\"panel-3533-0-1-0\" class=\"so-panel widget widget_media_image panel-first-child\" data-index=\"0\" ><img fetchpriority=\"high\" decoding=\"async\" width=\"1333\" height=\"283\" src=\"https:\/\/multimediamenard.org\/wp-content\/uploads\/2020\/08\/Cabecera_082020-e1597781223198.png\" class=\"image wp-image-3700  attachment-full size-full\" alt=\"\" style=\"max-width: 100%; height: auto;\" srcset=\"https:\/\/multimediamenard.org\/wp-content\/uploads\/2020\/08\/Cabecera_082020-e1597781223198.png 1333w, https:\/\/multimediamenard.org\/wp-content\/uploads\/2020\/08\/Cabecera_082020-e1597781223198-300x64.png 300w, https:\/\/multimediamenard.org\/wp-content\/uploads\/2020\/08\/Cabecera_082020-e1597781223198-1024x217.png 1024w, https:\/\/multimediamenard.org\/wp-content\/uploads\/2020\/08\/Cabecera_082020-e1597781223198-768x163.png 768w\" sizes=\"(max-width: 1333px) 100vw, 1333px\" \/><\/div><div id=\"panel-3533-0-1-1\" class=\"so-panel widget widget_sow-editor panel-last-child\" data-index=\"1\" ><div\n\t\t\t\n\t\t\tclass=\"so-widget-sow-editor so-widget-sow-editor-base\"\n\t\t\t\n\t\t>\n<div class=\"siteorigin-widget-tinymce textwidget\">\n\t<h3 style=\"text-align: right;\"><span style=\"font-family: 'times new roman', times, serif;\"><strong><span style=\"font-family: 'times new roman', times, serif; font-size: 14pt;\"><strong>Le 15\u00a0 AUGUST \u00a02020<\/strong><\/span><\/p>\n<h1 style=\"text-align: center;\"><strong>\u00a0<\/strong><span style=\"font-size: 24pt; font-family: 'times new roman', times, serif;\"><strong>MESSAGE DE L'\u00c9CONOME G\u00c9N\u00c9RAL<\/strong><\/span><\/h1>\n<h3 style=\"text-align: left;\"><span style=\"font-size: 14pt; font-family: 'times new roman', times, serif;\"><strong>Chers Fr\u00e8res et Pr\u00eatres M.S.A.<\/strong><\/span><\/h3>\n<h3 style=\"text-align: left;\"><span style=\"font-size: 14pt; font-family: 'times new roman', times, serif;\"><strong>Soci\u00e9t\u00e9 des Missionnaires des Saints-Ap\u00f4tres<\/strong><\/span><\/h3>\n<h3 style=\"text-align: left;\"><span style=\"font-size: 14pt; font-family: 'times new roman', times, serif;\">Recevez mes salutations les plus distingu\u00e9es dans le Seigneur J\u00e9sus et la Tr\u00e8s Sainte Vierge Marie.<\/span><\/h3>\n<h3><\/h3>\n<h3 style=\"text-align: right;\"><span style=\"font-family: 'times new roman', times, serif; font-size: 14pt;\"><strong>OBJET: NOUVEAU DIRECTOIRE G\u00c9N\u00c9RAL DE L'\u00c9CONOMIE<\/strong><\/span><\/h3>\n<p style=\"text-align: right;\"><\/h3>\n<\/div>\n<\/div><\/div><\/div><div id=\"pgc-3533-0-2\"  class=\"panel-grid-cell panel-grid-cell-empty\" ><\/div><\/div><div id=\"pg-3533-1\"  class=\"panel-grid panel-no-style\" ><div id=\"pgc-3533-1-0\"  class=\"panel-grid-cell panel-grid-cell-empty\" ><\/div><div id=\"pgc-3533-1-1\"  class=\"panel-grid-cell panel-grid-cell-mobile-last\" ><div id=\"panel-3533-1-1-0\" class=\"so-panel widget widget_sow-editor panel-first-child panel-last-child\" data-index=\"2\" ><div\n\t\t\t\n\t\t\tclass=\"so-widget-sow-editor so-widget-sow-editor-base\"\n\t\t\t\n\t\t>\n<div class=\"siteorigin-widget-tinymce textwidget\">\n\t<p><span style=\"font-family: 'times new roman', times, serif; font-size: 14pt;\"><img decoding=\"async\" class=\"size-full wp-image-3446 alignleft\" src=\"https:\/\/multimediamenard.org\/wp-content\/uploads\/2020\/08\/rogelio_01_08_2020.png\" alt=\"\" width=\"208\" height=\"240\" \/><\/span><\/p>\n<h4><span style=\"font-family: 'times new roman', times, serif; font-size: 14pt;\"><\/strong><\/span><span style=\"font-family: 'times new roman', times, serif; font-size: 14pt;\">Nous avons atteint un grand objectif que nous nous sommes fix\u00e9s depuis l'Assembl\u00e9e G\u00e9n\u00e9rale 2017, de mettre \u00e0 jour notre <strong>DIRECTOIRE G\u00c9N\u00c9RAL DE L'\u00c9CONOMIE<\/strong> (Proposition N \u00b0 21). Aujourd'hui nous l'avons atteint, avec la gr\u00e2ce de Dieu et les efforts de toute la Soci\u00e9t\u00e9.<\/span><\/h4>\n<h3><span style=\"font-family: 'times new roman', times, serif; font-size: 14pt;\">Cependant, dans un monde o\u00f9 les niveaux de pauvret\u00e9 augmentent \u00e0 l'\u00e9chelle mondiale ainsi que les in\u00e9galit\u00e9s, il est urgent d'aspirer \u00e0 un syst\u00e8me \u00e9conomique juste capable de r\u00e9pondre aux d\u00e9fis les plus radicaux auxquels l'humanit\u00e9 et la plan\u00e8te sont confront\u00e9es. Il ne s'agit pas simplement d'\u00ab<strong>avoir plus<\/strong>\u00bb, mais d'\u00ab<strong>\u00eatre plus<\/strong>\u00bb. Ce qu'il faut, c'est un renouvellement profond des c\u0153urs et des esprits pour que la personne humaine puisse toujours \u00eatre au centre de la vie sociale, culturelle et \u00e9conomique.<\/span><\/h3>\n<h3><span style=\"font-family: 'times new roman', times, serif; font-size: 14pt;\">De plus, un syst\u00e8me \u00e9conomique sans souci \u00e9thique ne conduit pas \u00e0 un ordre social juste, mais plut\u00f4t \u00e0 une culture de la consommation et du gaspillage. Par contre, lorsque nous reconnaissons la dimension morale de la vie \u00e9conomique, qui est l'un des nombreux aspects de la doctrine sociale de l'\u00c9glise, qui doit \u00eatre pleinement respect\u00e9e, nous pourrons alors agir avec une charit\u00e9 fraternelle, en d\u00e9sirant, recherchant et prot\u00e9geant le bien des autres et leur d\u00e9veloppement int\u00e9gral<a href=\"#_ftn1\" name=\"_ftnref1\">[1]<\/a>.<\/span><\/h3>\n<h3><span style=\"font-family: 'times new roman', times, serif; font-size: 14pt;\">C'est pourquoi, notre Directoire G\u00e9n\u00e9ral de l'\u00c9conomie, ne pr\u00e9tend pas donner une vision compl\u00e8te sur l'administration \u00e9conomique et financi\u00e8re de Notre Soci\u00e9t\u00e9 et encore moins sur l'immense r\u00e9alit\u00e9 de notre patrimoine qui va au-del\u00e0 de l'aspect humain et mat\u00e9riel et nous aide \u00e0 atteindre la pl\u00e9nitude en Dieu.<\/span><\/h3>\n<h3><span style=\"font-family: 'times new roman', times, serif; font-size: 14pt;\">L'\u00c9criture dit en effet (Actes 4, 32-35)<\/span>: <span style=\"font-family: 'times new roman', times, serif;\"><em>\u00ab La multitude des croyants n\u2019avait qu\u2019un seul c\u0153ur et qu\u2019une \u00e2me. Nul ne disait sien ce qui appartenait, mais entre eux tout \u00e9tait commun. Avec beaucoup de puissance, les ap\u00f4tres rendaient t\u00e9moignage \u00e0 la r\u00e9surrection du Seigneur J\u00e9sus, et ils jouissaient tous d\u2019une grande faveur. Aussi, parmi eux nul n\u2019\u00e9tait dans le besoin; car tous ceux qui poss\u00e9daient des terres ou des maisons les vendaient, apportaient le prix de la vente et le d\u00e9posaient aux pieds des ap\u00f4tres. On distribuait alors \u00e0 chacun suivant ses besoins\u00a0\u00bb<\/em><\/span>.<\/h3>\n<h3><span style=\"font-family: 'times new roman', times, serif; font-size: 14pt;\">Cependant, compte tenu de ce qui pr\u00e9c\u00e8de, je vous invite \u00e0 rester fermes et forts, malgr\u00e9 nos faiblesses et nos limites, nous nous engagerons \u00e0 mener \u00e0 bien notre mission \u00e0 l'image de Nos Mod\u00e8les et Patrons, la Vierge Marie et les Ap\u00f4tres qui ont jou\u00e9 un r\u00f4le fondamental dans l'\u00c9glise.<\/span><\/h3>\n<h3><span style=\"font-family: 'times new roman', times, serif; font-size: 14pt;\">Il ne me reste plus qu'\u00e0 vous remercier et vous f\u00e9liciter pour tout le travail et les efforts fournis. En effet, sans vos efforts, nous n'aurions pas atteint l'objectif que nous nous \u00e9tions fix\u00e9. Je vous remercie et Dieu vous comble de nombreuses b\u00e9n\u00e9dictions et comptez toujours sur mes humbles pri\u00e8res.<\/span><\/h3>\n<p style=\"text-align: center;\"><span style=\"text-decoration: underline;\"><strong><span style=\"font-family: 'times new roman', times, serif; font-size: 14pt;\">LE D\u00c9CRET D'APPROBATION <\/span><\/strong><\/span><\/p>\n<p style=\"text-align: center;\"><span style=\"text-decoration: underline;\"><strong><span style=\"font-family: 'times new roman', times, serif; font-size: 14pt;\">DU DIRECTOIRE G\u00c9N\u00c9RAL DE L'\u00c9CONOMIE <\/span><\/strong><\/span><\/p>\n<p style=\"text-align: center;\"><span style=\"text-decoration: underline;\"><strong><span style=\"font-family: 'times new roman', times, serif; font-size: 14pt;\">ENTRERA EN VIGUEUR LE 15 AO\u00dbT 2020<\/span><\/strong><\/span><\/p>\n<h3><\/span><\/span><\/h3>\n<\/div>\n<\/div><\/div><\/div><div id=\"pgc-3533-1-2\"  class=\"panel-grid-cell panel-grid-cell-empty\" ><\/div><\/div><div id=\"pg-3533-2\"  class=\"panel-grid panel-no-style\" ><div id=\"pgc-3533-2-0\"  class=\"panel-grid-cell panel-grid-cell-empty\" ><\/div><div id=\"pgc-3533-2-1\"  class=\"panel-grid-cell\" ><div id=\"panel-3533-2-1-0\" class=\"so-panel widget widget_sow-editor panel-first-child panel-last-child\" data-index=\"3\" ><div\n\t\t\t\n\t\t\tclass=\"so-widget-sow-editor so-widget-sow-editor-base\"\n\t\t\t\n\t\t>\n<div class=\"siteorigin-widget-tinymce textwidget\">\n\t<h3><span style=\"font-size: 18pt;\"><strong><span style=\"font-family: 'times new roman', times, serif;\"><span style=\"font-size: 18pt; font-family: 'times new roman', times, serif;\"><strong>Fraternellement:<\/strong><\/span><\/p>\n<p style=\"text-align: center;\"><span style=\"font-size: 18pt; font-family: 'times new roman', times, serif;\"><strong>\u00a0<\/strong><\/span><strong style=\"font-family: 'times new roman', times, serif; font-size: 18pt;\">Rogelio VARGAS ROBLES, M.S.A.<\/strong><\/p>\n<p style=\"text-align: center;\"><span style=\"font-size: 18pt; font-family: 'times new roman', times, serif;\"><strong>\u00c9conome G\u00e9n\u00e9ral<\/strong><\/span><\/p>\n<p><span style=\"font-family: 'times new roman', times, serif;\"><span style=\"font-size: 10pt;\">\u00a0<strong>[1]<\/strong>Vatican News, Audiencia del Papa Francisco al Consejo para un capitalismo inclusivo, 11 de Noviembre de 2019.<\/span><\/span><\/p>\n<h3><strong>\u00a0<\/strong><\/h3>\n<h5><span style=\"font-family: 'times new roman', times, serif;\"><a href=\"#_ftnref1\" name=\"_ftn1\"><\/a><\/span><\/h5>\n<\/div>\n<\/div><\/div><\/div><div id=\"pgc-3533-2-2\"  class=\"panel-grid-cell panel-grid-cell-mobile-last\" ><div id=\"panel-3533-2-2-0\" class=\"so-panel widget widget_media_image panel-first-child panel-last-child\" data-index=\"4\" ><img decoding=\"async\" width=\"150\" height=\"150\" src=\"https:\/\/multimediamenard.org\/wp-content\/uploads\/2020\/08\/MenarImage-150x150.png\" class=\"image wp-image-3535  attachment-thumbnail size-thumbnail\" alt=\"\" style=\"max-width: 100%; height: auto;\" \/><\/div><\/div><div id=\"pgc-3533-2-3\"  class=\"panel-grid-cell panel-grid-cell-empty\" ><\/div><\/div><\/div>","protected":false},"excerpt":{"rendered":"<p>Le 15\u00a0 AUGUST \u00a02020 \u00a0MESSAGE DE L&rsquo;\u00c9CONOME G\u00c9N\u00c9RAL Chers Fr\u00e8res et Pr\u00eatres M.S.A. Soci\u00e9t\u00e9 des Missionnaires des Saints-Ap\u00f4tres Recevez mes salutations les plus distingu\u00e9es dans le Seigneur J\u00e9sus et la Tr\u00e8s Sainte Vierge Marie. OBJET: NOUVEAU DIRECTOIRE G\u00c9N\u00c9RAL DE L&rsquo;\u00c9CONOMIE Nous avons atteint un grand objectif que nous nous sommes fix\u00e9s depuis l&rsquo;Assembl\u00e9e G\u00e9n\u00e9rale 2017, [&hellip;]<\/p>\n","protected":false},"author":1,"featured_media":0,"parent":0,"menu_order":0,"comment_status":"closed","ping_status":"closed","template":"","meta":{"footnotes":""},"guten_post_layout_featured_media_urls":{"full":false,"thumbnail":false,"medium":false,"medium_large":false,"large":false,"1536x1536":false,"2048x2048":false,"guten_post_layout_landscape_large":false,"guten_post_layout_portrait_large":false,"guten_post_layout_square_large":false,"guten_post_layout_landscape":false,"guten_post_layout_portrait":false,"guten_post_layout_square":false,"post-thumbnail":false,"vantage-thumbnail-no-sidebar":false,"vantage-slide":false,"vantage-carousel":false,"vantage-grid-loop":false,"sow-carousel-default":false,"sow-post-carousel-overlay-theme":false},"rttpg_featured_image_url":null,"rttpg_author":{"display_name":"admin","author_link":"https:\/\/multimediamenard.org\/fr\/author\/admin\/"},"rttpg_comment":0,"rttpg_category":null,"rttpg_excerpt":"Le 15\u00a0 AUGUST \u00a02020 \u00a0MESSAGE DE L'\u00c9CONOME G\u00c9N\u00c9RAL Chers Fr\u00e8res et Pr\u00eatres M.S.A. Soci\u00e9t\u00e9 des Missionnaires des Saints-Ap\u00f4tres Recevez mes salutations les plus distingu\u00e9es dans le Seigneur J\u00e9sus et la Tr\u00e8s Sainte Vierge Marie. OBJET: NOUVEAU DIRECTOIRE G\u00c9N\u00c9RAL DE L'\u00c9CONOMIE Nous avons atteint un grand objectif que nous nous sommes fix\u00e9s depuis l'Assembl\u00e9e G\u00e9n\u00e9rale 2017,\u2026","_links":{"self":[{"href":"https:\/\/multimediamenard.org\/fr\/wp-json\/wp\/v2\/pages\/3533"}],"collection":[{"href":"https:\/\/multimediamenard.org\/fr\/wp-json\/wp\/v2\/pages"}],"about":[{"href":"https:\/\/multimediamenard.org\/fr\/wp-json\/wp\/v2\/types\/page"}],"author":[{"embeddable":true,"href":"https:\/\/multimediamenard.org\/fr\/wp-json\/wp\/v2\/users\/1"}],"replies":[{"embeddable":true,"href":"https:\/\/multimediamenard.org\/fr\/wp-json\/wp\/v2\/comments?post=3533"}],"version-history":[{"count":123,"href":"https:\/\/multimediamenard.org\/fr\/wp-json\/wp\/v2\/pages\/3533\/revisions"}],"predecessor-version":[{"id":3648,"href":"https:\/\/multimediamenard.org\/fr\/wp-json\/wp\/v2\/pages\/3533\/revisions\/3648"}],"wp:attachment":[{"href":"https:\/\/multimediamenard.org\/fr\/wp-json\/wp\/v2\/media?parent=3533"}],"curies":[{"name":"wp","href":"https:\/\/api.w.org\/{rel}","templated":true}]}}