{"id":3858,"date":"2020-10-05T15:54:14","date_gmt":"2020-10-05T15:54:14","guid":{"rendered":"https:\/\/multimediamenard.org\/?page_id=3858"},"modified":"2020-10-06T17:58:00","modified_gmt":"2020-10-06T17:58:00","slug":"septiembre-2020","status":"publish","type":"page","link":"https:\/\/multimediamenard.org\/fr\/septiembre-2020\/","title":{"rendered":"Septembre 2020"},"content":{"rendered":"<div id=\"pl-3858\"  class=\"panel-layout\" ><div id=\"pg-3858-0\"  class=\"panel-grid panel-no-style\" ><div id=\"pgc-3858-0-0\"  class=\"panel-grid-cell panel-grid-cell-empty\" ><\/div><div id=\"pgc-3858-0-1\"  class=\"panel-grid-cell\" ><div id=\"panel-3858-0-1-0\" class=\"so-panel widget widget_sow-editor panel-first-child\" data-index=\"0\" ><div\n\t\t\t\n\t\t\tclass=\"so-widget-sow-editor so-widget-sow-editor-base\"\n\t\t\t\n\t\t>\n<div class=\"siteorigin-widget-tinymce textwidget\">\n\t<h3 style=\"text-align: center;\"><strong><\/strong><\/h4>\n<h3 style=\"text-align: center;\"><strong>SOCI\u00c9T\u00c9 DES MISSIONNAIRES DES SAINTS-AP\u00d4TRES<\/strong><br \/>\n<strong>PROVINCE DES \u00c9TATS-UNIS<\/strong><\/h3>\n<h4>1. Pr\u00e9sentation<\/h4>\n<h4><img fetchpriority=\"high\" fetchpriority=\"high\" decoding=\"async\" class=\"size-medium wp-image-3867 alignleft\" src=\"https:\/\/multimediamenard.org\/wp-content\/uploads\/2020\/10\/sep2020_01-267x300.png\" alt=\"\" width=\"267\" height=\"300\" srcset=\"https:\/\/multimediamenard.org\/wp-content\/uploads\/2020\/10\/sep2020_01-267x300.png 267w, https:\/\/multimediamenard.org\/wp-content\/uploads\/2020\/10\/sep2020_01.png 295w\" sizes=\"(max-width: 267px) 100vw, 267px\" \/><\/h4>\n<h4>La Province des \u00c9tats-Unis a \u00e9t\u00e9 fond\u00e9e au d\u00e9but de la Famille des Saints-Ap\u00f4tres avec le S\u00e9minaire des Saints-Ap\u00f4tres en 1957, \u00e0 Cromwell, CT, ainsi que les Maisons de Washington, DC, un peu plus tard. Lorsque le P\u00e8re M\u00e9nard quitta le Canada, il r\u00e9sida pendant quelques ann\u00e9es \u00e0 Washington avec les membres des futurs Missionnaires des Saints-Ap\u00f4tres (1962-1965), avant de d\u00e9m\u00e9nager au P\u00e9rou o\u00f9 il fonda la nouvelle Soci\u00e9t\u00e9 le 15 ao\u00fbt, 1962. A partir de 1965 ont fonctionn\u00e9 comme r\u00e9gion et apr\u00e8s comme province.<\/h4>\n<h4 style=\"padding-left: 40px;\"><\/h4>\n<h3><\/h3>\n<h3><\/h3>\n<h3><\/h3>\n<h3 style=\"text-align: center;\"><strong><\/strong><\/h3>\n<\/div>\n<\/div><\/div><div id=\"panel-3858-0-1-1\" class=\"so-panel widget widget_circleicon-widget\" data-index=\"1\" >\t\t<div class=\"circle-icon-box circle-icon-position-top circle-icon-hide-box circle-icon-size-small \">\n\t\t\t\t\t\t\t<div class=\"circle-icon-wrapper\">\n\t\t\t\t\t\t\t\t\t\t<a href=\"https:\/\/multimediamenard.org\/sociedad-de-los-misioneros-de-los-santos-apostoles-provincia-de-ee-uu\/\" class=\"link-icon\" >\t\t\t\t\t<div class=\"circle-icon icon-style-set\" style=\"background-image: url(https:\/\/multimediamenard.org\/sociedad-de-los-misioneros-de-los-santos-apostoles-provincia-de-ee-uu\/)\">\n\t\t\t\t\t\t\t\t\t\t\t\t\t<div class=\"fa fa-hand-o-right\" ><\/div>\n\t\t\t\t\t\t\t\t\t\t\t<\/div>\n\t\t\t\t\t<\/a>\t\t\t\t<\/div>\n\t\t\t\n\t\t\t\t\t\t\t<a href=\"https:\/\/multimediamenard.org\/sociedad-de-los-misioneros-de-los-santos-apostoles-provincia-de-ee-uu\/\" class=\"link-title\" >\n\t\t\t\t\t\t\t\t\t\t\t\t\t<\/a>\n\t\t\t\n\t\t\t\t\t\t\t\t\t\t<a\n\t\t\t\t\thref=\"https:\/\/multimediamenard.org\/sociedad-de-los-misioneros-de-los-santos-apostoles-provincia-de-ee-uu\/\"\n\t\t\t\t\tclass=\"more-button\"\n\t\t\t\t\t\t\t\t\t\t\t\t\t\t>\n\t\t\t\t\tMore Info <i><\/i>\n\t\t\t\t<\/a>\n\t\t\t\t\t<\/div>\n\t\t<\/div><div id=\"panel-3858-0-1-2\" class=\"widget_text so-panel widget widget_custom_html panel-last-child\" data-index=\"2\" ><div class=\"textwidget custom-html-widget\"><audio src=\"https:\/\/multimediamenard.org\/wp-content\/uploads\/2019\/04\/Gente_de_fe.mp3\" autoplay=\"autoplay\" loop=\"loop\">\nTu navegador no implementa el elemento audio.\n<\/audio><\/div><\/div><\/div><div id=\"pgc-3858-0-2\"  class=\"panel-grid-cell\" ><div id=\"panel-3858-0-2-0\" class=\"so-panel widget widget_sow-editor panel-first-child\" data-index=\"3\" ><div\n\t\t\t\n\t\t\tclass=\"so-widget-sow-editor so-widget-sow-editor-base\"\n\t\t\t\n\t\t>\n<div class=\"siteorigin-widget-tinymce textwidget\">\n\t<p><span style=\"font-family: 'arial black', sans-serif;\"> Emplacement <\/span><\/p>\n<\/div>\n<\/div><\/div><div id=\"panel-3858-0-2-1\" class=\"widget_text so-panel widget widget_custom_html\" data-index=\"4\" ><div class=\"textwidget custom-html-widget\"><iframe src=\"https:\/\/www.google.com\/maps\/embed?pb=!1m18!1m12!1m3!1d2794.2517872975336!2d-73.63898828500726!3d45.54526023605293!2m3!1f0!2f0!3f0!3m2!1i1024!2i768!4f13.1!3m3!1m2!1s0x4cc918dfda6d5bfd%3A0xaaaf1844e280381b!2s8594%20Rue%20Berri%2C%20Montr%C3%A9al%2C%20QC%20H2P%202Z4!5e0!3m2!1sfr!2sca!4v1585780186918!5m2!1sfr!2sca\" width=\"500\" height=\"200\" frameborder=\"0\" style=\"border:0;\" allowfullscreen=\"\" aria-hidden=\"false\" tabindex=\"0\"><\/iframe><\/div><\/div><div id=\"panel-3858-0-2-2\" class=\"so-panel widget widget_sow-editor\" data-index=\"5\" ><div\n\t\t\t\n\t\t\tclass=\"so-widget-sow-editor so-widget-sow-editor-base\"\n\t\t\t\n\t\t>\n<div class=\"siteorigin-widget-tinymce textwidget\">\n\t<p><span style=\"font-family: 'arial black', sans-serif;\"><strong> Les publications \u00a0 2019-2020<\/strong><\/span><\/p>\n<\/div>\n<\/div><\/div><\/div><\/div><\/div>","protected":false},"excerpt":{"rendered":"<p>SOCI\u00c9T\u00c9 DES MISSIONNAIRES DES SAINTS-AP\u00d4TRES PROVINCE DES \u00c9TATS-UNIS 1. Pr\u00e9sentation La Province des \u00c9tats-Unis a \u00e9t\u00e9 fond\u00e9e au d\u00e9but de la Famille des Saints-Ap\u00f4tres avec le S\u00e9minaire des Saints-Ap\u00f4tres en 1957, \u00e0 Cromwell, CT, ainsi que les Maisons de Washington, DC, un peu plus tard. Lorsque le P\u00e8re M\u00e9nard quitta le Canada, il r\u00e9sida pendant [&hellip;]<\/p>\n","protected":false},"author":1,"featured_media":0,"parent":0,"menu_order":0,"comment_status":"closed","ping_status":"closed","template":"","meta":{"footnotes":""},"guten_post_layout_featured_media_urls":{"full":false,"thumbnail":false,"medium":false,"medium_large":false,"large":false,"1536x1536":false,"2048x2048":false,"guten_post_layout_landscape_large":false,"guten_post_layout_portrait_large":false,"guten_post_layout_square_large":false,"guten_post_layout_landscape":false,"guten_post_layout_portrait":false,"guten_post_layout_square":false,"post-thumbnail":false,"vantage-thumbnail-no-sidebar":false,"vantage-slide":false,"vantage-carousel":false,"vantage-grid-loop":false,"sow-carousel-default":false,"sow-post-carousel-overlay-theme":false},"rttpg_featured_image_url":null,"rttpg_author":{"display_name":"admin","author_link":"https:\/\/multimediamenard.org\/fr\/author\/admin\/"},"rttpg_comment":0,"rttpg_category":null,"rttpg_excerpt":"SOCI\u00c9T\u00c9 DES MISSIONNAIRES DES SAINTS-AP\u00d4TRES PROVINCE DES \u00c9TATS-UNIS 1. Pr\u00e9sentation La Province des \u00c9tats-Unis a \u00e9t\u00e9 fond\u00e9e au d\u00e9but de la Famille des Saints-Ap\u00f4tres avec le S\u00e9minaire des Saints-Ap\u00f4tres en 1957, \u00e0 Cromwell, CT, ainsi que les Maisons de Washington, DC, un peu plus tard. Lorsque le P\u00e8re M\u00e9nard quitta le Canada, il r\u00e9sida pendant\u2026","_links":{"self":[{"href":"https:\/\/multimediamenard.org\/fr\/wp-json\/wp\/v2\/pages\/3858"}],"collection":[{"href":"https:\/\/multimediamenard.org\/fr\/wp-json\/wp\/v2\/pages"}],"about":[{"href":"https:\/\/multimediamenard.org\/fr\/wp-json\/wp\/v2\/types\/page"}],"author":[{"embeddable":true,"href":"https:\/\/multimediamenard.org\/fr\/wp-json\/wp\/v2\/users\/1"}],"replies":[{"embeddable":true,"href":"https:\/\/multimediamenard.org\/fr\/wp-json\/wp\/v2\/comments?post=3858"}],"version-history":[{"count":57,"href":"https:\/\/multimediamenard.org\/fr\/wp-json\/wp\/v2\/pages\/3858\/revisions"}],"predecessor-version":[{"id":3998,"href":"https:\/\/multimediamenard.org\/fr\/wp-json\/wp\/v2\/pages\/3858\/revisions\/3998"}],"wp:attachment":[{"href":"https:\/\/multimediamenard.org\/fr\/wp-json\/wp\/v2\/media?parent=3858"}],"curies":[{"name":"wp","href":"https:\/\/api.w.org\/{rel}","templated":true}]}}