{"id":4810,"date":"2021-02-01T17:07:05","date_gmt":"2021-02-01T17:07:05","guid":{"rendered":"https:\/\/multimediamenard.org\/?page_id=4810"},"modified":"2021-02-02T13:31:22","modified_gmt":"2021-02-02T13:31:22","slug":"enero-2021","status":"publish","type":"page","link":"https:\/\/multimediamenard.org\/fr\/enero-2021\/","title":{"rendered":"Janvier 2021"},"content":{"rendered":"<div id=\"pl-4810\"  class=\"panel-layout\" ><div id=\"pg-4810-0\"  class=\"panel-grid panel-no-style\" ><div id=\"pgc-4810-0-0\"  class=\"panel-grid-cell panel-grid-cell-empty\" ><\/div><div id=\"pgc-4810-0-1\"  class=\"panel-grid-cell panel-grid-cell-mobile-last\" ><div id=\"panel-4810-0-1-0\" class=\"so-panel widget widget_sow-editor panel-first-child panel-last-child\" data-index=\"0\" ><div\n\t\t\t\n\t\t\tclass=\"so-widget-sow-editor so-widget-sow-editor-base\"\n\t\t\t\n\t\t>\n<div class=\"siteorigin-widget-tinymce textwidget\">\n\t<p>&nbsp;<\/p>\n<p><strong><u><img fetchpriority=\"high\" fetchpriority=\"high\" decoding=\"async\" class=\"wp-image-4815  aligncenter\" src=\"https:\/\/multimediamenard.org\/wp-content\/uploads\/2021\/02\/janvier2021-01-300x193.png\" alt=\"\" width=\"379\" height=\"244\" srcset=\"https:\/\/multimediamenard.org\/wp-content\/uploads\/2021\/02\/janvier2021-01-300x193.png 300w, https:\/\/multimediamenard.org\/wp-content\/uploads\/2021\/02\/janvier2021-01-768x495.png 768w, https:\/\/multimediamenard.org\/wp-content\/uploads\/2021\/02\/janvier2021-01.png 855w\" sizes=\"(max-width: 379px) 100vw, 379px\" \/><\/u><\/strong><\/p>\n<\/p>\n<p style=\"text-align: center;\"><strong><u>CHAMPIGNON ATOMIQUE AU-DESSUS DU JAPON EN 1945.<\/u><\/strong><\/p>\n<p>&nbsp;<\/p>\n<p>Deux dates qui repr\u00e9sentent un avertissement ind\u00e9l\u00e9bile pour l'humanit\u00e9. Les 6 et 9 ao\u00fbt 1945, deux bombes atomiques sont largu\u00e9es sur le Japon. Quelques instants apr\u00e8s ces explosions, les villes d'Hiroshima et de Nagasaki sont envahies d'effrayants nuages toxiques, et d\u00e9vast\u00e9es par des amas de victimes et de gravats.<\/p>\n<p>&nbsp;<\/p>\n<p>Ces sc\u00e8nes d\u00e9chirantes restent le fond tragique des appels lanc\u00e9s par les Souverains pontifes au cours des derni\u00e8res d\u00e9cennies. Des mots et des pri\u00e8res qui m\u00e8nent \u00e0 un seul horizon esp\u00e9r\u00e9: celui du d\u00e9sarmement nucl\u00e9aire.<\/p>\n<p>&nbsp;<\/p>\n<p>Fran\u00e7ois a bien s\u00fbr renouvel\u00e9 cette exhortation, ajoutant ainsi sa propre voix \u00e0 celle de ses pr\u00e9d\u00e9cesseurs. Au terme de son voyage apostolique au Japon en novembre 2019, \u00e0 bord du vol Tokyo-Rome, le Pape avait r\u00e9affirm\u00e9 combien \u00ab l\u2019utilisation des armes nucl\u00e9aires est immorale. \u00bb \u00ab Cela doit figurer dans le cat\u00e9chisme de l'\u00c9glise catholique; non seulement l'usage, mais aussi la possession, car un accident ou la folie d'un dirigeant, la folie d'un seul peut d\u00e9truire l\u2019humanit\u00e9 \u00bb, avait-il ajout\u00e9.<\/p>\n<p>&nbsp;<\/p>\n<p>Le Saint-P\u00e8re a \u00e9galement lanc\u00e9 un appel au d\u00e9sarmement mondial lors de l\u2019audience g\u00e9n\u00e9rale du 20 janvier 2021. Faisant r\u00e9f\u00e9rence au Trait\u00e9 pour l'interdiction des armes nucl\u00e9aires, il a expliqu\u00e9 qu'il s'agissait du \u00ab premier instrument international juridiquement contraignant qui interdit explicitement ces dispositifs. \u00bb<\/p>\n<p>&nbsp;<\/p>\n<p><strong><u>Pie XII: seul le cri de l'humanit\u00e9 restera<\/u><\/strong><\/p>\n<p>La Seconde Guerre mondiale montre, avant son \u00e9pilogue, la puissance tragique que peut atteindre l'\u00e9nergie nucl\u00e9aire dans le domaine militaire. La bombe atomique, comme l'a soulign\u00e9 le pape Pie XII le 8 f\u00e9vrier 1948, est \u00ab l\u2019arme la plus terrible que l'esprit humain ait con\u00e7ue jusqu'\u00e0 pr\u00e9sent \u00bb. Le 24 d\u00e9cembre 1955, dans son message de No\u00ebl adress\u00e9 au monde entier, le Pape Pacelli d\u00e9crivait avec une pr\u00e9cision impressionnante \u00able spectacle qui s'offrirait \u00e0 l'\u0153il horrifi\u00e9\u00bb apr\u00e8s l'utilisation des armes nucl\u00e9aires: \u00abDes villes enti\u00e8res, m\u00eame parmi les plus grandes et les plus riches en histoire et en art, an\u00e9anties; une couverture noire de mort sur la mati\u00e8re pulv\u00e9ris\u00e9e, recouvrant d'innombrables victimes aux membres br\u00fbl\u00e9s, tordus, \u00e9parpill\u00e9s, tandis que d'autres g\u00e9missent dans l'agonie de la mort.\u00bb<\/p>\n<p>&nbsp;<\/p>\n<p><strong><u>Jean XXIII et le monde au bord de l'ab\u00eeme<\/u><\/strong><\/p>\n<p>Le 25 octobre 1962, quelques jours apr\u00e8s l'ouverture du concile Vatican II, le monde semble au bord de la troisi\u00e8me guerre mondiale. Moscou et Washington sont sur le point d'utiliser la bombe atomique. Depuis les microphones de Radio Vatican, le Pape Jean XXIII lance un appel pour \u00e9viter le conflit \u00e0 la suite de la crise des missiles de Cuba: \u00ab La main sur la conscience, qu'ils entendent le cri angoiss\u00e9 qui, de toutes les parties de la terre, des enfants innocents aux personnes \u00e2g\u00e9es, des individus aux communaut\u00e9s, monte au ciel: Paix! La paix! \u00bb<\/p>\n<p>&nbsp;<\/p>\n<p>Dans la Lettre encyclique Pacem in Terris de 1963, le Pape Roncalli rappelle alors que \u00ab les \u00eatres humains vivent dans le cauchemar d'un ouragan qui peut \u00e9clater \u00e0 tout moment avec une force inimaginable \u00bb.<\/p>\n<p>&nbsp;<\/p>\n<p><strong><u>Paul VI: le nucl\u00e9aire, menace la plus redoutable<\/u><\/strong><\/p>\n<p>Date encourageante, mais non d\u00e9cisive, que celle du 1er juillet 1968. Le trait\u00e9 de non-prolif\u00e9ration nucl\u00e9aire est approuv\u00e9. Quelques jours auparavant, le 24 juin 1968, Paul VI r\u00e9it\u00e8re l'urgence de \u00ab mettre fin \u00e0 la course aux armements nucl\u00e9aires \u00bb. \u00ab Nous savons que l'accord, de l'avis de beaucoup, a de nombreuses limites en soi, qui emp\u00eachent certains gouvernements de lui accorder leur soutien inconditionnel. Mais cela- reconna\u00eet-il -reste un premier pas indispensable vers de nouvelles mesures dans le domaine du d\u00e9sarmement \u00bb.<\/p>\n<p>&nbsp;<\/p>\n<p><strong><u>Jean-Paul II: un bouleversement moral est n\u00e9cessaire<\/u><\/strong><\/p>\n<p>Le monde et son fragile \u00e9quilibre peuvent \u00eatre boulevers\u00e9s, pour toujours et en un instant, par des armes atomiques. En 1980, le Pape Jean-Paul II, s'adressant \u00e0 l'UNESCO, rappelle que \u00ab des raisons g\u00e9opolitiques, des probl\u00e8mes \u00e9conomiques de dimension mondiale, de terribles malentendus, des fiert\u00e9s nationales bless\u00e9es, le mat\u00e9rialisme et le d\u00e9clin des valeurs morales ont conduit notre monde \u00e0 une situation d'instabilit\u00e9, \u00e0 un \u00e9quilibre fragile \u00bb. Un an plus tard, le 25 f\u00e9vrier 1981, le Pape Wojtyla observe que \u00ab notre avenir d\u00e9pend d'un seul facteur: l'humanit\u00e9 doit provoquer un bouleversement moral. \u00bb<\/p>\n<p>&nbsp;<\/p>\n<p><strong><u>Beno\u00eet XVI: la paix repose sur la confiance<\/u><\/strong><\/p>\n<p>La perspective des gouvernements qui mesurent leur force et leur s\u00e9curit\u00e9 sur les armes atomiques est \u00ab fatale \u00bb et \u00ab fallacieuse \u00bb. C'est au contraire la voie du d\u00e9sarmement que le monde doit suivre. Beno\u00eet XVI souligne \u00e9galement \u00e0 diverses occasions que les armes nucl\u00e9aires conditionnent l'avenir de l'humanit\u00e9. Lors de l\u2019audience g\u00e9n\u00e9rale du 5 mai 2010, il souligne que \u00ab le processus vers un d\u00e9sarmement nucl\u00e9aire concert\u00e9 et s\u00fbr est \u00e9troitement li\u00e9 au respect int\u00e9gral et rapide des engagements internationaux pertinents. La paix, en effet, repose sur la confiance et le respect des obligations contract\u00e9es, et pas seulement sur l'\u00e9quilibre des forces \u00bb.<\/p>\n<p>&nbsp;<\/p>\n<p><strong><u>Fran\u00e7ois: l\u2019utilisation et la possession d'armes atomiques est immorale<\/u><\/strong><\/p>\n<p>Dans la lign\u00e9e de ses pr\u00e9d\u00e9cesseurs, le Pape Fran\u00e7ois indique \u00e9galement \u00e0 plusieurs reprises la voie du d\u00e9sarmement. Lors de son voyage apostolique au Japon, \u00e0 l'occasion de son discours au M\u00e9morial de la paix \u00e0 Hiroshima le 24 novembre 2019, il souligne que \u00ab l\u2019utilisation de l'\u00e9nergie atomique \u00e0 des fins de guerre est immorale, tout comme de la m\u00eame mani\u00e8re la possession d'armes atomiques est immorale. \u00bb\u00a0 Il pose ensuite cette question: \u00ab Comment pouvons-nous parler de paix tout en construisant de nouvelles et formidables armes de guerre? \u00bb Une question qui, aujourd'hui encore, malgr\u00e9 les jours tragiques v\u00e9cus \u00e0 Hiroshima et Nagasaki, continue d'interroger l'homme et sa conscience. Aussi tragique que l'image tir\u00e9e d'une photo prise en 1945, que Fran\u00e7ois avait reproduite sur une carte: un gar\u00e7on de 10 ans portant sur ses \u00e9paules le cadavre de son petit fr\u00e8re tu\u00e9 apr\u00e8s l'explosion de la bombe atomique \u00e0 Nagasaki.<\/p>\n<p>&nbsp;<\/p>\n<p>Votre contribution pour une grande mission: soutenez-nous pour apporter la parole du Pape dans chaque maison.<\/p>\n<\/p>\n<p>&nbsp;<\/p>\n<\/div>\n<\/div><\/div><\/div><div id=\"pgc-4810-0-2\"  class=\"panel-grid-cell panel-grid-cell-empty\" ><\/div><\/div><\/div>","protected":false},"excerpt":{"rendered":"<p>&nbsp; CHAMPIGNON ATOMIQUE AU-DESSUS DU JAPON EN 1945. &nbsp; Deux dates qui repr\u00e9sentent un avertissement ind\u00e9l\u00e9bile pour l&rsquo;humanit\u00e9. Les 6 et 9 ao\u00fbt 1945, deux bombes atomiques sont largu\u00e9es sur le Japon. Quelques instants apr\u00e8s ces explosions, les villes d&rsquo;Hiroshima et de Nagasaki sont envahies d&rsquo;effrayants nuages toxiques, et d\u00e9vast\u00e9es par des amas de victimes [&hellip;]<\/p>\n","protected":false},"author":1,"featured_media":0,"parent":0,"menu_order":0,"comment_status":"closed","ping_status":"closed","template":"","meta":{"footnotes":""},"guten_post_layout_featured_media_urls":{"full":false,"thumbnail":false,"medium":false,"medium_large":false,"large":false,"1536x1536":false,"2048x2048":false,"guten_post_layout_landscape_large":false,"guten_post_layout_portrait_large":false,"guten_post_layout_square_large":false,"guten_post_layout_landscape":false,"guten_post_layout_portrait":false,"guten_post_layout_square":false,"post-thumbnail":false,"vantage-thumbnail-no-sidebar":false,"vantage-slide":false,"vantage-carousel":false,"vantage-grid-loop":false,"sow-carousel-default":false,"sow-post-carousel-overlay-theme":false},"rttpg_featured_image_url":null,"rttpg_author":{"display_name":"admin","author_link":"https:\/\/multimediamenard.org\/fr\/author\/admin\/"},"rttpg_comment":0,"rttpg_category":null,"rttpg_excerpt":"&nbsp; CHAMPIGNON ATOMIQUE AU-DESSUS DU JAPON EN 1945. &nbsp; Deux dates qui repr\u00e9sentent un avertissement ind\u00e9l\u00e9bile pour l'humanit\u00e9. Les 6 et 9 ao\u00fbt 1945, deux bombes atomiques sont largu\u00e9es sur le Japon. Quelques instants apr\u00e8s ces explosions, les villes d'Hiroshima et de Nagasaki sont envahies d'effrayants nuages toxiques, et d\u00e9vast\u00e9es par des amas de victimes\u2026","_links":{"self":[{"href":"https:\/\/multimediamenard.org\/fr\/wp-json\/wp\/v2\/pages\/4810"}],"collection":[{"href":"https:\/\/multimediamenard.org\/fr\/wp-json\/wp\/v2\/pages"}],"about":[{"href":"https:\/\/multimediamenard.org\/fr\/wp-json\/wp\/v2\/types\/page"}],"author":[{"embeddable":true,"href":"https:\/\/multimediamenard.org\/fr\/wp-json\/wp\/v2\/users\/1"}],"replies":[{"embeddable":true,"href":"https:\/\/multimediamenard.org\/fr\/wp-json\/wp\/v2\/comments?post=4810"}],"version-history":[{"count":11,"href":"https:\/\/multimediamenard.org\/fr\/wp-json\/wp\/v2\/pages\/4810\/revisions"}],"predecessor-version":[{"id":5009,"href":"https:\/\/multimediamenard.org\/fr\/wp-json\/wp\/v2\/pages\/4810\/revisions\/5009"}],"wp:attachment":[{"href":"https:\/\/multimediamenard.org\/fr\/wp-json\/wp\/v2\/media?parent=4810"}],"curies":[{"name":"wp","href":"https:\/\/api.w.org\/{rel}","templated":true}]}}