{"id":5057,"date":"2021-03-02T19:20:37","date_gmt":"2021-03-02T19:20:37","guid":{"rendered":"https:\/\/multimediamenard.org\/?page_id=5057"},"modified":"2021-03-02T19:20:37","modified_gmt":"2021-03-02T19:20:37","slug":"febrero-2021","status":"publish","type":"page","link":"https:\/\/multimediamenard.org\/fr\/febrero-2021\/","title":{"rendered":"F\u00e9vrier 2021"},"content":{"rendered":"<div id=\"pl-5057\"  class=\"panel-layout\" ><div id=\"pg-5057-0\"  class=\"panel-grid panel-no-style\" ><div id=\"pgc-5057-0-0\"  class=\"panel-grid-cell panel-grid-cell-empty\" ><\/div><div id=\"pgc-5057-0-1\"  class=\"panel-grid-cell panel-grid-cell-mobile-last\" ><div id=\"panel-5057-0-1-0\" class=\"so-panel widget widget_sow-editor panel-first-child panel-last-child\" data-index=\"0\" ><div\n\t\t\t\n\t\t\tclass=\"so-widget-sow-editor so-widget-sow-editor-base\"\n\t\t\t\n\t\t>\n<div class=\"siteorigin-widget-tinymce textwidget\">\n\t<h3>\n<h3><strong>Es-tu heureux ou malheureux? Ou plut\u00f4t:<\/strong><\/h3>\n<h3><strong>\u00a0<\/strong>As-tu des attitudes positives ou n\u00e9gatives face \u00e0 toi-m\u00eame, face aux autres et face aux \u00e9v\u00e9nements?<\/h3>\n<h3>- <em>Je vous laisse la paix.<\/em><\/h3>\n<h3><em>\u00a0 Je vous donne ma paix, dit J\u00e9sus.<\/em><\/h3>\n<h3><em>\u00a0 Je <\/em><em>ne la<\/em> <em>donne <\/em><em>pas<\/em> <em>comme <\/em><em>le monde la donne.<\/em><\/h3>\n<h3><em>\u00a0 Que votre c\u0153ur cesse de se troubler et de craindre <\/em>(Jean 16, 27).<\/h3>\n<h3>- <em>Je vous <\/em><em>dis cela pour que ma joie soit en <\/em><em>vous<\/em>, <em>et que <\/em><em>votre <\/em><em>joie <\/em><em>soit <\/em><em>parfaite <\/em>(Jn 15,11).<\/h3>\n<h3>- <em>Je surabonde de joie dans toutes<\/em> <em>nos tribulations <\/em>(2 Cor. 7, 4).<\/h3>\n<h3><img fetchpriority=\"high\" fetchpriority=\"high\" decoding=\"async\" class=\"size-full wp-image-5066 alignleft\" src=\"https:\/\/multimediamenard.org\/wp-content\/uploads\/2021\/03\/fevrier2021_02.png\" alt=\"\" width=\"291\" height=\"281\" \/><\/h3>\n<h3>On entend fr\u00e9quemment de nos jours qu'il faut \u00eatre positif pour obtenir de meilleurs r\u00e9sultats; \u00eatre positif en toutes circonstances n'est pas toujours facile, mais pour plusieurs personnes c'est un r\u00e9el d\u00e9sir de le devenir.<\/h3>\n<h3>L'\u00eatre humain n'est plus capable de trouver autour de lui son besoin vital d'aimer et d'\u00eatre aim\u00e9. La v\u00e9ritable pr\u00e9sence humaine devient assez rare dans une soci\u00e9t\u00e9 aussi structur\u00e9e que la n\u00f4tre: l'individu n'est qu'un simple num\u00e9ro parmi tant d'autres. D'un c\u00f4t\u00e9 nous voyons les personnes exploit\u00e9es et de l'autre, les personnes qui exploitent.<\/h3>\n<h3>Lorsque nous ne trouvons pas de paix int\u00e9rieure, l'ins\u00e9curit\u00e9 nous envahit et nous fuyons les r\u00e9alit\u00e9s en cherchant \u00e0 nous \u00e9tourdir. Il s'agit d'un r\u00e9flexe inconscient qui nous aide \u00e0 oublier nos soucis; c'est cette peur des r\u00e9alit\u00e9s qui nous oriente vers des solutions artificielles et plus faciles.<\/h3>\n<h3>Le monde a besoin de v\u00e9rit\u00e9 et il ne sait plus o\u00f9 la trouver; ses r\u00e9actions agressives et auto-destructives en sont la preuve. Ignorant les ressources in\u00e9puisables qui sont en lui, l'\u00eatre en est r\u00e9duit \u00e0 l'usage de l'alcool, de la drogue, des pilules, des distractions de toutes sortes, pour se maintenir dans un \u00e9quilibre pr\u00e9caire.<\/h3>\n<h3>Si l'\u00eatre ne se r\u00e9veille pas, son ignorance des r\u00e9alit\u00e9s et des valeurs l'engloutira dans la d\u00e9cadence: ignorance des r\u00e9alit\u00e9s et des valeurs humaines et divines. Je dis bien aussi \u00ab divines \u00bb, c'est-\u00e0-dire:<\/h3>\n<h3><\/h3>\n<h3>- <span style=\"color: #ff0000;\">Voir avec les yeux de Dieu:<\/span> <span style=\"color: #008000;\">c'est la foi,<\/span><\/h3>\n<h3>- <span style=\"color: #ff0000;\">Avancer avec la force de Dieu:<\/span> <span style=\"color: #3366ff;\">c'est l'esp\u00e9rance,<\/span><\/h3>\n<h3>- <span style=\"color: #ff0000;\">Aimer avec le c\u0153ur de Dieu:<\/span> <span style=\"color: #ff9900;\">c'est la charit\u00e9.<\/span><\/h3>\n<p>&nbsp;<\/p>\n<h3><img decoding=\"async\" class=\"size-medium wp-image-5062 alignright\" src=\"https:\/\/multimediamenard.org\/wp-content\/uploads\/2021\/03\/fevrier2021_03-251x300.png\" alt=\"\" width=\"251\" height=\"300\" srcset=\"https:\/\/multimediamenard.org\/wp-content\/uploads\/2021\/03\/fevrier2021_03-251x300.png 251w, https:\/\/multimediamenard.org\/wp-content\/uploads\/2021\/03\/fevrier2021_03.png 303w\" sizes=\"(max-width: 251px) 100vw, 251px\" \/><\/h3>\n<h3>Ces r\u00e9alit\u00e9s et \u00e9nergies divines, nous les poss\u00e9dons tous, mais h\u00e9las, nous ne les utilisons pas ou bien peu.<\/h3>\n<h3>Les r\u00e9flexions pourront peut-\u00eatre apporter la lumi\u00e8re sur nos propres attitudes et nous amener \u00e0 les corriger s'il y a lieu.<\/h3>\n<h3><\/h3>\n<h3><strong><u>Un conseil d'abord:<\/u><\/strong><\/h3>\n<h3>Ne vous attardez pas \u00e0 regarder seulement l'endroit d'une broderie, admirez aussi l'envers. Rien qu'\u00e0 regarder ces petits fils roses, verts ou jaunes, qui se croisent et se recroisent dans une esp\u00e8ce de fouillis, je trouve \u00e7a extraordinaire parce que je sais que, de l'autre c\u00f4t\u00e9, \u00e7a donne de belles fleurs finement dessin\u00e9es. De plus, celui qui a la foi accepte d'\u00eatre model\u00e9 par les personnes, les \u00e9v\u00e9nements de la vie, les succ\u00e8s et les d\u00e9boires, car il sait que l'artiste divin, le Saint-Esprit, veut faire de chacun de nous des chefs-d\u2019\u0153uvre diff\u00e9rents entre eux, mais tous merveilleux comme le furent J\u00e9sus et sa m\u00e8re Marie.<\/h3>\n<h3><\/h3>\n<h3><img decoding=\"async\" class=\"size-medium wp-image-5063 aligncenter\" src=\"https:\/\/multimediamenard.org\/wp-content\/uploads\/2021\/03\/fevrier2021_04-300x216.png\" alt=\"\" width=\"300\" height=\"216\" srcset=\"https:\/\/multimediamenard.org\/wp-content\/uploads\/2021\/03\/fevrier2021_04-300x216.png 300w, https:\/\/multimediamenard.org\/wp-content\/uploads\/2021\/03\/fevrier2021_04.png 403w\" sizes=\"(max-width: 300px) 100vw, 300px\" \/><\/h3>\n<h3 style=\"text-align: center;\"><strong><u>P\u00e8re Eus\u00e8be MENARD<\/u><\/strong><\/h3>\n<h3><\/h3><\/p>\n<\/div>\n<\/div><\/div><\/div><div id=\"pgc-5057-0-2\"  class=\"panel-grid-cell panel-grid-cell-empty\" ><\/div><\/div><\/div>","protected":false},"excerpt":{"rendered":"<p>Es-tu heureux ou malheureux? Ou plut\u00f4t: \u00a0As-tu des attitudes positives ou n\u00e9gatives face \u00e0 toi-m\u00eame, face aux autres et face aux \u00e9v\u00e9nements? &#8211; Je vous laisse la paix. \u00a0 Je vous donne ma paix, dit J\u00e9sus. \u00a0 Je ne la donne pas comme le monde la donne. \u00a0 Que votre c\u0153ur cesse de se troubler [&hellip;]<\/p>\n","protected":false},"author":1,"featured_media":0,"parent":0,"menu_order":0,"comment_status":"closed","ping_status":"closed","template":"","meta":{"footnotes":""},"guten_post_layout_featured_media_urls":{"full":false,"thumbnail":false,"medium":false,"medium_large":false,"large":false,"1536x1536":false,"2048x2048":false,"guten_post_layout_landscape_large":false,"guten_post_layout_portrait_large":false,"guten_post_layout_square_large":false,"guten_post_layout_landscape":false,"guten_post_layout_portrait":false,"guten_post_layout_square":false,"post-thumbnail":false,"vantage-thumbnail-no-sidebar":false,"vantage-slide":false,"vantage-carousel":false,"vantage-grid-loop":false,"sow-carousel-default":false,"sow-post-carousel-overlay-theme":false},"rttpg_featured_image_url":null,"rttpg_author":{"display_name":"admin","author_link":"https:\/\/multimediamenard.org\/fr\/author\/admin\/"},"rttpg_comment":0,"rttpg_category":null,"rttpg_excerpt":"Es-tu heureux ou malheureux? Ou plut\u00f4t: \u00a0As-tu des attitudes positives ou n\u00e9gatives face \u00e0 toi-m\u00eame, face aux autres et face aux \u00e9v\u00e9nements? - Je vous laisse la paix. \u00a0 Je vous donne ma paix, dit J\u00e9sus. \u00a0 Je ne la donne pas comme le monde la donne. \u00a0 Que votre c\u0153ur cesse de se troubler\u2026","_links":{"self":[{"href":"https:\/\/multimediamenard.org\/fr\/wp-json\/wp\/v2\/pages\/5057"}],"collection":[{"href":"https:\/\/multimediamenard.org\/fr\/wp-json\/wp\/v2\/pages"}],"about":[{"href":"https:\/\/multimediamenard.org\/fr\/wp-json\/wp\/v2\/types\/page"}],"author":[{"embeddable":true,"href":"https:\/\/multimediamenard.org\/fr\/wp-json\/wp\/v2\/users\/1"}],"replies":[{"embeddable":true,"href":"https:\/\/multimediamenard.org\/fr\/wp-json\/wp\/v2\/comments?post=5057"}],"version-history":[{"count":12,"href":"https:\/\/multimediamenard.org\/fr\/wp-json\/wp\/v2\/pages\/5057\/revisions"}],"predecessor-version":[{"id":5076,"href":"https:\/\/multimediamenard.org\/fr\/wp-json\/wp\/v2\/pages\/5057\/revisions\/5076"}],"wp:attachment":[{"href":"https:\/\/multimediamenard.org\/fr\/wp-json\/wp\/v2\/media?parent=5057"}],"curies":[{"name":"wp","href":"https:\/\/api.w.org\/{rel}","templated":true}]}}