{"id":5186,"date":"2021-05-04T18:52:17","date_gmt":"2021-05-04T18:52:17","guid":{"rendered":"https:\/\/multimediamenard.org\/?page_id=5186"},"modified":"2021-05-04T18:52:18","modified_gmt":"2021-05-04T18:52:18","slug":"abril-2021","status":"publish","type":"page","link":"https:\/\/multimediamenard.org\/fr\/abril-2021\/","title":{"rendered":"Avril 2021"},"content":{"rendered":"<div id=\"pl-5186\"  class=\"panel-layout\" ><div id=\"pg-5186-0\"  class=\"panel-grid panel-no-style\" ><div id=\"pgc-5186-0-0\"  class=\"panel-grid-cell panel-grid-cell-empty\" ><\/div><div id=\"pgc-5186-0-1\"  class=\"panel-grid-cell panel-grid-cell-mobile-last\" ><div id=\"panel-5186-0-1-0\" class=\"so-panel widget widget_sow-editor panel-first-child panel-last-child\" data-index=\"0\" ><div\n\t\t\t\n\t\t\tclass=\"so-widget-sow-editor so-widget-sow-editor-base\"\n\t\t\t\n\t\t>\n<div class=\"siteorigin-widget-tinymce textwidget\">\n\t<\/p>\n<p>&nbsp;<\/p>\n<h4 style=\"text-align: justify;\"><img fetchpriority=\"high\" fetchpriority=\"high\" decoding=\"async\" class=\"size-medium wp-image-5188 alignleft\" src=\"https:\/\/multimediamenard.org\/wp-content\/uploads\/2021\/05\/avril2021-02-300x179.png\" alt=\"\" width=\"300\" height=\"179\" srcset=\"https:\/\/multimediamenard.org\/wp-content\/uploads\/2021\/05\/avril2021-02-300x179.png 300w, https:\/\/multimediamenard.org\/wp-content\/uploads\/2021\/05\/avril2021-02.png 456w\" sizes=\"(max-width: 300px) 100vw, 300px\" \/> <strong>Des traitements m\u00e9dicaux complets sont offerts aux personnes atteintes de tuberculose et de tuberculose multi r\u00e9sistante. Cette maladie infectieuse est particuli\u00e8rement difficile \u00e0 traiter et est tr\u00e8s contagieuse. Les patients b\u00e9n\u00e9ficient d\u2019un pavillon enti\u00e8rement r\u00e9nov\u00e9, de m\u00e9dicaments (le traitement peut durer jusqu\u2019\u00e0 2 ans), de nourriture ad\u00e9quate et d\u2019un personnel d\u00e9vou\u00e9 et attentionn\u00e9. Le Hogar poss\u00e8de \u00e9galement une petite pharmacie qui permet aux gens d\u2019avoir acc\u00e8s \u00e0 des m\u00e9dicaments \u00e0 un moindre co\u00fbt, ou gratuitement. Il est aussi possible de voir un m\u00e9decin en consultation externe. Un bazar est aussi ouvert \u00e0 la communaut\u00e9 plusieurs jours par semaine. Ces deux initiatives du Hogar permettent aux familles des alentours d\u2019avoir acc\u00e8s \u00e0 divers produits et m\u00e9dicaments \u00e0 moindre co\u00fbt. La p\u00e9diatrie accueille et s\u2019occupe d\u2019enfants abandonn\u00e9s par leurs familles car ils pr\u00e9sentent des malformations. D\u2019autres sont plac\u00e9s au Hogar par leurs parents car ils sont en attente d\u2019une chirurgie et qu\u2019ils ont besoin de soins constants. D\u00e8s que leur sant\u00e9 le permet, ils peuvent r\u00e9int\u00e9grer leur foyer. Des soins palliatifs sont aussi offerts au Hogar. Les patients peuvent y finir leur vie dans la dignit\u00e9, le respect et l\u2019accompagnement spirituel dont ils ont tant besoin. Si la famille de la personne qui d\u00e9c\u00e8de n\u2019a pas les moyens financiers, le Hogar s\u2019occupe des fun\u00e9railles et des frais aff\u00e9rents.<\/strong><strong>.<\/strong><\/h4>\n<p>&nbsp;<\/p>\n<h4 style=\"text-align: justify;\"><img decoding=\"async\" class=\"size-medium wp-image-5189 alignright\" src=\"https:\/\/multimediamenard.org\/wp-content\/uploads\/2021\/05\/avril2021-03-300x180.png\" alt=\"\" width=\"300\" height=\"180\" srcset=\"https:\/\/multimediamenard.org\/wp-content\/uploads\/2021\/05\/avril2021-03-300x180.png 300w, https:\/\/multimediamenard.org\/wp-content\/uploads\/2021\/05\/avril2021-03.png 456w\" sizes=\"(max-width: 300px) 100vw, 300px\" \/><strong>Au P\u00e9rou, la Fondation P\u00e8re-M\u00e9nard, en collaboration avec la direction du Hogar San Pedro, offre l\u2019opportunit\u00e9 \u00e0 des personnes b\u00e9n\u00e9voles de mettre \u00e0 la disposition des plus d\u00e9munis, leur temps, leurs connaissances et leurs comp\u00e9tences. Ces personnes partent pour une p\u00e9riode minimale de 2 mois cons\u00e9cutifs. Elles offrent au personnel du Hogar leur aide et leur support dans les t\u00e2ches quotidiennes. Aux patients du Hogar, elles apportent appui, soins, accompagnement, distraction et soutien. Les b\u00e9n\u00e9voles se doivent d\u2019\u00eatre polyvalents, car ils vont \u00eatre en contact autant avec des enfants, des personnes \u00e2g\u00e9es, des malades chroniques, qu\u2019avec le personnel soignant et le personnel de soutien. Si vous d\u00e9sirez aller au Hogar San Pedro, veuillez lire notre brochure, remplir et nous envoyer les documents suivants par courriel\u00a0<\/strong><strong>(<a href=\"https:\/\/www.fondationperemenard.org\/benevole-a-montreal\/\" target=\"_blank\" rel=\"noopener\">Devenir B\u00e9n\u00e9vole<\/a>)\u00a0<\/strong><strong>, par la poste ou en personne<\/strong><strong>:<\/strong><\/h4>\n<h4><strong>Fondation P\u00e8re-M\u00e9nard<\/strong><br \/>\n<strong>\u00c0 cinq minutes \u00e0 pied de la station<\/strong><br \/>\n<strong>du M\u00e9tro Cadillac<\/strong><br \/>\n<strong>Contact<\/strong><br \/>\n<strong>514 274-7645 (Montr\u00e9al et sa r\u00e9gion)<\/strong><br \/>\n<strong>1 800 665-7645 (autres r\u00e9gions)<\/strong><br \/>\n<strong>info@fondationperemenard.org<\/strong><\/h4>\n<\/p>\n<table style=\"border-collapse: collapse; width: 100%;\" border=\"1\">\n<tbody>\n<tr>\n<td style=\"width: 50%;\"><img decoding=\"async\" class=\"size-medium wp-image-5190 aligncenter\" src=\"https:\/\/multimediamenard.org\/wp-content\/uploads\/2021\/05\/avril2021-04-300x181.png\" alt=\"\" width=\"300\" height=\"181\" srcset=\"https:\/\/multimediamenard.org\/wp-content\/uploads\/2021\/05\/avril2021-04-300x181.png 300w, https:\/\/multimediamenard.org\/wp-content\/uploads\/2021\/05\/avril2021-04.png 460w\" sizes=\"(max-width: 300px) 100vw, 300px\" \/><\/td>\n<td style=\"width: 50%;\"><img loading=\"lazy\" loading=\"lazy\" decoding=\"async\" class=\"size-medium wp-image-5191 aligncenter\" src=\"https:\/\/multimediamenard.org\/wp-content\/uploads\/2021\/05\/avril2021-05-300x179.png\" alt=\"\" width=\"300\" height=\"179\" srcset=\"https:\/\/multimediamenard.org\/wp-content\/uploads\/2021\/05\/avril2021-05-300x179.png 300w, https:\/\/multimediamenard.org\/wp-content\/uploads\/2021\/05\/avril2021-05.png 458w\" sizes=\"(max-width: 300px) 100vw, 300px\" \/><\/td>\n<\/tr>\n<\/tbody>\n<\/table>\n<p>&nbsp;<\/p>\n<\/div>\n<\/div><\/div><\/div><div id=\"pgc-5186-0-2\"  class=\"panel-grid-cell panel-grid-cell-empty\" ><\/div><\/div><div id=\"pg-5186-1\"  class=\"panel-grid panel-no-style\" ><div id=\"pgc-5186-1-0\"  class=\"panel-grid-cell panel-grid-cell-empty\" ><\/div><div id=\"pgc-5186-1-1\"  class=\"panel-grid-cell panel-grid-cell-mobile-last\" ><div id=\"panel-5186-1-1-0\" class=\"so-panel widget widget_sow-editor panel-first-child\" data-index=\"1\" ><div\n\t\t\t\n\t\t\tclass=\"so-widget-sow-editor so-widget-sow-editor-base\"\n\t\t\t\n\t\t>\n<div class=\"siteorigin-widget-tinymce textwidget\">\n\t<p><img loading=\"lazy\" loading=\"lazy\" decoding=\"async\" class=\"aligncenter wp-image-5203 size-full\" src=\"https:\/\/multimediamenard.org\/wp-content\/uploads\/2021\/05\/avril2021-06.png\" alt=\"\" width=\"824\" height=\"538\" srcset=\"https:\/\/multimediamenard.org\/wp-content\/uploads\/2021\/05\/avril2021-06.png 824w, https:\/\/multimediamenard.org\/wp-content\/uploads\/2021\/05\/avril2021-06-300x196.png 300w, https:\/\/multimediamenard.org\/wp-content\/uploads\/2021\/05\/avril2021-06-768x501.png 768w\" sizes=\"(max-width: 824px) 100vw, 824px\" \/><\/p>\n<p>&nbsp;<\/p>\n<h4><strong><\/strong><\/h4>\n<h4><strong>P\u00e8re Eus\u00e8be M\u00e9nard avec les r\u00e9sidentes du Hogar San Pedro (P\u00e9rou), foyer d'accueil pour les personnes malades, abandonn\u00e9es et pauvres. Photo des archives de la Fondation.<\/strong><\/h4>\n<h4><strong><\/strong><\/h4>\n<\/div>\n<\/div><\/div><div id=\"panel-5186-1-1-1\" class=\"so-panel widget widget_sow-editor\" data-index=\"2\" ><div\n\t\t\t\n\t\t\tclass=\"so-widget-sow-editor so-widget-sow-editor-base\"\n\t\t\t\n\t\t>\n<div class=\"siteorigin-widget-tinymce textwidget\">\n\t<p><img loading=\"lazy\" loading=\"lazy\" decoding=\"async\" class=\"aligncenter wp-image-5204 size-full\" src=\"https:\/\/multimediamenard.org\/wp-content\/uploads\/2021\/05\/avril2021-07.png\" alt=\"\" width=\"701\" height=\"458\" srcset=\"https:\/\/multimediamenard.org\/wp-content\/uploads\/2021\/05\/avril2021-07.png 701w, https:\/\/multimediamenard.org\/wp-content\/uploads\/2021\/05\/avril2021-07-300x196.png 300w\" sizes=\"(max-width: 701px) 100vw, 701px\" \/><\/p>\n<h4><strong><strong>Madame Rosa Mamani, infirmi\u00e8re-chef au Hogar, avec le Monsieur Fernandino qui est arriv\u00e9 au Hogar pour suivre un traitement pour lutter contre la tuberculose.<\/strong><\/h4>\n<h4>\n<table style=\"border-collapse: collapse; width: 100%;\" border=\"1\">\n<tbody>\n<tr>\n<td style=\"width: 50%;\"><img loading=\"lazy\" loading=\"lazy\" decoding=\"async\" class=\"aligncenter wp-image-5207 size-medium\" src=\"https:\/\/multimediamenard.org\/wp-content\/uploads\/2021\/05\/avril2021-08-300x195.png\" alt=\"\" width=\"300\" height=\"195\" srcset=\"https:\/\/multimediamenard.org\/wp-content\/uploads\/2021\/05\/avril2021-08-300x195.png 300w, https:\/\/multimediamenard.org\/wp-content\/uploads\/2021\/05\/avril2021-08.png 703w\" sizes=\"(max-width: 300px) 100vw, 300px\" \/><\/td>\n<td style=\"width: 50%;\"><img loading=\"lazy\" loading=\"lazy\" decoding=\"async\" class=\"size-medium wp-image-5208 aligncenter\" src=\"https:\/\/multimediamenard.org\/wp-content\/uploads\/2021\/05\/avril2021-09-300x195.png\" alt=\"\" width=\"300\" height=\"195\" srcset=\"https:\/\/multimediamenard.org\/wp-content\/uploads\/2021\/05\/avril2021-09-300x195.png 300w, https:\/\/multimediamenard.org\/wp-content\/uploads\/2021\/05\/avril2021-09.png 705w\" sizes=\"(max-width: 300px) 100vw, 300px\" \/><\/td>\n<\/tr>\n<\/tbody>\n<\/table>\n<p>&nbsp;<\/p>\n<\/div>\n<\/div><\/div><div id=\"panel-5186-1-1-2\" class=\"so-panel widget widget_sow-editor panel-last-child\" data-index=\"3\" ><div\n\t\t\t\n\t\t\tclass=\"so-widget-sow-editor so-widget-sow-editor-base\"\n\t\t\t\n\t\t>\n<div class=\"siteorigin-widget-tinymce textwidget\">\n\t<h4>\n<h4><strong>Au Hogar San Pedro, foyer d'accueil pour personnes abandonn\u00e9es, malades et d\u00e9munies, les b\u00e9n\u00e9voles offrent leur aide au bien-\u00eatre de personnes dans le besoin. Nous leur disons MERCI !!!<\/strong><\/h4>\n<\/p>\n<p><img loading=\"lazy\" loading=\"lazy\" decoding=\"async\" class=\"aligncenter wp-image-5209 size-full\" src=\"https:\/\/multimediamenard.org\/wp-content\/uploads\/2021\/05\/avril2021-10.png\" alt=\"\" width=\"701\" height=\"448\" srcset=\"https:\/\/multimediamenard.org\/wp-content\/uploads\/2021\/05\/avril2021-10.png 701w, https:\/\/multimediamenard.org\/wp-content\/uploads\/2021\/05\/avril2021-10-300x192.png 300w\" sizes=\"(max-width: 701px) 100vw, 701px\" \/><\/p>\n<\/div>\n<\/div><\/div><\/div><div id=\"pgc-5186-1-2\"  class=\"panel-grid-cell panel-grid-cell-empty\" ><\/div><\/div><\/div>","protected":false},"excerpt":{"rendered":"<p>&nbsp; Des traitements m\u00e9dicaux complets sont offerts aux personnes atteintes de tuberculose et de tuberculose multi r\u00e9sistante. Cette maladie infectieuse est particuli\u00e8rement difficile \u00e0 traiter et est tr\u00e8s contagieuse. Les patients b\u00e9n\u00e9ficient d\u2019un pavillon enti\u00e8rement r\u00e9nov\u00e9, de m\u00e9dicaments (le traitement peut durer jusqu\u2019\u00e0 2 ans), de nourriture ad\u00e9quate et d\u2019un personnel d\u00e9vou\u00e9 et attentionn\u00e9. Le [&hellip;]<\/p>\n","protected":false},"author":1,"featured_media":0,"parent":0,"menu_order":0,"comment_status":"closed","ping_status":"closed","template":"","meta":{"footnotes":""},"guten_post_layout_featured_media_urls":{"full":false,"thumbnail":false,"medium":false,"medium_large":false,"large":false,"1536x1536":false,"2048x2048":false,"guten_post_layout_landscape_large":false,"guten_post_layout_portrait_large":false,"guten_post_layout_square_large":false,"guten_post_layout_landscape":false,"guten_post_layout_portrait":false,"guten_post_layout_square":false,"post-thumbnail":false,"vantage-thumbnail-no-sidebar":false,"vantage-slide":false,"vantage-carousel":false,"vantage-grid-loop":false,"sow-carousel-default":false,"sow-post-carousel-overlay-theme":false},"rttpg_featured_image_url":null,"rttpg_author":{"display_name":"admin","author_link":"https:\/\/multimediamenard.org\/fr\/author\/admin\/"},"rttpg_comment":0,"rttpg_category":null,"rttpg_excerpt":"&nbsp; Des traitements m\u00e9dicaux complets sont offerts aux personnes atteintes de tuberculose et de tuberculose multi r\u00e9sistante. Cette maladie infectieuse est particuli\u00e8rement difficile \u00e0 traiter et est tr\u00e8s contagieuse. Les patients b\u00e9n\u00e9ficient d\u2019un pavillon enti\u00e8rement r\u00e9nov\u00e9, de m\u00e9dicaments (le traitement peut durer jusqu\u2019\u00e0 2 ans), de nourriture ad\u00e9quate et d\u2019un personnel d\u00e9vou\u00e9 et attentionn\u00e9. Le\u2026","_links":{"self":[{"href":"https:\/\/multimediamenard.org\/fr\/wp-json\/wp\/v2\/pages\/5186"}],"collection":[{"href":"https:\/\/multimediamenard.org\/fr\/wp-json\/wp\/v2\/pages"}],"about":[{"href":"https:\/\/multimediamenard.org\/fr\/wp-json\/wp\/v2\/types\/page"}],"author":[{"embeddable":true,"href":"https:\/\/multimediamenard.org\/fr\/wp-json\/wp\/v2\/users\/1"}],"replies":[{"embeddable":true,"href":"https:\/\/multimediamenard.org\/fr\/wp-json\/wp\/v2\/comments?post=5186"}],"version-history":[{"count":57,"href":"https:\/\/multimediamenard.org\/fr\/wp-json\/wp\/v2\/pages\/5186\/revisions"}],"predecessor-version":[{"id":5253,"href":"https:\/\/multimediamenard.org\/fr\/wp-json\/wp\/v2\/pages\/5186\/revisions\/5253"}],"wp:attachment":[{"href":"https:\/\/multimediamenard.org\/fr\/wp-json\/wp\/v2\/media?parent=5186"}],"curies":[{"name":"wp","href":"https:\/\/api.w.org\/{rel}","templated":true}]}}