{"id":5918,"date":"2021-07-23T21:21:12","date_gmt":"2021-07-23T21:21:12","guid":{"rendered":"https:\/\/multimediamenard.org\/?page_id=5918"},"modified":"2021-07-23T21:32:37","modified_gmt":"2021-07-23T21:32:37","slug":"agosto2020","status":"publish","type":"page","link":"https:\/\/multimediamenard.org\/fr\/agosto2020\/","title":{"rendered":"Ao\u00fbt 2020"},"content":{"rendered":"<div id=\"pl-5918\"  class=\"panel-layout\" ><div id=\"pg-5918-0\"  class=\"panel-grid panel-no-style\" ><div id=\"pgc-5918-0-0\"  class=\"panel-grid-cell panel-grid-cell-empty\" ><\/div><div id=\"pgc-5918-0-1\"  class=\"panel-grid-cell\" ><div id=\"panel-5918-0-1-0\" class=\"so-panel widget widget_media_image panel-first-child\" data-index=\"0\" ><a href=\"https:\/\/multimediamenard.org\/promesas-y-sacerdocio\/\"><img fetchpriority=\"high\" decoding=\"async\" width=\"268\" height=\"246\" src=\"https:\/\/multimediamenard.org\/wp-content\/uploads\/2020\/08\/promesas_01_08_2020.png\" class=\"image wp-image-3438  attachment-370x340 size-370x340\" alt=\"\" style=\"max-width: 100%; height: auto;\" \/><\/a><\/div><div id=\"panel-5918-0-1-1\" class=\"so-panel widget widget_circleicon-widget\" data-index=\"1\" >\t\t<div class=\"circle-icon-box circle-icon-position-left circle-icon-hide-box circle-icon-size-small \">\n\t\t\t\t\t\t\t<div class=\"circle-icon-wrapper\">\n\t\t\t\t\t\t\t\t\t\t<a href=\"https:\/\/multimediamenard.org\/promesas-y-sacerdocio\/\" class=\"link-icon\" >\t\t\t\t\t<div class=\"circle-icon icon-style-set\" style=\"background-image: url(https:\/\/multimediamenard.org\/promesas-y-sacerdocio\/)\">\n\t\t\t\t\t\t\t\t\t\t\t\t\t<div class=\"fa fa-hand-o-right\" ><\/div>\n\t\t\t\t\t\t\t\t\t\t\t<\/div>\n\t\t\t\t\t<\/a>\t\t\t\t<\/div>\n\t\t\t\n\t\t\t\t\t\t\t<a href=\"https:\/\/multimediamenard.org\/promesas-y-sacerdocio\/\" class=\"link-title\" >\n\t\t\t\t\t\t\t\t\t\t\t\t\t<\/a>\n\t\t\t\n\t\t\t\t\t\t\t\t\t\t<a\n\t\t\t\t\thref=\"https:\/\/multimediamenard.org\/promesas-y-sacerdocio\/\"\n\t\t\t\t\tclass=\"more-button\"\n\t\t\t\t\t\t\t\t\t\t\t\t\t\t>\n\t\t\t\t\tPromesses  2020 <i><\/i>\n\t\t\t\t<\/a>\n\t\t\t\t\t<\/div>\n\t\t<\/div><div id=\"panel-5918-0-1-2\" class=\"widget_text so-panel widget widget_custom_html panel-last-child\" data-index=\"2\" ><div class=\"textwidget custom-html-widget\"><br><\/div><\/div><\/div><div id=\"pgc-5918-0-2\"  class=\"panel-grid-cell panel-grid-cell-empty\" ><\/div><div id=\"pgc-5918-0-3\"  class=\"panel-grid-cell\" ><div id=\"panel-5918-0-3-0\" class=\"so-panel widget widget_media_image panel-first-child\" data-index=\"3\" ><a href=\"https:\/\/multimediamenard.org\/15-de-agosto-de-2020\/\"><img decoding=\"async\" class=\"image \" src=\"https:\/\/multimediamenard.org\/wp-content\/uploads\/2020\/08\/rogelio_01_08_2020.png\" alt=\"\" width=\"208\" height=\"240\" \/><\/a><\/div><div id=\"panel-5918-0-3-1\" class=\"so-panel widget widget_circleicon-widget panel-last-child\" data-index=\"4\" >\t\t<div class=\"circle-icon-box circle-icon-position-left circle-icon-hide-box circle-icon-size-small \">\n\t\t\t\t\t\t\t<div class=\"circle-icon-wrapper\">\n\t\t\t\t\t\t\t\t\t\t<a href=\"https:\/\/multimediamenard.org\/15-de-agosto-de-2020\/\" class=\"link-icon\" >\t\t\t\t\t<div class=\"circle-icon icon-style-set\" style=\"background-image: url(https:\/\/multimediamenard.org\/15-de-agosto-de-2020\/)\">\n\t\t\t\t\t\t\t\t\t\t\t\t\t<div class=\"fa fa-hand-o-right\" ><\/div>\n\t\t\t\t\t\t\t\t\t\t\t<\/div>\n\t\t\t\t\t<\/a>\t\t\t\t<\/div>\n\t\t\t\n\t\t\t\t\t\t\t<a href=\"https:\/\/multimediamenard.org\/15-de-agosto-de-2020\/\" class=\"link-title\" >\n\t\t\t\t\t\t\t\t\t\t\t\t\t<\/a>\n\t\t\t\n\t\t\t\t\t\t\t\t\t\t<a\n\t\t\t\t\thref=\"https:\/\/multimediamenard.org\/15-de-agosto-de-2020\/\"\n\t\t\t\t\tclass=\"more-button\"\n\t\t\t\t\t\t\t\t\t\t\t\t\t\t>\n\t\t\t\t\tMESSAGE DE L&#039;\u00c9CONOME G\u00c9N\u00c9RAL <i><\/i>\n\t\t\t\t<\/a>\n\t\t\t\t\t<\/div>\n\t\t<\/div><\/div><div id=\"pgc-5918-0-4\"  class=\"panel-grid-cell panel-grid-cell-empty\" ><\/div><div id=\"pgc-5918-0-5\"  class=\"panel-grid-cell panel-grid-cell-mobile-last\" ><div id=\"panel-5918-0-5-0\" class=\"so-panel widget widget_media_image panel-first-child\" data-index=\"5\" ><a href=\"https:\/\/multimediamenard.org\/agosto-2020\"><img decoding=\"async\" width=\"322\" height=\"242\" src=\"https:\/\/multimediamenard.org\/wp-content\/uploads\/2020\/08\/Foto_01_08_2020-1.png\" class=\"image wp-image-3431  attachment-401x301 size-401x301\" alt=\"\" style=\"max-width: 100%; height: auto;\" srcset=\"https:\/\/multimediamenard.org\/wp-content\/uploads\/2020\/08\/Foto_01_08_2020-1.png 322w, https:\/\/multimediamenard.org\/wp-content\/uploads\/2020\/08\/Foto_01_08_2020-1-300x225.png 300w\" sizes=\"(max-width: 322px) 100vw, 322px\" \/><\/a><\/div><div id=\"panel-5918-0-5-1\" class=\"widget_text so-panel widget widget_custom_html\" data-index=\"6\" ><div class=\"textwidget custom-html-widget\"><br><\/div><\/div><div id=\"panel-5918-0-5-2\" class=\"so-panel widget widget_circleicon-widget panel-last-child\" data-index=\"7\" >\t\t<div class=\"circle-icon-box circle-icon-position-left circle-icon-hide-box circle-icon-size-small \">\n\t\t\t\t\t\t\t<div class=\"circle-icon-wrapper\">\n\t\t\t\t\t\t\t\t\t\t<a href=\"https:\/\/multimediamenard.org\/agosto-2020\" class=\"link-icon\" >\t\t\t\t\t<div class=\"circle-icon icon-style-set\" style=\"background-image: url(https:\/\/multimediamenard.org\/agosto-2020)\">\n\t\t\t\t\t\t\t\t\t\t\t\t\t<div class=\"fa fa-hand-o-right\" ><\/div>\n\t\t\t\t\t\t\t\t\t\t\t<\/div>\n\t\t\t\t\t<\/a>\t\t\t\t<\/div>\n\t\t\t\n\t\t\t\t\t\t\t<a href=\"https:\/\/multimediamenard.org\/agosto-2020\" class=\"link-title\" >\n\t\t\t\t\t\t\t\t\t\t\t\t\t<\/a>\n\t\t\t\n\t\t\t\t\t\t\t\t\t\t<a\n\t\t\t\t\thref=\"https:\/\/multimediamenard.org\/agosto-2020\"\n\t\t\t\t\tclass=\"more-button\"\n\t\t\t\t\t\t\t\t\t\t\t\t\t\t>\n\t\t\t\t\tPublication <i><\/i>\n\t\t\t\t<\/a>\n\t\t\t\t\t<\/div>\n\t\t<\/div><\/div><div id=\"pgc-5918-0-6\"  class=\"panel-grid-cell panel-grid-cell-empty\" ><\/div><\/div><\/div>","protected":false},"excerpt":{"rendered":"<p>Promesses 2020 MESSAGE DE L&#039;\u00c9CONOME G\u00c9N\u00c9RAL Publication<\/p>\n","protected":false},"author":1,"featured_media":0,"parent":0,"menu_order":0,"comment_status":"closed","ping_status":"closed","template":"","meta":{"footnotes":""},"guten_post_layout_featured_media_urls":{"full":false,"thumbnail":false,"medium":false,"medium_large":false,"large":false,"1536x1536":false,"2048x2048":false,"guten_post_layout_landscape_large":false,"guten_post_layout_portrait_large":false,"guten_post_layout_square_large":false,"guten_post_layout_landscape":false,"guten_post_layout_portrait":false,"guten_post_layout_square":false,"post-thumbnail":false,"vantage-thumbnail-no-sidebar":false,"vantage-slide":false,"vantage-carousel":false,"vantage-grid-loop":false,"sow-carousel-default":false,"sow-post-carousel-overlay-theme":false},"rttpg_featured_image_url":null,"rttpg_author":{"display_name":"admin","author_link":"https:\/\/multimediamenard.org\/fr\/author\/admin\/"},"rttpg_comment":0,"rttpg_category":null,"rttpg_excerpt":"Promesses 2020 MESSAGE DE L&#039;\u00c9CONOME G\u00c9N\u00c9RAL Publication","_links":{"self":[{"href":"https:\/\/multimediamenard.org\/fr\/wp-json\/wp\/v2\/pages\/5918"}],"collection":[{"href":"https:\/\/multimediamenard.org\/fr\/wp-json\/wp\/v2\/pages"}],"about":[{"href":"https:\/\/multimediamenard.org\/fr\/wp-json\/wp\/v2\/types\/page"}],"author":[{"embeddable":true,"href":"https:\/\/multimediamenard.org\/fr\/wp-json\/wp\/v2\/users\/1"}],"replies":[{"embeddable":true,"href":"https:\/\/multimediamenard.org\/fr\/wp-json\/wp\/v2\/comments?post=5918"}],"version-history":[{"count":29,"href":"https:\/\/multimediamenard.org\/fr\/wp-json\/wp\/v2\/pages\/5918\/revisions"}],"predecessor-version":[{"id":5947,"href":"https:\/\/multimediamenard.org\/fr\/wp-json\/wp\/v2\/pages\/5918\/revisions\/5947"}],"wp:attachment":[{"href":"https:\/\/multimediamenard.org\/fr\/wp-json\/wp\/v2\/media?parent=5918"}],"curies":[{"name":"wp","href":"https:\/\/api.w.org\/{rel}","templated":true}]}}