{"id":5955,"date":"2021-07-28T15:58:36","date_gmt":"2021-07-28T15:58:36","guid":{"rendered":"https:\/\/multimediamenard.org\/?page_id=5955"},"modified":"2021-07-28T17:27:47","modified_gmt":"2021-07-28T17:27:47","slug":"julio-2021","status":"publish","type":"page","link":"https:\/\/multimediamenard.org\/fr\/julio-2021\/","title":{"rendered":"Juillet 2021"},"content":{"rendered":"<div id=\"pl-5955\"  class=\"panel-layout\" ><div id=\"pg-5955-0\"  class=\"panel-grid panel-no-style\" ><div id=\"pgc-5955-0-0\"  class=\"panel-grid-cell panel-grid-cell-empty\" ><\/div><div id=\"pgc-5955-0-1\"  class=\"panel-grid-cell panel-grid-cell-mobile-last\" ><div id=\"panel-5955-0-1-0\" class=\"so-panel widget widget_media_image panel-first-child\" data-index=\"0\" ><div class=\"animate-69dfd8afa14bc137510352 panels-animation-hide panel-widget-style panel-widget-style-for-5955-0-1-0\" data-so-animation=\"{&quot;selector&quot;:&quot;.animate-69dfd8afa14bc137510352&quot;,&quot;animation&quot;:&quot;rubberBand&quot;,&quot;breakpoint&quot;:&quot;780px&quot;,&quot;duration&quot;:1,&quot;repeat&quot;:0,&quot;hide&quot;:1,&quot;disableAnimationMobile&quot;:0,&quot;finalState&quot;:&quot;visible&quot;,&quot;delay&quot;:0,&quot;debounce&quot;:0.1,&quot;event&quot;:&quot;enter&quot;,&quot;offset&quot;:0}\" ><img fetchpriority=\"high\" decoding=\"async\" width=\"450\" height=\"253\" src=\"https:\/\/multimediamenard.org\/wp-content\/uploads\/2021\/07\/july_02.png\" class=\"image wp-image-5977  attachment-450x253 size-450x253\" alt=\"\" style=\"max-width: 100%; height: auto;\" srcset=\"https:\/\/multimediamenard.org\/wp-content\/uploads\/2021\/07\/july_02.png 729w, https:\/\/multimediamenard.org\/wp-content\/uploads\/2021\/07\/july_02-300x169.png 300w\" sizes=\"(max-width: 450px) 100vw, 450px\" \/><\/div><\/div><div id=\"panel-5955-0-1-1\" class=\"widget_text so-panel widget widget_custom_html panel-last-child\" data-index=\"1\" ><div class=\"textwidget custom-html-widget\"><audio src=\"https:\/\/multimediamenard.org\/wp-content\/uploads\/2019\/04\/Gente_de_fe.mp3\" autoplay=\"autoplay\" loop=\"loop\">\nTu navegador no implementa el elemento audio.\n<\/audio><\/div><\/div><\/div><div id=\"pgc-5955-0-2\"  class=\"panel-grid-cell panel-grid-cell-empty\" ><\/div><\/div><div id=\"pg-5955-1\"  class=\"panel-grid panel-no-style\" ><div id=\"pgc-5955-1-0\"  class=\"panel-grid-cell panel-grid-cell-empty\" ><\/div><div id=\"pgc-5955-1-1\"  class=\"panel-grid-cell panel-grid-cell-mobile-last\" ><div id=\"panel-5955-1-1-0\" class=\"so-panel widget widget_sow-editor panel-first-child panel-last-child\" data-index=\"2\" ><div\n\t\t\t\n\t\t\tclass=\"so-widget-sow-editor so-widget-sow-editor-base\"\n\t\t\t\n\t\t>\n<div class=\"siteorigin-widget-tinymce textwidget\">\n\t<h4><\/h4>\n<h4 style=\"text-align: center;\"><strong>PAPE FRAN\u00c7OIS: LES GRANDS-PARENTS SONT LE PAIN QUI NOURRIT NOTRE VIE<\/strong><\/h4>\n<h4>Voir, partager et garder: trois mots inspir\u00e9s de l'\u00c9vangile de Jean que le Pape Fran\u00e7ois a souhait\u00e9 appliquer \u00e0 notre attitude vis-\u00e0-vis des grands-parents et personnes \u00e2g\u00e9es, dans son hom\u00e9lie lors de la messe c\u00e9l\u00e9br\u00e9e en cette premi\u00e8re journ\u00e9e qui leur est d\u00e9di\u00e9, dimanche 25 juillet, en la basilique Saint-Pierre. Une hom\u00e9lie lue par Mgr Rino Fisichella, pr\u00e9sident du Conseil pontifical pour la Nouvelle \u00c9vang\u00e9lisation, appelant \u00e0 une nouvelle alliance entre g\u00e9n\u00e9rations.<\/h4>\n<h4><\/h4>\n<h4>En cette Journ\u00e9e consacr\u00e9e aux grands-parents et aux personnes \u00e2g\u00e9es, dans son hom\u00e9lie lue par Mgr Rino Fisichella, pr\u00e9sident du Conseil pontifical pour la Nouvelle \u00c9vang\u00e9lisation, le Pape Fran\u00e7ois a souhait\u00e9 s\u2019arr\u00eater sur trois moments de l\u2019\u00c9vangile de Jean: J\u00e9sus qui voit la faim de la foule; J\u00e9sus qui partage le pain; J\u00e9sus qui recommande de rassembler les morceaux qui sont rest\u00e9s. \u00ab Trois moments r\u00e9sum\u00e9s en trois verbes: voir, partager, garder. \u00bb<\/h4>\n<h4>\n<\/div>\n<\/div><\/div><\/div><div id=\"pgc-5955-1-2\"  class=\"panel-grid-cell panel-grid-cell-empty\" ><\/div><\/div><div id=\"pg-5955-2\"  class=\"panel-grid panel-no-style\" ><div id=\"pgc-5955-2-0\"  class=\"panel-grid-cell panel-grid-cell-empty\" ><\/div><div id=\"pgc-5955-2-1\"  class=\"panel-grid-cell panel-grid-cell-mobile-last\" ><div id=\"panel-5955-2-1-0\" class=\"so-panel widget widget_sow-accordion panel-first-child panel-last-child\" data-index=\"3\" ><div\n\t\t\t\n\t\t\tclass=\"so-widget-sow-accordion so-widget-sow-accordion-default-9a4710fe8e10-5955\"\n\t\t\t data-max-open-panels=\"0\" data-use-anchor-tags=\"false\" data-initial-scroll-panel=\"0\"\n\t\t><div>\n\t<div class=\"sow-accordion\">\n\t\t\t<div class=\"sow-accordion-panel\n\t\t\t\t\t\"\n\t\t\t\tdata-anchor-id=\"il-nexiste-pas-de-foule-anonyme\">\n\t\t\t\t\t<div class=\"sow-accordion-panel-header-container\" role=\"heading\" aria-level=\"2\">\n\t\t\t\t\t<div class=\"sow-accordion-panel-header\" tabindex=\"0\" role=\"button\" id=\"accordion-label-il-nexiste-pas-de-foule-anonyme\" aria-controls=\"accordion-content-il-nexiste-pas-de-foule-anonyme\" aria-expanded=\"false\">\n\t\t\t\t\t\t<div class=\"sow-accordion-title sow-accordion-title-icon-left\">\n\t\t\t\t\t\t\t<span class=\"sow-icon-fontawesome sow-far\" data-sow-icon=\"&#xf580;\"\n\t\t \n\t\taria-hidden=\"true\"><\/span>\t\t\t\t\t\t\tIl n'existe pas de foule anonyme\t\t\t\t\t\t\t\t\t\t\t\t\t<\/div>\n\t\t\t\t\t\t<div class=\"sow-accordion-open-close-button\">\n\t\t\t\t\t\t\t<div class=\"sow-accordion-open-button\">\n\t\t\t\t\t\t\t\t<span class=\"sow-icon-fontawesome sow-fas\" data-sow-icon=\"&#x2b;\"\n\t\t \n\t\taria-hidden=\"true\"><\/span>\t\t\t\t\t\t\t<\/div>\n\t\t\t\t\t\t\t<div class=\"sow-accordion-close-button\">\n\t\t\t\t\t\t\t\t<span class=\"sow-icon-fontawesome sow-fas\" data-sow-icon=\"&#xf068;\"\n\t\t \n\t\taria-hidden=\"true\"><\/span>\t\t\t\t\t\t\t<\/div>\n\t\t\t\t\t\t<\/div>\n\t\t\t\t\t<\/div>\n\t\t\t\t<\/div>\n\n\t\t\t<div\n\t\t\t\tclass=\"sow-accordion-panel-content\"\n\t\t\t\trole=\"region\"\n\t\t\t\taria-labelledby=\"accordion-label-il-nexiste-pas-de-foule-anonyme\"\n\t\t\t\tid=\"accordion-content-il-nexiste-pas-de-foule-anonyme\"\n\t\t\t\tstyle=\"display: none;\"\t\t\t>\n\t\t\t\t<div class=\"sow-accordion-panel-border\">\n\t\t\t\t\t<h4><\/h4>\n<h4>Voir. C\u2019est ainsi que commence le miracle, par le regard de J\u00e9sus qui n\u2019est pas indiff\u00e9rent ou affair\u00e9, mais qui ressent les affres de la faim qui tenaille l\u2019humanit\u00e9 \u00e9puis\u00e9e, a soulign\u00e9 le Saint-P\u00e8re.<\/h4>\n<h4>En effet, c\u2019est dans les yeux de J\u00e9sus, que nous voyons le regard de Dieu: \u00ab C\u2019est un regard attentif qui nous aper\u00e7oit, qui scrute les attentes que nous portons dans le c\u0153ur, qui voit la fatigue, l\u2019\u00e9puisement et l\u2019espoir avec lesquels nous allons de l\u2019avant \u00bb, a d\u00e9velopp\u00e9 l\u2019\u00e9v\u00eaque de Rome, pr\u00e9cisant qu\u2019aux yeux de Dieu, \u00abil n\u2019existe pas de foule anonyme, mais chaque personne avec sa faim \u00bb. \u00ab J\u00e9sus a un regard contemplatif, capable de s\u2019arr\u00eater devant la vie de l\u2019autre et de lire dedans \u00bb, a-t-il rappel\u00e9.<\/h4>\n<h4><\/h4>\t\t\t\t<\/div>\n\t\t\t<\/div>\n\t\t<\/div>\n\t\t\t<div class=\"sow-accordion-panel\n\t\t\t\t\t\"\n\t\t\t\tdata-anchor-id=\"les-yeux-attentifs-et-tendres-des-grands-parents\">\n\t\t\t\t\t<div class=\"sow-accordion-panel-header-container\" role=\"heading\" aria-level=\"2\">\n\t\t\t\t\t<div class=\"sow-accordion-panel-header\" tabindex=\"0\" role=\"button\" id=\"accordion-label-les-yeux-attentifs-et-tendres-des-grands-parents\" aria-controls=\"accordion-content-les-yeux-attentifs-et-tendres-des-grands-parents\" aria-expanded=\"false\">\n\t\t\t\t\t\t<div class=\"sow-accordion-title sow-accordion-title-icon-left\">\n\t\t\t\t\t\t\t<span class=\"sow-icon-fontawesome sow-far\" data-sow-icon=\"&#xf584;\"\n\t\t \n\t\taria-hidden=\"true\"><\/span>\t\t\t\t\t\t\tLes yeux attentifs et tendres des grands-parents\t\t\t\t\t\t\t\t\t\t\t\t\t<\/div>\n\t\t\t\t\t\t<div class=\"sow-accordion-open-close-button\">\n\t\t\t\t\t\t\t<div class=\"sow-accordion-open-button\">\n\t\t\t\t\t\t\t\t<span class=\"sow-icon-fontawesome sow-fas\" data-sow-icon=\"&#x2b;\"\n\t\t \n\t\taria-hidden=\"true\"><\/span>\t\t\t\t\t\t\t<\/div>\n\t\t\t\t\t\t\t<div class=\"sow-accordion-close-button\">\n\t\t\t\t\t\t\t\t<span class=\"sow-icon-fontawesome sow-fas\" data-sow-icon=\"&#xf068;\"\n\t\t \n\t\taria-hidden=\"true\"><\/span>\t\t\t\t\t\t\t<\/div>\n\t\t\t\t\t\t<\/div>\n\t\t\t\t\t<\/div>\n\t\t\t\t<\/div>\n\n\t\t\t<div\n\t\t\t\tclass=\"sow-accordion-panel-content\"\n\t\t\t\trole=\"region\"\n\t\t\t\taria-labelledby=\"accordion-label-les-yeux-attentifs-et-tendres-des-grands-parents\"\n\t\t\t\tid=\"accordion-content-les-yeux-attentifs-et-tendres-des-grands-parents\"\n\t\t\t\tstyle=\"display: none;\"\t\t\t>\n\t\t\t\t<div class=\"sow-accordion-panel-border\">\n\t\t\t\t\t<h4><\/h4>\n<h4>Et le Pape d\u2019assurer que ce regard est celui que les grands-parents et les personnes \u00e2g\u00e9es ont eu sur notre vie, \u00ab c\u2019est la mani\u00e8re dont ils ont pris soin de nous depuis notre enfance \u00bb. \u00ab Apr\u00e8s une vie souvent faite de sacrifices, ils ne nous ont pas \u00e9t\u00e9 indiff\u00e9rents ou occup\u00e9s sans nous. Ils ont eu des yeux attentifs, remplis de tendresse \u00bb, a ajout\u00e9 Fran\u00e7ois, rappelant que nous \u00e9tions tous pass\u00e9s par les genoux des grands-parents, qui nous ont tenus dans les bras. \u00ab Et c\u2019est aussi gr\u00e2ce \u00e0 cet amour que nous sommes devenus adultes \u00bb.<\/h4>\n<h4><\/h4>\t\t\t\t<\/div>\n\t\t\t<\/div>\n\t\t<\/div>\n\t\t\t<div class=\"sow-accordion-panel\n\t\t\t\t\t\"\n\t\t\t\tdata-anchor-id=\"les-grands-parents-ont-faim-de-notre-attention\">\n\t\t\t\t\t<div class=\"sow-accordion-panel-header-container\" role=\"heading\" aria-level=\"2\">\n\t\t\t\t\t<div class=\"sow-accordion-panel-header\" tabindex=\"0\" role=\"button\" id=\"accordion-label-les-grands-parents-ont-faim-de-notre-attention\" aria-controls=\"accordion-content-les-grands-parents-ont-faim-de-notre-attention\" aria-expanded=\"false\">\n\t\t\t\t\t\t<div class=\"sow-accordion-title sow-accordion-title-icon-left\">\n\t\t\t\t\t\t\t<span class=\"sow-icon-fontawesome sow-far\" data-sow-icon=\"&#xf2b5;\"\n\t\t \n\t\taria-hidden=\"true\"><\/span>\t\t\t\t\t\t\tLes grands-parents ont faim de notre attention\t\t\t\t\t\t\t\t\t\t\t\t\t<\/div>\n\t\t\t\t\t\t<div class=\"sow-accordion-open-close-button\">\n\t\t\t\t\t\t\t<div class=\"sow-accordion-open-button\">\n\t\t\t\t\t\t\t\t<span class=\"sow-icon-fontawesome sow-fas\" data-sow-icon=\"&#x2b;\"\n\t\t \n\t\taria-hidden=\"true\"><\/span>\t\t\t\t\t\t\t<\/div>\n\t\t\t\t\t\t\t<div class=\"sow-accordion-close-button\">\n\t\t\t\t\t\t\t\t<span class=\"sow-icon-fontawesome sow-fas\" data-sow-icon=\"&#xf068;\"\n\t\t \n\t\taria-hidden=\"true\"><\/span>\t\t\t\t\t\t\t<\/div>\n\t\t\t\t\t\t<\/div>\n\t\t\t\t\t<\/div>\n\t\t\t\t<\/div>\n\n\t\t\t<div\n\t\t\t\tclass=\"sow-accordion-panel-content\"\n\t\t\t\trole=\"region\"\n\t\t\t\taria-labelledby=\"accordion-label-les-grands-parents-ont-faim-de-notre-attention\"\n\t\t\t\tid=\"accordion-content-les-grands-parents-ont-faim-de-notre-attention\"\n\t\t\t\tstyle=\"display: none;\"\t\t\t>\n\t\t\t\t<div class=\"sow-accordion-panel-border\">\n\t\t\t\t\t<h4><\/h4>\n<h4>Et le Souverain pontife d\u2019interroger: et nous, quel regard avons-nous sur les grands-parents et les personnes \u00e2g\u00e9es? Quelle est la derni\u00e8re fois o\u00f9 nous avons tenu compagnie ou t\u00e9l\u00e9phon\u00e9 \u00e0 une personne \u00e2g\u00e9e pour lui exprimer notre proximit\u00e9 et nous laisser b\u00e9nir par ses paroles?<\/h4>\n<h4>\u00ab Je souffre quand je vois une soci\u00e9t\u00e9 qui court, affair\u00e9e et indiff\u00e9rente, absorb\u00e9e par trop de choses et incapable de s\u2019arr\u00eater pour porter un regard, une salutation, une caresse \u00bb, a regrett\u00e9 le Successeur de Pierre.<\/h4>\n<h4>\u00ab J\u2019ai peur d\u2019une soci\u00e9t\u00e9 dans laquelle nous sommes tous une foule anonyme et nous ne sommes plus capables de lever les yeux et de nous reconna\u00eetre. Les grands-parents, qui ont nourri notre vie, ont aujourd\u2019hui faim de nous: de notre attention, de notre tendresse. De nous sentir proches. Levons les yeux vers eux, comme J\u00e9sus le fait avec nous \u00bb, a exhort\u00e9 le Saint-P\u00e8re, avant d\u2019explorer le second verbe, \u00ab partager \u00bb, plaidant pour une nouvelle alliance entre g\u00e9n\u00e9rations.<\/h4>\n<h4><\/h4>\t\t\t\t<\/div>\n\t\t\t<\/div>\n\t\t<\/div>\n\t\t\t<div class=\"sow-accordion-panel\n\t\t\t\t\t\"\n\t\t\t\tdata-anchor-id=\"le-tresor-de-la-tradition-la-fraicheur-de-lesprit\">\n\t\t\t\t\t<div class=\"sow-accordion-panel-header-container\" role=\"heading\" aria-level=\"2\">\n\t\t\t\t\t<div class=\"sow-accordion-panel-header\" tabindex=\"0\" role=\"button\" id=\"accordion-label-le-tr%c3%a9sor-de-la-tradition-la-fra%c3%aecheur-de-lesprit\" aria-controls=\"accordion-content-le-tr%c3%a9sor-de-la-tradition-la-fra%c3%aecheur-de-lesprit\" aria-expanded=\"false\">\n\t\t\t\t\t\t<div class=\"sow-accordion-title sow-accordion-title-icon-left\">\n\t\t\t\t\t\t\t<span class=\"sow-icon-fontawesome sow-far\" data-sow-icon=\"&#xf185;\"\n\t\t \n\t\taria-hidden=\"true\"><\/span>\t\t\t\t\t\t\tLe tr\u00e9sor de la tradition, la fra\u00eecheur de l'Esprit\t\t\t\t\t\t\t\t\t\t\t\t\t<\/div>\n\t\t\t\t\t\t<div class=\"sow-accordion-open-close-button\">\n\t\t\t\t\t\t\t<div class=\"sow-accordion-open-button\">\n\t\t\t\t\t\t\t\t<span class=\"sow-icon-fontawesome sow-fas\" data-sow-icon=\"&#x2b;\"\n\t\t \n\t\taria-hidden=\"true\"><\/span>\t\t\t\t\t\t\t<\/div>\n\t\t\t\t\t\t\t<div class=\"sow-accordion-close-button\">\n\t\t\t\t\t\t\t\t<span class=\"sow-icon-fontawesome sow-fas\" data-sow-icon=\"&#xf068;\"\n\t\t \n\t\taria-hidden=\"true\"><\/span>\t\t\t\t\t\t\t<\/div>\n\t\t\t\t\t\t<\/div>\n\t\t\t\t\t<\/div>\n\t\t\t\t<\/div>\n\n\t\t\t<div\n\t\t\t\tclass=\"sow-accordion-panel-content\"\n\t\t\t\trole=\"region\"\n\t\t\t\taria-labelledby=\"accordion-label-le-tr%c3%a9sor-de-la-tradition-la-fra%c3%aecheur-de-lesprit\"\n\t\t\t\tid=\"accordion-content-le-tr%c3%a9sor-de-la-tradition-la-fra%c3%aecheur-de-lesprit\"\n\t\t\t\tstyle=\"display: none;\"\t\t\t>\n\t\t\t\t<div class=\"sow-accordion-panel-border\">\n\t\t\t\t\t<h4><\/h4>\n<h4>\u00ab Aujourd\u2019hui nous avons besoin d\u2019une nouvelle alliance entre les jeunes et les personnes \u00e2g\u00e9es, de partager le tr\u00e9sor commun de la vie, de r\u00eaver ensemble, de surmonter les conflits entre les g\u00e9n\u00e9rations afin de pr\u00e9parer l\u2019avenir de tous \u00bb, a d\u00e9velopp\u00e9 le Souverain pontife argentin, pr\u00e9venant que, sans cette alliance de vie, de r\u00eaves et d\u2019avenir, \u00ab nous risquons de mourir de faim, parce que les liens bris\u00e9s, les solitudes, les \u00e9go\u00efsmes, les forces destructrices augmentent \u00bb.<\/h4>\n<h4>\u201cAujourd\u2019hui nous avons besoin d\u2019une nouvelle alliance entre les jeunes et les personnes \u00e2g\u00e9es, de partager le tr\u00e9sor commun de la vie\u201d<\/h4>\n<h4>\u00ab Jeunes et personnes \u00e2g\u00e9es, le tr\u00e9sor de la tradition et la fra\u00eecheur de l\u2019Esprit. Jeunes et personnes \u00e2g\u00e9es ensemble. Dans la soci\u00e9t\u00e9 et dans l\u2019\u00c9glise: ensemble \u00bb, a demand\u00e9 le Pape, en venant au troisi\u00e8me verbe-cl\u00e9.<\/h4>\n<h4><\/h4>\t\t\t\t<\/div>\n\t\t\t<\/div>\n\t\t<\/div>\n\t\t\t<div class=\"sow-accordion-panel\n\t\t\t\t\t\"\n\t\t\t\tdata-anchor-id=\"conserver-et-garder-avec-soin\">\n\t\t\t\t\t<div class=\"sow-accordion-panel-header-container\" role=\"heading\" aria-level=\"2\">\n\t\t\t\t\t<div class=\"sow-accordion-panel-header\" tabindex=\"0\" role=\"button\" id=\"accordion-label-conserver-et-garder-avec-soin\" aria-controls=\"accordion-content-conserver-et-garder-avec-soin\" aria-expanded=\"false\">\n\t\t\t\t\t\t<div class=\"sow-accordion-title sow-accordion-title-icon-left\">\n\t\t\t\t\t\t\t<span class=\"sow-icon-fontawesome sow-far\" data-sow-icon=\"&#xf1c5;\"\n\t\t \n\t\taria-hidden=\"true\"><\/span>\t\t\t\t\t\t\tConserver et garder avec soin\t\t\t\t\t\t\t\t\t\t\t\t\t<\/div>\n\t\t\t\t\t\t<div class=\"sow-accordion-open-close-button\">\n\t\t\t\t\t\t\t<div class=\"sow-accordion-open-button\">\n\t\t\t\t\t\t\t\t<span class=\"sow-icon-fontawesome sow-fas\" data-sow-icon=\"&#x2b;\"\n\t\t \n\t\taria-hidden=\"true\"><\/span>\t\t\t\t\t\t\t<\/div>\n\t\t\t\t\t\t\t<div class=\"sow-accordion-close-button\">\n\t\t\t\t\t\t\t\t<span class=\"sow-icon-fontawesome sow-fas\" data-sow-icon=\"&#xf068;\"\n\t\t \n\t\taria-hidden=\"true\"><\/span>\t\t\t\t\t\t\t<\/div>\n\t\t\t\t\t\t<\/div>\n\t\t\t\t\t<\/div>\n\t\t\t\t<\/div>\n\n\t\t\t<div\n\t\t\t\tclass=\"sow-accordion-panel-content\"\n\t\t\t\trole=\"region\"\n\t\t\t\taria-labelledby=\"accordion-label-conserver-et-garder-avec-soin\"\n\t\t\t\tid=\"accordion-content-conserver-et-garder-avec-soin\"\n\t\t\t\tstyle=\"display: none;\"\t\t\t>\n\t\t\t\t<div class=\"sow-accordion-panel-border\">\n\t\t\t\t\t<h4><\/h4>\n<h4>Garder. Apr\u00e8s qu\u2019ils eurent mang\u00e9, l\u2019\u00c9vangile mentionne que de nombreux morceaux de pain sont rest\u00e9s. Et J\u00e9sus recommande: \u00ab Rassemblez les morceaux en surplus, pour que rien ne se perde \u00bb (Jn 6, 12). \u00ab C\u2019est ainsi qu\u2019est le c\u0153ur de Dieu: non seulement il nous donne plus que ce dont nous avons besoin, mais il se soucie aussi que rien ne se perde, pas m\u00eame un fragment \u00bb, a assur\u00e9 Fran\u00e7ois, insistant sur le fait qu\u2019un petit morceau de pain peut sembler peu de chose, mais aux yeux de Dieu rien ne doit \u00eatre rejet\u00e9. \u00ab \u00c0 plus forte raison personne ne doit \u00eatre rejet\u00e9 \u00bb.<\/h4>\n<h4>C\u2019est donc une invitation proph\u00e9tique lanc\u00e9e par le Pape: \u00ab rassemblez, conservez avec soin, gardez \u00bb. \u00ab Les grands-parents et les personnes \u00e2g\u00e9es ne sont pas des restes de vie, des d\u00e9chets \u00e0 jeter \u00bb, a affirm\u00e9 le Pape, au contraire, ils sont ces pr\u00e9cieux morceaux de pain qui sont rest\u00e9s sur la table de notre vie, qui peuvent encore nous nourrir d\u2019une odeur agr\u00e9able que nous avons perdue, \u00ab l\u2019odeur agr\u00e9able de la m\u00e9moire \u00bb.<\/h4>\n<h4><\/h4>\t\t\t\t<\/div>\n\t\t\t<\/div>\n\t\t<\/div>\n\t\t\t<div class=\"sow-accordion-panel\n\t\t\t\t\t\"\n\t\t\t\tdata-anchor-id=\"la-fabuleuse-memoire-des-personnes-agees\">\n\t\t\t\t\t<div class=\"sow-accordion-panel-header-container\" role=\"heading\" aria-level=\"2\">\n\t\t\t\t\t<div class=\"sow-accordion-panel-header\" tabindex=\"0\" role=\"button\" id=\"accordion-label-la-fabuleuse-m%c3%a9moire-des-personnes-%c3%a2g%c3%a9es\" aria-controls=\"accordion-content-la-fabuleuse-m%c3%a9moire-des-personnes-%c3%a2g%c3%a9es\" aria-expanded=\"false\">\n\t\t\t\t\t\t<div class=\"sow-accordion-title sow-accordion-title-icon-left\">\n\t\t\t\t\t\t\t<span class=\"sow-icon-fontawesome sow-far\" data-sow-icon=\"&#xf1c8;\"\n\t\t \n\t\taria-hidden=\"true\"><\/span>\t\t\t\t\t\t\tLa fabuleuse m\u00e9moire des personnes \u00e2g\u00e9es\t\t\t\t\t\t\t\t\t\t\t\t\t<\/div>\n\t\t\t\t\t\t<div class=\"sow-accordion-open-close-button\">\n\t\t\t\t\t\t\t<div class=\"sow-accordion-open-button\">\n\t\t\t\t\t\t\t\t<span class=\"sow-icon-fontawesome sow-fas\" data-sow-icon=\"&#x2b;\"\n\t\t \n\t\taria-hidden=\"true\"><\/span>\t\t\t\t\t\t\t<\/div>\n\t\t\t\t\t\t\t<div class=\"sow-accordion-close-button\">\n\t\t\t\t\t\t\t\t<span class=\"sow-icon-fontawesome sow-fas\" data-sow-icon=\"&#xf068;\"\n\t\t \n\t\taria-hidden=\"true\"><\/span>\t\t\t\t\t\t\t<\/div>\n\t\t\t\t\t\t<\/div>\n\t\t\t\t\t<\/div>\n\t\t\t\t<\/div>\n\n\t\t\t<div\n\t\t\t\tclass=\"sow-accordion-panel-content\"\n\t\t\t\trole=\"region\"\n\t\t\t\taria-labelledby=\"accordion-label-la-fabuleuse-m%c3%a9moire-des-personnes-%c3%a2g%c3%a9es\"\n\t\t\t\tid=\"accordion-content-la-fabuleuse-m%c3%a9moire-des-personnes-%c3%a2g%c3%a9es\"\n\t\t\t\tstyle=\"display: none;\"\t\t\t>\n\t\t\t\t<div class=\"sow-accordion-panel-border\">\n\t\t\t\t\t<p><img decoding=\"async\" class=\"size-full wp-image-5974 alignleft\" src=\"https:\/\/multimediamenard.org\/wp-content\/uploads\/2021\/07\/july_01.png\" alt=\"\" width=\"247\" height=\"163\" \/><\/p>\n<h4><\/h4>\n<h4>Et le Souverain pontife de souhaiter que nous ne perdions pas la m\u00e9moire dont sont porteuses les personnes \u00e2g\u00e9es, \u00ab car nous sommes fils de cette histoire et sans racines nous fl\u00e9trirons \u00bb. \u00ab Elles nous ont prot\u00e9g\u00e9s tout au long du chemin de la croissance, maintenant c\u2019est \u00e0 nous de prot\u00e9ger leur vie, d\u2019all\u00e9ger leurs difficult\u00e9s, d\u2019\u00e9couter leurs besoins, de cr\u00e9er les conditions pour qu\u2019elles puissent \u00eatre facilit\u00e9es dans les t\u00e2ches quotidiennes et ne se sentent pas seules \u00bb.<\/h4>\n<h4>Demandons-nous, insiste concr\u00e8tement Fran\u00e7ois: \u00ab Est-ce que j\u2019ai rendu visite aux grands-parents? Aux personnes \u00e2g\u00e9es de ma famille ou de mon quartier? Est-ce que je les ai \u00e9cout\u00e9s? Est-ce que je leur ai accord\u00e9 un peu de temps? \u00bb.<\/h4>\n<h4>\u00ab Fr\u00e8res et s\u0153urs, les grands-parents et les personnes \u00e2g\u00e9es sont le pain qui nourrit notre vie. S\u2019il vous pla\u00eet, ne les oublions pas. Allions-nous \u00e0 eux. Apprenons \u00e0 nous arr\u00eater, \u00e0 les reconna\u00eetre, \u00e0 les \u00e9couter. Ne les rejetons jamais. Gardons-les dans l\u2019amour. Et apprenons \u00e0 partager du temps avec eux. Nous en sortirons meilleurs. Et ensemble, jeunes et personnes \u00e2g\u00e9es, nous nous rassasierons \u00e0 la table du partage b\u00e9nie par Dieu \u00bb, a enfin conclu le Saint-P\u00e8re dans cette hom\u00e9lie prononc\u00e9e par le pr\u00e9sident du Conseil pontifical pour la Nouvelle \u00c9vang\u00e9lisation.<\/h4>\n<h4><\/h4>\t\t\t\t<\/div>\n\t\t\t<\/div>\n\t\t<\/div>\n\t\t<\/div>\n<\/div>\n<\/div><\/div><\/div><div id=\"pgc-5955-2-2\"  class=\"panel-grid-cell panel-grid-cell-empty\" ><\/div><\/div><\/div>","protected":false},"excerpt":{"rendered":"<p>PAPE FRAN\u00c7OIS: LES GRANDS-PARENTS SONT LE PAIN QUI NOURRIT NOTRE VIE Voir, partager et garder: trois mots inspir\u00e9s de l&rsquo;\u00c9vangile de Jean que le Pape Fran\u00e7ois a souhait\u00e9 appliquer \u00e0 notre attitude vis-\u00e0-vis des grands-parents et personnes \u00e2g\u00e9es, dans son hom\u00e9lie lors de la messe c\u00e9l\u00e9br\u00e9e en cette premi\u00e8re journ\u00e9e qui leur est d\u00e9di\u00e9, dimanche [&hellip;]<\/p>\n","protected":false},"author":1,"featured_media":0,"parent":0,"menu_order":0,"comment_status":"closed","ping_status":"closed","template":"","meta":{"footnotes":""},"guten_post_layout_featured_media_urls":{"full":false,"thumbnail":false,"medium":false,"medium_large":false,"large":false,"1536x1536":false,"2048x2048":false,"guten_post_layout_landscape_large":false,"guten_post_layout_portrait_large":false,"guten_post_layout_square_large":false,"guten_post_layout_landscape":false,"guten_post_layout_portrait":false,"guten_post_layout_square":false,"post-thumbnail":false,"vantage-thumbnail-no-sidebar":false,"vantage-slide":false,"vantage-carousel":false,"vantage-grid-loop":false,"sow-carousel-default":false,"sow-post-carousel-overlay-theme":false},"rttpg_featured_image_url":null,"rttpg_author":{"display_name":"admin","author_link":"https:\/\/multimediamenard.org\/fr\/author\/admin\/"},"rttpg_comment":0,"rttpg_category":null,"rttpg_excerpt":"PAPE FRAN\u00c7OIS: LES GRANDS-PARENTS SONT LE PAIN QUI NOURRIT NOTRE VIE Voir, partager et garder: trois mots inspir\u00e9s de l'\u00c9vangile de Jean que le Pape Fran\u00e7ois a souhait\u00e9 appliquer \u00e0 notre attitude vis-\u00e0-vis des grands-parents et personnes \u00e2g\u00e9es, dans son hom\u00e9lie lors de la messe c\u00e9l\u00e9br\u00e9e en cette premi\u00e8re journ\u00e9e qui leur est d\u00e9di\u00e9, dimanche\u2026","_links":{"self":[{"href":"https:\/\/multimediamenard.org\/fr\/wp-json\/wp\/v2\/pages\/5955"}],"collection":[{"href":"https:\/\/multimediamenard.org\/fr\/wp-json\/wp\/v2\/pages"}],"about":[{"href":"https:\/\/multimediamenard.org\/fr\/wp-json\/wp\/v2\/types\/page"}],"author":[{"embeddable":true,"href":"https:\/\/multimediamenard.org\/fr\/wp-json\/wp\/v2\/users\/1"}],"replies":[{"embeddable":true,"href":"https:\/\/multimediamenard.org\/fr\/wp-json\/wp\/v2\/comments?post=5955"}],"version-history":[{"count":62,"href":"https:\/\/multimediamenard.org\/fr\/wp-json\/wp\/v2\/pages\/5955\/revisions"}],"predecessor-version":[{"id":6035,"href":"https:\/\/multimediamenard.org\/fr\/wp-json\/wp\/v2\/pages\/5955\/revisions\/6035"}],"wp:attachment":[{"href":"https:\/\/multimediamenard.org\/fr\/wp-json\/wp\/v2\/media?parent=5955"}],"curies":[{"name":"wp","href":"https:\/\/api.w.org\/{rel}","templated":true}]}}