{"id":6106,"date":"2021-10-04T17:03:11","date_gmt":"2021-10-04T17:03:11","guid":{"rendered":"https:\/\/multimediamenard.org\/?page_id=6106"},"modified":"2021-10-04T17:03:11","modified_gmt":"2021-10-04T17:03:11","slug":"septiembre-2021","status":"publish","type":"page","link":"https:\/\/multimediamenard.org\/fr\/septiembre-2021\/","title":{"rendered":"Septembre 2021"},"content":{"rendered":"<div id=\"pl-6106\"  class=\"panel-layout\" ><div id=\"pg-6106-0\"  class=\"panel-grid panel-no-style\" ><div id=\"pgc-6106-0-0\"  class=\"panel-grid-cell panel-grid-cell-empty\" ><\/div><div id=\"pgc-6106-0-1\"  class=\"panel-grid-cell panel-grid-cell-mobile-last\" ><div id=\"panel-6106-0-1-0\" class=\"so-panel widget widget_sow-editor panel-first-child panel-last-child\" data-index=\"0\" ><div\n\t\t\t\n\t\t\tclass=\"so-widget-sow-editor so-widget-sow-editor-base\"\n\t\t\t\n\t\t>\n<div class=\"siteorigin-widget-tinymce textwidget\">\n\t<p><img fetchpriority=\"high\" fetchpriority=\"high\" decoding=\"async\" class=\"wp-image-6121 size-full aligncenter\" src=\"https:\/\/multimediamenard.org\/wp-content\/uploads\/2021\/10\/sep02_2021.png\" alt=\"\" width=\"956\" height=\"564\" srcset=\"https:\/\/multimediamenard.org\/wp-content\/uploads\/2021\/10\/sep02_2021.png 956w, https:\/\/multimediamenard.org\/wp-content\/uploads\/2021\/10\/sep02_2021-300x177.png 300w, https:\/\/multimediamenard.org\/wp-content\/uploads\/2021\/10\/sep02_2021-768x453.png 768w\" sizes=\"(max-width: 956px) 100vw, 956px\" \/><\/p>\n<p>&nbsp;<\/p>\n<\/p>\n<p><strong><u>LE DOCUMENT PR\u00c9PARATOIRE DU SYNODE DES \u00c9V\u00caQUES DE 2023 A \u00c9T\u00c9 PUBLI\u00c9<\/u><\/strong><\/p>\n<p>Le Secr\u00e9tariat G\u00e9n\u00e9ral du Synode des \u00e9v\u00eaques a rendu public ce mardi 7 septembre le Document pr\u00e9paratoire et le Vademecum qui accompagneront le prochain Synode sur la synodalit\u00e9. Celui-ci sera ouvert les 9-10 octobre \u00e0 Rome et le 17 octobre dans les \u00c9glises particuli\u00e8res, et se conclura par l'assembl\u00e9e g\u00e9n\u00e9rale au Vatican en 2023.<\/p>\n<p>\u00c9couter, \u00ab sans pr\u00e9jug\u00e9s \u00bb. Prendre la parole, \u00ab avec courage et parresia \u00bb. Dialoguer avec l'\u00c9glise, la soci\u00e9t\u00e9 et les autres confessions chr\u00e9tiennes. Le Secr\u00e9tariat g\u00e9n\u00e9ral du Synode a publi\u00e9 le Document pr\u00e9paratoire et le Vademecum, textes essentiels indiquant les lignes directrices du prochain chemin synodal.<\/p><\/p>\n<\/div>\n<\/div><\/div><\/div><div id=\"pgc-6106-0-2\"  class=\"panel-grid-cell panel-grid-cell-empty\" ><\/div><\/div><div id=\"pg-6106-1\"  class=\"panel-grid panel-no-style\" ><div id=\"pgc-6106-1-0\"  class=\"panel-grid-cell panel-grid-cell-empty\" ><\/div><div id=\"pgc-6106-1-1\"  class=\"panel-grid-cell panel-grid-cell-mobile-last\" ><div id=\"panel-6106-1-1-0\" class=\"so-panel widget widget_sow-accordion panel-first-child panel-last-child\" data-index=\"1\" ><div\n\t\t\t\n\t\t\tclass=\"so-widget-sow-accordion so-widget-sow-accordion-default-9ab81f6899c1-6106\"\n\t\t\t data-max-open-panels=\"0\" data-use-anchor-tags=\"false\" data-initial-scroll-panel=\"0\"\n\t\t><div>\n\t<div class=\"sow-accordion\">\n\t\t\t<div class=\"sow-accordion-panel\n\t\t\t\t\t\"\n\t\t\t\tdata-anchor-id=\"une-boussole-et-non-un-livre-de-regles\">\n\t\t\t\t\t<div class=\"sow-accordion-panel-header-container\" role=\"heading\" aria-level=\"2\">\n\t\t\t\t\t<div class=\"sow-accordion-panel-header\" tabindex=\"0\" role=\"button\" id=\"accordion-label-une-boussole-et-non-%c2%ab-un-livre-de-r%c3%a8gles-%c2%bb\" aria-controls=\"accordion-content-une-boussole-et-non-%c2%ab-un-livre-de-r%c3%a8gles-%c2%bb\" aria-expanded=\"false\">\n\t\t\t\t\t\t<div class=\"sow-accordion-title sow-accordion-title-icon-left\">\n\t\t\t\t\t\t\t\t\t\t\t\t\t\tUne boussole et non \u00ab un livre de r\u00e8gles \u00bb\t\t\t\t\t\t\t\t\t\t\t\t\t<\/div>\n\t\t\t\t\t\t<div class=\"sow-accordion-open-close-button\">\n\t\t\t\t\t\t\t<div class=\"sow-accordion-open-button\">\n\t\t\t\t\t\t\t\t<span class=\"sow-icon-fontawesome sow-fas\" data-sow-icon=\"&#x2b;\"\n\t\t \n\t\taria-hidden=\"true\"><\/span>\t\t\t\t\t\t\t<\/div>\n\t\t\t\t\t\t\t<div class=\"sow-accordion-close-button\">\n\t\t\t\t\t\t\t\t<span class=\"sow-icon-fontawesome sow-fas\" data-sow-icon=\"&#xf068;\"\n\t\t \n\t\taria-hidden=\"true\"><\/span>\t\t\t\t\t\t\t<\/div>\n\t\t\t\t\t\t<\/div>\n\t\t\t\t\t<\/div>\n\t\t\t\t<\/div>\n\n\t\t\t<div\n\t\t\t\tclass=\"sow-accordion-panel-content\"\n\t\t\t\trole=\"region\"\n\t\t\t\taria-labelledby=\"accordion-label-une-boussole-et-non-%c2%ab-un-livre-de-r%c3%a8gles-%c2%bb\"\n\t\t\t\tid=\"accordion-content-une-boussole-et-non-%c2%ab-un-livre-de-r%c3%a8gles-%c2%bb\"\n\t\t\t\tstyle=\"display: none;\"\t\t\t>\n\t\t\t\t<div class=\"sow-accordion-panel-border\">\n\t\t\t\t\t<p><\/p>\n<p>Le Document pr\u00e9paratoire se veut avant tout \u00ab un outil \u00bb pour faciliter la premi\u00e8re phase d'\u00e9coute et de consultation du Peuple de Dieu dans les \u00c9glises particuli\u00e8res, qui d\u00e9butera en octobre 2021 et se terminera en avril 2022. Le Vademecum est quant \u00e0 lui con\u00e7u comme \u00ab un manuel \u00bb offrant un \u00ab soutien pratique \u00bb aux r\u00e9f\u00e9rents dioc\u00e9sains pour pr\u00e9parer le peuple de Dieu. Il comprend des pri\u00e8res en ligne, des exemples de synodes r\u00e9cents, un glossaire des termes relatifs au processus synodal. Ce n\u2019est \u00ab pas un livre de r\u00e8gles \u00bb, mais \u00ab un guide pour soutenir les efforts de chaque \u00c9glise locale \u00bb.<\/p>\n<p>Une question fondamentale sous-tend ces deux publications: \u00ab Comment se r\u00e9alise aujourd'hui, \u00e0 diff\u00e9rents niveaux (du local \u00e0 l'universel), ce \"marcher ensemble\" qui permet \u00e0 l'\u00c9glise d'annoncer l'\u00c9vangile, conform\u00e9ment \u00e0 la mission qui lui a \u00e9t\u00e9 confi\u00e9e, et quels pas l'Esprit nous invite-t-il \u00e0 faire pour grandir en tant qu'\u00c9glise synodale ? \u00bb<\/p>\n<p><\/p>\t\t\t\t<\/div>\n\t\t\t<\/div>\n\t\t<\/div>\n\t\t\t<div class=\"sow-accordion-panel\n\t\t\t\t\t\"\n\t\t\t\tdata-anchor-id=\"inclure-tous-les-baptises\">\n\t\t\t\t\t<div class=\"sow-accordion-panel-header-container\" role=\"heading\" aria-level=\"2\">\n\t\t\t\t\t<div class=\"sow-accordion-panel-header\" tabindex=\"0\" role=\"button\" id=\"accordion-label-inclure-tous-les-baptis%c3%a9s\" aria-controls=\"accordion-content-inclure-tous-les-baptis%c3%a9s\" aria-expanded=\"false\">\n\t\t\t\t\t\t<div class=\"sow-accordion-title sow-accordion-title-icon-left\">\n\t\t\t\t\t\t\t\t\t\t\t\t\t\tInclure tous les baptis\u00e9s\t\t\t\t\t\t\t\t\t\t\t\t\t<\/div>\n\t\t\t\t\t\t<div class=\"sow-accordion-open-close-button\">\n\t\t\t\t\t\t\t<div class=\"sow-accordion-open-button\">\n\t\t\t\t\t\t\t\t<span class=\"sow-icon-fontawesome sow-fas\" data-sow-icon=\"&#x2b;\"\n\t\t \n\t\taria-hidden=\"true\"><\/span>\t\t\t\t\t\t\t<\/div>\n\t\t\t\t\t\t\t<div class=\"sow-accordion-close-button\">\n\t\t\t\t\t\t\t\t<span class=\"sow-icon-fontawesome sow-fas\" data-sow-icon=\"&#xf068;\"\n\t\t \n\t\taria-hidden=\"true\"><\/span>\t\t\t\t\t\t\t<\/div>\n\t\t\t\t\t\t<\/div>\n\t\t\t\t\t<\/div>\n\t\t\t\t<\/div>\n\n\t\t\t<div\n\t\t\t\tclass=\"sow-accordion-panel-content\"\n\t\t\t\trole=\"region\"\n\t\t\t\taria-labelledby=\"accordion-label-inclure-tous-les-baptis%c3%a9s\"\n\t\t\t\tid=\"accordion-content-inclure-tous-les-baptis%c3%a9s\"\n\t\t\t\tstyle=\"display: none;\"\t\t\t>\n\t\t\t\t<div class=\"sow-accordion-panel-border\">\n\t\t\t\t\t<p><\/p>\n<p>Pour r\u00e9pondre \u00e0 cette question, le Secr\u00e9tariat du Synode souligne la n\u00e9cessit\u00e9 de \u00ab vivre un processus eccl\u00e9sial participatif et inclusif \u00bb qui offre \u00e0 chaque personne, en particulier \u00e0 celles qui sont en marge, la possibilit\u00e9 de s'exprimer et d'\u00eatre entendues; puis de reconna\u00eetre et d'appr\u00e9cier la vari\u00e9t\u00e9 des charismes et d'examiner \u00ab comment la responsabilit\u00e9 et le pouvoir sont v\u00e9cus dans l\u2019\u00c9glise \u00bb. Il s\u2019agit aussi d\u2019\u00ab accr\u00e9diter la communaut\u00e9 chr\u00e9tienne en tant que sujet cr\u00e9dible et partenaire fiable\u00bb sur les voies du dialogue, de la r\u00e9conciliation, de l'inclusion et de la participation. Et aussi de \u00ab r\u00e9g\u00e9n\u00e9rer les relations \u00bb avec les repr\u00e9sentants d'autres confessions, les organisations de la soci\u00e9t\u00e9 civile et les mouvements populaires.<\/p>\n<p>Des mesures concr\u00e8tes, donc, qui s'inscrivent dans un cadre historique marqu\u00e9 par la \u00ab trag\u00e9die \u00bb du COVID et dans un contexte o\u00f9 l'\u00c9glise est confront\u00e9e \u00e0 un manque de foi interne, \u00e0 la corruption et aux abus. Mais c'est pr\u00e9cis\u00e9ment dans ces \u00ab sillons creus\u00e9s par la souffrance \u00bb que fleurissent les \u00ab voies nouvelles \u00bb pour \u00ab refonder le chemin de la vie chr\u00e9tienne et eccl\u00e9siale \u00bb.<\/p>\n<p><\/p>\n<p>&nbsp;<\/p>\t\t\t\t<\/div>\n\t\t\t<\/div>\n\t\t<\/div>\n\t\t\t<div class=\"sow-accordion-panel\n\t\t\t\t\t\"\n\t\t\t\tdata-anchor-id=\"la-place-des-laics\">\n\t\t\t\t\t<div class=\"sow-accordion-panel-header-container\" role=\"heading\" aria-level=\"2\">\n\t\t\t\t\t<div class=\"sow-accordion-panel-header\" tabindex=\"0\" role=\"button\" id=\"accordion-label-la-place-des-la%c3%afcs\" aria-controls=\"accordion-content-la-place-des-la%c3%afcs\" aria-expanded=\"false\">\n\t\t\t\t\t\t<div class=\"sow-accordion-title sow-accordion-title-icon-left\">\n\t\t\t\t\t\t\t\t\t\t\t\t\t\tLa place des la\u00efcs\t\t\t\t\t\t\t\t\t\t\t\t\t<\/div>\n\t\t\t\t\t\t<div class=\"sow-accordion-open-close-button\">\n\t\t\t\t\t\t\t<div class=\"sow-accordion-open-button\">\n\t\t\t\t\t\t\t\t<span class=\"sow-icon-fontawesome sow-fas\" data-sow-icon=\"&#x2b;\"\n\t\t \n\t\taria-hidden=\"true\"><\/span>\t\t\t\t\t\t\t<\/div>\n\t\t\t\t\t\t\t<div class=\"sow-accordion-close-button\">\n\t\t\t\t\t\t\t\t<span class=\"sow-icon-fontawesome sow-fas\" data-sow-icon=\"&#xf068;\"\n\t\t \n\t\taria-hidden=\"true\"><\/span>\t\t\t\t\t\t\t<\/div>\n\t\t\t\t\t\t<\/div>\n\t\t\t\t\t<\/div>\n\t\t\t\t<\/div>\n\n\t\t\t<div\n\t\t\t\tclass=\"sow-accordion-panel-content\"\n\t\t\t\trole=\"region\"\n\t\t\t\taria-labelledby=\"accordion-label-la-place-des-la%c3%afcs\"\n\t\t\t\tid=\"accordion-content-la-place-des-la%c3%afcs\"\n\t\t\t\tstyle=\"display: none;\"\t\t\t>\n\t\t\t\t<div class=\"sow-accordion-panel-border\">\n\t\t\t\t\t<p><\/p>\n<p>Le Document pr\u00e9paratoire consacre \u00e9galement une large place aux la\u00efcs. Il r\u00e9affirme que tous les baptis\u00e9s sont des \u00ab sujets actifs de l\u2019\u00e9vang\u00e9lisation \u00bb et qu'il est fondamental que les pasteurs \u00ab n\u2019aient pas peur d'\u00e9couter le troupeau \u00bb. Dans une \u00c9glise synodale, en effet, chacun \u00ab a quelque chose \u00e0 apprendre \u00bb de l'autre.<\/p>\n<p>Le texte pr\u00e9paratoire propose ensuite des questions pour guider la consultation du peuple de Dieu, en commen\u00e7ant par une question: Comment le \u00ab marcher ensemble \u00bb est-il r\u00e9alis\u00e9 aujourd'hui dans son \u00c9glise particuli\u00e8re? Il est donc vivement conseill\u00e9 de relire les exp\u00e9riences de son propre dioc\u00e8se \u00e0 cet \u00e9gard, en tenant compte des relations internes au dioc\u00e8se entre les fid\u00e8les, le clerg\u00e9, les paroisses, mais aussi entre les \u00e9v\u00eaques, avec les diff\u00e9rentes formes de vie religieuse et consacr\u00e9e, avec les associations, les mouvements et les institutions telles que les \u00e9coles, les h\u00f4pitaux, les universit\u00e9s, les organisations caritatives. Il convient \u00e9galement d'envisager des relations et des initiatives communes avec d'autres religions et avec le monde de la politique, de la culture, des finances, du travail, des syndicats et des minorit\u00e9s.<\/p>\n<p><\/p>\t\t\t\t<\/div>\n\t\t\t<\/div>\n\t\t<\/div>\n\t\t\t<div class=\"sow-accordion-panel\n\t\t\t\t\t\"\n\t\t\t\tdata-anchor-id=\"des-pistes-de-reflexion-precises\">\n\t\t\t\t\t<div class=\"sow-accordion-panel-header-container\" role=\"heading\" aria-level=\"2\">\n\t\t\t\t\t<div class=\"sow-accordion-panel-header\" tabindex=\"0\" role=\"button\" id=\"accordion-label-des-pistes-de-r%c3%a9flexion-pr%c3%a9cises\" aria-controls=\"accordion-content-des-pistes-de-r%c3%a9flexion-pr%c3%a9cises\" aria-expanded=\"false\">\n\t\t\t\t\t\t<div class=\"sow-accordion-title sow-accordion-title-icon-left\">\n\t\t\t\t\t\t\t\t\t\t\t\t\t\tDes pistes de r\u00e9flexion pr\u00e9cises\t\t\t\t\t\t\t\t\t\t\t\t\t<\/div>\n\t\t\t\t\t\t<div class=\"sow-accordion-open-close-button\">\n\t\t\t\t\t\t\t<div class=\"sow-accordion-open-button\">\n\t\t\t\t\t\t\t\t<span class=\"sow-icon-fontawesome sow-fas\" data-sow-icon=\"&#x2b;\"\n\t\t \n\t\taria-hidden=\"true\"><\/span>\t\t\t\t\t\t\t<\/div>\n\t\t\t\t\t\t\t<div class=\"sow-accordion-close-button\">\n\t\t\t\t\t\t\t\t<span class=\"sow-icon-fontawesome sow-fas\" data-sow-icon=\"&#xf068;\"\n\t\t \n\t\taria-hidden=\"true\"><\/span>\t\t\t\t\t\t\t<\/div>\n\t\t\t\t\t\t<\/div>\n\t\t\t\t\t<\/div>\n\t\t\t\t<\/div>\n\n\t\t\t<div\n\t\t\t\tclass=\"sow-accordion-panel-content\"\n\t\t\t\trole=\"region\"\n\t\t\t\taria-labelledby=\"accordion-label-des-pistes-de-r%c3%a9flexion-pr%c3%a9cises\"\n\t\t\t\tid=\"accordion-content-des-pistes-de-r%c3%a9flexion-pr%c3%a9cises\"\n\t\t\t\tstyle=\"display: none;\"\t\t\t>\n\t\t\t\t<div class=\"sow-accordion-panel-border\">\n\t\t\t\t\t<p><\/p>\n<p>Enfin, le Document \u00e9voque dix noyaux th\u00e9matiques sur la \u00ab synodalit\u00e9 v\u00e9cue \u00bb, \u00e0 explorer afin d'enrichir la consultation. Il s'agit notamment de r\u00e9fl\u00e9chir \u00e0 qui fait partie de ce que nous appelons \u00abnotre \u00c9glise\u00bb ; d'\u00e9couter les jeunes, les femmes, les personnes consacr\u00e9es, les rejet\u00e9s et les exclus ; d'examiner si un style de communication authentique est promu dans la communaut\u00e9, sans duplicit\u00e9 ; d'\u00e9valuer comment la pri\u00e8re et la liturgie guident ce \u00abmarcher ensemble\u00bb ; de r\u00e9fl\u00e9chir \u00e0 la mani\u00e8re dont la communaut\u00e9 soutient les membres engag\u00e9s dans un service ; de repenser les lieux et les m\u00e9thodes de dialogue dans le dioc\u00e8se, avec les dioc\u00e8ses voisins, avec les communaut\u00e9s et les mouvements religieux, avec les institutions, avec les non-croyants. Il faut \u00e9galement s'interroger sur la mani\u00e8re dont l'autorit\u00e9 est exerc\u00e9e dans l'\u00c9glise en question, sur la mani\u00e8re dont les d\u00e9cisions sont prises, sur les outils promus pour la transparence et la responsabilit\u00e9, sur la formation des personnes occupant des postes \u00e0 responsabilit\u00e9.<\/p>\n<p>Le fruit des r\u00e9flexions, explique le Secr\u00e9tariat du Synode, sera condens\u00e9 en une dizaine de pages. L'objectif \u00ab n\u2019est pas de produire des documents \u00bb, est-il affirm\u00e9, mais de faire na\u00eetre des r\u00eaves, des proph\u00e9ties et des espoirs.<\/p>\n<p>Le Synode sur la synodalit\u00e9 sera ouvert solennellement les 9-10 octobre \u00e0 Rome et le 17 octobre dans les \u00c9glises particuli\u00e8res, et s\u2019ach\u00e8vera par l'assembl\u00e9e des \u00e9v\u00eaques au Vatican en 2023.<\/p>\n<p><\/p>\t\t\t\t<\/div>\n\t\t\t<\/div>\n\t\t<\/div>\n\t\t<\/div>\n<\/div>\n<\/div><\/div><\/div><div id=\"pgc-6106-1-2\"  class=\"panel-grid-cell panel-grid-cell-empty\" ><\/div><\/div><\/div>","protected":false},"excerpt":{"rendered":"<p>&nbsp; LE DOCUMENT PR\u00c9PARATOIRE DU SYNODE DES \u00c9V\u00caQUES DE 2023 A \u00c9T\u00c9 PUBLI\u00c9 Le Secr\u00e9tariat G\u00e9n\u00e9ral du Synode des \u00e9v\u00eaques a rendu public ce mardi 7 septembre le Document pr\u00e9paratoire et le Vademecum qui accompagneront le prochain Synode sur la synodalit\u00e9. Celui-ci sera ouvert les 9-10 octobre \u00e0 Rome et le 17 octobre dans les [&hellip;]<\/p>\n","protected":false},"author":1,"featured_media":0,"parent":0,"menu_order":0,"comment_status":"closed","ping_status":"closed","template":"","meta":{"footnotes":""},"guten_post_layout_featured_media_urls":{"full":false,"thumbnail":false,"medium":false,"medium_large":false,"large":false,"1536x1536":false,"2048x2048":false,"guten_post_layout_landscape_large":false,"guten_post_layout_portrait_large":false,"guten_post_layout_square_large":false,"guten_post_layout_landscape":false,"guten_post_layout_portrait":false,"guten_post_layout_square":false,"post-thumbnail":false,"vantage-thumbnail-no-sidebar":false,"vantage-slide":false,"vantage-carousel":false,"vantage-grid-loop":false,"sow-carousel-default":false,"sow-post-carousel-overlay-theme":false},"rttpg_featured_image_url":null,"rttpg_author":{"display_name":"admin","author_link":"https:\/\/multimediamenard.org\/fr\/author\/admin\/"},"rttpg_comment":0,"rttpg_category":null,"rttpg_excerpt":"&nbsp; LE DOCUMENT PR\u00c9PARATOIRE DU SYNODE DES \u00c9V\u00caQUES DE 2023 A \u00c9T\u00c9 PUBLI\u00c9 Le Secr\u00e9tariat G\u00e9n\u00e9ral du Synode des \u00e9v\u00eaques a rendu public ce mardi 7 septembre le Document pr\u00e9paratoire et le Vademecum qui accompagneront le prochain Synode sur la synodalit\u00e9. Celui-ci sera ouvert les 9-10 octobre \u00e0 Rome et le 17 octobre dans les\u2026","_links":{"self":[{"href":"https:\/\/multimediamenard.org\/fr\/wp-json\/wp\/v2\/pages\/6106"}],"collection":[{"href":"https:\/\/multimediamenard.org\/fr\/wp-json\/wp\/v2\/pages"}],"about":[{"href":"https:\/\/multimediamenard.org\/fr\/wp-json\/wp\/v2\/types\/page"}],"author":[{"embeddable":true,"href":"https:\/\/multimediamenard.org\/fr\/wp-json\/wp\/v2\/users\/1"}],"replies":[{"embeddable":true,"href":"https:\/\/multimediamenard.org\/fr\/wp-json\/wp\/v2\/comments?post=6106"}],"version-history":[{"count":21,"href":"https:\/\/multimediamenard.org\/fr\/wp-json\/wp\/v2\/pages\/6106\/revisions"}],"predecessor-version":[{"id":6128,"href":"https:\/\/multimediamenard.org\/fr\/wp-json\/wp\/v2\/pages\/6106\/revisions\/6128"}],"wp:attachment":[{"href":"https:\/\/multimediamenard.org\/fr\/wp-json\/wp\/v2\/media?parent=6106"}],"curies":[{"name":"wp","href":"https:\/\/api.w.org\/{rel}","templated":true}]}}