{"id":6132,"date":"2021-11-03T20:47:48","date_gmt":"2021-11-03T20:47:48","guid":{"rendered":"https:\/\/multimediamenard.org\/?page_id=6132"},"modified":"2021-11-03T20:58:04","modified_gmt":"2021-11-03T20:58:04","slug":"octubre","status":"publish","type":"page","link":"https:\/\/multimediamenard.org\/fr\/octubre\/","title":{"rendered":"Octobre 2021"},"content":{"rendered":"<div id=\"pl-6132\"  class=\"panel-layout\" ><div id=\"pg-6132-0\"  class=\"panel-grid panel-no-style\" ><div id=\"pgc-6132-0-0\"  class=\"panel-grid-cell panel-grid-cell-empty\" ><\/div><div id=\"pgc-6132-0-1\"  class=\"panel-grid-cell panel-grid-cell-mobile-last\" ><div id=\"panel-6132-0-1-0\" class=\"so-panel widget widget_sow-editor panel-first-child panel-last-child\" data-index=\"0\" ><div\n\t\t\t\n\t\t\tclass=\"so-widget-sow-editor so-widget-sow-editor-base\"\n\t\t\t\n\t\t>\n<div class=\"siteorigin-widget-tinymce textwidget\">\n\t<p><img fetchpriority=\"high\" fetchpriority=\"high\" decoding=\"async\" class=\"wp-image-6134 size-full aligncenter\" src=\"https:\/\/multimediamenard.org\/wp-content\/uploads\/2021\/11\/octobre01_2021.png\" alt=\"\" width=\"537\" height=\"300\" srcset=\"https:\/\/multimediamenard.org\/wp-content\/uploads\/2021\/11\/octobre01_2021.png 537w, https:\/\/multimediamenard.org\/wp-content\/uploads\/2021\/11\/octobre01_2021-300x168.png 300w\" sizes=\"(max-width: 537px) 100vw, 537px\" \/><\/p>\n<p>&nbsp;<\/p>\n<\/p>\n<h2 style=\"text-align: center;\"><strong><u>RENCONTRER, \u00c9COUTER, DISCERNER: FRAN\u00c7OIS DONNE LE COUP<\/u><\/strong><\/h2>\n<h2 style=\"text-align: center;\"><strong><u> D'ENVOI DU SYNODE<\/u><\/strong><\/h2>\n<h3>Apr\u00e8s avoir particip\u00e9 \u00e0 un moment de r\u00e9flexion en guise de prologue samedi en Salle du Synode avec 300 participants venus du monde entier, le Pape Fran\u00e7ois a pr\u00e9sid\u00e9 ce dimanche \u00e0 la basilique Saint-Pierre la messe d\u2019ouverture du parcours synodal sur la synodalit\u00e9.<\/h3>\n<h3>\u00ab Souvent, les \u00c9vangiles nous montrent J\u00e9sus sur la route, marchant aux c\u00f4t\u00e9s de l\u2019homme, \u00e0 l\u2019\u00e9coute des questions qui habitent et agitent son c\u0153ur \u00bb, a expliqu\u00e9 Fran\u00e7ois dans son hom\u00e9lie, en commentant l\u2019\u00c9vangile du jour, qui raconte la rencontre de J\u00e9sus avec le jeune homme riche. Ce r\u00e9cit nous r\u00e9v\u00e8le ainsi que \u00ab Dieu n\u2019habite pas les lieux aseptis\u00e9s et tranquilles, loin du r\u00e9el, mais qu\u2019il chemine avec nous et nous rejoint l\u00e0 o\u00f9 nous sommes, sur les sentiers souvent ardus de la vie \u00bb.<\/h3>\n<h3>Le Pape a donc invit\u00e9 chaque acteur de la vie de l\u2019\u00c9glise, lui inclus, \u00e0 se demander s\u2019il \u00ab chemine dans l\u2019histoire et partage les d\u00e9fis de l\u2019humanit\u00e9 \u00bb, ou s\u2019il se laisse rattraper par les tentations du repli, des routines, des habitudes.<\/h3>\n<h3>\u00ab\u00ab Faire Synode \u00bb signifie marcher sur la m\u00eame route, ensemble. Regardons J\u00e9sus sur le chemin, qui rencontre d\u2019abord l\u2019homme riche, puis \u00e9coute ses questions, et enfin l\u2019aide \u00e0 discerner ce qu\u2019il faut faire pour avoir la Vie \u00e9ternelle. \u00bb Fran\u00e7ois a donc articul\u00e9 son hom\u00e9lie autour de ces trois verbes : \u00ab Rencontrer, \u00e9couter, discerner \u00bb.<\/h3>\n<h3><strong><u>La disponibilit\u00e9 \u00e0 la rencontre<\/u><\/strong><\/h3>\n<h3>Tout d\u2019abord, donc la rencontre : en croisant le jeune homme riche, \u00ab le Seigneur ne se met pas \u00e0 distance, il ne se montre pas agac\u00e9 ou d\u00e9rang\u00e9 ; au contraire, il s\u2019arr\u00eate avec lui. Il est disponible \u00e0 la rencontre. Rien ne le laisse indiff\u00e9rent, tout le passionne. Rencontrer les visages, croiser les regards, partager l\u2019histoire de chacun : voil\u00e0 la proximit\u00e9 de J\u00e9sus \u00bb, a soulign\u00e9 le Pape, en remarquant que \u00ab J\u00e9sus n\u2019\u00e9tait pas press\u00e9, il ne regardait pas sa montre! Il \u00e9tait toujours au service de la personne qui le rencontrait \u00bb.<\/h3>\n<h3>L\u2019enjeu du Synode n\u2019est donc pas \u00ab l\u2019organisation d\u2019\u00e9v\u00e8nements \u00bb, ou la \u00ab r\u00e9flexion th\u00e9orique sur des probl\u00e8mes \u00bb, mais de cultiver \u00ab l\u2019art de la rencontre \u00bb en prenant \u00ab le temps de rencontrer le Seigneur \u00bb, et en favorisant la rencontre entre nous. \u00ab Chaque rencontre, nous le savons bien, demande de l\u2019ouverture, du courage, de la disponibilit\u00e9 \u00e0 se laisser interpeller par le visage et l\u2019histoire de l\u2019autre. M\u00eame si nous pr\u00e9f\u00e9rons parfois nous abriter dans des relations formelles ou porter un masque de circonstance, la rencontre nous transforme et nous sugg\u00e8re souvent de nouveaux chemins que nous n\u2019avions pas imagin\u00e9s parcourir. C\u2019est souvent ainsi que Dieu nous indique la route \u00e0 suivre, en nous faisant sortir de nos routines fatigu\u00e9es. Tout change lorsque nous sommes capables de vraies rencontres avec lui et entre nous. Sans formalismes, sans pr\u00e9textes, sans calculs \u00bb, a insist\u00e9 le Pape Fran\u00e7ois.<\/h3>\n<h3><strong><u>Le courage d\u2019\u00e9couter avec le c\u0153ur<\/u><\/strong><\/h3>\n<h3>Le Pape a ensuite insist\u00e9 sur l\u2019importance d\u2019une \u00e9coute qui ne soit pas formelle ou superficielle. Face aux questions du jeune homme riche, J\u00e9sus \u00abne donne pas une r\u00e9ponse \"rituelle\", il n\u2019offre pas une solution toute faite, il ne fait pas semblant de r\u00e9pondre poliment pour s\u2019en d\u00e9barrasser et continuer sa route. Il l\u2019\u00e9coute. J\u00e9sus n\u2019a pas peur d\u2019\u00e9couter avec le c\u0153ur, et pas seulement avec les oreilles \u00bb, \u00ab Lorsque nous \u00e9coutons avec le c\u0153ur, c\u2019est ce qui arrive : l\u2019autre se sent accueilli, non pas jug\u00e9, libre de raconter son v\u00e9cu et son parcours spirituel. \u00bb<\/h3>\n<h3>Fran\u00e7ois a donc invit\u00e9 \u00e0 s\u2019interroger: \u00ab Permettons-nous aux personnes de s\u2019exprimer, de cheminer dans la foi m\u00eame si elles ont des parcours de vie difficiles, de contribuer \u00e0 la vie de la communaut\u00e9 sans \u00eatre emp\u00each\u00e9es, rejet\u00e9es ou jug\u00e9es? \u00bb Le Pape a reconnu que l\u2019\u00e9coute \u00ab est un exercice lent, qui peut \u00eatre laborieux, d\u2019apprendre \u00e0 s\u2019\u00e9couter mutuellement \u2013 \u00e9v\u00eaques, pr\u00eatres, religieux et la\u00efcs \u2013 en \u00e9vitant les r\u00e9ponses artificielles et superficielles \u00bb. Mais face aux souffrances de nos contemporains, Fran\u00e7ois a martel\u00e9 que l\u2019indiff\u00e9rence est la pire des attitudes. \u00ab N\u2019insonorisons pas notre c\u0153ur, ne nous blindons pas dans nos certitudes. Les certitudes, bien souvent, nous renferment. \u00c9coutons-nous \u00bb, a-t-il martel\u00e9.<\/h3>\n<h3><strong>\u00a0<\/strong><strong><u>Le discernement, pour laisser de l\u2019espace \u00e0 Dieu<\/u><\/strong><\/h3>\n<h3>\u00ab L\u2019\u00c9vangile d\u2019aujourd\u2019hui nous le montre : J\u00e9sus devine que l\u2019homme en face de lui est bon et religieux, qu\u2019il pratique les commandements, mais il veut le conduire au-del\u00e0 de la simple observance des pr\u00e9ceptes. Dans le dialogue, il l\u2019aide \u00e0 discerner \u00bb, a expliqu\u00e9 Fran\u00e7ois, revenant sur ce th\u00e8me du discernement, central dans la spiritualit\u00e9 j\u00e9suite et dans son pontificat. \u00ab Il lui propose de regarder au fond de lui-m\u00eame, \u00e0 la lumi\u00e8re de l\u2019amour avec lequel lui, J\u00e9sus, fixant son regard sur lui, l\u2019aime, et de discerner, \u00e0 cette lumi\u00e8re, \u00e0 quoi son c\u0153ur est r\u00e9ellement attach\u00e9. Il d\u00e9couvre ainsi que son bien ne consiste pas \u00e0 ajouter d\u2019autres actes religieux mais, au contraire, \u00e0 se vider de lui-m\u00eame: vendre ce qui occupe son c\u0153ur pour laisser de l\u2019espace \u00e0 Dieu. \u00bb<\/h3>\n<h3>Le Synode est donc avant tout \u00ab un chemin de discernement spirituel, qui se fait dans l\u2019adoration, dans la pri\u00e8re, au contact de la Parole de Dieu \u00bb. Ce n\u2019est pas \u00ab une \u00ab convention eccl\u00e9siale, un colloque d\u2019\u00e9tudes ou un congr\u00e8s politique, mais un \u00e9v\u00e8nement de gr\u00e2ce, un processus de gu\u00e9rison conduit par l\u2019Esprit Saint. En ces jours, J\u00e9sus nous appelle, comme il l\u2019a fait avec l\u2019homme riche de l\u2019\u00c9vangile, \u00e0 nous vider, \u00e0 nous lib\u00e9rer de ce qui est mondain, et aussi de nos fermetures et de nos mod\u00e8les pastoraux r\u00e9p\u00e9titifs. Il nous appelle \u00e0 nous interroger sur ce que Dieu veut nous dire en ce temps, et dans quelle direction il souhaite nous conduire. \u00bb<\/h3>\n<h3>\u00ab Puissions-nous \u00eatre des p\u00e8lerins amoureux de l\u2019\u00c9vangile, ouverts aux surprises de l\u2019Esprit. Ne perdons pas les occasions de gr\u00e2ce de la rencontre, de l\u2019\u00e9coute r\u00e9ciproque, du discernement. Avec la joie de savoir qu\u2019alors que nous cherchons le Seigneur, c\u2019est bien lui, le premier, qui se porte avec amour \u00e0 notre rencontre \u00bb, a conclu le Saint-P\u00e8re.<\/h3>\n<h3>Au terme de la messe, le Pape a b\u00e9ni symboliquement plusieurs fid\u00e8les la\u00efcs venus du monde entier, repr\u00e9sentant le Peuple de Dieu, qui sera directement impliqu\u00e9 dans ce parcours synodal de deux ans. Apr\u00e8s cette messe d\u2019ouverture \u00e0 Rome, une autre c\u00e9l\u00e9bration de lancement sera c\u00e9l\u00e9br\u00e9e le week-end prochain dans tous les dioc\u00e8ses du monde, premier \u00e9chelon de ce Synode au format in\u00e9dit, dans lequel tous les croyants et toutes les personnes de bonne volont\u00e9 sont invit\u00e9s \u00e0 s\u2019impliquer.<\/h3>\n<\/p>\n<p>&nbsp;<\/p>\n<\/div>\n<\/div><\/div><\/div><div id=\"pgc-6132-0-2\"  class=\"panel-grid-cell panel-grid-cell-empty\" ><\/div><\/div><\/div>","protected":false},"excerpt":{"rendered":"<p>&nbsp; RENCONTRER, \u00c9COUTER, DISCERNER: FRAN\u00c7OIS DONNE LE COUP D&rsquo;ENVOI DU SYNODE Apr\u00e8s avoir particip\u00e9 \u00e0 un moment de r\u00e9flexion en guise de prologue samedi en Salle du Synode avec 300 participants venus du monde entier, le Pape Fran\u00e7ois a pr\u00e9sid\u00e9 ce dimanche \u00e0 la basilique Saint-Pierre la messe d\u2019ouverture du parcours synodal sur la synodalit\u00e9. [&hellip;]<\/p>\n","protected":false},"author":1,"featured_media":0,"parent":0,"menu_order":0,"comment_status":"closed","ping_status":"closed","template":"","meta":{"footnotes":""},"guten_post_layout_featured_media_urls":{"full":false,"thumbnail":false,"medium":false,"medium_large":false,"large":false,"1536x1536":false,"2048x2048":false,"guten_post_layout_landscape_large":false,"guten_post_layout_portrait_large":false,"guten_post_layout_square_large":false,"guten_post_layout_landscape":false,"guten_post_layout_portrait":false,"guten_post_layout_square":false,"post-thumbnail":false,"vantage-thumbnail-no-sidebar":false,"vantage-slide":false,"vantage-carousel":false,"vantage-grid-loop":false,"sow-carousel-default":false,"sow-post-carousel-overlay-theme":false},"rttpg_featured_image_url":null,"rttpg_author":{"display_name":"admin","author_link":"https:\/\/multimediamenard.org\/fr\/author\/admin\/"},"rttpg_comment":0,"rttpg_category":null,"rttpg_excerpt":"&nbsp; RENCONTRER, \u00c9COUTER, DISCERNER: FRAN\u00c7OIS DONNE LE COUP D'ENVOI DU SYNODE Apr\u00e8s avoir particip\u00e9 \u00e0 un moment de r\u00e9flexion en guise de prologue samedi en Salle du Synode avec 300 participants venus du monde entier, le Pape Fran\u00e7ois a pr\u00e9sid\u00e9 ce dimanche \u00e0 la basilique Saint-Pierre la messe d\u2019ouverture du parcours synodal sur la synodalit\u00e9.\u2026","_links":{"self":[{"href":"https:\/\/multimediamenard.org\/fr\/wp-json\/wp\/v2\/pages\/6132"}],"collection":[{"href":"https:\/\/multimediamenard.org\/fr\/wp-json\/wp\/v2\/pages"}],"about":[{"href":"https:\/\/multimediamenard.org\/fr\/wp-json\/wp\/v2\/types\/page"}],"author":[{"embeddable":true,"href":"https:\/\/multimediamenard.org\/fr\/wp-json\/wp\/v2\/users\/1"}],"replies":[{"embeddable":true,"href":"https:\/\/multimediamenard.org\/fr\/wp-json\/wp\/v2\/comments?post=6132"}],"version-history":[{"count":16,"href":"https:\/\/multimediamenard.org\/fr\/wp-json\/wp\/v2\/pages\/6132\/revisions"}],"predecessor-version":[{"id":6159,"href":"https:\/\/multimediamenard.org\/fr\/wp-json\/wp\/v2\/pages\/6132\/revisions\/6159"}],"wp:attachment":[{"href":"https:\/\/multimediamenard.org\/fr\/wp-json\/wp\/v2\/media?parent=6132"}],"curies":[{"name":"wp","href":"https:\/\/api.w.org\/{rel}","templated":true}]}}