{"id":6172,"date":"2021-12-06T19:03:41","date_gmt":"2021-12-06T19:03:41","guid":{"rendered":"https:\/\/multimediamenard.org\/?page_id=6172"},"modified":"2022-05-07T18:02:10","modified_gmt":"2022-05-07T18:02:10","slug":"noviembre-2021","status":"publish","type":"page","link":"https:\/\/multimediamenard.org\/fr\/noviembre-2021\/","title":{"rendered":"Novembre 2021"},"content":{"rendered":"<div id=\"pl-6172\"  class=\"panel-layout\" ><div id=\"pg-6172-0\"  class=\"panel-grid panel-no-style\" ><div id=\"pgc-6172-0-0\"  class=\"panel-grid-cell panel-grid-cell-empty\" ><\/div><div id=\"pgc-6172-0-1\"  class=\"panel-grid-cell panel-grid-cell-mobile-last\" ><div id=\"panel-6172-0-1-0\" class=\"so-panel widget widget_sow-editor panel-first-child panel-last-child\" data-index=\"0\" ><div\n\t\t\t\n\t\t\tclass=\"so-widget-sow-editor so-widget-sow-editor-base\"\n\t\t\t\n\t\t>\n<div class=\"siteorigin-widget-tinymce textwidget\">\n\t<p>&nbsp;<\/p>\n<p><img fetchpriority=\"high\" fetchpriority=\"high\" decoding=\"async\" class=\"aligncenter wp-image-6529\" src=\"https:\/\/multimediamenard.org\/wp-content\/uploads\/2022\/05\/Noviembre01.png\" alt=\"\" width=\"450\" height=\"315\" srcset=\"https:\/\/multimediamenard.org\/wp-content\/uploads\/2022\/05\/Noviembre01.png 821w, https:\/\/multimediamenard.org\/wp-content\/uploads\/2022\/05\/Noviembre01-300x210.png 300w, https:\/\/multimediamenard.org\/wp-content\/uploads\/2022\/05\/Noviembre01-768x537.png 768w\" sizes=\"(max-width: 450px) 100vw, 450px\" \/><\/p>\n<h3><\/h3>\n<h3 style=\"text-align: center;\"><strong><span style=\"text-decoration: underline;\">40 YEARS OF THE ASTALLI CENTER: REFUGEES, HOPE OF AN EVER GREATER \"US<\/span><\/strong><\/h3>\n<h3 style=\"text-align: left;\">Pope Francis sent a message on the occasion of the opening of the exhibition \"Faces of the Future\" on Tuesday 16 November, marking the anniversary of the Italian branch of the Jesuit Refugee Service. \"May it raise awareness of the growth of the culture of encounter that protects from the errors of the past,\" the Holy Father wished.<br \/>\nPope Francis wrote his introductory greeting on the occasion of the opening of the exhibition \"Faces of the Future\" on the occasion of the 40th anniversary of the Astalli Center: twenty portraits of refugees hosted by the Jesuit Refugee Service and made by Francesco Malavolta in the streets of Rome. Cardinal Angelo De Donatis inaugurated the exhibition, on display in the church of Sant\u2019Andrea al Quirinale until November 28, Tuesday morning, Vicar for the Diocese of Rome, and Cardinal Michael Czerny, Undersecretary of the Holy See's Migrants and Refugees Section. Also present for the occasion were the President of the Lazio Region, Nicola Zingaretti, and the new Mayor of Rome, Roberto Gualtieri.<\/h3>\n<h3><\/h3>\n<h3><\/h3>\n<p>&nbsp;<\/p>\n<p>&nbsp;<\/p>\n<\/div>\n<\/div><\/div><\/div><div id=\"pgc-6172-0-2\"  class=\"panel-grid-cell panel-grid-cell-empty\" ><\/div><\/div><div id=\"pg-6172-1\"  class=\"panel-grid panel-no-style\" ><div id=\"pgc-6172-1-0\"  class=\"panel-grid-cell panel-grid-cell-empty\" ><\/div><div id=\"pgc-6172-1-1\"  class=\"panel-grid-cell panel-grid-cell-mobile-last\" ><div id=\"panel-6172-1-1-0\" class=\"so-panel widget widget_sow-accordion panel-first-child panel-last-child\" data-index=\"1\" ><div\n\t\t\t\n\t\t\tclass=\"so-widget-sow-accordion so-widget-sow-accordion-default-4df14d940432-6172\"\n\t\t\t data-max-open-panels=\"0\" data-use-anchor-tags=\"false\" data-initial-scroll-panel=\"0\"\n\t\t><div>\n\t<div class=\"sow-accordion\">\n\t\t\t<div class=\"sow-accordion-panel\n\t\t\t\t\t\"\n\t\t\t\tdata-anchor-id=\"le-nombre-de-personnes-qui-fuient-leur-pays-augmente\">\n\t\t\t\t\t<div class=\"sow-accordion-panel-header-container\" role=\"heading\" aria-level=\"2\">\n\t\t\t\t\t<div class=\"sow-accordion-panel-header\" tabindex=\"0\" role=\"button\" id=\"accordion-label-le-nombre-de-personnes-qui-fuient-leur-pays-augmente\" aria-controls=\"accordion-content-le-nombre-de-personnes-qui-fuient-leur-pays-augmente\" aria-expanded=\"false\">\n\t\t\t\t\t\t<div class=\"sow-accordion-title sow-accordion-title-icon-left\">\n\t\t\t\t\t\t\t\t\t\t\t\t\t\tLe nombre de personnes qui fuient leur pays augmente\t\t\t\t\t\t\t\t\t\t\t\t\t<\/div>\n\t\t\t\t\t\t<div class=\"sow-accordion-open-close-button\">\n\t\t\t\t\t\t\t<div class=\"sow-accordion-open-button\">\n\t\t\t\t\t\t\t\t<span class=\"sow-icon-fontawesome sow-fas\" data-sow-icon=\"&#x2b;\"\n\t\t \n\t\taria-hidden=\"true\"><\/span>\t\t\t\t\t\t\t<\/div>\n\t\t\t\t\t\t\t<div class=\"sow-accordion-close-button\">\n\t\t\t\t\t\t\t\t<span class=\"sow-icon-fontawesome sow-fas\" data-sow-icon=\"&#xf068;\"\n\t\t \n\t\taria-hidden=\"true\"><\/span>\t\t\t\t\t\t\t<\/div>\n\t\t\t\t\t\t<\/div>\n\t\t\t\t\t<\/div>\n\t\t\t\t<\/div>\n\n\t\t\t<div\n\t\t\t\tclass=\"sow-accordion-panel-content\"\n\t\t\t\trole=\"region\"\n\t\t\t\taria-labelledby=\"accordion-label-le-nombre-de-personnes-qui-fuient-leur-pays-augmente\"\n\t\t\t\tid=\"accordion-content-le-nombre-de-personnes-qui-fuient-leur-pays-augmente\"\n\t\t\t\tstyle=\"display: none;\"\t\t\t>\n\t\t\t\t<div class=\"sow-accordion-panel-border\">\n\t\t\t\t\t<h3><\/h3>\n<h3>Dans l'incipit du Pape, quelques noms -Duclair, Nathaly, Haider- pour repr\u00e9senter les personnes r\u00e9fugi\u00e9es qui, au cours des quarante derni\u00e8res ann\u00e9es, sont arriv\u00e9es en Italie et ont \u00e9t\u00e9 accompagn\u00e9es par le Centre Astalli. Des hommes et des femmes qui ont trouv\u00e9 non seulement un repas ou un toit mais -dans la relation et dans la connaissance mutuelle- \u00ab le sens et la force de s'engager sur le chemin de la libert\u00e9 \u00bb. Et le Pape de citer la Bible:<br \/>\n\u00ab Quarante, dans la Bible, est un nombre significatif qui a de nombreuses r\u00e9f\u00e9rences, mais certainement penser \u00e0 vous fait penser au peuple d'Isra\u00ebl qui pendant 40 ans a march\u00e9 dans le d\u00e9sert avant d'entrer dans la terre de la promesse. Lib\u00e9r\u00e9s de l'esclavage, il leur a fallu une g\u00e9n\u00e9ration pour s'\u00e9tablir en tant que peuple, avec pas mal de difficult\u00e9s. M\u00eame les quarante<br \/>\nderni\u00e8res ann\u00e9es de l'histoire de l'humanit\u00e9 n'ont pas \u00e9t\u00e9 une progression lin\u00e9aire: le nombre de personnes contraintes de fuir leur terre est en constante augmentation. \u00bb<br \/>\n\u00ab Un d\u00e9sert d\u2019humanit\u00e9 \u00bb<br \/>\n\u00ab Beaucoup d'entre vous ont d\u00fb fuir des conditions de vie semblables \u00e0 celles de l\u2019esclavage \u00bb, a d\u00e9clar\u00e9 le Pape, \u00ab o\u00f9 \u00e0 la base se trouve un concept de la personne humaine priv\u00e9e de sa dignit\u00e9 et trait\u00e9e comme un objet. Fran\u00e7ois s'attarde sur le fait que \"la guerre peut \u00eatre terrible et m\u00e9prisable \u00bb.<br \/>\nLe Pape insiste ensuite sur le fait que \u00ab l\u2019histoire des derni\u00e8res d\u00e9cennies a montr\u00e9 des signes de retour au pass\u00e9 \u00bb. Il \u00e9voque les conflits qui ont ressurgi dans diff\u00e9rentes parties du monde, les nationalismes et les populismes qui ont refait surface sous diff\u00e9rentes latitudes, la construction de murs consid\u00e9r\u00e9e comme la seule solution avec laquelle les gouvernements, souligne-t-il, semblent capables de g\u00e9rer la mobilit\u00e9 humaine.<\/h3>\n<h3><\/h3>\t\t\t\t<\/div>\n\t\t\t<\/div>\n\t\t<\/div>\n\t\t\t<div class=\"sow-accordion-panel\n\t\t\t\t\t\"\n\t\t\t\tdata-anchor-id=\"les-refugies-lesperance-dun-nous-toujours-plus-grand\">\n\t\t\t\t\t<div class=\"sow-accordion-panel-header-container\" role=\"heading\" aria-level=\"2\">\n\t\t\t\t\t<div class=\"sow-accordion-panel-header\" tabindex=\"0\" role=\"button\" id=\"accordion-label-les-r%c3%a9fugi%c3%a9s-lesp%c3%a9rance-dun-nous-toujours-plus-grand\" aria-controls=\"accordion-content-les-r%c3%a9fugi%c3%a9s-lesp%c3%a9rance-dun-nous-toujours-plus-grand\" aria-expanded=\"false\">\n\t\t\t\t\t\t<div class=\"sow-accordion-title sow-accordion-title-icon-left\">\n\t\t\t\t\t\t\t\t\t\t\t\t\t\tLes r\u00e9fugi\u00e9s, l'esp\u00e9rance d'un \"nous\" toujours plus grand\t\t\t\t\t\t\t\t\t\t\t\t\t<\/div>\n\t\t\t\t\t\t<div class=\"sow-accordion-open-close-button\">\n\t\t\t\t\t\t\t<div class=\"sow-accordion-open-button\">\n\t\t\t\t\t\t\t\t<span class=\"sow-icon-fontawesome sow-fas\" data-sow-icon=\"&#x2b;\"\n\t\t \n\t\taria-hidden=\"true\"><\/span>\t\t\t\t\t\t\t<\/div>\n\t\t\t\t\t\t\t<div class=\"sow-accordion-close-button\">\n\t\t\t\t\t\t\t\t<span class=\"sow-icon-fontawesome sow-fas\" data-sow-icon=\"&#xf068;\"\n\t\t \n\t\taria-hidden=\"true\"><\/span>\t\t\t\t\t\t\t<\/div>\n\t\t\t\t\t\t<\/div>\n\t\t\t\t\t<\/div>\n\t\t\t\t<\/div>\n\n\t\t\t<div\n\t\t\t\tclass=\"sow-accordion-panel-content\"\n\t\t\t\trole=\"region\"\n\t\t\t\taria-labelledby=\"accordion-label-les-r%c3%a9fugi%c3%a9s-lesp%c3%a9rance-dun-nous-toujours-plus-grand\"\n\t\t\t\tid=\"accordion-content-les-r%c3%a9fugi%c3%a9s-lesp%c3%a9rance-dun-nous-toujours-plus-grand\"\n\t\t\t\tstyle=\"display: none;\"\t\t\t>\n\t\t\t\t<div class=\"sow-accordion-panel-border\">\n\t\t\t\t\t<h3> Cependant, le Pape Fran\u00e7ois n'oublie pas les signes d'esp\u00e9rance qui, m\u00eame au cours de ces 40 ans, \u00ab nous permettent de r\u00eaver de marcher ensemble comme un peuple nouveau vers un nous toujours plus grand \u00bb.<br \/>\n\u00ab Il y a en vous le d\u00e9sir ardent d'une vie pleine et heureuse qui vous pousse \u00e0 affronter avec courage des circonstances concr\u00e8tes et des difficult\u00e9s qui, pour beaucoup, peuvent sembler insurmontables. Lorsque l'occasion vous en est donn\u00e9e, vous nous offrez des paroles indispensables pour conna\u00eetre, comprendre, ne pas r\u00e9p\u00e9ter les erreurs du pass\u00e9, changer le pr\u00e9sent et construire un avenir de paix. Les histoires des nombreux hommes et femmes de bonne volont\u00e9 qui ont donn\u00e9 leur temps et leur \u00e9nergie au cours de ces 40 ann\u00e9es au Centre Astalli sont le signe de ce m\u00eame espoir: des milliers de personnes tr\u00e8s diff\u00e9rentes les unes des autres mais unies par le d\u00e9sir d'un monde plus juste dans lequel la dignit\u00e9 et les droits appartiennent r\u00e9ellement \u00e0 chacun. \u00bb<\/h3>\n<h3><\/h3>\t\t\t\t<\/div>\n\t\t\t<\/div>\n\t\t<\/div>\n\t\t\t<div class=\"sow-accordion-panel\n\t\t\t\t\t\"\n\t\t\t\tdata-anchor-id=\"le-souhait-que-la-culture-de-la-rencontre-puisse-se-realiser\">\n\t\t\t\t\t<div class=\"sow-accordion-panel-header-container\" role=\"heading\" aria-level=\"2\">\n\t\t\t\t\t<div class=\"sow-accordion-panel-header\" tabindex=\"0\" role=\"button\" id=\"accordion-label-le-souhait-que-la-culture-de-la-rencontre-puisse-se-r%c3%a9aliser\" aria-controls=\"accordion-content-le-souhait-que-la-culture-de-la-rencontre-puisse-se-r%c3%a9aliser\" aria-expanded=\"false\">\n\t\t\t\t\t\t<div class=\"sow-accordion-title sow-accordion-title-icon-left\">\n\t\t\t\t\t\t\t\t\t\t\t\t\t\tLe souhait que la culture de la rencontre puisse se r\u00e9aliser\t\t\t\t\t\t\t\t\t\t\t\t\t<\/div>\n\t\t\t\t\t\t<div class=\"sow-accordion-open-close-button\">\n\t\t\t\t\t\t\t<div class=\"sow-accordion-open-button\">\n\t\t\t\t\t\t\t\t<span class=\"sow-icon-fontawesome sow-fas\" data-sow-icon=\"&#x2b;\"\n\t\t \n\t\taria-hidden=\"true\"><\/span>\t\t\t\t\t\t\t<\/div>\n\t\t\t\t\t\t\t<div class=\"sow-accordion-close-button\">\n\t\t\t\t\t\t\t\t<span class=\"sow-icon-fontawesome sow-fas\" data-sow-icon=\"&#xf068;\"\n\t\t \n\t\taria-hidden=\"true\"><\/span>\t\t\t\t\t\t\t<\/div>\n\t\t\t\t\t\t<\/div>\n\t\t\t\t\t<\/div>\n\t\t\t\t<\/div>\n\n\t\t\t<div\n\t\t\t\tclass=\"sow-accordion-panel-content\"\n\t\t\t\trole=\"region\"\n\t\t\t\taria-labelledby=\"accordion-label-le-souhait-que-la-culture-de-la-rencontre-puisse-se-r%c3%a9aliser\"\n\t\t\t\tid=\"accordion-content-le-souhait-que-la-culture-de-la-rencontre-puisse-se-r%c3%a9aliser\"\n\t\t\t\tstyle=\"display: none;\"\t\t\t>\n\t\t\t\t<div class=\"sow-accordion-panel-border\">\n\t\t\t\t\t<h3><\/h3>\n<h3>Le Pape a exprim\u00e9 le d\u00e9sir \u00abde pouvoir vivre ensemble comme un peuple libre en raison de sa solidarit\u00e9, qui sait red\u00e9couvrir la dimension communautaire de la libert\u00e9, comme un peuple uni, non uniforme, vari\u00e9 dans la richesse de ses diff\u00e9rentes cultures \u00bb. Citant Fratelli tutti, il a soulign\u00e9 que \u00ab l\u2019heure est venue d'une maison commune faite de peuples fr\u00e8res \u00bb. \u00ab Que les visages des hommes et des femmes repr\u00e9sent\u00e9es sur les photographies de l'exposition les encouragent \u00e0 \"\u00eatre des participants actifs dans les villes en tant que lieu de vie partag\u00e9e \u00bb, a dit le Pape.<br \/>\nLe voeu le plus sinc\u00e8re que l'on puisse formuler \u00e0 l'occasion de cet anniversaire est que la \"culture de la rencontre\" se concr\u00e9tise r\u00e9ellement et que nous nous passionnions, en tant que peuple, pour l'envie de nous rencontrer, la recherche de points de contact, la construction de ponts, l'organisation de quelque chose qui implique tout le monde, a soutenu Fran\u00e7ois.<\/h3>\n<h3><\/h3>\t\t\t\t<\/div>\n\t\t\t<\/div>\n\t\t<\/div>\n\t\t\t<div class=\"sow-accordion-panel\n\t\t\t\t\t\"\n\t\t\t\tdata-anchor-id=\"cardinal-czerny-lavenir-reside-dans-la-paix-et-le-dialogue\">\n\t\t\t\t\t<div class=\"sow-accordion-panel-header-container\" role=\"heading\" aria-level=\"2\">\n\t\t\t\t\t<div class=\"sow-accordion-panel-header\" tabindex=\"0\" role=\"button\" id=\"accordion-label-cardinal-czerny-lavenir-r%c3%a9side-dans-la-paix-et-le-dialogue\" aria-controls=\"accordion-content-cardinal-czerny-lavenir-r%c3%a9side-dans-la-paix-et-le-dialogue\" aria-expanded=\"false\">\n\t\t\t\t\t\t<div class=\"sow-accordion-title sow-accordion-title-icon-left\">\n\t\t\t\t\t\t\t\t\t\t\t\t\t\tCardinal Czerny: l'avenir r\u00e9side dans la paix et le dialogue\t\t\t\t\t\t\t\t\t\t\t\t\t<\/div>\n\t\t\t\t\t\t<div class=\"sow-accordion-open-close-button\">\n\t\t\t\t\t\t\t<div class=\"sow-accordion-open-button\">\n\t\t\t\t\t\t\t\t<span class=\"sow-icon-fontawesome sow-fas\" data-sow-icon=\"&#x2b;\"\n\t\t \n\t\taria-hidden=\"true\"><\/span>\t\t\t\t\t\t\t<\/div>\n\t\t\t\t\t\t\t<div class=\"sow-accordion-close-button\">\n\t\t\t\t\t\t\t\t<span class=\"sow-icon-fontawesome sow-fas\" data-sow-icon=\"&#xf068;\"\n\t\t \n\t\taria-hidden=\"true\"><\/span>\t\t\t\t\t\t\t<\/div>\n\t\t\t\t\t\t<\/div>\n\t\t\t\t\t<\/div>\n\t\t\t\t<\/div>\n\n\t\t\t<div\n\t\t\t\tclass=\"sow-accordion-panel-content\"\n\t\t\t\trole=\"region\"\n\t\t\t\taria-labelledby=\"accordion-label-cardinal-czerny-lavenir-r%c3%a9side-dans-la-paix-et-le-dialogue\"\n\t\t\t\tid=\"accordion-content-cardinal-czerny-lavenir-r%c3%a9side-dans-la-paix-et-le-dialogue\"\n\t\t\t\tstyle=\"display: none;\"\t\t\t>\n\t\t\t\t<div class=\"sow-accordion-panel-border\">\n\t\t\t\t\t<h3><\/h3>\n<h3>Lors de l'inauguration de l'exposition, le cardinal Michael Czerny, sous-secr\u00e9taire de la Section Migrants et R\u00e9fugi\u00e9s du Dicast\u00e8re pour le Service du D\u00e9veloppement Humain Int\u00e9gral, a repris les \u00e9l\u00e9ments de r\u00e9flexion offerts par l'introduction du Pape et a rappel\u00e9 le discernement effectu\u00e9 en 1980 par le p\u00e8re Pedro Arrupe, alors p\u00e8re G\u00e9n\u00e9ral de la Compagnie de J\u00e9sus, qui l'a conduit, face \u00e0 la situation des boat-people vietnamiens, \u00e0 cr\u00e9er le Service J\u00e9suite des R\u00e9fugi\u00e9s et le Centro Astalli. \u00ab Au cours de ces 40 ann\u00e9es, l'Esprit a continu\u00e9 \u00e0 parler, mieux \u00e0 crier, \u00e0 travers la vie de femmes et d'hommes bless\u00e9s dans leur dignit\u00e9, fuyant les conflits, le changement climatique et la pauvret\u00e9 \u00bb, a d\u00e9clar\u00e9 le cardinal Czerny.<\/h3>\n<h3><\/h3>\t\t\t\t<\/div>\n\t\t\t<\/div>\n\t\t<\/div>\n\t\t\t<div class=\"sow-accordion-panel\n\t\t\t\t\t\"\n\t\t\t\tdata-anchor-id=\"les-droits-de-tous-transformes-en-privileges-de-certains\">\n\t\t\t\t\t<div class=\"sow-accordion-panel-header-container\" role=\"heading\" aria-level=\"2\">\n\t\t\t\t\t<div class=\"sow-accordion-panel-header\" tabindex=\"0\" role=\"button\" id=\"accordion-label-les-droits-de-tous-transform%c3%a9s-en-privil%c3%a8ges-de-certains\" aria-controls=\"accordion-content-les-droits-de-tous-transform%c3%a9s-en-privil%c3%a8ges-de-certains\" aria-expanded=\"false\">\n\t\t\t\t\t\t<div class=\"sow-accordion-title sow-accordion-title-icon-left\">\n\t\t\t\t\t\t\t\t\t\t\t\t\t\tLes droits de tous transform\u00e9s en privil\u00e8ges de certains\t\t\t\t\t\t\t\t\t\t\t\t\t<\/div>\n\t\t\t\t\t\t<div class=\"sow-accordion-open-close-button\">\n\t\t\t\t\t\t\t<div class=\"sow-accordion-open-button\">\n\t\t\t\t\t\t\t\t<span class=\"sow-icon-fontawesome sow-fas\" data-sow-icon=\"&#x2b;\"\n\t\t \n\t\taria-hidden=\"true\"><\/span>\t\t\t\t\t\t\t<\/div>\n\t\t\t\t\t\t\t<div class=\"sow-accordion-close-button\">\n\t\t\t\t\t\t\t\t<span class=\"sow-icon-fontawesome sow-fas\" data-sow-icon=\"&#xf068;\"\n\t\t \n\t\taria-hidden=\"true\"><\/span>\t\t\t\t\t\t\t<\/div>\n\t\t\t\t\t\t<\/div>\n\t\t\t\t\t<\/div>\n\t\t\t\t<\/div>\n\n\t\t\t<div\n\t\t\t\tclass=\"sow-accordion-panel-content\"\n\t\t\t\trole=\"region\"\n\t\t\t\taria-labelledby=\"accordion-label-les-droits-de-tous-transform%c3%a9s-en-privil%c3%a8ges-de-certains\"\n\t\t\t\tid=\"accordion-content-les-droits-de-tous-transform%c3%a9s-en-privil%c3%a8ges-de-certains\"\n\t\t\t\tstyle=\"display: none;\"\t\t\t>\n\t\t\t\t<div class=\"sow-accordion-panel-border\">\n\t\t\t\t\t<h3><\/h3>\n<h3>Le cardinal a poursuivi en disant que \u00ab les migrants et les r\u00e9fugi\u00e9s ont tr\u00e8s souvent souffert de la transformation des droits de tous en privil\u00e8ges de quelques-uns \u00bb. Il a donn\u00e9 l'exemple des migrants rejet\u00e9s \u00e0 la fronti\u00e8re mexicaine, des voyages d'esp\u00e9rance en mer M\u00e9diterran\u00e9e, des exodes de personnes d\u00e9plac\u00e9es en Afrique et des pers\u00e9cutions de minorit\u00e9s ethniques en Asie et en Am\u00e9rique latine. \u00ab Nous assistons \u00e0 une contraction de l'universalit\u00e9 des droits de l'homme et la pand\u00e9mie l'a tragiquement mis en \u00e9vidence \u00bb, a relev\u00e9 le cardinal. \u00ab Face \u00e0 une histoire qui semble revenir en arri\u00e8re, face \u00e0 tant de douleur, tant de blessures, la prise de conscience que la pand\u00e9mie a cr\u00e9\u00e9e par rapport \u00e0 ce monde malade, nous ne pouvons pas rester indiff\u00e9rents \u00bb, souligne-t-il, nous invitant \u00e0 changer notre mode de vie, pour ne pas rester sourds et indiff\u00e9rents.<\/h3>\n<h3><\/h3>\n<h3><\/h3>\t\t\t\t<\/div>\n\t\t\t<\/div>\n\t\t<\/div>\n\t\t\t<div class=\"sow-accordion-panel\n\t\t\t\t\t\"\n\t\t\t\tdata-anchor-id=\"les-voix-des-protagonistes-pas-des-victimes-mais-des-survivants\">\n\t\t\t\t\t<div class=\"sow-accordion-panel-header-container\" role=\"heading\" aria-level=\"2\">\n\t\t\t\t\t<div class=\"sow-accordion-panel-header\" tabindex=\"0\" role=\"button\" id=\"accordion-label-les-voix-des-protagonistes-pas-des-victimes-mais-des-survivants\" aria-controls=\"accordion-content-les-voix-des-protagonistes-pas-des-victimes-mais-des-survivants\" aria-expanded=\"false\">\n\t\t\t\t\t\t<div class=\"sow-accordion-title sow-accordion-title-icon-left\">\n\t\t\t\t\t\t\t\t\t\t\t\t\t\tLes voix des protagonistes: pas des victimes mais des survivants\t\t\t\t\t\t\t\t\t\t\t\t\t<\/div>\n\t\t\t\t\t\t<div class=\"sow-accordion-open-close-button\">\n\t\t\t\t\t\t\t<div class=\"sow-accordion-open-button\">\n\t\t\t\t\t\t\t\t<span class=\"sow-icon-fontawesome sow-fas\" data-sow-icon=\"&#x2b;\"\n\t\t \n\t\taria-hidden=\"true\"><\/span>\t\t\t\t\t\t\t<\/div>\n\t\t\t\t\t\t\t<div class=\"sow-accordion-close-button\">\n\t\t\t\t\t\t\t\t<span class=\"sow-icon-fontawesome sow-fas\" data-sow-icon=\"&#xf068;\"\n\t\t \n\t\taria-hidden=\"true\"><\/span>\t\t\t\t\t\t\t<\/div>\n\t\t\t\t\t\t<\/div>\n\t\t\t\t\t<\/div>\n\t\t\t\t<\/div>\n\n\t\t\t<div\n\t\t\t\tclass=\"sow-accordion-panel-content\"\n\t\t\t\trole=\"region\"\n\t\t\t\taria-labelledby=\"accordion-label-les-voix-des-protagonistes-pas-des-victimes-mais-des-survivants\"\n\t\t\t\tid=\"accordion-content-les-voix-des-protagonistes-pas-des-victimes-mais-des-survivants\"\n\t\t\t\tstyle=\"display: none;\"\t\t\t>\n\t\t\t\t<div class=\"sow-accordion-panel-border\">\n\t\t\t\t\t<h3><\/h3>\n<h3>Lors de l'inauguration de l'exposition, les protagonistes ont \u00e9galement apport\u00e9 leur t\u00e9moignage. Jawad et sa femme Nazifa, r\u00e9fugi\u00e9s d'Afghanistan, racontent notamment leur histoire: une famille qui vit en Italie depuis plus de 10 ans: \u00ab Nous devons trouver un logement ici pour ceux qui sont rest\u00e9s en Afghanistan. La pand\u00e9mie en cours rend la chose encore plus difficile, car il faut trouver des structures d'accueil et entamer les proc\u00e9dures pour reconna\u00eetre la protection internationale et commencer un processus d\u2019int\u00e9gration \u00bb.<br \/>\nLe t\u00e9moignage de Joy, r\u00e9fugi\u00e9e du Nigeria, est diff\u00e9rent: \u00ab Je m'appelle Joy Ehikioya et je suis noire. Vous ne le sauriez jamais en me regardant, car je n'ai pas un seul gramme de m\u00e9lanine dans ma peau pour le prouver \u00bb. Albina, n\u00e9e au Nigeria, est arriv\u00e9e en Italie \u00e0 Lampedusa, accueillie, aid\u00e9e et prot\u00e9g\u00e9e. \u00ab Je suis une personne \u00e0 qui on a donn\u00e9 une seconde chance. Une pr\u00e9cieuse seconde chance. Et j'ai d\u00e9cid\u00e9 de la prendre avec l'enthousiasme, le sourire, la force et la folie qui me caract\u00e9risent \u00bb. C\u00e9dric, originaire de la R\u00e9publique d\u00e9mocratique du Congo, est \u00e9galement un r\u00e9fugi\u00e9. \u00ab Je suis un acteur. J'ai fait de l'art ma vie, ma passion, mais c'est pour l'art que j'ai \u00e9t\u00e9 oblig\u00e9 de quitter mon pays. Par le biais de la com\u00e9die, du th\u00e9\u00e2tre et du cin\u00e9ma, j'ai d\u00e9nonc\u00e9 la violence polici\u00e8re \u00e0 l'encontre des femmes d\u00e9tenues, une violence par ailleurs pass\u00e9e sous silence par le gouvernement. Je ne pouvais et ne voulais pas rester silencieux. Mais ma voix signifiait \u00eatre condamn\u00e9 \u00e0 mort \u00bb.<br \/>\nLe jeune homme lance un appel: \u00ab \u00c0 toutes les personnes qui, comme moi, sont en mouvement, fuyant les guerres et la violence, et qui sont \u00e0 la recherche de la paix et des droits, je souhaite trouver une porte ouverte, la bonne porte, le seuil par lequel entrevoir un nouveau demain \u00bb.<\/h3>\n<h3><\/h3>\n<h3><\/h3>\t\t\t\t<\/div>\n\t\t\t<\/div>\n\t\t<\/div>\n\t\t<\/div>\n<\/div>\n<\/div><\/div><\/div><div id=\"pgc-6172-1-2\"  class=\"panel-grid-cell panel-grid-cell-empty\" ><\/div><\/div><\/div>","protected":false},"excerpt":{"rendered":"<p>&nbsp; 40 YEARS OF THE ASTALLI CENTER: REFUGEES, HOPE OF AN EVER GREATER \u00ab\u00a0US Pope Francis sent a message on the occasion of the opening of the exhibition \u00ab\u00a0Faces of the Future\u00a0\u00bb on Tuesday 16 November, marking the anniversary of the Italian branch of the Jesuit Refugee Service. \u00ab\u00a0May it raise awareness of the growth [&hellip;]<\/p>\n","protected":false},"author":1,"featured_media":0,"parent":0,"menu_order":0,"comment_status":"closed","ping_status":"closed","template":"","meta":{"footnotes":""},"guten_post_layout_featured_media_urls":{"full":false,"thumbnail":false,"medium":false,"medium_large":false,"large":false,"1536x1536":false,"2048x2048":false,"guten_post_layout_landscape_large":false,"guten_post_layout_portrait_large":false,"guten_post_layout_square_large":false,"guten_post_layout_landscape":false,"guten_post_layout_portrait":false,"guten_post_layout_square":false,"post-thumbnail":false,"vantage-thumbnail-no-sidebar":false,"vantage-slide":false,"vantage-carousel":false,"vantage-grid-loop":false,"sow-carousel-default":false,"sow-post-carousel-overlay-theme":false},"rttpg_featured_image_url":null,"rttpg_author":{"display_name":"admin","author_link":"https:\/\/multimediamenard.org\/fr\/author\/admin\/"},"rttpg_comment":0,"rttpg_category":null,"rttpg_excerpt":"&nbsp; 40 YEARS OF THE ASTALLI CENTER: REFUGEES, HOPE OF AN EVER GREATER \"US Pope Francis sent a message on the occasion of the opening of the exhibition \"Faces of the Future\" on Tuesday 16 November, marking the anniversary of the Italian branch of the Jesuit Refugee Service. \"May it raise awareness of the growth\u2026","_links":{"self":[{"href":"https:\/\/multimediamenard.org\/fr\/wp-json\/wp\/v2\/pages\/6172"}],"collection":[{"href":"https:\/\/multimediamenard.org\/fr\/wp-json\/wp\/v2\/pages"}],"about":[{"href":"https:\/\/multimediamenard.org\/fr\/wp-json\/wp\/v2\/types\/page"}],"author":[{"embeddable":true,"href":"https:\/\/multimediamenard.org\/fr\/wp-json\/wp\/v2\/users\/1"}],"replies":[{"embeddable":true,"href":"https:\/\/multimediamenard.org\/fr\/wp-json\/wp\/v2\/comments?post=6172"}],"version-history":[{"count":61,"href":"https:\/\/multimediamenard.org\/fr\/wp-json\/wp\/v2\/pages\/6172\/revisions"}],"predecessor-version":[{"id":6531,"href":"https:\/\/multimediamenard.org\/fr\/wp-json\/wp\/v2\/pages\/6172\/revisions\/6531"}],"wp:attachment":[{"href":"https:\/\/multimediamenard.org\/fr\/wp-json\/wp\/v2\/media?parent=6172"}],"curies":[{"name":"wp","href":"https:\/\/api.w.org\/{rel}","templated":true}]}}