{"id":6246,"date":"2022-02-05T11:37:39","date_gmt":"2022-02-05T11:37:39","guid":{"rendered":"https:\/\/multimediamenard.org\/?page_id=6246"},"modified":"2022-02-05T11:37:39","modified_gmt":"2022-02-05T11:37:39","slug":"enero-2022","status":"publish","type":"page","link":"https:\/\/multimediamenard.org\/fr\/enero-2022\/","title":{"rendered":"Janvier 2022"},"content":{"rendered":"<div id=\"pl-6246\"  class=\"panel-layout\" ><div id=\"pg-6246-0\"  class=\"panel-grid panel-no-style\" ><div id=\"pgc-6246-0-0\"  class=\"panel-grid-cell panel-grid-cell-empty\" ><\/div><div id=\"pgc-6246-0-1\"  class=\"panel-grid-cell panel-grid-cell-mobile-last\" ><div id=\"panel-6246-0-1-0\" class=\"so-panel widget widget_sow-editor panel-first-child panel-last-child\" data-index=\"0\" ><div\n\t\t\t\n\t\t\tclass=\"so-widget-sow-editor so-widget-sow-editor-base\"\n\t\t\t\n\t\t>\n<div class=\"siteorigin-widget-tinymce textwidget\">\n\t<h2><img fetchpriority=\"high\" fetchpriority=\"high\" decoding=\"async\" class=\"wp-image-6248 aligncenter\" src=\"https:\/\/multimediamenard.org\/wp-content\/uploads\/2022\/02\/Ene2020-01-300x167.png\" alt=\"\" width=\"450\" height=\"251\" srcset=\"https:\/\/multimediamenard.org\/wp-content\/uploads\/2022\/02\/Ene2020-01-300x167.png 300w, https:\/\/multimediamenard.org\/wp-content\/uploads\/2022\/02\/Ene2020-01.png 723w\" sizes=\"(max-width: 450px) 100vw, 450px\" \/><\/h2>\n<h2 style=\"text-align: center;\">IL Y A CENT ANS MOURAIT BENO\u00ceT XV,UN PAPE AU SERVICE DE LA PAIX<\/h2>\n<h3 style=\"text-align: left;\">Le pontificat de Giacomo della Chiesa est marqu\u00e9 par des appels \u00e0 la fin du \"massacre inutile\", la Premi\u00e8re guerre mondiale. Mais on en retient aussi la promulgation du nouveau Code de droit canonique et \u00e0 l'annulation du \"non expedit\" qui, suite au d\u00e9cret du 10 septembre 1874, interdisait aux catholiques de participer \u00e0 la vie politique.<br \/>\nEn 1854, G\u00eanes est secou\u00e9e par une terrible \u00e9pid\u00e9mie de chol\u00e9ra. C\u2019est alors que na\u00eet Giacomo Della Chiesa, le 21 novembre, troisi\u00e8me de quatre enfants. Il descend d'une famille de comtes, peu riche cependant. Le nouveau-n\u00e9 est baptis\u00e9 dans l'\u00e9glise paroissiale de Nostra Signora delle Vigne.<\/h3>\n<h2 style=\"text-align: center;\"><\/h3>\n<\/div>\n<\/div><\/div><\/div><div id=\"pgc-6246-0-2\"  class=\"panel-grid-cell panel-grid-cell-empty\" ><\/div><\/div><div id=\"pg-6246-1\"  class=\"panel-grid panel-no-style\" ><div id=\"pgc-6246-1-0\"  class=\"panel-grid-cell panel-grid-cell-empty\" ><\/div><div id=\"pgc-6246-1-1\"  class=\"panel-grid-cell panel-grid-cell-mobile-last\" ><div id=\"panel-6246-1-1-0\" class=\"so-panel widget widget_sow-accordion panel-first-child panel-last-child\" data-index=\"1\" ><div\n\t\t\t\n\t\t\tclass=\"so-widget-sow-accordion so-widget-sow-accordion-default-0f83fa245be1-6246\"\n\t\t\t data-max-open-panels=\"0\" data-use-anchor-tags=\"false\" data-initial-scroll-panel=\"0\"\n\t\t><div>\n\t<div class=\"sow-accordion\">\n\t\t\t<div class=\"sow-accordion-panel\n\t\t\t\t\t\"\n\t\t\t\tdata-anchor-id=\"une-ascension-rapide\">\n\t\t\t\t\t<div class=\"sow-accordion-panel-header-container\" role=\"heading\" aria-level=\"2\">\n\t\t\t\t\t<div class=\"sow-accordion-panel-header\" tabindex=\"0\" role=\"button\" id=\"accordion-label-une-ascension-rapide\" aria-controls=\"accordion-content-une-ascension-rapide\" aria-expanded=\"false\">\n\t\t\t\t\t\t<div class=\"sow-accordion-title sow-accordion-title-icon-left\">\n\t\t\t\t\t\t\t\t\t\t\t\t\t\tUne ascension rapide\t\t\t\t\t\t\t\t\t\t\t\t\t<\/div>\n\t\t\t\t\t\t<div class=\"sow-accordion-open-close-button\">\n\t\t\t\t\t\t\t<div class=\"sow-accordion-open-button\">\n\t\t\t\t\t\t\t\t<span class=\"sow-icon-fontawesome sow-fas\" data-sow-icon=\"&#x2b;\"\n\t\t \n\t\taria-hidden=\"true\"><\/span>\t\t\t\t\t\t\t<\/div>\n\t\t\t\t\t\t\t<div class=\"sow-accordion-close-button\">\n\t\t\t\t\t\t\t\t<span class=\"sow-icon-fontawesome sow-fas\" data-sow-icon=\"&#xf068;\"\n\t\t \n\t\taria-hidden=\"true\"><\/span>\t\t\t\t\t\t\t<\/div>\n\t\t\t\t\t\t<\/div>\n\t\t\t\t\t<\/div>\n\t\t\t\t<\/div>\n\n\t\t\t<div\n\t\t\t\tclass=\"sow-accordion-panel-content\"\n\t\t\t\trole=\"region\"\n\t\t\t\taria-labelledby=\"accordion-label-une-ascension-rapide\"\n\t\t\t\tid=\"accordion-content-une-ascension-rapide\"\n\t\t\t\tstyle=\"display: none;\"\t\t\t>\n\t\t\t\t<div class=\"sow-accordion-panel-border\">\n\t\t\t\t\t<p><\/h3>\n<h3>\u00c0 l'\u00e2ge de quinze ans, Giacomo exprime le d\u00e9sir de devenir pr\u00eatre. Mais sous la pression de son p\u00e8re, il s'inscrit d'abord \u00e0 la facult\u00e9 de droit. Apr\u00e8s avoir obtenu son dipl\u00f4me, il entre au coll\u00e8ge Capranica, \u00e0 Rome, puis est ordonn\u00e9 pr\u00eatre le 21 d\u00e9cembre 1878. Il est ensuite admis \u00e0 l'Acad\u00e9mie pontificale des nobles eccl\u00e9siastiques, o\u00f9 les jeunes hommes issus de familles patriciennes sont pr\u00e9par\u00e9s au service diplomatique du Saint-Si\u00e8ge. En 1883, il part \u00e0 Madrid comme secr\u00e9taire du nonce apostolique, Mgr Mariano Rampolla del Tindaro. Consacr\u00e9 \u00e9v\u00eaque par Pie X dans la chapelle Sixtine le 22 d\u00e9cembre 1907, Mgr Della Chiesa est ensuite nomm\u00e9 archev\u00eaque de Bologne. Le 25 mai 1914, il est cr\u00e9\u00e9 cardinal. Trois mois plus tard, le 20 ao\u00fbt, le pape Pie X meurt, au cours d\u2019un \u00e9t\u00e9 tourment\u00e9 : le 28 juillet, l'Autriche-Hongrie d\u00e9clarait la guerre \u00e0 la Serbie, marquant le d\u00e9but de la Premi\u00e8re Guerre mondiale.<\/h3>\n<h3><\/h3>\t\t\t\t<\/div>\n\t\t\t<\/div>\n\t\t<\/div>\n\t\t\t<div class=\"sow-accordion-panel\n\t\t\t\t\t\"\n\t\t\t\tdata-anchor-id=\"face-a-lhorreur-de-la-guerre\">\n\t\t\t\t\t<div class=\"sow-accordion-panel-header-container\" role=\"heading\" aria-level=\"2\">\n\t\t\t\t\t<div class=\"sow-accordion-panel-header\" tabindex=\"0\" role=\"button\" id=\"accordion-label-face-%c3%a0-l%e2%80%99horreur-de-la-guerre\" aria-controls=\"accordion-content-face-%c3%a0-l%e2%80%99horreur-de-la-guerre\" aria-expanded=\"false\">\n\t\t\t\t\t\t<div class=\"sow-accordion-title sow-accordion-title-icon-left\">\n\t\t\t\t\t\t\t\t\t\t\t\t\t\tFace \u00e0 l\u2019horreur de la guerre\t\t\t\t\t\t\t\t\t\t\t\t\t<\/div>\n\t\t\t\t\t\t<div class=\"sow-accordion-open-close-button\">\n\t\t\t\t\t\t\t<div class=\"sow-accordion-open-button\">\n\t\t\t\t\t\t\t\t<span class=\"sow-icon-fontawesome sow-fas\" data-sow-icon=\"&#x2b;\"\n\t\t \n\t\taria-hidden=\"true\"><\/span>\t\t\t\t\t\t\t<\/div>\n\t\t\t\t\t\t\t<div class=\"sow-accordion-close-button\">\n\t\t\t\t\t\t\t\t<span class=\"sow-icon-fontawesome sow-fas\" data-sow-icon=\"&#xf068;\"\n\t\t \n\t\taria-hidden=\"true\"><\/span>\t\t\t\t\t\t\t<\/div>\n\t\t\t\t\t\t<\/div>\n\t\t\t\t\t<\/div>\n\t\t\t\t<\/div>\n\n\t\t\t<div\n\t\t\t\tclass=\"sow-accordion-panel-content\"\n\t\t\t\trole=\"region\"\n\t\t\t\taria-labelledby=\"accordion-label-face-%c3%a0-l%e2%80%99horreur-de-la-guerre\"\n\t\t\t\tid=\"accordion-content-face-%c3%a0-l%e2%80%99horreur-de-la-guerre\"\n\t\t\t\tstyle=\"display: none;\"\t\t\t>\n\t\t\t\t<div class=\"sow-accordion-panel-border\">\n\t\t\t\t\t<h3><br \/>\nLors du conclave, qui se r\u00e9unit le 31 ao\u00fbt 1914, le cardinal Giacomo Della Chiesa, \u00e9lev\u00e9 \u00e0 la pourpre cardinalice seulement trois mois auparavant, est \u00e9lu pape et prend le nom de Beno\u00eet XV. D\u00e8s le d\u00e9but de son pontificat, il exprime sa douleur face \u00e0 la trag\u00e9die de la guerre : dans l'exhortation apostolique Ubi primum du 8 septembre, il exhorte \u00ab ceux qui gouvernent le destin des peuples \u00e0 mettre de c\u00f4t\u00e9 toutes leurs querelles dans l'int\u00e9r\u00eat de la soci\u00e9t\u00e9 humaine \u00bb. Lorsque \u00ab nous avons tourn\u00e9 notre regard vers l'ensemble du troupeau du Seigneur confi\u00e9 \u00e0 nos soins, poursuit le Successeur de Pierre, le terrible spectacle de cette guerre a imm\u00e9diatement rempli notre \u00e2me d'horreur et d'amertume, en voyant qu'une si grande partie de l'Europe, ravag\u00e9e par le fer et le feu, \u00e9tait impr\u00e9gn\u00e9e du sang des chr\u00e9tiens \u00bb. Le drame de la guerre est \u00e9galement \u00e9voqu\u00e9 dans sa premi\u00e8re encyclique, Ad beatissimi apostolorum. \"Chaque jour, note le Souverain Pontife, la terre rougit d'un sang nouveau et se couvre de morts et de bless\u00e9s \".<br \/>\n<\/h3>\n<p>&nbsp;<\/p>\n<p><img decoding=\"async\" class=\"aligncenter wp-image-6250\" src=\"https:\/\/multimediamenard.org\/wp-content\/uploads\/2022\/02\/Ene2020-03-300x169.png\" alt=\"\" width=\"400\" height=\"226\" srcset=\"https:\/\/multimediamenard.org\/wp-content\/uploads\/2022\/02\/Ene2020-03-300x169.png 300w, https:\/\/multimediamenard.org\/wp-content\/uploads\/2022\/02\/Ene2020-03.png 718w\" sizes=\"(max-width: 400px) 100vw, 400px\" \/><\/p>\n<h3 style=\"text-align: center;\">Le cardinal Giacomo della Chiesa, futur Beno\u00eet XV<br \/>\n<\/h3>\t\t\t\t<\/div>\n\t\t\t<\/div>\n\t\t<\/div>\n\t\t\t<div class=\"sow-accordion-panel\n\t\t\t\t\t\"\n\t\t\t\tdata-anchor-id=\"cesser-un\">\n\t\t\t\t\t<div class=\"sow-accordion-panel-header-container\" role=\"heading\" aria-level=\"2\">\n\t\t\t\t\t<div class=\"sow-accordion-panel-header\" tabindex=\"0\" role=\"button\" id=\"accordion-label-cesser-un\" aria-controls=\"accordion-content-cesser-un\" aria-expanded=\"false\">\n\t\t\t\t\t\t<div class=\"sow-accordion-title sow-accordion-title-icon-left\">\n\t\t\t\t\t\t\t\t\t\t\t\t\t\tCesser un\t\t\t\t\t\t\t\t\t\t\t\t\t<\/div>\n\t\t\t\t\t\t<div class=\"sow-accordion-open-close-button\">\n\t\t\t\t\t\t\t<div class=\"sow-accordion-open-button\">\n\t\t\t\t\t\t\t\t<span class=\"sow-icon-fontawesome sow-fas\" data-sow-icon=\"&#x2b;\"\n\t\t \n\t\taria-hidden=\"true\"><\/span>\t\t\t\t\t\t\t<\/div>\n\t\t\t\t\t\t\t<div class=\"sow-accordion-close-button\">\n\t\t\t\t\t\t\t\t<span class=\"sow-icon-fontawesome sow-fas\" data-sow-icon=\"&#xf068;\"\n\t\t \n\t\taria-hidden=\"true\"><\/span>\t\t\t\t\t\t\t<\/div>\n\t\t\t\t\t\t<\/div>\n\t\t\t\t\t<\/div>\n\t\t\t\t<\/div>\n\n\t\t\t<div\n\t\t\t\tclass=\"sow-accordion-panel-content\"\n\t\t\t\trole=\"region\"\n\t\t\t\taria-labelledby=\"accordion-label-cesser-un\"\n\t\t\t\tid=\"accordion-content-cesser-un\"\n\t\t\t\tstyle=\"display: none;\"\t\t\t>\n\t\t\t\t<div class=\"sow-accordion-panel-border\">\n\t\t\t\t\t<p><\/h3>\n<h3>Les nombreux appels \u00e0 la paix de Beno\u00eet XV restent malheureusement lettre morte. Le 24 mai 1915, l'Italie, qui \u00e9tait neutre depuis pr\u00e8s d'un an, entre en guerre. Le lendemain, \u00e9crivant au cardinal Serafino Vannutelli, doyen du Sacr\u00e9 Coll\u00e8ge, Beno\u00eet XV exprime dans une lettre son inqui\u00e9tude : \u00ab La guerre continue de souiller l'Europe de sang, et ce n'est pas m\u00eame sur terre ou sur mer que l'on \u00e9vite les moyens d'infraction contraires aux lois de l'humanit\u00e9 et au droit international. Et comme si cela ne suffisait pas, le terrible incendie s'est \u00e9galement propag\u00e9 \u00e0 notre ch\u00e8re Italie, nous faisant malheureusement craindre pour elle aussi cette succession de larmes et de d\u00e9sastres qui accompagne habituellement chaque guerre \u00bb. Le 28 juillet 1915, \u00e0 l'occasion du premier anniversaire du d\u00e9but de la guerre, le Pape adresse une exhortation \u00e0 tous les peuples bellig\u00e9rants pour qu'ils mettent fin au conflit. Un horrible carnage, \u00e9crit-il, \u00ab d\u00e9shonore l'Europe depuis un an \u00bb, \u00ab c\u2019est un sang fraternel qui coule sur terre et sur mer \u00bb. En 1916, devant le Sacr\u00e9 Coll\u00e8ge des cardinaux, il invoque \u00e0 nouveau \u00ab cette paix juste et durable qui doit mettre fin aux horreurs de la guerre \u00bb. Mais le conflit se poursuit et, le 1er ao\u00fbt 1917, il envoie \u00ab aux chefs des peuples bellig\u00e9rants \u00bb une lettre dans laquelle il demande de mettre fin \u00e0 ce qu'il appelle un \u00ab massacre inutile \u00bb. \u00ab R\u00e9fl\u00e9chissez, exige Beno\u00eet XV, \u00e0 votre responsabilit\u00e9 la plus grave devant Dieu et devant les hommes \u00bb.<\/h3>\n<h3><\/p>\t\t\t\t<\/div>\n\t\t\t<\/div>\n\t\t<\/div>\n\t\t\t<div class=\"sow-accordion-panel\n\t\t\t\t\t\"\n\t\t\t\tdata-anchor-id=\"laube-de-la-reconciliation\">\n\t\t\t\t\t<div class=\"sow-accordion-panel-header-container\" role=\"heading\" aria-level=\"2\">\n\t\t\t\t\t<div class=\"sow-accordion-panel-header\" tabindex=\"0\" role=\"button\" id=\"accordion-label-l%e2%80%99aube-de-la-r%c3%a9conciliation\" aria-controls=\"accordion-content-l%e2%80%99aube-de-la-r%c3%a9conciliation\" aria-expanded=\"false\">\n\t\t\t\t\t\t<div class=\"sow-accordion-title sow-accordion-title-icon-left\">\n\t\t\t\t\t\t\t\t\t\t\t\t\t\tL\u2019aube de la r\u00e9conciliation\t\t\t\t\t\t\t\t\t\t\t\t\t<\/div>\n\t\t\t\t\t\t<div class=\"sow-accordion-open-close-button\">\n\t\t\t\t\t\t\t<div class=\"sow-accordion-open-button\">\n\t\t\t\t\t\t\t\t<span class=\"sow-icon-fontawesome sow-fas\" data-sow-icon=\"&#x2b;\"\n\t\t \n\t\taria-hidden=\"true\"><\/span>\t\t\t\t\t\t\t<\/div>\n\t\t\t\t\t\t\t<div class=\"sow-accordion-close-button\">\n\t\t\t\t\t\t\t\t<span class=\"sow-icon-fontawesome sow-fas\" data-sow-icon=\"&#xf068;\"\n\t\t \n\t\taria-hidden=\"true\"><\/span>\t\t\t\t\t\t\t<\/div>\n\t\t\t\t\t\t<\/div>\n\t\t\t\t\t<\/div>\n\t\t\t\t<\/div>\n\n\t\t\t<div\n\t\t\t\tclass=\"sow-accordion-panel-content\"\n\t\t\t\trole=\"region\"\n\t\t\t\taria-labelledby=\"accordion-label-l%e2%80%99aube-de-la-r%c3%a9conciliation\"\n\t\t\t\tid=\"accordion-content-l%e2%80%99aube-de-la-r%c3%a9conciliation\"\n\t\t\t\tstyle=\"display: none;\"\t\t\t>\n\t\t\t\t<div class=\"sow-accordion-panel-border\">\n\t\t\t\t\t<p><\/h3>\n<h3>Le pontificat du Pape g\u00eanois est \u00e9galement marqu\u00e9 par des d\u00e9cisions importantes pour la vie de l'\u00c9glise. Par la bulle Providentissima Mater du 27 mai 1917, Beno\u00eet XV promulgue le nouveau Code de droit canonique, d\u00e9j\u00e0 demand\u00e9 par le Concile Vatican I et souhait\u00e9 par Pie X. Par le Motu proprio Dei Providentis du 1er mai 1917, il \u00e9tablit la Sacr\u00e9e Congr\u00e9gation pour l'\u00c9glise Orientale.<\/h3>\n<h3>La fin de la guerre, invoqu\u00e9e sans rel\u00e2che par le Saint-P\u00e8re, arrive enfin en 1918. Beno\u00eet XV commence sa lettre encyclique Quod iam diu du 1er d\u00e9cembre 1918 par ces mots : \u00ab Le jour que le monde entier attend avec anxi\u00e9t\u00e9 depuis si longtemps, que la chr\u00e9tient\u00e9 tout enti\u00e8re a implor\u00e9 avec tant de pri\u00e8res ferventes, et que nous, les interpr\u00e8tes de la douleur commune, ont sans cesse invoqu\u00e9 pour le bien de tous, voici qu'il est arriv\u00e9 en un instant : les armes se sont enfin tues \u00bb. En 1919, la Conf\u00e9rence internationale pour la paix s'ouvre \u00e0 Paris. En vue de cette r\u00e9union, le Pape invite dans l'encyclique Quod iam diu \u00e0 des d\u00e9cisions fond\u00e9es sur les principes chr\u00e9tiens. Les catholiques, \u00ab qui doivent par conscience favoriser l'ordre civil et le progr\u00e8s, ont le devoir d'invoquer la sage assistance du Seigneur sur ceux qui participeront \u00e0 la Conf\u00e9rence de la Paix \u00bb, pr\u00e9cise-t-il.<\/h3>\n<h3>C'est encore Beno\u00eet XV, le 13 mai 1917, qui consacre \u00e9v\u00eaque Eugenio Pacelli, lequel monte sur tr\u00f4ne de Pierre sous le nom de Pie XII en 1939. Les deux Pontifes, \u00e0 moins de trente ans d'intervalle, tentent d'\u00e9viter le drame d\u2019une guerre mondiale par des pri\u00e8res et des appels \u00e0 la paix r\u00e9p\u00e9t\u00e9s, mais peu entendus.<\/h3>\n<h3><\/p>\n<p>&nbsp;<\/p>\t\t\t\t<\/div>\n\t\t\t<\/div>\n\t\t<\/div>\n\t\t\t<div class=\"sow-accordion-panel\n\t\t\t\t\t\"\n\t\t\t\tdata-anchor-id=\"une-paix-fragilisee\">\n\t\t\t\t\t<div class=\"sow-accordion-panel-header-container\" role=\"heading\" aria-level=\"2\">\n\t\t\t\t\t<div class=\"sow-accordion-panel-header\" tabindex=\"0\" role=\"button\" id=\"accordion-label-une-paix-fragilis%c3%a9e\" aria-controls=\"accordion-content-une-paix-fragilis%c3%a9e\" aria-expanded=\"false\">\n\t\t\t\t\t\t<div class=\"sow-accordion-title sow-accordion-title-icon-left\">\n\t\t\t\t\t\t\t\t\t\t\t\t\t\tUne paix fragilis\u00e9e\t\t\t\t\t\t\t\t\t\t\t\t\t<\/div>\n\t\t\t\t\t\t<div class=\"sow-accordion-open-close-button\">\n\t\t\t\t\t\t\t<div class=\"sow-accordion-open-button\">\n\t\t\t\t\t\t\t\t<span class=\"sow-icon-fontawesome sow-fas\" data-sow-icon=\"&#x2b;\"\n\t\t \n\t\taria-hidden=\"true\"><\/span>\t\t\t\t\t\t\t<\/div>\n\t\t\t\t\t\t\t<div class=\"sow-accordion-close-button\">\n\t\t\t\t\t\t\t\t<span class=\"sow-icon-fontawesome sow-fas\" data-sow-icon=\"&#xf068;\"\n\t\t \n\t\taria-hidden=\"true\"><\/span>\t\t\t\t\t\t\t<\/div>\n\t\t\t\t\t\t<\/div>\n\t\t\t\t\t<\/div>\n\t\t\t\t<\/div>\n\n\t\t\t<div\n\t\t\t\tclass=\"sow-accordion-panel-content\"\n\t\t\t\trole=\"region\"\n\t\t\t\taria-labelledby=\"accordion-label-une-paix-fragilis%c3%a9e\"\n\t\t\t\tid=\"accordion-content-une-paix-fragilis%c3%a9e\"\n\t\t\t\tstyle=\"display: none;\"\t\t\t>\n\t\t\t\t<div class=\"sow-accordion-panel-border\">\n\t\t\t\t\t<h3><br \/>\nApr\u00e8s la fin de la Premi\u00e8re Guerre mondiale, Beno\u00eet XV r\u00e9agit aux ranc\u0153urs qui divisent les peuples. Dans son encyclique Pacem, Dei munus du 23 mai 1920, il reconna\u00eet que la paix a commenc\u00e9 \u00ab \u00e0 rayonner sur les peuples \u00bb. \u00ab N\u00e9anmoins, les germes d'anciennes inimiti\u00e9s demeurent \u00bb, rel\u00e8ve-t-il. Or aucune paix ne peut \u00eatre consolid\u00e9e si \u00ab les haines et les rancunes ne sont pas apais\u00e9es par une r\u00e9conciliation fond\u00e9e sur la charit\u00e9 mutuelle \u00bb. Le 24 janvier 1921, il rappelle que l'Autriche \u00ab lutte contre les horreurs de la mis\u00e8re et du d\u00e9sespoir \u00bb. Le peuple russe est quant \u00e0 lui \u00e9prouv\u00e9 par la faim et les \u00e9pid\u00e9mies. Dans sa lettre du 5 ao\u00fbt 1921, la pr\u00e9occupation de Beno\u00eet XV est perceptible: \u00ab Depuis le bassin de la Volga, plusieurs millions d'hommes invoquent, face \u00e0 la mort la plus terrible, le secours de l\u2019humanit\u00e9 \u00bb, \u00e9crit-il.<br \/>\n<\/h3>\n<p><img decoding=\"async\" class=\"aligncenter wp-image-6249\" src=\"https:\/\/multimediamenard.org\/wp-content\/uploads\/2022\/02\/Ene2020-02-300x168.png\" alt=\"\" width=\"400\" height=\"225\" srcset=\"https:\/\/multimediamenard.org\/wp-content\/uploads\/2022\/02\/Ene2020-02-300x168.png 300w, https:\/\/multimediamenard.org\/wp-content\/uploads\/2022\/02\/Ene2020-02.png 586w\" sizes=\"(max-width: 400px) 100vw, 400px\" \/><\/p>\n<p>&nbsp;<\/p>\n<h3 style=\"text-align: center;\">Beno\u00eet XV avec l'un de ses nombreux \u00e9crits<br \/>\n<\/h3>\t\t\t\t<\/div>\n\t\t\t<\/div>\n\t\t<\/div>\n\t\t\t<div class=\"sow-accordion-panel\n\t\t\t\t\t\"\n\t\t\t\tdata-anchor-id=\"aux-catholiques-italiens\">\n\t\t\t\t\t<div class=\"sow-accordion-panel-header-container\" role=\"heading\" aria-level=\"2\">\n\t\t\t\t\t<div class=\"sow-accordion-panel-header\" tabindex=\"0\" role=\"button\" id=\"accordion-label-aux-catholiques-italiens\" aria-controls=\"accordion-content-aux-catholiques-italiens\" aria-expanded=\"false\">\n\t\t\t\t\t\t<div class=\"sow-accordion-title sow-accordion-title-icon-left\">\n\t\t\t\t\t\t\t\t\t\t\t\t\t\tAux catholiques italiens\t\t\t\t\t\t\t\t\t\t\t\t\t<\/div>\n\t\t\t\t\t\t<div class=\"sow-accordion-open-close-button\">\n\t\t\t\t\t\t\t<div class=\"sow-accordion-open-button\">\n\t\t\t\t\t\t\t\t<span class=\"sow-icon-fontawesome sow-fas\" data-sow-icon=\"&#x2b;\"\n\t\t \n\t\taria-hidden=\"true\"><\/span>\t\t\t\t\t\t\t<\/div>\n\t\t\t\t\t\t\t<div class=\"sow-accordion-close-button\">\n\t\t\t\t\t\t\t\t<span class=\"sow-icon-fontawesome sow-fas\" data-sow-icon=\"&#xf068;\"\n\t\t \n\t\taria-hidden=\"true\"><\/span>\t\t\t\t\t\t\t<\/div>\n\t\t\t\t\t\t<\/div>\n\t\t\t\t\t<\/div>\n\t\t\t\t<\/div>\n\n\t\t\t<div\n\t\t\t\tclass=\"sow-accordion-panel-content\"\n\t\t\t\trole=\"region\"\n\t\t\t\taria-labelledby=\"accordion-label-aux-catholiques-italiens\"\n\t\t\t\tid=\"accordion-content-aux-catholiques-italiens\"\n\t\t\t\tstyle=\"display: none;\"\t\t\t>\n\t\t\t\t<div class=\"sow-accordion-panel-border\">\n\t\t\t\t\t<p><\/h3>\n<h3>En Italie, o\u00f9 les d\u00e9saccords entre l'\u00c9tat et le Saint-Si\u00e8ge apr\u00e8s les \u00e9v\u00e9nements de 1870 perdurent, les groupes politiques sont aussi en conflit. D\u00e9sireux de les att\u00e9nuer, Beno\u00eet XV s\u2019adresse le 3 mars 1919 aux Conseils dioc\u00e9sains d'Italie et annule le \"non expedit\" qui, suite au d\u00e9cret du 10 septembre 1874, interdisait aux catholiques de prendre part aux \u00e9lections et \u00e0 la vie politique de la p\u00e9ninsule tout juste r\u00e9unifi\u00e9e. Cette d\u00e9cision anticipe le Concordat du Latran qui sera sign\u00e9 le 11 f\u00e9vrier 1929. La r\u00e9conciliation entre les peuples se d\u00e9gage comme \u00e9tant le souci constant de Beno\u00eet XV. Le 25 juillet 1921, il invite les Italiens \u00e0 r\u00e9citer la pri\u00e8re \"\u00d4 Dieu de bont\u00e9\", qu'il a compos\u00e9e, dans laquelle il invoque le Seigneur et la Vierge pour favoriser la r\u00e9conciliation nationale et la concorde dans le pays. Souffrant d'une broncho-pneumonie, il meurt le 22 janvier 1922.<\/h3>\n<h3><\/p>\t\t\t\t<\/div>\n\t\t\t<\/div>\n\t\t<\/div>\n\t\t\t<div class=\"sow-accordion-panel\n\t\t\t\t\t\"\n\t\t\t\tdata-anchor-id=\"une-statue-en-turquie\">\n\t\t\t\t\t<div class=\"sow-accordion-panel-header-container\" role=\"heading\" aria-level=\"2\">\n\t\t\t\t\t<div class=\"sow-accordion-panel-header\" tabindex=\"0\" role=\"button\" id=\"accordion-label-une-statue-en-turquie\" aria-controls=\"accordion-content-une-statue-en-turquie\" aria-expanded=\"false\">\n\t\t\t\t\t\t<div class=\"sow-accordion-title sow-accordion-title-icon-left\">\n\t\t\t\t\t\t\t\t\t\t\t\t\t\tUne statue en Turquie\t\t\t\t\t\t\t\t\t\t\t\t\t<\/div>\n\t\t\t\t\t\t<div class=\"sow-accordion-open-close-button\">\n\t\t\t\t\t\t\t<div class=\"sow-accordion-open-button\">\n\t\t\t\t\t\t\t\t<span class=\"sow-icon-fontawesome sow-fas\" data-sow-icon=\"&#x2b;\"\n\t\t \n\t\taria-hidden=\"true\"><\/span>\t\t\t\t\t\t\t<\/div>\n\t\t\t\t\t\t\t<div class=\"sow-accordion-close-button\">\n\t\t\t\t\t\t\t\t<span class=\"sow-icon-fontawesome sow-fas\" data-sow-icon=\"&#xf068;\"\n\t\t \n\t\taria-hidden=\"true\"><\/span>\t\t\t\t\t\t\t<\/div>\n\t\t\t\t\t\t<\/div>\n\t\t\t\t\t<\/div>\n\t\t\t\t<\/div>\n\n\t\t\t<div\n\t\t\t\tclass=\"sow-accordion-panel-content\"\n\t\t\t\trole=\"region\"\n\t\t\t\taria-labelledby=\"accordion-label-une-statue-en-turquie\"\n\t\t\t\tid=\"accordion-content-une-statue-en-turquie\"\n\t\t\t\tstyle=\"display: none;\"\t\t\t>\n\t\t\t\t<div class=\"sow-accordion-panel-border\">\n\t\t\t\t\t<h3><br \/>\nDans la cour de la cath\u00e9drale du Saint-Esprit \u00e0 Istanbul, se trouve une statue de Beno\u00eet XV, rappelant son grand engagement pour la paix. Une inscription figure sur le socle : \u00ab Au grand Pontife de l'heure tragique du monde Beno\u00eet XV, bienfaiteur des peuples sans distinction de nationalit\u00e9 ou de religion, en signe de reconnaissance, l'Orient (1914-1919) \u00bb. Des archives de la d\u00e9l\u00e9gation apostolique d'Istanbul, aujourd'hui conserv\u00e9es dans les archives du Vatican, il ressort \u00ab que Beno\u00eet XV a demand\u00e9 au d\u00e9l\u00e9gu\u00e9 pontifical, Monseigneur Angelo Maria Dolci, d'intervenir aupr\u00e8s de l'arm\u00e9e fran\u00e7aise pour lui demander de traiter humainement les prisonniers turcs et de ne pas se venger sur eux. Il a \u00e9galement fait ouvrir un h\u00f4pital pour ces soldats bless\u00e9s \u00bb.<br \/>\n\u00c0 l\u2019occasion du centenaire de la mort de Beno\u00eet XV, une messe et un congr\u00e8s sont pr\u00e9vus dans sa ville natale de G\u00eanes. \u00c0 Rome, une messe est \u00e9galement c\u00e9l\u00e9br\u00e9e en la basilique Saint-Pierre ce 22 janvier, en pr\u00e9sent de la confraternit\u00e9 de Saint Jean Baptiste des G\u00e9nois.<br \/>\n<\/h3>\n<p><img loading=\"lazy\" decoding=\"async\" class=\"aligncenter wp-image-6251\" src=\"https:\/\/multimediamenard.org\/wp-content\/uploads\/2022\/02\/Ene2020-04-300x169.png\" alt=\"\" width=\"400\" height=\"225\" srcset=\"https:\/\/multimediamenard.org\/wp-content\/uploads\/2022\/02\/Ene2020-04-300x169.png 300w, https:\/\/multimediamenard.org\/wp-content\/uploads\/2022\/02\/Ene2020-04.png 690w\" sizes=\"(max-width: 400px) 100vw, 400px\" \/><\/p>\n<h3 style=\"text-align: center;\">Statue de Beno\u00eet XV \u00e0 Istanbul<br \/>\n<\/h3>\t\t\t\t<\/div>\n\t\t\t<\/div>\n\t\t<\/div>\n\t\t<\/div>\n<\/div>\n<\/div><\/div><\/div><div id=\"pgc-6246-1-2\"  class=\"panel-grid-cell panel-grid-cell-empty\" ><\/div><\/div><\/div>","protected":false},"excerpt":{"rendered":"<p>IL Y A CENT ANS MOURAIT BENO\u00ceT XV,UN PAPE AU SERVICE DE LA PAIX Le pontificat de Giacomo della Chiesa est marqu\u00e9 par des appels \u00e0 la fin du \u00ab\u00a0massacre inutile\u00a0\u00bb, la Premi\u00e8re guerre mondiale. Mais on en retient aussi la promulgation du nouveau Code de droit canonique et \u00e0 l&rsquo;annulation du \u00ab\u00a0non expedit\u00a0\u00bb qui, [&hellip;]<\/p>\n","protected":false},"author":1,"featured_media":0,"parent":0,"menu_order":0,"comment_status":"closed","ping_status":"closed","template":"templates\/template-full.php","meta":{"footnotes":""},"guten_post_layout_featured_media_urls":{"full":false,"thumbnail":false,"medium":false,"medium_large":false,"large":false,"1536x1536":false,"2048x2048":false,"guten_post_layout_landscape_large":false,"guten_post_layout_portrait_large":false,"guten_post_layout_square_large":false,"guten_post_layout_landscape":false,"guten_post_layout_portrait":false,"guten_post_layout_square":false,"post-thumbnail":false,"vantage-thumbnail-no-sidebar":false,"vantage-slide":false,"vantage-carousel":false,"vantage-grid-loop":false,"sow-carousel-default":false,"sow-post-carousel-overlay-theme":false},"rttpg_featured_image_url":null,"rttpg_author":{"display_name":"admin","author_link":"https:\/\/multimediamenard.org\/fr\/author\/admin\/"},"rttpg_comment":0,"rttpg_category":null,"rttpg_excerpt":"IL Y A CENT ANS MOURAIT BENO\u00ceT XV,UN PAPE AU SERVICE DE LA PAIX Le pontificat de Giacomo della Chiesa est marqu\u00e9 par des appels \u00e0 la fin du \"massacre inutile\", la Premi\u00e8re guerre mondiale. Mais on en retient aussi la promulgation du nouveau Code de droit canonique et \u00e0 l'annulation du \"non expedit\" qui,\u2026","_links":{"self":[{"href":"https:\/\/multimediamenard.org\/fr\/wp-json\/wp\/v2\/pages\/6246"}],"collection":[{"href":"https:\/\/multimediamenard.org\/fr\/wp-json\/wp\/v2\/pages"}],"about":[{"href":"https:\/\/multimediamenard.org\/fr\/wp-json\/wp\/v2\/types\/page"}],"author":[{"embeddable":true,"href":"https:\/\/multimediamenard.org\/fr\/wp-json\/wp\/v2\/users\/1"}],"replies":[{"embeddable":true,"href":"https:\/\/multimediamenard.org\/fr\/wp-json\/wp\/v2\/comments?post=6246"}],"version-history":[{"count":123,"href":"https:\/\/multimediamenard.org\/fr\/wp-json\/wp\/v2\/pages\/6246\/revisions"}],"predecessor-version":[{"id":6373,"href":"https:\/\/multimediamenard.org\/fr\/wp-json\/wp\/v2\/pages\/6246\/revisions\/6373"}],"wp:attachment":[{"href":"https:\/\/multimediamenard.org\/fr\/wp-json\/wp\/v2\/media?parent=6246"}],"curies":[{"name":"wp","href":"https:\/\/api.w.org\/{rel}","templated":true}]}}