{"id":6388,"date":"2022-03-08T00:29:15","date_gmt":"2022-03-08T00:29:15","guid":{"rendered":"https:\/\/multimediamenard.org\/?page_id=6388"},"modified":"2022-03-08T00:31:12","modified_gmt":"2022-03-08T00:31:12","slug":"febrero-2022","status":"publish","type":"page","link":"https:\/\/multimediamenard.org\/fr\/febrero-2022\/","title":{"rendered":"F\u00e9vrier 2022"},"content":{"rendered":"<div id=\"pl-6388\"  class=\"panel-layout\" ><div id=\"pg-6388-0\"  class=\"panel-grid panel-no-style\" ><div id=\"pgc-6388-0-0\"  class=\"panel-grid-cell panel-grid-cell-empty\" ><\/div><div id=\"pgc-6388-0-1\"  class=\"panel-grid-cell panel-grid-cell-mobile-last\" ><div id=\"panel-6388-0-1-0\" class=\"so-panel widget widget_sow-editor panel-first-child panel-last-child\" data-index=\"0\" ><div\n\t\t\t\n\t\t\tclass=\"so-widget-sow-editor so-widget-sow-editor-base\"\n\t\t\t\n\t\t>\n<div class=\"siteorigin-widget-tinymce textwidget\">\n\t<p><img fetchpriority=\"high\" fetchpriority=\"high\" decoding=\"async\" class=\"aligncenter wp-image-6389\" src=\"https:\/\/multimediamenard.org\/wp-content\/uploads\/2022\/03\/feb_2022_01-1024x575.png\" alt=\"\" width=\"450\" height=\"253\" srcset=\"https:\/\/multimediamenard.org\/wp-content\/uploads\/2022\/03\/feb_2022_01-1024x575.png 1024w, https:\/\/multimediamenard.org\/wp-content\/uploads\/2022\/03\/feb_2022_01-300x168.png 300w, https:\/\/multimediamenard.org\/wp-content\/uploads\/2022\/03\/feb_2022_01-768x431.png 768w, https:\/\/multimediamenard.org\/wp-content\/uploads\/2022\/03\/feb_2022_01.png 1307w\" sizes=\"(max-width: 450px) 100vw, 450px\" \/><\/p>\n<p>&nbsp;<\/p>\n<\/p>\n<h3 style=\"text-align: center;\"><strong>LE PAPE APPELLE LES PR\u00caTRES \u00c0 R\u00caVER L'\u00c9GLISE DE DEMAIN<\/strong><\/h3>\n<h3 style=\"text-align: left;\">Dans quel \u00e9tat d\u2019esprit et avec quelle aspiration s\u2019engager dans le minist\u00e8re sacerdotal ? Ce lundi 7 f\u00e9vrier, le Pape a sugg\u00e9r\u00e9 aux \u00e9tudiants du s\u00e9minaire pontifical Lombard Saint-Ambroise-et-Saint-Charles in Urbe, situ\u00e9 au coeur de Rome, de ne pas s\u2019enfermer dans leur sacristie ou dans des \u00ab dialectiques st\u00e9riles \u00bb, mais de porter l\u2019\u00c9vangile au monde \u00ab qui a soif du Christ \u00bb, comme le fit un ancien de leur s\u00e9minaire, le Pape Pie XI.<\/h3>\n<h3 style=\"text-align: left;\">\nC\u2019est en souvenir du 100\u00e8me anniversaire de l\u2019\u00e9lection de Pie XI cette ann\u00e9e que le Pape a re\u00e7u lundi midi le s\u00e9minaire Lombard, o\u00f9 Achille Ratti fut \u00e9l\u00e8ve; Fran\u00e7ois s\u2019est inspir\u00e9 du travail de son pr\u00e9d\u00e9cesseur pour offrir aux pr\u00eatres qui y \u00e9tudient des perspectives pour leur minist\u00e8re, au service de l'\u00c9glise et du peuple italien.<br \/>\nPremier signe proph\u00e9tique pos\u00e9 par Pie XI: \u00e0 peine \u00e9lu, il choisit de se pr\u00e9senter non plus aux fid\u00e8les se trouvant \u00e0 l\u2019int\u00e9rieur de la basilique vaticane mais depuis la c\u00e9l\u00e8bre loggia surplombant la place Saint-Pierre. Il aurait fallu quarante minutes pour ouvrir les portes du balcon, pr\u00e9cise le Pape. Elles \u00e9taient en effet condamn\u00e9es depuis des ann\u00e9es puisque le lieu \u00e9tait devenu un entrep\u00f4t. Pie XI attendit.<\/h3>\n<h3 style=\"text-align: left;\">\nCe geste \u00ab vaut mille mots \u00bb, selon Fran\u00e7ois. Il rappelle d\u2019abord aux pr\u00eatres qu\u2019ils doivent \u00eatre en ouverture, \u00ab \u00e9largir l'horizon de la pastorale aux dimensions du monde, atteindre chaque enfant que Dieu veut embrasser de son amour \u00bb. Fran\u00e7ois les implore de ne pas rester \u00ab barricad\u00e9s dans la sacristie \u00bb, de ne pas \u00ab cultiver de petits groupes ferm\u00e9s o\u00f9 l\u2019on peut se c\u00e2liner et \u00eatre tranquilles \u00bb. Un monde attend l'\u00c9vangile.<\/h3><\/p>\n<\/div>\n<\/div><\/div><\/div><div id=\"pgc-6388-0-2\"  class=\"panel-grid-cell panel-grid-cell-empty\" ><\/div><\/div><div id=\"pg-6388-1\"  class=\"panel-grid panel-no-style\" ><div id=\"pgc-6388-1-0\"  class=\"panel-grid-cell panel-grid-cell-empty\" ><\/div><div id=\"pgc-6388-1-1\"  class=\"panel-grid-cell panel-grid-cell-mobile-last\" ><div id=\"panel-6388-1-1-0\" class=\"so-panel widget widget_sow-accordion panel-first-child panel-last-child\" data-index=\"1\" ><div\n\t\t\t\n\t\t\tclass=\"so-widget-sow-accordion so-widget-sow-accordion-default-640f11696755-6388\"\n\t\t\t data-max-open-panels=\"0\" data-use-anchor-tags=\"false\" data-initial-scroll-panel=\"0\"\n\t\t><div>\n\t<div class=\"sow-accordion\">\n\t\t\t<div class=\"sow-accordion-panel\n\t\t\t\t\t\"\n\t\t\t\tdata-anchor-id=\"habiter-les-situations-concretes-du-monde\">\n\t\t\t\t\t<div class=\"sow-accordion-panel-header-container\" role=\"heading\" aria-level=\"2\">\n\t\t\t\t\t<div class=\"sow-accordion-panel-header\" tabindex=\"0\" role=\"button\" id=\"accordion-label-habiter-les-situations-concr%c3%a8tes-du-monde\" aria-controls=\"accordion-content-habiter-les-situations-concr%c3%a8tes-du-monde\" aria-expanded=\"false\">\n\t\t\t\t\t\t<div class=\"sow-accordion-title sow-accordion-title-icon-left\">\n\t\t\t\t\t\t\t\t\t\t\t\t\t\tHabiter les situations concr\u00e8tes du monde\t\t\t\t\t\t\t\t\t\t\t\t\t<\/div>\n\t\t\t\t\t\t<div class=\"sow-accordion-open-close-button\">\n\t\t\t\t\t\t\t<div class=\"sow-accordion-open-button\">\n\t\t\t\t\t\t\t\t<span class=\"sow-icon-fontawesome sow-fas\" data-sow-icon=\"&#x2b;\"\n\t\t \n\t\taria-hidden=\"true\"><\/span>\t\t\t\t\t\t\t<\/div>\n\t\t\t\t\t\t\t<div class=\"sow-accordion-close-button\">\n\t\t\t\t\t\t\t\t<span class=\"sow-icon-fontawesome sow-fas\" data-sow-icon=\"&#xf068;\"\n\t\t \n\t\taria-hidden=\"true\"><\/span>\t\t\t\t\t\t\t<\/div>\n\t\t\t\t\t\t<\/div>\n\t\t\t\t\t<\/div>\n\t\t\t\t<\/div>\n\n\t\t\t<div\n\t\t\t\tclass=\"sow-accordion-panel-content\"\n\t\t\t\trole=\"region\"\n\t\t\t\taria-labelledby=\"accordion-label-habiter-les-situations-concr%c3%a8tes-du-monde\"\n\t\t\t\tid=\"accordion-content-habiter-les-situations-concr%c3%a8tes-du-monde\"\n\t\t\t\tstyle=\"display: none;\"\t\t\t>\n\t\t\t\t<div class=\"sow-accordion-panel-border\">\n\t\t\t\t\t<h3><\/h3>\n<h3>Le Seigneur d\u00e9sire que ses bergers lui soient conformes, poursuit Fran\u00e7ois. Ils les invite ainsi \u00e0 \u00ab porter dans leur coeur et sur leurs \u00e9paules les attentes et les fardeaux du troupeau \u00bb. Pour que le minist\u00e8re devienne une b\u00e9n\u00e9diction de Dieu pour le monde, les pr\u00eatres doivent avoir \u00ab un coeur ouvert, compatissant et mis\u00e9ricordieux \u00bb mais aussi \u00ab des mains laborieuses et g\u00e9n\u00e9reuses, qui se salissent et se blessent par amour, comme celles de J\u00e9sus sur la croix \u00bb.<br \/>\n\u00c9tudier est un \u00ab don de Dieu \u00bb, mais, souligne Fran\u00e7ois, les connaissances ne doivent jamais s'abstraire de la vie et de l'histoire. \u00ab L\u2019\u00c9vangile n'est pas servi par une \u00c9glise qui a beaucoup de choses \u00e0 dire, mais dont les paroles manquent d'onction et ne touchent pas la chair des gens. Pour avoir des paroles de vie, il est n\u00e9cessaire de plier la science \u00e0 l'Esprit dans la pri\u00e8re et ensuite d'habiter les situations concr\u00e8tes de l'\u00c9glise et du monde \u00bb. Il plaide pour des pr\u00eatres \u00ab br\u00fbl\u00e9s par le d\u00e9sir d'apporter l'\u00c9vangile dans les rues du monde \u00bb, surtout dans les endroits les plus pauvres et les plus oubli\u00e9s.<\/h3>\n<h3><\/h3>\n<h3><\/h3>\t\t\t\t<\/div>\n\t\t\t<\/div>\n\t\t<\/div>\n\t\t\t<div class=\"sow-accordion-panel\n\t\t\t\t\t\"\n\t\t\t\tdata-anchor-id=\"mise-en-garde-contre-le-carrierisme\">\n\t\t\t\t\t<div class=\"sow-accordion-panel-header-container\" role=\"heading\" aria-level=\"2\">\n\t\t\t\t\t<div class=\"sow-accordion-panel-header\" tabindex=\"0\" role=\"button\" id=\"accordion-label-mise-en-garde-contre-le-carri%c3%a9risme\" aria-controls=\"accordion-content-mise-en-garde-contre-le-carri%c3%a9risme\" aria-expanded=\"false\">\n\t\t\t\t\t\t<div class=\"sow-accordion-title sow-accordion-title-icon-left\">\n\t\t\t\t\t\t\t\t\t\t\t\t\t\tMise en garde contre le carri\u00e9risme\t\t\t\t\t\t\t\t\t\t\t\t\t<\/div>\n\t\t\t\t\t\t<div class=\"sow-accordion-open-close-button\">\n\t\t\t\t\t\t\t<div class=\"sow-accordion-open-button\">\n\t\t\t\t\t\t\t\t<span class=\"sow-icon-fontawesome sow-fas\" data-sow-icon=\"&#x2b;\"\n\t\t \n\t\taria-hidden=\"true\"><\/span>\t\t\t\t\t\t\t<\/div>\n\t\t\t\t\t\t\t<div class=\"sow-accordion-close-button\">\n\t\t\t\t\t\t\t\t<span class=\"sow-icon-fontawesome sow-fas\" data-sow-icon=\"&#xf068;\"\n\t\t \n\t\taria-hidden=\"true\"><\/span>\t\t\t\t\t\t\t<\/div>\n\t\t\t\t\t\t<\/div>\n\t\t\t\t\t<\/div>\n\t\t\t\t<\/div>\n\n\t\t\t<div\n\t\t\t\tclass=\"sow-accordion-panel-content\"\n\t\t\t\trole=\"region\"\n\t\t\t\taria-labelledby=\"accordion-label-mise-en-garde-contre-le-carri%c3%a9risme\"\n\t\t\t\tid=\"accordion-content-mise-en-garde-contre-le-carri%c3%a9risme\"\n\t\t\t\tstyle=\"display: none;\"\t\t\t>\n\t\t\t\t<div class=\"sow-accordion-panel-border\">\n\t\t\t\t\t<h3><\/h3>\n<h3>Autre indice proph\u00e9tique du Pape Ratti: dans sa premi\u00e8re hom\u00e9lie prononc\u00e9e le 4 juin 1922 pour le 300e anniversaire de la fondation de la Congr\u00e9gation de Propaganda Fide, Pie XI invite chacun \u00e0 se demander ce qu\u2019il a \u00e0 offrir au Seigneur. \u00ab Une bonne question \u00bb rel\u00e8ve Fran\u00e7ois qui met en garde les pr\u00eatres qui \u00e9tudient \u00e0 Rome contre le carri\u00e9risme. Cette question \u00abne tourne pas autour de vous, de votre d\u00e9sir de cette cath\u00e8dre, de cette paroisse, de cette position dans le curie; non, c'est une question qui vous demande d'ouvrir votre coeur \u00e0 la disponibilit\u00e9 et au service \u00bb.<br \/>\nLe Pape regrette que souvent, notamment en Italie, le discours eccl\u00e9sial se r\u00e9duise \u00e0 une \u00ab dialectique interne st\u00e9rile entre ceux qui innovent et ceux qui sont conservateurs, entre ceux qui pr\u00e9f\u00e8rent un homme politique et ceux qui en pr\u00e9f\u00e8rent un autre \u00bb, alors, pr\u00e9cise Fran\u00e7ois, on oublie le point central: \u00ab \u00eatre \u00c9glise pour vivre et diffuser l\u2019\u00c9vangile \u00bb. Le Pape leur demande de ne pas se pr\u00e9occuper de leur petit pr\u00e9-carr\u00e9 car \u00abil y a un monde entier qui a soif du Christ \u00bb. Il les appelle \u00e0 cultiver depuis la Ville \u00e9ternelle \u00ab un coeur ouvert, volontaire, missionnaire \u00bb.<\/h3>\n<h3><\/h3>\t\t\t\t<\/div>\n\t\t\t<\/div>\n\t\t<\/div>\n\t\t\t<div class=\"sow-accordion-panel\n\t\t\t\t\t\"\n\t\t\t\tdata-anchor-id=\"la-voix-des-sans-voix\">\n\t\t\t\t\t<div class=\"sow-accordion-panel-header-container\" role=\"heading\" aria-level=\"2\">\n\t\t\t\t\t<div class=\"sow-accordion-panel-header\" tabindex=\"0\" role=\"button\" id=\"accordion-label-la-voix-des-sans-voix\" aria-controls=\"accordion-content-la-voix-des-sans-voix\" aria-expanded=\"false\">\n\t\t\t\t\t\t<div class=\"sow-accordion-title sow-accordion-title-icon-left\">\n\t\t\t\t\t\t\t\t\t\t\t\t\t\tLa voix des sans-voix\t\t\t\t\t\t\t\t\t\t\t\t\t<\/div>\n\t\t\t\t\t\t<div class=\"sow-accordion-open-close-button\">\n\t\t\t\t\t\t\t<div class=\"sow-accordion-open-button\">\n\t\t\t\t\t\t\t\t<span class=\"sow-icon-fontawesome sow-fas\" data-sow-icon=\"&#x2b;\"\n\t\t \n\t\taria-hidden=\"true\"><\/span>\t\t\t\t\t\t\t<\/div>\n\t\t\t\t\t\t\t<div class=\"sow-accordion-close-button\">\n\t\t\t\t\t\t\t\t<span class=\"sow-icon-fontawesome sow-fas\" data-sow-icon=\"&#xf068;\"\n\t\t \n\t\taria-hidden=\"true\"><\/span>\t\t\t\t\t\t\t<\/div>\n\t\t\t\t\t\t<\/div>\n\t\t\t\t\t<\/div>\n\t\t\t\t<\/div>\n\n\t\t\t<div\n\t\t\t\tclass=\"sow-accordion-panel-content\"\n\t\t\t\trole=\"region\"\n\t\t\t\taria-labelledby=\"accordion-label-la-voix-des-sans-voix\"\n\t\t\t\tid=\"accordion-content-la-voix-des-sans-voix\"\n\t\t\t\tstyle=\"display: none;\"\t\t\t>\n\t\t\t\t<div class=\"sow-accordion-panel-border\">\n\t\t\t\t\t<h3><\/h3>\n<h3>Enfin, le Pape Fran\u00e7ois \u00e9voque la modernit\u00e9 du discours de Pie XI qui, dans son encyclique sociale \u00ab Quadragesimo anno \u00bb, d\u00e9non\u00e7ait le pouvoir despotique de ceux qui concentrent en leurs mains toutes les richesses, \u00ab l\u2019\u00e2me de l\u2019\u00e9conomie \u00bb. Dans un contexte toujours marqu\u00e9 par les in\u00e9galit\u00e9s, accru encore par la pand\u00e9mie, le Pape Fran\u00e7ois leur demande d\u2019\u00eatre \u00ab des tisseurs de communion, des \u00e9radicateurs d'in\u00e9galit\u00e9s, des pasteurs attentifs aux signes de souffrance du peuple \u00bb. Il souhaite que les connaissances acquises leur permettent de se montrer \u00ab comp\u00e9tents et courageux pour \u00e9lever des paroles proph\u00e9tiques au nom des sans-voix \u00bb.<br \/>\nPour accomplir les \u00ab grandes t\u00e2ches \u00bb qui les attendent, le Pape les invite \u00e0 demander \u00e0 Dieu de r\u00eaver de la beaut\u00e9 de l'\u00c9glise: de r\u00eaver de l'\u00c9glise italienne de demain, plus fid\u00e8le \u00e0 l'esprit de l'\u00c9vangile, plus libre, fraternelle et joyeuse dans le t\u00e9moignage de J\u00e9sus. \u00ab Une \u00c9glise qui cultive une communion plus forte que toute distinction et qui se passionne encore plus pour les pauvres \u00bb conclue le Pape.<\/h3>\n<h3><\/h3>\n<p>&nbsp;<\/p>\t\t\t\t<\/div>\n\t\t\t<\/div>\n\t\t<\/div>\n\t\t<\/div>\n<\/div>\n<\/div><\/div><\/div><div id=\"pgc-6388-1-2\"  class=\"panel-grid-cell panel-grid-cell-empty\" ><\/div><\/div><\/div>","protected":false},"excerpt":{"rendered":"<p>&nbsp; LE PAPE APPELLE LES PR\u00caTRES \u00c0 R\u00caVER L&rsquo;\u00c9GLISE DE DEMAIN Dans quel \u00e9tat d\u2019esprit et avec quelle aspiration s\u2019engager dans le minist\u00e8re sacerdotal ? Ce lundi 7 f\u00e9vrier, le Pape a sugg\u00e9r\u00e9 aux \u00e9tudiants du s\u00e9minaire pontifical Lombard Saint-Ambroise-et-Saint-Charles in Urbe, situ\u00e9 au coeur de Rome, de ne pas s\u2019enfermer dans leur sacristie ou [&hellip;]<\/p>\n","protected":false},"author":1,"featured_media":0,"parent":0,"menu_order":0,"comment_status":"closed","ping_status":"closed","template":"","meta":{"footnotes":""},"guten_post_layout_featured_media_urls":{"full":false,"thumbnail":false,"medium":false,"medium_large":false,"large":false,"1536x1536":false,"2048x2048":false,"guten_post_layout_landscape_large":false,"guten_post_layout_portrait_large":false,"guten_post_layout_square_large":false,"guten_post_layout_landscape":false,"guten_post_layout_portrait":false,"guten_post_layout_square":false,"post-thumbnail":false,"vantage-thumbnail-no-sidebar":false,"vantage-slide":false,"vantage-carousel":false,"vantage-grid-loop":false,"sow-carousel-default":false,"sow-post-carousel-overlay-theme":false},"rttpg_featured_image_url":null,"rttpg_author":{"display_name":"admin","author_link":"https:\/\/multimediamenard.org\/fr\/author\/admin\/"},"rttpg_comment":0,"rttpg_category":null,"rttpg_excerpt":"&nbsp; LE PAPE APPELLE LES PR\u00caTRES \u00c0 R\u00caVER L'\u00c9GLISE DE DEMAIN Dans quel \u00e9tat d\u2019esprit et avec quelle aspiration s\u2019engager dans le minist\u00e8re sacerdotal ? Ce lundi 7 f\u00e9vrier, le Pape a sugg\u00e9r\u00e9 aux \u00e9tudiants du s\u00e9minaire pontifical Lombard Saint-Ambroise-et-Saint-Charles in Urbe, situ\u00e9 au coeur de Rome, de ne pas s\u2019enfermer dans leur sacristie ou\u2026","_links":{"self":[{"href":"https:\/\/multimediamenard.org\/fr\/wp-json\/wp\/v2\/pages\/6388"}],"collection":[{"href":"https:\/\/multimediamenard.org\/fr\/wp-json\/wp\/v2\/pages"}],"about":[{"href":"https:\/\/multimediamenard.org\/fr\/wp-json\/wp\/v2\/types\/page"}],"author":[{"embeddable":true,"href":"https:\/\/multimediamenard.org\/fr\/wp-json\/wp\/v2\/users\/1"}],"replies":[{"embeddable":true,"href":"https:\/\/multimediamenard.org\/fr\/wp-json\/wp\/v2\/comments?post=6388"}],"version-history":[{"count":35,"href":"https:\/\/multimediamenard.org\/fr\/wp-json\/wp\/v2\/pages\/6388\/revisions"}],"predecessor-version":[{"id":6418,"href":"https:\/\/multimediamenard.org\/fr\/wp-json\/wp\/v2\/pages\/6388\/revisions\/6418"}],"wp:attachment":[{"href":"https:\/\/multimediamenard.org\/fr\/wp-json\/wp\/v2\/media?parent=6388"}],"curies":[{"name":"wp","href":"https:\/\/api.w.org\/{rel}","templated":true}]}}