{"id":6468,"date":"2022-05-07T17:32:24","date_gmt":"2022-05-07T17:32:24","guid":{"rendered":"https:\/\/multimediamenard.org\/?page_id=6468"},"modified":"2022-05-07T17:32:24","modified_gmt":"2022-05-07T17:32:24","slug":"abril-2022","status":"publish","type":"page","link":"https:\/\/multimediamenard.org\/fr\/abril-2022\/","title":{"rendered":"Avril 2022"},"content":{"rendered":"<div id=\"pl-6468\"  class=\"panel-layout\" ><div id=\"pg-6468-0\"  class=\"panel-grid panel-no-style\" ><div id=\"pgc-6468-0-0\"  class=\"panel-grid-cell panel-grid-cell-empty\" ><\/div><div id=\"pgc-6468-0-1\"  class=\"panel-grid-cell panel-grid-cell-mobile-last\" ><div id=\"panel-6468-0-1-0\" class=\"so-panel widget widget_sow-editor panel-first-child panel-last-child\" data-index=\"0\" ><div\n\t\t\t\n\t\t\tclass=\"so-widget-sow-editor so-widget-sow-editor-base\"\n\t\t\t\n\t\t>\n<div class=\"siteorigin-widget-tinymce textwidget\">\n\t<p><img fetchpriority=\"high\" fetchpriority=\"high\" decoding=\"async\" class=\"wp-image-6470 size-large aligncenter\" src=\"https:\/\/multimediamenard.org\/wp-content\/uploads\/2022\/05\/Abril-02-2022-1024x571.png\" alt=\"\" width=\"720\" height=\"401\" srcset=\"https:\/\/multimediamenard.org\/wp-content\/uploads\/2022\/05\/Abril-02-2022-1024x571.png 1024w, https:\/\/multimediamenard.org\/wp-content\/uploads\/2022\/05\/Abril-02-2022-300x167.png 300w, https:\/\/multimediamenard.org\/wp-content\/uploads\/2022\/05\/Abril-02-2022-768x428.png 768w, https:\/\/multimediamenard.org\/wp-content\/uploads\/2022\/05\/Abril-02-2022.png 1322w\" sizes=\"(max-width: 720px) 100vw, 720px\" \/><\/p>\n<p>&nbsp;<\/p>\n<h3><\/h3>\n<h3>FRAN\u00c7OIS: CHAQUE ABUS EST UNE BLESSURE OUVERTE DANS LE CORPS DU CHRIST<br \/>\nLe Pape Fran\u00e7ois a re\u00e7u 45 membres de la Commission pontificale pour la protection des mineurs, vendredi 29 avril, dans la salle du Consistoire du palais apostolique. Il a dessin\u00e9 les contours de la future mission de cette Commission int\u00e9gr\u00e9e \u00e0 la congr\u00e9gation pour la Doctrine de la foi, notamment avec l\u2019instauration d\u2019un rapport annuel et une collaboration plus \u00e9troite avec tous les autres dicast\u00e8res.<br \/>\n\u00ab Je vous remercie tous pour votre d\u00e9vouement au travail de protection des enfants, tant dans votre vie professionnelle qu'au service des fid\u00e8les. Les enfants et les personnes vuln\u00e9rables sont plus en s\u00e9curit\u00e9 dans l'\u00c9glise aujourd'hui, \u00e9galement gr\u00e2ce \u00e0 votre engagement \u00bb, a commenc\u00e9 par affirmer le Pape, rappelant que l'\u00c9glise ne doit pas seulement \u00eatre un lieu s\u00fbr pour les enfants et un lieu de gu\u00e9rison, mais aussi \u00ab pleinement responsable de la promotion de leurs droits dans le monde entier \u00bb.<\/h3>\n<h3><\/h3>\n<h3><\/h3>\n<h3><\/h3>\n<\/div>\n<\/div><\/div><\/div><div id=\"pgc-6468-0-2\"  class=\"panel-grid-cell panel-grid-cell-empty\" ><\/div><\/div><div id=\"pg-6468-1\"  class=\"panel-grid panel-no-style\" ><div id=\"pgc-6468-1-0\"  class=\"panel-grid-cell panel-grid-cell-empty\" ><\/div><div id=\"pgc-6468-1-1\"  class=\"panel-grid-cell panel-grid-cell-mobile-last\" ><div id=\"panel-6468-1-1-0\" class=\"so-panel widget widget_sow-accordion panel-first-child panel-last-child\" data-index=\"1\" ><div\n\t\t\t\n\t\t\tclass=\"so-widget-sow-accordion so-widget-sow-accordion-default-cb3cf13b6244-6468\"\n\t\t\t data-max-open-panels=\"0\" data-use-anchor-tags=\"false\" data-initial-scroll-panel=\"0\"\n\t\t><div>\n\t<div class=\"sow-accordion\">\n\t\t\t<div class=\"sow-accordion-panel\n\t\t\t\t\t\"\n\t\t\t\tdata-anchor-id=\"par-son-amour-dieu-transforme-les-souffrances\">\n\t\t\t\t\t<div class=\"sow-accordion-panel-header-container\" role=\"heading\" aria-level=\"2\">\n\t\t\t\t\t<div class=\"sow-accordion-panel-header\" tabindex=\"0\" role=\"button\" id=\"accordion-label-par-son-amour-dieu-transforme-les-souffrances\" aria-controls=\"accordion-content-par-son-amour-dieu-transforme-les-souffrances\" aria-expanded=\"false\">\n\t\t\t\t\t\t<div class=\"sow-accordion-title sow-accordion-title-icon-left\">\n\t\t\t\t\t\t\t\t\t\t\t\t\t\tPar son amour, Dieu transforme les souffrances\t\t\t\t\t\t\t\t\t\t\t\t\t<\/div>\n\t\t\t\t\t\t<div class=\"sow-accordion-open-close-button\">\n\t\t\t\t\t\t\t<div class=\"sow-accordion-open-button\">\n\t\t\t\t\t\t\t\t<span class=\"sow-icon-fontawesome sow-fas\" data-sow-icon=\"&#x2b;\"\n\t\t \n\t\taria-hidden=\"true\"><\/span>\t\t\t\t\t\t\t<\/div>\n\t\t\t\t\t\t\t<div class=\"sow-accordion-close-button\">\n\t\t\t\t\t\t\t\t<span class=\"sow-icon-fontawesome sow-fas\" data-sow-icon=\"&#xf068;\"\n\t\t \n\t\taria-hidden=\"true\"><\/span>\t\t\t\t\t\t\t<\/div>\n\t\t\t\t\t\t<\/div>\n\t\t\t\t\t<\/div>\n\t\t\t\t<\/div>\n\n\t\t\t<div\n\t\t\t\tclass=\"sow-accordion-panel-content\"\n\t\t\t\trole=\"region\"\n\t\t\t\taria-labelledby=\"accordion-label-par-son-amour-dieu-transforme-les-souffrances\"\n\t\t\t\tid=\"accordion-content-par-son-amour-dieu-transforme-les-souffrances\"\n\t\t\t\tstyle=\"display: none;\"\t\t\t>\n\t\t\t\t<div class=\"sow-accordion-panel-border\">\n\t\t\t\t\t<p><\/p>\n<h3>En effet, les situations dans lesquelles la dignit\u00e9 des enfants est menac\u00e9e ne manquent malheureusement pas, et cela devrait pr\u00e9occuper tous les fid\u00e8les et toutes les personnes de bonne volont\u00e9, a dit le Pape, mentionnant les cas de maltraitance.<br \/>\n\u00ab Le chemin de la gu\u00e9rison est long et difficile, il exige une esp\u00e9rance bien fond\u00e9e, une esp\u00e9rance en Celui qui est all\u00e9 jusqu'\u00e0 la croix et au-del\u00e0 de la croix. J\u00e9sus ressuscit\u00e9 a port\u00e9, et porte \u00e0 jamais, les cicatrices de sa crucifixion dans son corps glorifi\u00e9. Ces plaies nous disent que Dieu nous sauve non pas en \"sautant\" nos souffrances, mais \u00e0 travers nos souffrances, en les transformant par la puissance de son amour \u00bb, a expliqu\u00e9 l\u2019\u00e9v\u00eaque de Rome, r\u00e9it\u00e9rant combien les abus, sous toutes leurs formes, sont inacceptables.<\/h3>\n<h3><\/p>\t\t\t\t<\/div>\n\t\t\t<\/div>\n\t\t<\/div>\n\t\t\t<div class=\"sow-accordion-panel\n\t\t\t\t\t\"\n\t\t\t\tdata-anchor-id=\"une-maltraitance-indelebile\">\n\t\t\t\t\t<div class=\"sow-accordion-panel-header-container\" role=\"heading\" aria-level=\"2\">\n\t\t\t\t\t<div class=\"sow-accordion-panel-header\" tabindex=\"0\" role=\"button\" id=\"accordion-label-une-maltraitance-ind%c3%a9l%c3%a9bile\" aria-controls=\"accordion-content-une-maltraitance-ind%c3%a9l%c3%a9bile\" aria-expanded=\"false\">\n\t\t\t\t\t\t<div class=\"sow-accordion-title sow-accordion-title-icon-left\">\n\t\t\t\t\t\t\t\t\t\t\t\t\t\tUne maltraitance ind\u00e9l\u00e9bile\t\t\t\t\t\t\t\t\t\t\t\t\t<\/div>\n\t\t\t\t\t\t<div class=\"sow-accordion-open-close-button\">\n\t\t\t\t\t\t\t<div class=\"sow-accordion-open-button\">\n\t\t\t\t\t\t\t\t<span class=\"sow-icon-fontawesome sow-fas\" data-sow-icon=\"&#x2b;\"\n\t\t \n\t\taria-hidden=\"true\"><\/span>\t\t\t\t\t\t\t<\/div>\n\t\t\t\t\t\t\t<div class=\"sow-accordion-close-button\">\n\t\t\t\t\t\t\t\t<span class=\"sow-icon-fontawesome sow-fas\" data-sow-icon=\"&#xf068;\"\n\t\t \n\t\taria-hidden=\"true\"><\/span>\t\t\t\t\t\t\t<\/div>\n\t\t\t\t\t\t<\/div>\n\t\t\t\t\t<\/div>\n\t\t\t\t<\/div>\n\n\t\t\t<div\n\t\t\t\tclass=\"sow-accordion-panel-content\"\n\t\t\t\trole=\"region\"\n\t\t\t\taria-labelledby=\"accordion-label-une-maltraitance-ind%c3%a9l%c3%a9bile\"\n\t\t\t\tid=\"accordion-content-une-maltraitance-ind%c3%a9l%c3%a9bile\"\n\t\t\t\tstyle=\"display: none;\"\t\t\t>\n\t\t\t\t<div class=\"sow-accordion-panel-border\">\n\t\t\t\t\t<h3><\/h3>\n<h3>\u00ab Les abus sexuels sur les enfants sont particuli\u00e8rement graves, car ils portent atteinte \u00e0 la vie dans son \u00e9panouissement. Au lieu de s'\u00e9panouir, la personne maltrait\u00e9e est bless\u00e9e, parfois de mani\u00e8re ind\u00e9l\u00e9bile \u00bb, a-t-il fermement d\u00e9nonc\u00e9, citant l\u2019exemple d\u2019une lettre r\u00e9cemment re\u00e7ue d'un p\u00e8re dont le fils a \u00e9t\u00e9 victime d'abus. \u00ab \u00c0 cause de cela, il n'a pas pu quitter sa chambre pendant de nombreuses ann\u00e9es, portant au quotidien les cons\u00e9quences de ces abus, m\u00eame dans la famille. Les personnes maltrait\u00e9es se sentent parfois<br \/>\ncoinc\u00e9es entre la vie et la mort. Ce sont des r\u00e9alit\u00e9s que nous ne pouvons pas supprimer, aussi douloureuses soient-elles \u00bb, a soulign\u00e9 Fran\u00e7ois.<\/h3>\n<h3><\/p>\t\t\t\t<\/div>\n\t\t\t<\/div>\n\t\t<\/div>\n\t\t\t<div class=\"sow-accordion-panel\n\t\t\t\t\t\"\n\t\t\t\tdata-anchor-id=\"la-commission-a-lheure-de-praedicate-evangelium\">\n\t\t\t\t\t<div class=\"sow-accordion-panel-header-container\" role=\"heading\" aria-level=\"2\">\n\t\t\t\t\t<div class=\"sow-accordion-panel-header\" tabindex=\"0\" role=\"button\" id=\"accordion-label-la-commission-%c3%a0-lheure-de-praedicate-evangelium\" aria-controls=\"accordion-content-la-commission-%c3%a0-lheure-de-praedicate-evangelium\" aria-expanded=\"false\">\n\t\t\t\t\t\t<div class=\"sow-accordion-title sow-accordion-title-icon-left\">\n\t\t\t\t\t\t\t\t\t\t\t\t\t\tLa Commission \u00e0 l'heure de Praedicate Evangelium\t\t\t\t\t\t\t\t\t\t\t\t\t<\/div>\n\t\t\t\t\t\t<div class=\"sow-accordion-open-close-button\">\n\t\t\t\t\t\t\t<div class=\"sow-accordion-open-button\">\n\t\t\t\t\t\t\t\t<span class=\"sow-icon-fontawesome sow-fas\" data-sow-icon=\"&#x2b;\"\n\t\t \n\t\taria-hidden=\"true\"><\/span>\t\t\t\t\t\t\t<\/div>\n\t\t\t\t\t\t\t<div class=\"sow-accordion-close-button\">\n\t\t\t\t\t\t\t\t<span class=\"sow-icon-fontawesome sow-fas\" data-sow-icon=\"&#xf068;\"\n\t\t \n\t\taria-hidden=\"true\"><\/span>\t\t\t\t\t\t\t<\/div>\n\t\t\t\t\t\t<\/div>\n\t\t\t\t\t<\/div>\n\t\t\t\t<\/div>\n\n\t\t\t<div\n\t\t\t\tclass=\"sow-accordion-panel-content\"\n\t\t\t\trole=\"region\"\n\t\t\t\taria-labelledby=\"accordion-label-la-commission-%c3%a0-lheure-de-praedicate-evangelium\"\n\t\t\t\tid=\"accordion-content-la-commission-%c3%a0-lheure-de-praedicate-evangelium\"\n\t\t\t\tstyle=\"display: none;\"\t\t\t>\n\t\t\t\t<div class=\"sow-accordion-panel-border\">\n\t\t\t\t\t<h3><\/h3>\n<h3>Ainsi, le t\u00e9moignage des survivants repr\u00e9sente \u00ab une blessure ouverte dans le corps du Christ qu'est l\u2019\u00c9glise \u00bb. Le Pape exhorte donc la Commission \u00e0 travailler avec diligence et courage pour faire conna\u00eetre ces blessures, \u00e0 rechercher ceux qui en souffrent et \u00e0 reconna\u00eetre en ces personnes le t\u00e9moignage de notre Sauveur souffrant. \u00ab C\u2019est le chemin pour nous tous: \u00e9v\u00eaques, sup\u00e9rieurs religieux, pr\u00eatres, diacres, personnes consacr\u00e9es, cat\u00e9chistes, fid\u00e8les la\u00efcs. Chaque membre de l'\u00c9glise, selon son statut, est appel\u00e9 \u00e0 prendre la responsabilit\u00e9 de pr\u00e9venir les abus et d'oeuvrer pour la justice et la gu\u00e9rison \u00bb, a r\u00e9p\u00e9t\u00e9 le Saint-P\u00e8re, avant de d\u00e9velopper le futur r\u00f4le de la Commission par la constitution apostolique Praedicate Evangelium. Elle devient partie int\u00e9grante de la Curie romaine, au sein du dicast\u00e8re pour la Doctrine de la Foi. \u00ab Certaines personnes pourraient penser que ce placement pourrait compromettre votre libert\u00e9 de pens\u00e9e et d'action, ou peut-\u00eatre m\u00eame diminuer l'importance des questions qui vous pr\u00e9occupent. Ce n'est pas mon intention et ce n'est pas ce que j'attends. Et je vous invite \u00e0 \u00eatre vigilants pour que cela ne se produise pas \u00bb, a indiqu\u00e9 le Pape. Fran\u00e7ois a souhait\u00e9 insister sur \u00ab l\u2019ind\u00e9pendance \u00bb de la Commission, bien qu'int\u00e9gr\u00e9e \u00e0 l'organigramme de la Curie romaine et \u00e0 celui du Dicast\u00e8re, mais \u00ab ind\u00e9pendante, avec un pr\u00e9sident nomm\u00e9 par le Pape \u00bb.<\/h3>\n<h3><\/h3>\n<p>&nbsp;<\/p>\t\t\t\t<\/div>\n\t\t\t<\/div>\n\t\t<\/div>\n\t\t\t<div class=\"sow-accordion-panel\n\t\t\t\t\t\"\n\t\t\t\tdata-anchor-id=\"engagement-de-leglise-universelle-et-des-eglises-particulieres\">\n\t\t\t\t\t<div class=\"sow-accordion-panel-header-container\" role=\"heading\" aria-level=\"2\">\n\t\t\t\t\t<div class=\"sow-accordion-panel-header\" tabindex=\"0\" role=\"button\" id=\"accordion-label-engagement-de-l%c3%a9glise-universelle-et-des-%c3%a9glises-particuli%c3%a8res\" aria-controls=\"accordion-content-engagement-de-l%c3%a9glise-universelle-et-des-%c3%a9glises-particuli%c3%a8res\" aria-expanded=\"false\">\n\t\t\t\t\t\t<div class=\"sow-accordion-title sow-accordion-title-icon-left\">\n\t\t\t\t\t\t\t\t\t\t\t\t\t\tEngagement de l'\u00c9glise universelle et des \u00c9glises particuli\u00e8res\t\t\t\t\t\t\t\t\t\t\t\t\t<\/div>\n\t\t\t\t\t\t<div class=\"sow-accordion-open-close-button\">\n\t\t\t\t\t\t\t<div class=\"sow-accordion-open-button\">\n\t\t\t\t\t\t\t\t<span class=\"sow-icon-fontawesome sow-fas\" data-sow-icon=\"&#x2b;\"\n\t\t \n\t\taria-hidden=\"true\"><\/span>\t\t\t\t\t\t\t<\/div>\n\t\t\t\t\t\t\t<div class=\"sow-accordion-close-button\">\n\t\t\t\t\t\t\t\t<span class=\"sow-icon-fontawesome sow-fas\" data-sow-icon=\"&#xf068;\"\n\t\t \n\t\taria-hidden=\"true\"><\/span>\t\t\t\t\t\t\t<\/div>\n\t\t\t\t\t\t<\/div>\n\t\t\t\t\t<\/div>\n\t\t\t\t<\/div>\n\n\t\t\t<div\n\t\t\t\tclass=\"sow-accordion-panel-content\"\n\t\t\t\trole=\"region\"\n\t\t\t\taria-labelledby=\"accordion-label-engagement-de-l%c3%a9glise-universelle-et-des-%c3%a9glises-particuli%c3%a8res\"\n\t\t\t\tid=\"accordion-content-engagement-de-l%c3%a9glise-universelle-et-des-%c3%a9glises-particuli%c3%a8res\"\n\t\t\t\tstyle=\"display: none;\"\t\t\t>\n\t\t\t\t<div class=\"sow-accordion-panel-border\">\n\t\t\t\t\t<h3><\/h3>\n<h3>La Commission pour la protection des mineurs est \u00e9tablie au sein du dicast\u00e8re pour traiter des abus sexuels commis par des membres du clerg\u00e9. Et le Saint-P\u00e8re de souhaiter qu\u2019elle propose les meilleures m\u00e9thodes pour que l'\u00c9glise prot\u00e8ge les enfants et les personnes vuln\u00e9rables et aide les survivants \u00e0 gu\u00e9rir, en gardant \u00e0 l'esprit que la justice et la pr\u00e9vention sont compl\u00e9mentaires.<br \/>\n\u00ab Votre \u00e9troite collaboration avec le dicast\u00e8re pour la Doctrine de la Foi et les autres dicast\u00e8res devrait enrichir votre travail et, \u00e0 son tour, enrichir celui de la Curie et des \u00c9glises locales. Je laisse \u00e0 la Commission et au dicast\u00e8re le soin de trouver la mani\u00e8re la plus efficace de le faire. En travaillant ensemble, ils donnent une expression concr\u00e8te au devoir de l'\u00c9glise de prot\u00e9ger ceux qui lui sont confi\u00e9s. Ce devoir est fond\u00e9 sur la compr\u00e9hension de la personne humaine dans sa dignit\u00e9 intrins\u00e8que, avec une attention particuli\u00e8re pour les plus vuln\u00e9rables. L'engagement au niveau de l'\u00c9glise universelle et des \u00c9glises particuli\u00e8res met en oeuvre le plan de protection, de gu\u00e9rison et de justice, selon leurs comp\u00e9tences respectives \u00bb, a-t-il d\u00e9clar\u00e9.<\/h3>\n<h3><\/h3>\t\t\t\t<\/div>\n\t\t\t<\/div>\n\t\t<\/div>\n\t\t\t<div class=\"sow-accordion-panel\n\t\t\t\t\t\"\n\t\t\t\tdata-anchor-id=\"un-rapport-annuel-remis-au-pape-annual-report-to-the-pope\">\n\t\t\t\t\t<div class=\"sow-accordion-panel-header-container\" role=\"heading\" aria-level=\"2\">\n\t\t\t\t\t<div class=\"sow-accordion-panel-header\" tabindex=\"0\" role=\"button\" id=\"accordion-label-un-rapport-annuel-remis-au-pape-annual-report-to-the-pope\" aria-controls=\"accordion-content-un-rapport-annuel-remis-au-pape-annual-report-to-the-pope\" aria-expanded=\"false\">\n\t\t\t\t\t\t<div class=\"sow-accordion-title sow-accordion-title-icon-left\">\n\t\t\t\t\t\t\t\t\t\t\t\t\t\tUn rapport annuel remis au Pape [:Annual report to the Pope]\t\t\t\t\t\t\t\t\t\t\t\t\t<\/div>\n\t\t\t\t\t\t<div class=\"sow-accordion-open-close-button\">\n\t\t\t\t\t\t\t<div class=\"sow-accordion-open-button\">\n\t\t\t\t\t\t\t\t<span class=\"sow-icon-fontawesome sow-fas\" data-sow-icon=\"&#x2b;\"\n\t\t \n\t\taria-hidden=\"true\"><\/span>\t\t\t\t\t\t\t<\/div>\n\t\t\t\t\t\t\t<div class=\"sow-accordion-close-button\">\n\t\t\t\t\t\t\t\t<span class=\"sow-icon-fontawesome sow-fas\" data-sow-icon=\"&#xf068;\"\n\t\t \n\t\taria-hidden=\"true\"><\/span>\t\t\t\t\t\t\t<\/div>\n\t\t\t\t\t\t<\/div>\n\t\t\t\t\t<\/div>\n\t\t\t\t<\/div>\n\n\t\t\t<div\n\t\t\t\tclass=\"sow-accordion-panel-content\"\n\t\t\t\trole=\"region\"\n\t\t\t\taria-labelledby=\"accordion-label-un-rapport-annuel-remis-au-pape-annual-report-to-the-pope\"\n\t\t\t\tid=\"accordion-content-un-rapport-annuel-remis-au-pape-annual-report-to-the-pope\"\n\t\t\t\tstyle=\"display: none;\"\t\t\t>\n\t\t\t\t<div class=\"sow-accordion-panel-border\">\n\t\t\t\t\t<h3><\/h3>\n<h3>Les graines qui ont \u00e9t\u00e9 sem\u00e9es commencent \u00e0 porter de bons fruits, a-t-il aussi remarqu\u00e9. En effet, L'incidence des abus commis sur des enfants par des membres du clerg\u00e9 est en baisse depuis plusieurs ann\u00e9es dans les r\u00e9gions du monde o\u00f9 des donn\u00e9es et des ressources fiables sont disponibles, poursuit-il, souhaitant la mise en place d\u2019un rapport annuel sur les efforts d\u00e9ploy\u00e9s par l'\u00c9glise pour prot\u00e9ger les enfants et les adultes vuln\u00e9rables. \u00ab Cela peut \u00eatre difficile au d\u00e9but, mais je vous demande de commencer l\u00e0 o\u00f9 c'est n\u00e9cessaire, afin que nous puissions fournir un rapport fiable sur ce qui se passe et ce qui doit changer, pour que les autorit\u00e9s comp\u00e9tentes puissent agir \u00bb. Un tel rapport sera un facteur de transparence et de responsabilit\u00e9 et donnera une indication claire de nos progr\u00e8s dans cette entreprise, a esp\u00e9r\u00e9 Fran\u00e7ois, pr\u00e9venant: \u00ab Si aucun progr\u00e8s n'est r\u00e9alis\u00e9, les fid\u00e8les continueront \u00e0 perdre confiance en leurs pasteurs, ce qui rendra de plus en plus difficile la proclamation et le t\u00e9moignage de l\u2019\u00c9vangile \u00bb.<br \/>\nTr\u00e8s concr\u00e8tement, le Pape demande aussi \u00e0 la Commission d'aider les conf\u00e9rences \u00e9piscopales \u00e0 cr\u00e9er des centres sp\u00e9ciaux o\u00f9 les personnes victimes d'abus et leurs familles pourront trouver un accueil et une \u00e9coute, et o\u00f9 elles pourront \u00eatre accompagn\u00e9es sur un chemin de gu\u00e9rison et de justice, comme l\u2019indique-le motu proprio Vos estis lux mundi (cf. art. 2). \u00ab Cet engagement sera aussi l'expression de la nature synodale de l'\u00c9glise, de la communion, de la subsidiarit\u00e9 \u00bb, a-t-il conclu, confiant ne jamais oublier la r\u00e9union organis\u00e9e en f\u00e9vrier 2019, il y a trois ans au Vatican, avec les pr\u00e9sidents des \u00e9piscopats du monde entier.<\/h3>\n<h3><\/h3>\t\t\t\t<\/div>\n\t\t\t<\/div>\n\t\t<\/div>\n\t\t<\/div>\n<\/div>\n<\/div><\/div><\/div><div id=\"pgc-6468-1-2\"  class=\"panel-grid-cell panel-grid-cell-empty\" ><\/div><\/div><\/div>","protected":false},"excerpt":{"rendered":"<p>&nbsp; FRAN\u00c7OIS: CHAQUE ABUS EST UNE BLESSURE OUVERTE DANS LE CORPS DU CHRIST Le Pape Fran\u00e7ois a re\u00e7u 45 membres de la Commission pontificale pour la protection des mineurs, vendredi 29 avril, dans la salle du Consistoire du palais apostolique. Il a dessin\u00e9 les contours de la future mission de cette Commission int\u00e9gr\u00e9e \u00e0 la [&hellip;]<\/p>\n","protected":false},"author":1,"featured_media":0,"parent":0,"menu_order":0,"comment_status":"closed","ping_status":"closed","template":"","meta":{"footnotes":""},"guten_post_layout_featured_media_urls":{"full":false,"thumbnail":false,"medium":false,"medium_large":false,"large":false,"1536x1536":false,"2048x2048":false,"guten_post_layout_landscape_large":false,"guten_post_layout_portrait_large":false,"guten_post_layout_square_large":false,"guten_post_layout_landscape":false,"guten_post_layout_portrait":false,"guten_post_layout_square":false,"post-thumbnail":false,"vantage-thumbnail-no-sidebar":false,"vantage-slide":false,"vantage-carousel":false,"vantage-grid-loop":false,"sow-carousel-default":false,"sow-post-carousel-overlay-theme":false},"rttpg_featured_image_url":null,"rttpg_author":{"display_name":"admin","author_link":"https:\/\/multimediamenard.org\/fr\/author\/admin\/"},"rttpg_comment":0,"rttpg_category":null,"rttpg_excerpt":"&nbsp; FRAN\u00c7OIS: CHAQUE ABUS EST UNE BLESSURE OUVERTE DANS LE CORPS DU CHRIST Le Pape Fran\u00e7ois a re\u00e7u 45 membres de la Commission pontificale pour la protection des mineurs, vendredi 29 avril, dans la salle du Consistoire du palais apostolique. Il a dessin\u00e9 les contours de la future mission de cette Commission int\u00e9gr\u00e9e \u00e0 la\u2026","_links":{"self":[{"href":"https:\/\/multimediamenard.org\/fr\/wp-json\/wp\/v2\/pages\/6468"}],"collection":[{"href":"https:\/\/multimediamenard.org\/fr\/wp-json\/wp\/v2\/pages"}],"about":[{"href":"https:\/\/multimediamenard.org\/fr\/wp-json\/wp\/v2\/types\/page"}],"author":[{"embeddable":true,"href":"https:\/\/multimediamenard.org\/fr\/wp-json\/wp\/v2\/users\/1"}],"replies":[{"embeddable":true,"href":"https:\/\/multimediamenard.org\/fr\/wp-json\/wp\/v2\/comments?post=6468"}],"version-history":[{"count":30,"href":"https:\/\/multimediamenard.org\/fr\/wp-json\/wp\/v2\/pages\/6468\/revisions"}],"predecessor-version":[{"id":6500,"href":"https:\/\/multimediamenard.org\/fr\/wp-json\/wp\/v2\/pages\/6468\/revisions\/6500"}],"wp:attachment":[{"href":"https:\/\/multimediamenard.org\/fr\/wp-json\/wp\/v2\/media?parent=6468"}],"curies":[{"name":"wp","href":"https:\/\/api.w.org\/{rel}","templated":true}]}}