{"id":6899,"date":"2024-04-30T14:17:33","date_gmt":"2024-04-30T14:17:33","guid":{"rendered":"https:\/\/multimediamenard.org\/?page_id=6899"},"modified":"2024-10-28T21:43:50","modified_gmt":"2024-10-28T21:43:50","slug":"les-ordination","status":"publish","type":"page","link":"https:\/\/multimediamenard.org\/fr\/les-ordination\/","title":{"rendered":"Les ordinations"},"content":{"rendered":"\t\t<div data-elementor-type=\"wp-page\" data-elementor-id=\"6899\" class=\"elementor elementor-6899\" data-elementor-post-type=\"page\">\n\t\t\t\t\t\t<section class=\"elementor-section elementor-top-section elementor-element elementor-element-4141938 elementor-section-boxed elementor-section-height-default elementor-section-height-default\" data-id=\"4141938\" data-element_type=\"section\">\n\t\t\t\t\t\t<div class=\"elementor-container elementor-column-gap-default\">\n\t\t\t\t\t<div class=\"elementor-column elementor-col-100 elementor-top-column elementor-element elementor-element-5dde047\" data-id=\"5dde047\" data-element_type=\"column\">\n\t\t\t<div class=\"elementor-widget-wrap elementor-element-populated\">\n\t\t\t\t\t\t<div class=\"elementor-element elementor-element-cba6d79 elementor-grid-4 elementor-posts--align-left elementor-grid-tablet-2 elementor-grid-mobile-1 elementor-posts--thumbnail-top elementor-widget elementor-widget-posts\" data-id=\"cba6d79\" data-element_type=\"widget\" data-settings=\"{&quot;classic_columns&quot;:&quot;4&quot;,&quot;classic_columns_tablet&quot;:&quot;2&quot;,&quot;classic_columns_mobile&quot;:&quot;1&quot;,&quot;classic_row_gap&quot;:{&quot;unit&quot;:&quot;px&quot;,&quot;size&quot;:35,&quot;sizes&quot;:[]},&quot;classic_row_gap_tablet&quot;:{&quot;unit&quot;:&quot;px&quot;,&quot;size&quot;:&quot;&quot;,&quot;sizes&quot;:[]},&quot;classic_row_gap_mobile&quot;:{&quot;unit&quot;:&quot;px&quot;,&quot;size&quot;:&quot;&quot;,&quot;sizes&quot;:[]}}\" data-widget_type=\"posts.classic\">\n\t\t\t\t<div class=\"elementor-widget-container\">\n\t\t\t\t\t\t\t<div class=\"elementor-posts-container elementor-posts elementor-posts--skin-classic elementor-grid\">\n\t\t\t\t<article class=\"elementor-post elementor-grid-item post-7347 post type-post status-publish format-standard has-post-thumbnail hentry category-noticias category-ordenaciones post-with-thumbnail post-with-thumbnail-large\">\n\t\t\t\t<a class=\"elementor-post__thumbnail__link\" href=\"https:\/\/multimediamenard.org\/fr\/ordenacion-diaconal-del-hermano-sebastien-merveil-kadiata-ilunga-msa\/\" tabindex=\"-1\" >\n\t\t\t<div class=\"elementor-post__thumbnail\"><img fetchpriority=\"high\" decoding=\"async\" width=\"300\" height=\"179\" src=\"https:\/\/multimediamenard.org\/wp-content\/uploads\/2024\/09\/Sebastien-et-Mgr-Alain-Faubert-copia-300x179.jpg\" class=\"attachment-medium size-medium wp-image-7323\" alt=\"\" srcset=\"https:\/\/multimediamenard.org\/wp-content\/uploads\/2024\/09\/Sebastien-et-Mgr-Alain-Faubert-copia-300x179.jpg 300w, https:\/\/multimediamenard.org\/wp-content\/uploads\/2024\/09\/Sebastien-et-Mgr-Alain-Faubert-copia-1024x612.jpg 1024w, https:\/\/multimediamenard.org\/wp-content\/uploads\/2024\/09\/Sebastien-et-Mgr-Alain-Faubert-copia-768x459.jpg 768w, https:\/\/multimediamenard.org\/wp-content\/uploads\/2024\/09\/Sebastien-et-Mgr-Alain-Faubert-copia.jpg 1193w\" sizes=\"(max-width: 300px) 100vw, 300px\" \/><\/div>\n\t\t<\/a>\n\t\t\t\t<div class=\"elementor-post__text\">\n\t\t\t\t<h3 class=\"elementor-post__title\">\n\t\t\t<a href=\"https:\/\/multimediamenard.org\/fr\/ordenacion-diaconal-del-hermano-sebastien-merveil-kadiata-ilunga-msa\/\" >\n\t\t\t\tOrdination diaconale du Fr\u00e8re Sebastien Merveil Kadiata Ilunga, msa.\t\t\t<\/a>\n\t\t<\/h3>\n\t\t\t\t<div class=\"elementor-post__meta-data\">\n\t\t\t\t\t<span class=\"elementor-post-date\">\n\t\t\tvendredi 30 ao\u00fbt 2024\t\t<\/span>\n\t\t\t\t<span class=\"elementor-post-avatar\">\n\t\t\tAucun commentaire\t\t<\/span>\n\t\t\t\t<\/div>\n\t\t\t\t<div class=\"elementor-post__excerpt\">\n\t\t\t<p>Vid\u00e9o de la messe d&rsquo;ordination<\/p>\n\t\t<\/div>\n\t\t\n\t\t<a class=\"elementor-post__read-more\" href=\"https:\/\/multimediamenard.org\/fr\/ordenacion-diaconal-del-hermano-sebastien-merveil-kadiata-ilunga-msa\/\" aria-label=\"Read more about Ordination diaconale du Fr\u00e8re Sebastien Merveil Kadiata Ilunga, msa.\" tabindex=\"-1\" >\n\t\t\tRead More \u00bb\t\t<\/a>\n\n\t\t\t\t<\/div>\n\t\t\t\t<\/article>\n\t\t\t\t<article class=\"elementor-post elementor-grid-item post-7432 post type-post status-publish format-standard has-post-thumbnail hentry category-comunidad-local-de-indonesia category-ordenaciones post-with-thumbnail post-with-thumbnail-large\">\n\t\t\t\t<a class=\"elementor-post__thumbnail__link\" href=\"https:\/\/multimediamenard.org\/fr\/ordenacion-sacerdotal-de-los-diaconos-raymond-andreas-y-patricius-msa\/\" tabindex=\"-1\" >\n\t\t\t<div class=\"elementor-post__thumbnail\"><img decoding=\"async\" width=\"300\" height=\"200\" src=\"https:\/\/multimediamenard.org\/wp-content\/uploads\/2024\/09\/Todos-despues-de-la-ordenacion-300x200.jpg\" class=\"attachment-medium size-medium wp-image-7423\" alt=\"\" srcset=\"https:\/\/multimediamenard.org\/wp-content\/uploads\/2024\/09\/Todos-despues-de-la-ordenacion-300x200.jpg 300w, https:\/\/multimediamenard.org\/wp-content\/uploads\/2024\/09\/Todos-despues-de-la-ordenacion-1024x683.jpg 1024w, https:\/\/multimediamenard.org\/wp-content\/uploads\/2024\/09\/Todos-despues-de-la-ordenacion-768x512.jpg 768w, https:\/\/multimediamenard.org\/wp-content\/uploads\/2024\/09\/Todos-despues-de-la-ordenacion-1536x1024.jpg 1536w, https:\/\/multimediamenard.org\/wp-content\/uploads\/2024\/09\/Todos-despues-de-la-ordenacion-2048x1365.jpg 2048w, https:\/\/multimediamenard.org\/wp-content\/uploads\/2024\/09\/Todos-despues-de-la-ordenacion-1200x800.jpg 1200w, https:\/\/multimediamenard.org\/wp-content\/uploads\/2024\/09\/Todos-despues-de-la-ordenacion-600x400.jpg 600w, https:\/\/multimediamenard.org\/wp-content\/uploads\/2024\/09\/Todos-despues-de-la-ordenacion-272x182.jpg 272w\" sizes=\"(max-width: 300px) 100vw, 300px\" \/><\/div>\n\t\t<\/a>\n\t\t\t\t<div class=\"elementor-post__text\">\n\t\t\t\t<h3 class=\"elementor-post__title\">\n\t\t\t<a href=\"https:\/\/multimediamenard.org\/fr\/ordenacion-sacerdotal-de-los-diaconos-raymond-andreas-y-patricius-msa\/\" >\n\t\t\t\tOrdination sacerdotale des diacres Raymond, Andreas et Patricius, msa\t\t\t<\/a>\n\t\t<\/h3>\n\t\t\t\t<div class=\"elementor-post__meta-data\">\n\t\t\t\t\t<span class=\"elementor-post-date\">\n\t\t\tlundi  1 juillet 2024\t\t<\/span>\n\t\t\t\t<span class=\"elementor-post-avatar\">\n\t\t\tAucun commentaire\t\t<\/span>\n\t\t\t\t<\/div>\n\t\t\t\t<div class=\"elementor-post__excerpt\">\n\t\t\t<p>https:\/\/youtu.be\/d3XibEb6n0I?si=rVnCdisud2WAzL5T<\/p>\n\t\t<\/div>\n\t\t\n\t\t<a class=\"elementor-post__read-more\" href=\"https:\/\/multimediamenard.org\/fr\/ordenacion-sacerdotal-de-los-diaconos-raymond-andreas-y-patricius-msa\/\" aria-label=\"Read more about Ordination sacerdotale des diacres Raymond, Andreas et Patricius, msa\" tabindex=\"-1\" >\n\t\t\tRead More \u00bb\t\t<\/a>\n\n\t\t\t\t<\/div>\n\t\t\t\t<\/article>\n\t\t\t\t<article class=\"elementor-post elementor-grid-item post-7430 post type-post status-publish format-standard has-post-thumbnail hentry category-comunidad-local-san-mateo-r-d-congo category-ordenaciones category-republica-democratica-del-congo post-with-thumbnail post-with-thumbnail-large\">\n\t\t\t\t<a class=\"elementor-post__thumbnail__link\" href=\"https:\/\/multimediamenard.org\/fr\/ordenacion-diaconal-del-hermano-emmanuel-lola-mundele-msa\/\" tabindex=\"-1\" >\n\t\t\t<div class=\"elementor-post__thumbnail\"><img decoding=\"async\" width=\"300\" height=\"200\" src=\"https:\/\/multimediamenard.org\/wp-content\/uploads\/2024\/09\/Imposicion-de-las-manos-del-obispo-300x200.jpg\" class=\"attachment-medium size-medium wp-image-7374\" alt=\"\" srcset=\"https:\/\/multimediamenard.org\/wp-content\/uploads\/2024\/09\/Imposicion-de-las-manos-del-obispo-300x200.jpg 300w, https:\/\/multimediamenard.org\/wp-content\/uploads\/2024\/09\/Imposicion-de-las-manos-del-obispo-1024x682.jpg 1024w, https:\/\/multimediamenard.org\/wp-content\/uploads\/2024\/09\/Imposicion-de-las-manos-del-obispo-768x512.jpg 768w, https:\/\/multimediamenard.org\/wp-content\/uploads\/2024\/09\/Imposicion-de-las-manos-del-obispo-1536x1023.jpg 1536w, https:\/\/multimediamenard.org\/wp-content\/uploads\/2024\/09\/Imposicion-de-las-manos-del-obispo-1200x800.jpg 1200w, https:\/\/multimediamenard.org\/wp-content\/uploads\/2024\/09\/Imposicion-de-las-manos-del-obispo-600x400.jpg 600w, https:\/\/multimediamenard.org\/wp-content\/uploads\/2024\/09\/Imposicion-de-las-manos-del-obispo-272x182.jpg 272w, https:\/\/multimediamenard.org\/wp-content\/uploads\/2024\/09\/Imposicion-de-las-manos-del-obispo.jpg 1600w\" sizes=\"(max-width: 300px) 100vw, 300px\" \/><\/div>\n\t\t<\/a>\n\t\t\t\t<div class=\"elementor-post__text\">\n\t\t\t\t<h3 class=\"elementor-post__title\">\n\t\t\t<a href=\"https:\/\/multimediamenard.org\/fr\/ordenacion-diaconal-del-hermano-emmanuel-lola-mundele-msa\/\" >\n\t\t\t\tOrdination diaconale du fr\u00e8re Emmanuel Lola Mundele, msa.\t\t\t<\/a>\n\t\t<\/h3>\n\t\t\t\t<div class=\"elementor-post__meta-data\">\n\t\t\t\t\t<span class=\"elementor-post-date\">\n\t\t\tsamedi 29 juin 2024\t\t<\/span>\n\t\t\t\t<span class=\"elementor-post-avatar\">\n\t\t\tAucun commentaire\t\t<\/span>\n\t\t\t\t<\/div>\n\t\t\t\t<div class=\"elementor-post__excerpt\">\n\t\t\t<p>Le 29 juin 2024, le fr\u00e8re Emmanuel Lola Mundele, msa, a \u00e9t\u00e9 ordonn\u00e9 diacre. Avec l&rsquo;imposition des mains de Mgr<\/p>\n\t\t<\/div>\n\t\t\n\t\t<a class=\"elementor-post__read-more\" href=\"https:\/\/multimediamenard.org\/fr\/ordenacion-diaconal-del-hermano-emmanuel-lola-mundele-msa\/\" aria-label=\"Read more about Ordination diaconale du fr\u00e8re Emmanuel Lola Mundele, msa.\" tabindex=\"-1\" >\n\t\t\tRead More \u00bb\t\t<\/a>\n\n\t\t\t\t<\/div>\n\t\t\t\t<\/article>\n\t\t\t\t<article class=\"elementor-post elementor-grid-item post-7115 post type-post status-publish format-standard hentry category-ordenaciones\">\n\t\t\t\t<div class=\"elementor-post__text\">\n\t\t\t\t<h3 class=\"elementor-post__title\">\n\t\t\t<a href=\"https:\/\/multimediamenard.org\/fr\/ordinacion-sacerdotal-del-diacono-daniel-valente-y-ho-huu-hieu-msa\/\" >\n\t\t\t\tOrdination Presbyterale du diacre Daniel Valente MSA et de Ho Huu Hieu MSA\t\t\t<\/a>\n\t\t<\/h3>\n\t\t\t\t<div class=\"elementor-post__meta-data\">\n\t\t\t\t\t<span class=\"elementor-post-date\">\n\t\t\tsamedi 11 mai 2024\t\t<\/span>\n\t\t\t\t<span class=\"elementor-post-avatar\">\n\t\t\tAucun commentaire\t\t<\/span>\n\t\t\t\t<\/div>\n\t\t\t\t<div class=\"elementor-post__excerpt\">\n\t\t\t<p>Toutes les photos et vid\u00e9os de l&rsquo;ordination sacerdotale du P\u00e8re Daniel Valente MSA et du P\u00e8re Ho Huu Hieu MSA<\/p>\n\t\t<\/div>\n\t\t\n\t\t<a class=\"elementor-post__read-more\" href=\"https:\/\/multimediamenard.org\/fr\/ordinacion-sacerdotal-del-diacono-daniel-valente-y-ho-huu-hieu-msa\/\" aria-label=\"Read more about Ordination Presbyterale du diacre Daniel Valente MSA et de Ho Huu Hieu MSA\" tabindex=\"-1\" >\n\t\t\tRead More \u00bb\t\t<\/a>\n\n\t\t\t\t<\/div>\n\t\t\t\t<\/article>\n\t\t\t\t<\/div>\n\t\t\n\t\t\t\t\t\t<\/div>\n\t\t\t\t<\/div>\n\t\t\t\t\t<\/div>\n\t\t<\/div>\n\t\t\t\t\t<\/div>\n\t\t<\/section>\n\t\t\t\t<\/div>\n\t\t","protected":false},"excerpt":{"rendered":"","protected":false},"author":1,"featured_media":0,"parent":0,"menu_order":0,"comment_status":"closed","ping_status":"closed","template":"","meta":{"footnotes":""},"guten_post_layout_featured_media_urls":{"full":false,"thumbnail":false,"medium":false,"medium_large":false,"large":false,"1536x1536":false,"2048x2048":false,"guten_post_layout_landscape_large":false,"guten_post_layout_portrait_large":false,"guten_post_layout_square_large":false,"guten_post_layout_landscape":false,"guten_post_layout_portrait":false,"guten_post_layout_square":false,"post-thumbnail":false,"vantage-thumbnail-no-sidebar":false,"vantage-slide":false,"vantage-carousel":false,"vantage-grid-loop":false,"sow-carousel-default":false,"sow-post-carousel-overlay-theme":false},"rttpg_featured_image_url":null,"rttpg_author":{"display_name":"admin","author_link":"https:\/\/multimediamenard.org\/fr\/author\/admin\/"},"rttpg_comment":0,"rttpg_category":"","rttpg_excerpt":null,"_links":{"self":[{"href":"https:\/\/multimediamenard.org\/fr\/wp-json\/wp\/v2\/pages\/6899"}],"collection":[{"href":"https:\/\/multimediamenard.org\/fr\/wp-json\/wp\/v2\/pages"}],"about":[{"href":"https:\/\/multimediamenard.org\/fr\/wp-json\/wp\/v2\/types\/page"}],"author":[{"embeddable":true,"href":"https:\/\/multimediamenard.org\/fr\/wp-json\/wp\/v2\/users\/1"}],"replies":[{"embeddable":true,"href":"https:\/\/multimediamenard.org\/fr\/wp-json\/wp\/v2\/comments?post=6899"}],"version-history":[{"count":31,"href":"https:\/\/multimediamenard.org\/fr\/wp-json\/wp\/v2\/pages\/6899\/revisions"}],"predecessor-version":[{"id":7487,"href":"https:\/\/multimediamenard.org\/fr\/wp-json\/wp\/v2\/pages\/6899\/revisions\/7487"}],"wp:attachment":[{"href":"https:\/\/multimediamenard.org\/fr\/wp-json\/wp\/v2\/media?parent=6899"}],"curies":[{"name":"wp","href":"https:\/\/api.w.org\/{rel}","templated":true}]}}