{"id":79,"date":"2018-06-02T02:29:19","date_gmt":"2018-06-02T02:29:19","guid":{"rendered":"https:\/\/multimediamenard.org\/?page_id=79"},"modified":"2018-09-20T18:21:46","modified_gmt":"2018-09-20T18:21:46","slug":"historia","status":"publish","type":"page","link":"https:\/\/multimediamenard.org\/fr\/historia\/","title":{"rendered":"Histoire"},"content":{"rendered":"<p><\/p>\n<table style=\"border-collapse: collapse; width: 100%;\" border=\"1\">\n<tbody>\n<tr>\n<td style=\"width: 30.152%;\"><img fetchpriority=\"high\" decoding=\"async\" class=\"aligncenter wp-image-453\" src=\"https:\/\/multimediamenard.org\/wp-content\/uploads\/2018\/06\/H_PADRE-MENARD-300x159.jpg\" alt=\"\" width=\"364\" height=\"193\" srcset=\"https:\/\/multimediamenard.org\/wp-content\/uploads\/2018\/06\/H_PADRE-MENARD-300x159.jpg 300w, https:\/\/multimediamenard.org\/wp-content\/uploads\/2018\/06\/H_PADRE-MENARD.jpg 503w\" sizes=\"(max-width: 364px) 100vw, 364px\" \/><\/td>\n<td style=\"width: 56.979%;\"><\/td>\n<td style=\"width: 14.6746%;\"><img decoding=\"async\" class=\"wp-image-464 aligncenter\" src=\"https:\/\/multimediamenard.org\/wp-content\/uploads\/2018\/06\/H_HECTOR-DURAND.jpg\" alt=\"\" width=\"173\" height=\"233\" \/><\/td>\n<\/tr>\n<\/tbody>\n<\/table>\n<p style=\"text-align: center;\"><span style=\"font-family: tahoma, arial, helvetica, sans-serif; font-size: 18pt; color: #040424;\">La Soci\u00e9t\u00e9 de MSA a \u00e9t\u00e9 \u00e9rig\u00e9e le 15 ao\u00fbt 1995 \u00e0 Montr\u00e9al. Le Canada est le r\u00e9sultat de l&rsquo;union de la Soci\u00e9t\u00e9 des Saints-Ap\u00f4tres fond\u00e9e en 1950, avec la Soci\u00e9t\u00e9 des Missionnaires des Saints-Ap\u00f4tres, fond\u00e9e en 1962. Tous deux fond\u00e9e par P Eusebio Menard, OFM Nos travaux sont r\u00e9partis dans plusieurs pays du monde: Colombie, Canada, Venezuela, P\u00e9rou, Br\u00e9sil, Indon\u00e9sie, Vietnam, Cameroun, R.D. Congo et \u00c9tats-Unis. <\/span><\/p>\n<p>Anexo:<br \/>\n<span style=\"font-size: 14pt;\"><a href=\"https:\/\/multimediamenard.org\/wp-content\/uploads\/2018\/08\/Padre-Eusebio-E-M\u00e9nard-FRN.pdf\">1. Fondateur<\/a><\/span><br \/>\n<span style=\"font-size: 14pt;\"><a href=\"https:\/\/multimediamenard.org\/wp-content\/uploads\/2018\/06\/HISTORY-MISSIONARIES-OF-THE-HOLY-APOSTLES.pdf\">2. Co-fondateur<\/a><\/span><br \/>\n<span style=\"font-size: 14pt;\"><a href=\"https:\/\/multimediamenard.org\/wp-content\/uploads\/2018\/06\/Historiadate.pdf\">3. Histoire<\/a><\/span><\/p>","protected":false},"excerpt":{"rendered":"<p>La Soci\u00e9t\u00e9 de MSA a \u00e9t\u00e9 \u00e9rig\u00e9e le 15 ao\u00fbt 1995 \u00e0 Montr\u00e9al. Le Canada est le r\u00e9sultat de l&rsquo;union de la Soci\u00e9t\u00e9 des Saints-Ap\u00f4tres fond\u00e9e en 1950, avec la Soci\u00e9t\u00e9 des Missionnaires des Saints-Ap\u00f4tres, fond\u00e9e en 1962. Tous deux fond\u00e9e par P Eusebio Menard, OFM Nos travaux sont r\u00e9partis dans plusieurs pays du monde: [&hellip;]<\/p>\n","protected":false},"author":1,"featured_media":0,"parent":0,"menu_order":0,"comment_status":"closed","ping_status":"closed","template":"","meta":{"footnotes":""},"guten_post_layout_featured_media_urls":{"full":false,"thumbnail":false,"medium":false,"medium_large":false,"large":false,"1536x1536":false,"2048x2048":false,"guten_post_layout_landscape_large":false,"guten_post_layout_portrait_large":false,"guten_post_layout_square_large":false,"guten_post_layout_landscape":false,"guten_post_layout_portrait":false,"guten_post_layout_square":false,"post-thumbnail":false,"vantage-thumbnail-no-sidebar":false,"vantage-slide":false,"vantage-carousel":false,"vantage-grid-loop":false,"sow-carousel-default":false,"sow-post-carousel-overlay-theme":false},"rttpg_featured_image_url":null,"rttpg_author":{"display_name":"admin","author_link":"https:\/\/multimediamenard.org\/fr\/author\/admin\/"},"rttpg_comment":0,"rttpg_category":null,"rttpg_excerpt":"La Soci\u00e9t\u00e9 de MSA a \u00e9t\u00e9 \u00e9rig\u00e9e le 15 ao\u00fbt 1995 \u00e0 Montr\u00e9al. Le Canada est le r\u00e9sultat de l&rsquo;union de la Soci\u00e9t\u00e9 des Saints-Ap\u00f4tres fond\u00e9e en 1950, avec la Soci\u00e9t\u00e9 des Missionnaires des Saints-Ap\u00f4tres, fond\u00e9e en 1962. Tous deux fond\u00e9e par P Eusebio Menard, OFM Nos travaux sont r\u00e9partis dans plusieurs pays du monde:\u2026","_links":{"self":[{"href":"https:\/\/multimediamenard.org\/fr\/wp-json\/wp\/v2\/pages\/79"}],"collection":[{"href":"https:\/\/multimediamenard.org\/fr\/wp-json\/wp\/v2\/pages"}],"about":[{"href":"https:\/\/multimediamenard.org\/fr\/wp-json\/wp\/v2\/types\/page"}],"author":[{"embeddable":true,"href":"https:\/\/multimediamenard.org\/fr\/wp-json\/wp\/v2\/users\/1"}],"replies":[{"embeddable":true,"href":"https:\/\/multimediamenard.org\/fr\/wp-json\/wp\/v2\/comments?post=79"}],"version-history":[{"count":77,"href":"https:\/\/multimediamenard.org\/fr\/wp-json\/wp\/v2\/pages\/79\/revisions"}],"predecessor-version":[{"id":1466,"href":"https:\/\/multimediamenard.org\/fr\/wp-json\/wp\/v2\/pages\/79\/revisions\/1466"}],"wp:attachment":[{"href":"https:\/\/multimediamenard.org\/fr\/wp-json\/wp\/v2\/media?parent=79"}],"curies":[{"name":"wp","href":"https:\/\/api.w.org\/{rel}","templated":true}]}}