{"id":82,"date":"2018-06-02T02:29:58","date_gmt":"2018-06-02T02:29:58","guid":{"rendered":"https:\/\/multimediamenard.org\/?page_id=82"},"modified":"2018-09-20T18:19:06","modified_gmt":"2018-09-20T18:19:06","slug":"espiritualidad","status":"publish","type":"page","link":"https:\/\/multimediamenard.org\/fr\/espiritualidad\/","title":{"rendered":"Spiritualit\u00e9"},"content":{"rendered":"<p><\/p>\n<table style=\"border-collapse: collapse; width: 100%;\" border=\"1\">\n<tbody>\n<tr>\n<td style=\"width: 23.8948%;\"><img fetchpriority=\"high\" decoding=\"async\" class=\"wp-image-499 alignleft\" src=\"https:\/\/multimediamenard.org\/wp-content\/uploads\/2018\/06\/ESP_immaculate-conception-224x300.jpg\" alt=\"\" width=\"209\" height=\"280\" srcset=\"https:\/\/multimediamenard.org\/wp-content\/uploads\/2018\/06\/ESP_immaculate-conception-224x300.jpg 224w, https:\/\/multimediamenard.org\/wp-content\/uploads\/2018\/06\/ESP_immaculate-conception.jpg 336w\" sizes=\"(max-width: 209px) 100vw, 209px\" \/><\/td>\n<td style=\"width: 50.8336%;\"><\/td>\n<td style=\"width: 27.0772%;\"><img decoding=\"async\" class=\"wp-image-505 size-medium alignright\" src=\"https:\/\/multimediamenard.org\/wp-content\/uploads\/2018\/06\/ESPIRITUALIDAD-2-234x300.jpg\" alt=\"\" width=\"234\" height=\"300\" srcset=\"https:\/\/multimediamenard.org\/wp-content\/uploads\/2018\/06\/ESPIRITUALIDAD-2-234x300.jpg 234w, https:\/\/multimediamenard.org\/wp-content\/uploads\/2018\/06\/ESPIRITUALIDAD-2-768x983.jpg 768w, https:\/\/multimediamenard.org\/wp-content\/uploads\/2018\/06\/ESPIRITUALIDAD-2.jpg 800w\" sizes=\"(max-width: 234px) 100vw, 234px\" \/><\/td>\n<\/tr>\n<\/tbody>\n<\/table>\n<p style=\"text-align: left;\"><span style=\"font-family: tahoma, arial, helvetica, sans-serif; font-size: 18pt; color: #040424;\"><span style=\"color: #ff0000;\">SPIRITUALIT\u00c9<\/span><\/span><\/p>\n<p style=\"text-align: left;\"><span style=\"font-family: tahoma, arial, helvetica, sans-serif; font-size: 18pt; color: #040424;\">Notre spiritualit\u00e9 prend sa source en J\u00e9sus. Nous le reconnaissons comme Fils de Dieu et sp\u00e9cialement comme : <strong>(Art. 5)<\/strong><br \/>\n<span style=\"color: #ff0000;\">\u221a Le PASTEUR<\/span> qui rassemble son peuple dans la grande famille des enfants de Dieu.<br \/>\n<span style=\"color: #ff0000;\">\u221a Le PROPH\u00c8TE<\/span> qui annonce le Royaume de Dieu et d\u00e9nonce le p\u00e9ch\u00e9 personnel et social.<br \/>\n<span style=\"color: #ff0000;\">\u221a Le PR\u00caTRE<\/span> qui r\u00e9concilie le monde avec son P\u00e8re et sanctifie l\u2019\u00c9glise.<br \/>\n<\/span><\/p>\n<p style=\"text-align: left;\"><span style=\"font-family: tahoma, arial, helvetica, sans-serif; font-size: 18pt; color: #040424;\">Elle est centr\u00e9e sur <span style=\"color: #ff0000;\">L\u2019EUCHARISTIE<\/span>, le <span style=\"color: #ff0000;\">SACERDOCE<\/span> et la <span style=\"color: #ff0000;\">PAROLE DE DIEU<\/span>.<\/span><\/p>\n<p style=\"text-align: left;\"><span style=\"font-family: tahoma, arial, helvetica, sans-serif; font-size: 18pt; color: #040424;\"><span style=\"color: #ff0000;\">\u221a\u00a0\u00a0<\/span>Nos mod\u00e8les et nos patrons sons les Ap\u00f4tres et la vierge Marie. <strong>(Art. 6).<\/strong><br \/>\n<span style=\"color: #ff0000;\">\u221a\u00a0\u00a0<\/span>Anim\u00e9s de cet esprit, nous t\u00e2chons d\u2019accomplir notre mission selon nos constitutions, dans une grande fid\u00e9lit\u00e9 \u00e0 l\u2019\u00c9glise et un attachement filial au Pape. <strong>(Art. 7)<\/strong><br \/>\n<span style=\"color: #ff0000;\">\u221a <\/span>Notre devise <span style=\"color: #ff0000;\">\u201cUNIS DANS LE SEIGNEUR J\u00c9SUS\u201d<\/span> manifeste notre d\u00e9sir de t\u00e9moigner que tous les humains sont appel\u00e9s \u00e0 \u00eatre des enfants du m\u00eame P\u00e8re et \u00e0 s\u2019aimer comme des fr\u00e8res et des s\u0153urs. <strong>(Art. 8)<\/strong><br \/>\n<\/span><\/p>\n<p><span style=\"font-family: georgia, palatino, serif; color: #000080; font-size: 14pt;\">Anexo:<\/span><\/p>\n<p><span style=\"font-family: georgia, palatino, serif; color: #000080; font-size: 14pt;\"><a href=\"https:\/\/multimediamenard.org\/wp-content\/uploads\/2018\/09\/ORACION-POR-LAS-VOCACIONES-MSA-EN-FRANCES-2018.png\" target=\"_blank\" rel=\"noopener\">1. PRI\u00c8RE POUR LES VOCATIONS<\/a><\/span><\/p>\n<p><span style=\"font-family: georgia, palatino, serif; color: #000080; font-size: 14pt;\"><a href=\"https:\/\/multimediamenard.org\/wp-content\/uploads\/2018\/09\/ORACION-PARA-OBTENER-UN-FAVOR-DEL-PADRE-MENARD-EN-FRANCES-2018.png\" target=\"_blank\" rel=\"noopener\">2. PRI\u00c8RE POUR OBTENIR UNE FAVEUR PAR L&rsquo;INTERCESSION DU P\u00c8RE MENARD<\/a><\/span><\/p>","protected":false},"excerpt":{"rendered":"<p>SPIRITUALIT\u00c9 Notre spiritualit\u00e9 prend sa source en J\u00e9sus. Nous le reconnaissons comme Fils de Dieu et sp\u00e9cialement comme : (Art. 5) \u221a Le PASTEUR qui rassemble son peuple dans la grande famille des enfants de Dieu. \u221a Le PROPH\u00c8TE qui annonce le Royaume de Dieu et d\u00e9nonce le p\u00e9ch\u00e9 personnel et social. \u221a Le PR\u00caTRE [&hellip;]<\/p>\n","protected":false},"author":1,"featured_media":0,"parent":0,"menu_order":0,"comment_status":"closed","ping_status":"closed","template":"","meta":{"footnotes":""},"guten_post_layout_featured_media_urls":{"full":false,"thumbnail":false,"medium":false,"medium_large":false,"large":false,"1536x1536":false,"2048x2048":false,"guten_post_layout_landscape_large":false,"guten_post_layout_portrait_large":false,"guten_post_layout_square_large":false,"guten_post_layout_landscape":false,"guten_post_layout_portrait":false,"guten_post_layout_square":false,"post-thumbnail":false,"vantage-thumbnail-no-sidebar":false,"vantage-slide":false,"vantage-carousel":false,"vantage-grid-loop":false,"sow-carousel-default":false,"sow-post-carousel-overlay-theme":false},"rttpg_featured_image_url":null,"rttpg_author":{"display_name":"admin","author_link":"https:\/\/multimediamenard.org\/fr\/author\/admin\/"},"rttpg_comment":0,"rttpg_category":null,"rttpg_excerpt":"SPIRITUALIT\u00c9 Notre spiritualit\u00e9 prend sa source en J\u00e9sus. Nous le reconnaissons comme Fils de Dieu et sp\u00e9cialement comme : (Art. 5) \u221a Le PASTEUR qui rassemble son peuple dans la grande famille des enfants de Dieu. \u221a Le PROPH\u00c8TE qui annonce le Royaume de Dieu et d\u00e9nonce le p\u00e9ch\u00e9 personnel et social. \u221a Le PR\u00caTRE\u2026","_links":{"self":[{"href":"https:\/\/multimediamenard.org\/fr\/wp-json\/wp\/v2\/pages\/82"}],"collection":[{"href":"https:\/\/multimediamenard.org\/fr\/wp-json\/wp\/v2\/pages"}],"about":[{"href":"https:\/\/multimediamenard.org\/fr\/wp-json\/wp\/v2\/types\/page"}],"author":[{"embeddable":true,"href":"https:\/\/multimediamenard.org\/fr\/wp-json\/wp\/v2\/users\/1"}],"replies":[{"embeddable":true,"href":"https:\/\/multimediamenard.org\/fr\/wp-json\/wp\/v2\/comments?post=82"}],"version-history":[{"count":75,"href":"https:\/\/multimediamenard.org\/fr\/wp-json\/wp\/v2\/pages\/82\/revisions"}],"predecessor-version":[{"id":1465,"href":"https:\/\/multimediamenard.org\/fr\/wp-json\/wp\/v2\/pages\/82\/revisions\/1465"}],"wp:attachment":[{"href":"https:\/\/multimediamenard.org\/fr\/wp-json\/wp\/v2\/media?parent=82"}],"curies":[{"name":"wp","href":"https:\/\/api.w.org\/{rel}","templated":true}]}}