{"id":85,"date":"2018-06-02T02:30:13","date_gmt":"2018-06-02T02:30:13","guid":{"rendered":"https:\/\/multimediamenard.org\/?page_id=85"},"modified":"2019-04-03T15:35:59","modified_gmt":"2019-04-03T15:35:59","slug":"carisma","status":"publish","type":"page","link":"https:\/\/multimediamenard.org\/fr\/carisma\/","title":{"rendered":"Charisme"},"content":{"rendered":"<p><\/p>\n<table style=\"border-collapse: collapse; width: 100%;\" border=\"1\">\n<tbody>\n<tr>\n<td style=\"width: 23.5312%;\"><img fetchpriority=\"high\" decoding=\"async\" class=\"wp-image-558 size-medium alignleft\" src=\"https:\/\/multimediamenard.org\/wp-content\/uploads\/2018\/06\/CARISMA-MSA-209x300.png\" alt=\"\" width=\"209\" height=\"300\" srcset=\"https:\/\/multimediamenard.org\/wp-content\/uploads\/2018\/06\/CARISMA-MSA-209x300.png 209w, https:\/\/multimediamenard.org\/wp-content\/uploads\/2018\/06\/CARISMA-MSA-768x1102.png 768w, https:\/\/multimediamenard.org\/wp-content\/uploads\/2018\/06\/CARISMA-MSA-714x1024.png 714w, https:\/\/multimediamenard.org\/wp-content\/uploads\/2018\/06\/CARISMA-MSA.png 1193w\" sizes=\"(max-width: 209px) 100vw, 209px\" \/><\/td>\n<td style=\"width: 55.7753%;\"><\/td>\n<td style=\"width: 22.4991%;\"><img decoding=\"async\" class=\"wp-image-533 size-full alignright\" src=\"https:\/\/multimediamenard.org\/wp-content\/uploads\/2018\/06\/caris_achcas15.jpg\" alt=\"\" width=\"200\" height=\"233\"><\/td>\n<\/tr>\n<\/tbody>\n<\/table>\n<p><span style=\"color: #ff0000; font-size: 18pt; font-family: tahoma, arial, helvetica, sans-serif;\"><strong>CHARISME<\/strong><\/span><\/p>\n<p><span style=\"font-size: 18pt; font-family: tahoma, arial, helvetica, sans-serif;\"><span style=\"color: #000000;\">La Soci\u00e9t\u00e9 des Missionnaires des Saints-Ap\u00f4tres est une Soci\u00e9t\u00e9 de vie apostolique de droit pontifical compos\u00e9e de clercs et de fr\u00e8res qui participent au m\u00eame charisme. La vie fraternelle et la mission en sont les axes principaux. C\u2019est l\u2019Esprit Saint qui, par l\u2019interm\u00e9diaire du Fondateur, l\u2019a fait na\u00eetre au sein de l\u2019\u00c9glise dans le but de<\/span> <span style=\"color: #ff0000;\"><strong>PROMOUVOIR<\/strong><\/span>, <span style=\"color: #000000;\">de<\/span> <span style=\"color: #ff0000;\"><strong>FORMER <\/strong><\/span><span style=\"color: #000000;\">et<\/span> <span style=\"color: #ff0000;\"><strong>D\u2019ACCOMPAGNER <\/strong><\/span><span style=\"color: #000000;\">des jeunes et des adultes dans leur vocation au minist\u00e8re presbyt\u00e9ral et aux autres minist\u00e8res dans l\u2019\u00c9glise. <strong>(Art. 1)<\/strong><\/span><\/span><\/p>\n<p><span style=\"font-size: 18pt; font-family: tahoma, arial, helvetica, sans-serif; color: #000000;\">Nous nous engageons par une promesse de fid\u00e9lit\u00e9 \u00e0 vivre pleinement selon ce charisme. Cette promesse nous engage \u00e0 vivre les conseils \u00e9vang\u00e9liques de chastet\u00e9, de pauvret\u00e9 et d\u2019ob\u00e9issance dans la vie fraternelle. &nbsp;<strong>(Art. 2)<\/strong><\/span><\/p>\n<pre class=\" language-html\"><audio src=\"https:\/\/multimediamenard.org\/wp-content\/uploads\/2019\/04\/Gente_de_fe.mp3\" autoplay=\"\" loop=\"\">\nTu navegador no implementa el elemento audio.\n<\/audio><\/pre>\n<p><\/p>","protected":false},"excerpt":{"rendered":"<p>CHARISME La Soci\u00e9t\u00e9 des Missionnaires des Saints-Ap\u00f4tres est une Soci\u00e9t\u00e9 de vie apostolique de droit pontifical compos\u00e9e de clercs et de fr\u00e8res qui participent au m\u00eame charisme. La vie fraternelle et la mission en sont les axes principaux. C\u2019est l\u2019Esprit Saint qui, par l\u2019interm\u00e9diaire du Fondateur, l\u2019a fait na\u00eetre au sein de l\u2019\u00c9glise dans le [&hellip;]<\/p>\n","protected":false},"author":1,"featured_media":0,"parent":0,"menu_order":0,"comment_status":"closed","ping_status":"closed","template":"","meta":{"footnotes":""},"guten_post_layout_featured_media_urls":{"full":false,"thumbnail":false,"medium":false,"medium_large":false,"large":false,"1536x1536":false,"2048x2048":false,"guten_post_layout_landscape_large":false,"guten_post_layout_portrait_large":false,"guten_post_layout_square_large":false,"guten_post_layout_landscape":false,"guten_post_layout_portrait":false,"guten_post_layout_square":false,"post-thumbnail":false,"vantage-thumbnail-no-sidebar":false,"vantage-slide":false,"vantage-carousel":false,"vantage-grid-loop":false,"sow-carousel-default":false,"sow-post-carousel-overlay-theme":false},"rttpg_featured_image_url":null,"rttpg_author":{"display_name":"admin","author_link":"https:\/\/multimediamenard.org\/fr\/author\/admin\/"},"rttpg_comment":0,"rttpg_category":null,"rttpg_excerpt":"CHARISME La Soci\u00e9t\u00e9 des Missionnaires des Saints-Ap\u00f4tres est une Soci\u00e9t\u00e9 de vie apostolique de droit pontifical compos\u00e9e de clercs et de fr\u00e8res qui participent au m\u00eame charisme. La vie fraternelle et la mission en sont les axes principaux. C\u2019est l\u2019Esprit Saint qui, par l\u2019interm\u00e9diaire du Fondateur, l\u2019a fait na\u00eetre au sein de l\u2019\u00c9glise dans le\u2026","_links":{"self":[{"href":"https:\/\/multimediamenard.org\/fr\/wp-json\/wp\/v2\/pages\/85"}],"collection":[{"href":"https:\/\/multimediamenard.org\/fr\/wp-json\/wp\/v2\/pages"}],"about":[{"href":"https:\/\/multimediamenard.org\/fr\/wp-json\/wp\/v2\/types\/page"}],"author":[{"embeddable":true,"href":"https:\/\/multimediamenard.org\/fr\/wp-json\/wp\/v2\/users\/1"}],"replies":[{"embeddable":true,"href":"https:\/\/multimediamenard.org\/fr\/wp-json\/wp\/v2\/comments?post=85"}],"version-history":[{"count":64,"href":"https:\/\/multimediamenard.org\/fr\/wp-json\/wp\/v2\/pages\/85\/revisions"}],"predecessor-version":[{"id":1658,"href":"https:\/\/multimediamenard.org\/fr\/wp-json\/wp\/v2\/pages\/85\/revisions\/1658"}],"wp:attachment":[{"href":"https:\/\/multimediamenard.org\/fr\/wp-json\/wp\/v2\/media?parent=85"}],"curies":[{"name":"wp","href":"https:\/\/api.w.org\/{rel}","templated":true}]}}