{"id":88,"date":"2018-06-02T02:30:29","date_gmt":"2018-06-02T02:30:29","guid":{"rendered":"https:\/\/multimediamenard.org\/?page_id=88"},"modified":"2019-04-03T16:06:36","modified_gmt":"2019-04-03T16:06:36","slug":"mision","status":"publish","type":"page","link":"https:\/\/multimediamenard.org\/fr\/mision\/","title":{"rendered":"Mission"},"content":{"rendered":"<p><\/p>\n<table style=\"border-collapse: collapse; width: 100%;\" border=\"1\">\n<tbody>\n<tr>\n<td style=\"width: 134px;\"><img decoding=\"async\" class=\"wp-image-537 size-medium alignleft\" src=\"https:\/\/multimediamenard.org\/wp-content\/uploads\/2018\/06\/MISION-2-161x300.jpg\" alt=\"\" width=\"161\" height=\"300\" srcset=\"https:\/\/multimediamenard.org\/wp-content\/uploads\/2018\/06\/MISION-2-161x300.jpg 161w, https:\/\/multimediamenard.org\/wp-content\/uploads\/2018\/06\/MISION-2.jpg 330w\" sizes=\"(max-width: 161px) 100vw, 161px\" \/><\/td>\n<td style=\"width: 307px;\">\n<p><video src=\"https:\/\/multimediamenard.org\/wp-content\/uploads\/2019\/04\/Gente_de_fe_video.mp4\" autoplay=\"\" loop=\"\"><br \/>\n<\/video><\/td>\n<td style=\"width: 126px;\"><img fetchpriority=\"high\" decoding=\"async\" class=\"wp-image-538 size-medium alignright\" src=\"https:\/\/multimediamenard.org\/wp-content\/uploads\/2018\/06\/MISION-MSA-1-180x300.jpg\" alt=\"\" width=\"180\" height=\"300\" srcset=\"https:\/\/multimediamenard.org\/wp-content\/uploads\/2018\/06\/MISION-MSA-1-180x300.jpg 180w, https:\/\/multimediamenard.org\/wp-content\/uploads\/2018\/06\/MISION-MSA-1.jpg 355w\" sizes=\"(max-width: 180px) 100vw, 180px\" \/><\/td>\n<\/tr>\n<\/tbody>\n<\/table>\n<p><span style=\"color: #ff0000; font-family: tahoma, arial, helvetica, sans-serif; font-size: 18pt;\"><strong>MISSION<\/strong><\/span><\/p>\n<p><span style=\"font-family: tahoma, arial, helvetica, sans-serif; font-size: 18pt; color: #000000;\">Notre mission apostolique nous met au service de la mission de l\u2019\u00c9glise, particuli\u00e8rement dans les r\u00e9gions o\u00f9 se fait sentir le manque de pr\u00eatres et d\u2019ouvriers apostoliques pour assurer l\u2019\u00e9tablissement et la croissance du Royaume de Dieu. Cette dimension missionnaire fait partie int\u00e9grante de notre vocation dans la Soci\u00e9t\u00e9. <strong>(Art. 4)<\/strong><\/span><\/p>\n<p><span style=\"font-family: tahoma, arial, helvetica, sans-serif; font-size: 18pt; color: #000000;\"><strong>R\u00e9alisons notre mission en: (Art. 3)<\/strong><\/span><\/p>\n<ul>\n<li><span style=\"font-family: tahoma, arial, helvetica, sans-serif; font-size: 18pt; color: #000000;\">En \u00e9tablissant des centres pour la promotion, la formation et l\u2019accompagnement des vocations et en collaborant avec des institutions similaires.<\/span><\/li>\n<li><span style=\"font-family: tahoma, arial, helvetica, sans-serif; font-size: 18pt; color: #000000;\">En \u00e9tablissant des centres pour la proclamation de la parole de Dieu et \/ ou en y collaborant.<\/span><\/li>\n<li><span style=\"font-family: tahoma, arial, helvetica, sans-serif; font-size: 18pt; color: #000000;\">En prenant en charge des paroisses ou en y collaborant.<\/span><\/li>\n<li><span style=\"font-family: tahoma, arial, helvetica, sans-serif; font-size: 18pt; color: #000000;\">En travaillant \u00e0 toute autre mission apostolique conforme \u00e0 notre charisme.<\/span><\/li>\n<\/ul>\n<p>&nbsp;<\/p>\n<p>&nbsp;<\/p>\n<p>&nbsp;<\/p>","protected":false},"excerpt":{"rendered":"<p>MISSION Notre mission apostolique nous met au service de la mission de l\u2019\u00c9glise, particuli\u00e8rement dans les r\u00e9gions o\u00f9 se fait sentir le manque de pr\u00eatres et d\u2019ouvriers apostoliques pour assurer l\u2019\u00e9tablissement et la croissance du Royaume de Dieu. Cette dimension missionnaire fait partie int\u00e9grante de notre vocation dans la Soci\u00e9t\u00e9. (Art. 4) R\u00e9alisons notre mission [&hellip;]<\/p>\n","protected":false},"author":1,"featured_media":0,"parent":0,"menu_order":0,"comment_status":"closed","ping_status":"closed","template":"","meta":{"footnotes":""},"guten_post_layout_featured_media_urls":{"full":false,"thumbnail":false,"medium":false,"medium_large":false,"large":false,"1536x1536":false,"2048x2048":false,"guten_post_layout_landscape_large":false,"guten_post_layout_portrait_large":false,"guten_post_layout_square_large":false,"guten_post_layout_landscape":false,"guten_post_layout_portrait":false,"guten_post_layout_square":false,"post-thumbnail":false,"vantage-thumbnail-no-sidebar":false,"vantage-slide":false,"vantage-carousel":false,"vantage-grid-loop":false,"sow-carousel-default":false,"sow-post-carousel-overlay-theme":false},"rttpg_featured_image_url":null,"rttpg_author":{"display_name":"admin","author_link":"https:\/\/multimediamenard.org\/fr\/author\/admin\/"},"rttpg_comment":0,"rttpg_category":null,"rttpg_excerpt":"MISSION Notre mission apostolique nous met au service de la mission de l\u2019\u00c9glise, particuli\u00e8rement dans les r\u00e9gions o\u00f9 se fait sentir le manque de pr\u00eatres et d\u2019ouvriers apostoliques pour assurer l\u2019\u00e9tablissement et la croissance du Royaume de Dieu. Cette dimension missionnaire fait partie int\u00e9grante de notre vocation dans la Soci\u00e9t\u00e9. (Art. 4) R\u00e9alisons notre mission\u2026","_links":{"self":[{"href":"https:\/\/multimediamenard.org\/fr\/wp-json\/wp\/v2\/pages\/88"}],"collection":[{"href":"https:\/\/multimediamenard.org\/fr\/wp-json\/wp\/v2\/pages"}],"about":[{"href":"https:\/\/multimediamenard.org\/fr\/wp-json\/wp\/v2\/types\/page"}],"author":[{"embeddable":true,"href":"https:\/\/multimediamenard.org\/fr\/wp-json\/wp\/v2\/users\/1"}],"replies":[{"embeddable":true,"href":"https:\/\/multimediamenard.org\/fr\/wp-json\/wp\/v2\/comments?post=88"}],"version-history":[{"count":70,"href":"https:\/\/multimediamenard.org\/fr\/wp-json\/wp\/v2\/pages\/88\/revisions"}],"predecessor-version":[{"id":1699,"href":"https:\/\/multimediamenard.org\/fr\/wp-json\/wp\/v2\/pages\/88\/revisions\/1699"}],"wp:attachment":[{"href":"https:\/\/multimediamenard.org\/fr\/wp-json\/wp\/v2\/media?parent=88"}],"curies":[{"name":"wp","href":"https:\/\/api.w.org\/{rel}","templated":true}]}}