{"id":91,"date":"2018-06-02T02:30:50","date_gmt":"2018-06-02T02:30:50","guid":{"rendered":"https:\/\/multimediamenard.org\/?page_id=91"},"modified":"2024-03-06T14:29:11","modified_gmt":"2024-03-06T14:29:11","slug":"casa-general","status":"publish","type":"page","link":"https:\/\/multimediamenard.org\/fr\/casa-general\/","title":{"rendered":"MAISON G\u00c9N\u00c9RALE"},"content":{"rendered":"<div id=\"pl-91\"  class=\"panel-layout\" ><div id=\"pg-91-0\"  class=\"panel-grid panel-no-style\" ><div id=\"pgc-91-0-0\"  class=\"panel-grid-cell\" ><div id=\"panel-91-0-0-0\" class=\"so-panel widget widget_media_image panel-first-child panel-last-child\" data-index=\"0\" ><img fetchpriority=\"high\" decoding=\"async\" width=\"882\" height=\"467\" src=\"https:\/\/multimediamenard.org\/wp-content\/uploads\/2024\/03\/Animador-general-y-su-consejo.jpeg\" class=\"image wp-image-6619  attachment-full size-full\" alt=\"Animador general y su consejo\" style=\"max-width: 100%; height: auto;\" srcset=\"https:\/\/multimediamenard.org\/wp-content\/uploads\/2024\/03\/Animador-general-y-su-consejo.jpeg 882w, https:\/\/multimediamenard.org\/wp-content\/uploads\/2024\/03\/Animador-general-y-su-consejo-300x159.jpeg 300w, https:\/\/multimediamenard.org\/wp-content\/uploads\/2024\/03\/Animador-general-y-su-consejo-768x407.jpeg 768w, https:\/\/multimediamenard.org\/wp-content\/uploads\/2024\/03\/Animador-general-y-su-consejo-720x380.jpeg 720w\" sizes=\"(max-width: 882px) 100vw, 882px\" \/><\/div><\/div><div id=\"pgc-91-0-1\"  class=\"panel-grid-cell\" ><div id=\"panel-91-0-1-0\" class=\"so-panel widget widget_sow-editor panel-first-child panel-last-child\" data-index=\"1\" ><div\n\t\t\t\n\t\t\tclass=\"so-widget-sow-editor so-widget-sow-editor-base\"\n\t\t\t\n\t\t>\n<div class=\"siteorigin-widget-tinymce textwidget\">\n\t<p style=\"text-align: center;\"><span style=\"color: #000080;\"><strong>P\u00e8re Luis Antonio LUNA BARRERA, M.S.A.,<\/strong><\/span><\/p>\n<p style=\"text-align: center;\"><span style=\"color: #000080;\"><em>Animateur g\u00e9n\u00e9ral<\/em><\/span><\/p>\n<p style=\"text-align: center;\"><span style=\"color: #000080;\"><strong>P\u00e8re Adolfo Gilder DOROTEO PALACIOS, M.S.A.,<\/strong><\/span><\/p>\n<p style=\"text-align: center;\"><span style=\"color: #000080;\"><em>Conseiller, Assistant, Responsable g\u00e9n\u00e9ral de la formation<\/em><\/span><\/p>\n<p style=\"text-align: center;\"><span style=\"color: #000080;\"><strong>P\u00e8re Abad MART\u00cdNEZ CHUQUIZANA, M.S.A.<em>,<\/em><\/strong><\/span><\/p>\n<p style=\"text-align: center;\"><span style=\"color: #000080;\"><em>Conseiller, \u00c9conome g\u00e9n\u00e9ral<\/em><\/span><\/p>\n<p style=\"text-align: center;\"><span style=\"color: #000080;\"><strong>P\u00e8re Frey Martin MANCERA LOMBANA, M.S.A.,<\/strong><\/span><\/p>\n<p style=\"text-align: center;\"><span style=\"color: #000080;\"><em>Conseiller, Responsable des La\u00efcs et de la protection des mineurs et adultes vuln\u00e9rables<\/em><\/span><\/p>\n<p style=\"text-align: center;\"><span style=\"color: #000080;\"><strong>P\u00e8re Benjamin Pontien \u00c9BOD\u00c9 ONAMB\u00c9L\u00c9, M.S.A., <\/strong><\/span><\/p>\n<p style=\"text-align: center;\"><span style=\"color: #000080;\"><em>Conseiller, Secr\u00e9taire g\u00e9n\u00e9ral<\/em><\/span><\/p>\n<p style=\"text-align: center;\"><span style=\"color: #000080;\">CONSEJO GENERAL MSA<\/span><\/p>\n<p style=\"text-align: center;\"><span style=\"color: #000080;\">2022-2027<\/span><\/p>\n<\/div>\n<\/div><\/div><\/div><\/div><div id=\"pg-91-1\"  class=\"panel-grid panel-no-style\" ><div id=\"pgc-91-1-0\"  class=\"panel-grid-cell\" ><div id=\"panel-91-1-0-0\" class=\"so-panel widget widget_sow-editor panel-first-child panel-last-child\" data-index=\"2\" ><div\n\t\t\t\n\t\t\tclass=\"so-widget-sow-editor so-widget-sow-editor-base\"\n\t\t\t\n\t\t>\n<div class=\"siteorigin-widget-tinymce textwidget\">\n\t<p style=\"text-align: center;\"><span style=\"color: #000080;\"><strong>MAISON G\u00c9N\u00c9RALE<\/strong><\/span><\/p>\n<p style=\"text-align: center;\"><span style=\"color: #000080;\">8594, rue Berri<\/span><\/p>\n<p style=\"text-align: center;\"><span style=\"color: #000080;\">Montr\u00e9al, Qc, CANADA\u00a0\u00a0 H2P 2G4<\/span><\/p>\n<p style=\"text-align: center;\"><span style=\"color: #000080;\">T\u00e9l.: +1(514) 387-2222<\/span><\/p>\n<p style=\"text-align: center;\"><span style=\"color: #000080;\">Fax: +1(514) 387-0863<\/span><\/p>\n<p style=\"text-align: center;\"><span style=\"color: #000080;\">E-mail:s.g.rogeliomsa@msagen.org\u00a0 \/ <a style=\"color: #000080;\" href=\"mailto:infogen@msagen.org\">infogen@msagen.org<\/a><\/span><\/p>\n<p style=\"text-align: center;\"><span style=\"color: #000080;\">Site Web: <a style=\"color: #000080;\" href=\"http:\/\/www.msagen.org\">www.msagen.org<\/a> \/<\/span><\/p>\n<p style=\"text-align: center;\"><span style=\"color: #000080;\">www.multimediamenard.org<\/span><\/p>\n<\/div>\n<\/div><\/div><\/div><div id=\"pgc-91-1-1\"  class=\"panel-grid-cell\" ><div id=\"panel-91-1-1-0\" class=\"so-panel widget widget_media_image panel-first-child panel-last-child\" data-index=\"3\" ><img decoding=\"async\" width=\"882\" height=\"467\" src=\"https:\/\/multimediamenard.org\/wp-content\/uploads\/2024\/03\/Animador-general-y-su-consejo.jpeg\" class=\"image wp-image-6619  attachment-full size-full\" alt=\"\" style=\"max-width: 100%; height: auto;\" srcset=\"https:\/\/multimediamenard.org\/wp-content\/uploads\/2024\/03\/Animador-general-y-su-consejo.jpeg 882w, https:\/\/multimediamenard.org\/wp-content\/uploads\/2024\/03\/Animador-general-y-su-consejo-300x159.jpeg 300w, https:\/\/multimediamenard.org\/wp-content\/uploads\/2024\/03\/Animador-general-y-su-consejo-768x407.jpeg 768w, https:\/\/multimediamenard.org\/wp-content\/uploads\/2024\/03\/Animador-general-y-su-consejo-720x380.jpeg 720w\" sizes=\"(max-width: 882px) 100vw, 882px\" \/><\/div><\/div><\/div><\/div>","protected":false},"excerpt":{"rendered":"<p>P\u00e8re Luis Antonio LUNA BARRERA, M.S.A., Animateur g\u00e9n\u00e9ral P\u00e8re Adolfo Gilder DOROTEO PALACIOS, M.S.A., Conseiller, Assistant, Responsable g\u00e9n\u00e9ral de la formation P\u00e8re Abad MART\u00cdNEZ CHUQUIZANA, M.S.A., Conseiller, \u00c9conome g\u00e9n\u00e9ral P\u00e8re Frey Martin MANCERA LOMBANA, M.S.A., Conseiller, Responsable des La\u00efcs et de la protection des mineurs et adultes vuln\u00e9rables P\u00e8re Benjamin Pontien \u00c9BOD\u00c9 ONAMB\u00c9L\u00c9, M.S.A., Conseiller, [&hellip;]<\/p>\n","protected":false},"author":1,"featured_media":0,"parent":0,"menu_order":0,"comment_status":"closed","ping_status":"closed","template":"","meta":{"footnotes":""},"guten_post_layout_featured_media_urls":{"full":false,"thumbnail":false,"medium":false,"medium_large":false,"large":false,"1536x1536":false,"2048x2048":false,"guten_post_layout_landscape_large":false,"guten_post_layout_portrait_large":false,"guten_post_layout_square_large":false,"guten_post_layout_landscape":false,"guten_post_layout_portrait":false,"guten_post_layout_square":false,"post-thumbnail":false,"vantage-thumbnail-no-sidebar":false,"vantage-slide":false,"vantage-carousel":false,"vantage-grid-loop":false,"sow-carousel-default":false,"sow-post-carousel-overlay-theme":false},"rttpg_featured_image_url":null,"rttpg_author":{"display_name":"admin","author_link":"https:\/\/multimediamenard.org\/fr\/author\/admin\/"},"rttpg_comment":0,"rttpg_category":null,"rttpg_excerpt":"P\u00e8re Luis Antonio LUNA BARRERA, M.S.A., Animateur g\u00e9n\u00e9ral P\u00e8re Adolfo Gilder DOROTEO PALACIOS, M.S.A., Conseiller, Assistant, Responsable g\u00e9n\u00e9ral de la formation P\u00e8re Abad MART\u00cdNEZ CHUQUIZANA, M.S.A., Conseiller, \u00c9conome g\u00e9n\u00e9ral P\u00e8re Frey Martin MANCERA LOMBANA, M.S.A., Conseiller, Responsable des La\u00efcs et de la protection des mineurs et adultes vuln\u00e9rables P\u00e8re Benjamin Pontien \u00c9BOD\u00c9 ONAMB\u00c9L\u00c9, M.S.A., Conseiller,\u2026","_links":{"self":[{"href":"https:\/\/multimediamenard.org\/fr\/wp-json\/wp\/v2\/pages\/91"}],"collection":[{"href":"https:\/\/multimediamenard.org\/fr\/wp-json\/wp\/v2\/pages"}],"about":[{"href":"https:\/\/multimediamenard.org\/fr\/wp-json\/wp\/v2\/types\/page"}],"author":[{"embeddable":true,"href":"https:\/\/multimediamenard.org\/fr\/wp-json\/wp\/v2\/users\/1"}],"replies":[{"embeddable":true,"href":"https:\/\/multimediamenard.org\/fr\/wp-json\/wp\/v2\/comments?post=91"}],"version-history":[{"count":56,"href":"https:\/\/multimediamenard.org\/fr\/wp-json\/wp\/v2\/pages\/91\/revisions"}],"predecessor-version":[{"id":6623,"href":"https:\/\/multimediamenard.org\/fr\/wp-json\/wp\/v2\/pages\/91\/revisions\/6623"}],"wp:attachment":[{"href":"https:\/\/multimediamenard.org\/fr\/wp-json\/wp\/v2\/media?parent=91"}],"curies":[{"name":"wp","href":"https:\/\/api.w.org\/{rel}","templated":true}]}}